{"id":14346,"date":"2021-12-07T14:50:02","date_gmt":"2021-12-07T19:50:02","guid":{"rendered":"https:\/\/www.rstp.ca\/?page_id=14346"},"modified":"2025-11-23T10:11:03","modified_gmt":"2025-11-23T15:11:03","slug":"refugeeprofiles","status":"publish","type":"page","link":"https:\/\/rstptemp.turnbull.co\/en\/bvor\/refugeeprofiles\/","title":{"rendered":"BVOR Refugee Profiles"},"content":{"rendered":"<div class=\"text-box theme-bg-secondary\">\n<p><a href=\"#bvorprofiles\">Skip the instructions<\/a> &amp; jump ahead to see the BVOR Profiles.<\/p>\n<\/div>\n<p><a class=\"button button--primary\" href=\"https:\/\/rms.rstp.ca\/login\">Login\/Register to the BVOR Matching Database<\/a><\/p>\n<p><span style=\"color: #000000;\">Please note that the refugee profiles visible below do not reflect cases that have since been placed on hold or that have a confirmed match. <\/span><\/p>\n<p><span style=\"color: #000000;\">Please <a href=\"https:\/\/rms.rstp.ca\/login\"><strong>login<\/strong><\/a> to the <strong>BVOR Matching Database<\/strong> using the blue button above to place a case on hold or to confirm a match and for the most detailed and up to date profile information. If you are not an existing user, please register by also clicking the blue button above.<\/span><\/p>\n<p><strong>Please note that you cannot refer a family member or friend who is a refugee into the BVOR program.<\/strong> The BVOR program is only for refugees that have been referred for resettlement to Canada by UNHCR. If you have a family member or friend who is a refugee that you would like to sponsor to Canada, you can do so via the <a href=\"https:\/\/www.rstp.ca\/en\/refugee-sponsorship\/the-private-sponsorship-of-refugees-program\/\">Private Sponsorship of Refugees (PSR) program<\/a>.<\/p>\n<hr \/>\n<p><a class=\"button button--primary\" href=\"https:\/\/rms.rstp.ca\/login\">Se connecter \u00e0 la base de donn\u00e9es de jumelage des RDBV<\/a><\/p>\n<p>Veuillez noter que les profils de r\u00e9fugi\u00e9s visibles ci-dessous pourraient inclure des dossiers qui ont d\u00e9sormais \u00e9t\u00e9 r\u00e9serv\u00e9s ou dont le jumelage a d\u00e9j\u00e0 \u00e9t\u00e9 confirm\u00e9.<\/p>\n<p>Nous demandons aux r\u00e9pondants de <a href=\"https:\/\/rms.rstp.ca\/login\" target=\"_blank\" rel=\"noopener\">se connecter<\/a> \u00e0 <strong>la base de donn\u00e9es de jumelage<\/strong> <strong>des RDBV<\/strong> \u00e0 l&#8217;aide du bouton bleu ci-dessous pour r\u00e9server un dossier ou pour confirmer un jumelage, ou encore pour obtenir les informations de profil les plus d\u00e9taill\u00e9es et les plus actuelles. Si vous n&#8217;avez pas de compte utilisateur, veuillez vous inscrire \u00e0 la base de donn\u00e9es de jumelage en cliquant sur le m\u00eame bouton bleu ci-dessous.<\/p>\n<p><strong>Veuillez noter que vous ne pouvez pas parrainer un membre de votre famille ou un ami r\u00e9fugi\u00e9 dans le cadre du Programme mixte des r\u00e9fugi\u00e9s d\u00e9sign\u00e9s par un bureau des visas (RDBV).<\/strong> Le programme RDBV s&#8217;adresse uniquement aux r\u00e9fugi\u00e9s dont le HCR a recommand\u00e9 la r\u00e9installation au Canada. Si vous avez un membre de votre famille ou un ami qui est un r\u00e9fugi\u00e9 et que vous souhaitez parrainer pour qu&#8217;il ou elle se r\u00e9installe au Canada, vous pouvez le faire dans le cadre du <a href=\"https:\/\/can01.safelinks.protection.outlook.com\/?url=https%3A%2F%2Fwww.rstp.ca%2Ffr%2Fparrainage-de-refugies%2Fle-programme-de-parrainage-prive-des-refugies%2F&amp;data=05%7C01%7C%7C1449354ab53443e5812008db03b6ca13%7Ca5827fca282b40a69875772ff7768431%7C0%7C0%7C638107855829926707%7CUnknown%7CTWFpbGZsb3d8eyJWIjoiMC4wLjAwMDAiLCJQIjoiV2luMzIiLCJBTiI6Ik1haWwiLCJXVCI6Mn0%3D%7C3000%7C%7C%7C&amp;sdata=Td9kIatUW538Rp0y1j%2BnYS7Z4%2FJXO5OFGwFK8DAXiSY%3D&amp;reserved=0\">programme de parrainage priv\u00e9 de r\u00e9fugi\u00e9s (PPPR)<\/a><\/p>\n\n\n<div class=\"wp-block-group text-box theme-bg-secondary\"><div class=\"wp-block-group__inner-container is-layout-constrained wp-block-group-is-layout-constrained\">\n<h2 id=\"bvorprofiles\">BVOR PROFILES \/ PROFILS RDBV<\/h2>\n<p>November 11 &#8211; November 25 2025 (published at 1 pm EDT),\u00a0 11 novembre &#8211; 25 novembre 2025\u00a0 (publi\u00e9 \u00e0 13:00 heure de l&#8217;Est)<\/p>\n<p><strong>Profile 25-0211: An individual from Sudan.<\/strong><\/p>\n<p>This 30-year-old has 8 years of education and experience as a shop sales assistant, subsistence crop farmer, mining and quarrying labourer, and building construction labourer. He speaks Arabic.<\/p>\n<p><strong>Profile 25-0212: An individual from Sudan.<\/strong><\/p>\n<p>This 18-year-old has informal education and experience as a stall and market salesperson, motor vehicle mechanic and repairer, baker, pastry cook and confectionery maker, and building construction labourer. He speaks Arabic and Masalit.<\/p>\n<p><strong>Profile 25-0213: An individual from Sudan.<\/strong><\/p>\n<p>This 22-year-old has 8 years of education and experience as a manufacturing labourer, cleaning worker, crop farm labourer, painter and related worker, and motor vehicle mechanic and repairer. He speaks Arabic and Fur.<\/p>\n<p><strong>Profile 25-0214: An individual from Sudan.<\/strong><\/p>\n<p>This 37-year-old has 7 years of education and experience as a conference and event planner, shopkeeper, subsistence crop farmer, painter and related worker, and car, taxi and van driver. He speaks Fur and Sudanese Arabic.<\/p>\n<p><strong>Profile 25-0215: An individual from Sudan.<\/strong><\/p>\n<p>This 28-year-old has no formal education and experience as a crop farm labourer and cleaner in hotels and other establishments. He speaks Massalat and Sudanese Arabic.<\/p>\n<p><strong>Profile 25-0216: An individual from Sudan.<\/strong><\/p>\n<p>This 35-year-old has 11 years of education and experience as a waiter, beautician, stall and market salesperson, and domestic cleaner. She speaks Standard Arabic.<\/p>\n<p><strong>Profile 25-0217: A family of 2 from the Central African Republic.<\/strong><\/p>\n<p>The Principal Applicant (22) has 11 years of education and experience as a waiter and bartender. She speaks Arabic and Franksish. Her partner (25) has 11 years of education and experience as a hairdresser, beautician, transport and storage labourer, and personal services worker. He speaks French, Arabic, Peul, Hausa, and Sango.<\/p>\n<p><strong>Profile 25-0218: A family of 2 from Sudan.<\/strong><\/p>\n<p>The mother (21) has 8 years of education and work experience as a health care assistant. She has a one-year-old child who has no education listed. The family speaks Standard Arabic and Nuer.<\/p>\n<p><strong>Profile 25-0219: An individual from Eritrea.<\/strong><\/p>\n<p>This 19-year-old has 5 years of education and experience as an electrical equipment installer and repairer. He speaks Tigrinya.<\/p>\n<p><strong>Profile 25-0220: An individual from Tunisia.<\/strong><\/p>\n<p>This 25-year-old has a university education and experience as a security guard, waiter, stall and market salesperson, and bricklayer. He speaks Fur and Sudanese Arabic.<\/p>\n<p><strong>Profile 25-0221: An individual from Sudan.<\/strong><\/p>\n<p>This 19-year-old has 6 years of education. He speaks Sudanese Arabic.<\/p>\n<p><strong>Profile 25-0222: An individual from Sudan.<\/strong><\/p>\n<p>This 31-year-old has a university education and work experience as a teller, money collector, crop farm labourer, social work associate professional, cleaner and helper, and building construction labourer. He speaks Sudanese Arabic.<\/p>\n<p><strong>Profile 25-0223: An individual from Sudan.<\/strong><\/p>\n<p>This 25-year-old has 8 years of education and experience as a blacksmith, toolmaker, machinery mechanic and repairer, and chef. He speaks Arabic.<\/p>\n<p><strong>Profile 25-0224: An individual from Eritrea.<\/strong><\/p>\n<p>This 21-year-old has 9 years of education and experience as a carpenter and joiner. He speaks Tigrinya.<\/p>\n<p><strong>Profile 25-0225: An individual from Eritrea.<\/strong><\/p>\n<p>This 28-year-old has 8 years of education and experience as a street and market salesperson, cleaner and helper, security guard, subsistence crop farmer, and building construction labourer. He speaks Arabic and Tigrinya.<\/p>\n<p><strong>Profile 25-0226: An individual from Sudan.<\/strong><\/p>\n<p>This 27-year-old has 11 years of education and experience as a waiter, air-conditioning and refrigeration mechanic, stall and market salesperson, and motor vehicle mechanic and repairer. He speaks Arabic and Hausa.<\/p>\n<p><strong>Profile 25-0227: An individual from Eritrea.<\/strong><\/p>\n<p>This 20-year-old has informal education and experience as a crop farm labourer, street food salesperson, and building construction labourer. He speaks Arabic, Tigr\u00e9, Khasa, Xasa and Tigrinya.<\/p>\n<p><strong>Profile 25-0228: An individual from Sudan.<\/strong><\/p>\n<p>This 25-year-old has a university education and experience as a shop sales assistant, subsistence crop farmer, motorcycle driver, vehicle cleaner, and building construction labourer. He speaks Sudanese Arabic.<\/p>\n<p><strong>Profile 25-0229: An individual from Sudan.<\/strong><\/p>\n<p>This 29-year-old has 12 years of education and experience as a fast-food preparer and building construction labourer. He speaks Sudanese Arabic.<\/p>\n<\/div><\/div>\n","protected":false},"excerpt":{"rendered":"<p><a href=\"#bvorprofiles\">Skip the instructions<\/a> &amp; jump ahead to see the BVOR Profiles.<\/p>\n<p><a class=\"button button--primary\" href=\"https:\/\/rms.rstp.ca\/login\">Login\/Register to the BVOR Matching Database<\/a><br \/>\nPlease note that the refugee profiles visible below do not reflect cases that have since been placed on hold or that have a confirmed match.<br \/>\nPlease <a href=\"https:\/\/rms.rstp.ca\/login\">login<\/a> to the BVOR Matching Database using the blue button above to place a case on hold or to confirm a match and for the most detailed and up to date profile information.<\/p>\n","protected":false},"author":11,"featured_media":0,"parent":10009,"menu_order":0,"comment_status":"closed","ping_status":"closed","template":"","meta":{"_relevanssi_hide_post":"","_relevanssi_hide_content":"","_relevanssi_pin_for_all":"","_relevanssi_pin_keywords":"","_relevanssi_unpin_keywords":"","_relevanssi_related_keywords":"","_relevanssi_related_include_ids":"","_relevanssi_related_exclude_ids":"","_relevanssi_related_no_append":"","_relevanssi_related_not_related":"","_relevanssi_related_posts":"8103,13870,13841,13825,14561,8101","_relevanssi_noindex_reason":"","_price":"","_stock":"","_tribe_ticket_header":"","_tribe_default_ticket_provider":"","_ticket_start_date":"","_ticket_end_date":"","_tribe_ticket_show_description":"","_tribe_ticket_show_not_going":false,"_tribe_ticket_use_global_stock":"","_tribe_ticket_global_stock_level":"","_global_stock_mode":"","_global_stock_cap":"","_tribe_rsvp_for_event":"","_tribe_ticket_going_count":"","_tribe_ticket_not_going_count":"","_tribe_tickets_list":"[]","_tribe_ticket_has_attendee_info_fields":false,"footnotes":"","_tec_slr_enabled":"","_tec_slr_layout":""},"class_list":["post-14346","page","type-page","status-publish","hentry"],"featured_image_src":null,"ticketed":false,"_links":{"self":[{"href":"https:\/\/rstptemp.turnbull.co\/en\/wp-json\/wp\/v2\/pages\/14346","targetHints":{"allow":["GET"]}}],"collection":[{"href":"https:\/\/rstptemp.turnbull.co\/en\/wp-json\/wp\/v2\/pages"}],"about":[{"href":"https:\/\/rstptemp.turnbull.co\/en\/wp-json\/wp\/v2\/types\/page"}],"author":[{"embeddable":true,"href":"https:\/\/rstptemp.turnbull.co\/en\/wp-json\/wp\/v2\/users\/11"}],"replies":[{"embeddable":true,"href":"https:\/\/rstptemp.turnbull.co\/en\/wp-json\/wp\/v2\/comments?post=14346"}],"version-history":[{"count":291,"href":"https:\/\/rstptemp.turnbull.co\/en\/wp-json\/wp\/v2\/pages\/14346\/revisions"}],"predecessor-version":[{"id":32705,"href":"https:\/\/rstptemp.turnbull.co\/en\/wp-json\/wp\/v2\/pages\/14346\/revisions\/32705"}],"up":[{"embeddable":true,"href":"https:\/\/rstptemp.turnbull.co\/en\/wp-json\/wp\/v2\/pages\/10009"}],"wp:attachment":[{"href":"https:\/\/rstptemp.turnbull.co\/en\/wp-json\/wp\/v2\/media?parent=14346"}],"curies":[{"name":"wp","href":"https:\/\/api.w.org\/{rel}","templated":true}]}}