{"id":9869,"date":"2019-05-27T12:24:40","date_gmt":"2019-05-27T16:24:40","guid":{"rendered":"http:\/\/www.rstp.ca\/?page_id=9869"},"modified":"2025-11-14T15:57:14","modified_gmt":"2025-11-14T20:57:14","slug":"jas-profiles-original","status":"publish","type":"page","link":"https:\/\/rstptemp.turnbull.co\/en\/jas\/jas-profiles-original\/","title":{"rendered":"JAS Profiles"},"content":{"rendered":"<h2>JAS Refugee Profiles \/ Profils de r\u00e9fugi\u00e9s recommand\u00e9s pour le PAC<\/h2>\n<p>(The JAS Profiles will be available <strong>only in English<\/strong> \/ Veuillez noter que les profils sont disponibles en\u00a0<b>anglais seulement.)<\/b><\/p>\n<p><a class=\"button button--primary\" href=\"https:\/\/rms.rstp.ca\/login\">Login\/Register to the Matching Database<\/a><\/p>\n<p>Below is a limited view of individual JAS refugee profiles available for matching.<\/p>\n<p>Please note that the refugee profiles visible below do not reflect cases that have since been placed on hold or that have a confirmed match.<\/p>\n<p>Please <strong>login<\/strong> to the <strong>Refugee Matching Database<\/strong> using the blue button above to place a case on hold or to confirm a match and for the most detailed and up to date profile information. If you are not an existing user, please register by also clicking the blue button above.<\/p>\n<p><strong>Please note that you cannot refer a family member or friend who is a refugee into the JAS program.<\/strong> The JAS program is only for refugees that have been referred for resettlement to Canada by UNHCR. If you have a family member or friend who is a refugee that you would like to sponsor to Canada, you can do so via the <a href=\"https:\/\/rstptemp.turnbull.co\/en\/refugee-sponsorship\/the-private-sponsorship-of-refugees-program\/\">Private Sponsorship of Refugees (PSR) program<\/a>.<\/p>\n<hr \/>\n<p><a class=\"button button--primary\" href=\"https:\/\/rms.rstp.ca\/login\">Se connecter \u00e0 la base de donn\u00e9es de jumelage<\/a><\/p>\n<p>Le tableau ci-dessous affiche les profils partiels de r\u00e9fugi\u00e9s recommand\u00e9s pour le programme de parrainage d&#8217;aide conjointe PAC, disponibles aux fins de jumelage.<\/p>\n<p>Veuillez noter que les profils de r\u00e9fugi\u00e9s visibles ci-dessous pourraient inclure des dossiers qui ont d\u00e9sormais \u00e9t\u00e9 r\u00e9serv\u00e9s\u00a0ou dont le jumelage a \u00e9t\u00e9 confirm\u00e9.<\/p>\n<p>Nous demandons aux r\u00e9pondants de <strong>se connecter <\/strong>\u00e0 <strong>la base de donn\u00e9es de jumelage<\/strong> \u00e0 l&#8217;aide du bouton bleu ci-dessous pour r\u00e9server un dossier ou pour confirmer un jumelage, ou encore pour obtenir les informations de profil les plus d\u00e9taill\u00e9es et les plus actuelles. Si vous n&#8217;avez pas de compte utilisateur, veuillez vous inscrire \u00e0 la base de donn\u00e9es en cliquant sur le m\u00eame bouton bleu ci-dessous.<\/p>\n<p><strong>Veuillez noter que vous ne pouvez pas parrainer un membre de votre famille ou un ami r\u00e9fugi\u00e9 dans le cadre du programme (PAC).<\/strong> Le programme PAC s&#8217;adresse uniquement aux r\u00e9fugi\u00e9s dont le HCR a recommand\u00e9 la r\u00e9installation au Canada. Si vous avez un membre de votre famille ou un ami qui est un r\u00e9fugi\u00e9 et que vous souhaitez parrainer au Canada, vous pouvez le faire dans le cadre du <a href=\"https:\/\/can01.safelinks.protection.outlook.com\/?url=https%3A%2F%2Fwww.rstp.ca%2Ffr%2Fparrainage-de-refugies%2Fle-programme-de-parrainage-prive-des-refugies%2F&amp;data=05%7C01%7C%7C1449354ab53443e5812008db03b6ca13%7Ca5827fca282b40a69875772ff7768431%7C0%7C0%7C638107855829926707%7CUnknown%7CTWFpbGZsb3d8eyJWIjoiMC4wLjAwMDAiLCJQIjoiV2luMzIiLCJBTiI6Ik1haWwiLCJXVCI6Mn0%3D%7C3000%7C%7C%7C&amp;sdata=Td9kIatUW538Rp0y1j%2BnYS7Z4%2FJXO5OFGwFK8DAXiSY%3D&amp;reserved=0\">programme de parrainage priv\u00e9 de r\u00e9fugi\u00e9s (PPPR)<\/a> .<\/p>\n<hr \/>\n<h2>JAS Profiles \/ Profils du PAC<\/h2>\n<p><strong>Profile 25-0003 (In-Canada JAS)<\/strong><br \/>\nThe newcomer is currently located in Vancouver, BC, and is originally from Egypt. He speaks Arabic and has a bachelor\u2019s degree (or equivalent). He has experience working as a health professional and social worker. This newcomer has multiple health obstacles, which has restricted his ability to engage in daily activities and access services independently, and would benefit from the support of a sponsor.<\/p>\n<p>This profile is available for matching until December 01, 2025, and can only be matched with a SAH or a Constituent Group (CG) of a SAH.<\/p>\n<p><strong>Profile 25-0004 (In-Canada JAS)<\/strong><br \/>\nThis newcomer is based in Chatham, ON. Originally from Venezuela, she speaks Spanish and has 6 years of education. She has experience working as a retail sales assistant, as a cleaner and as a street food vendor. The newcomer would benefit from the support of a sponsoring group as she has no family, friends or support network in Canada, and faces several health obstacles.<\/p>\n<p>This profile is available for matching until January 25, 2026, and can only be matched with a SAH or a Constituent Group (CG) of a SAH.<\/p>\n<div class=\"text-box theme-bg-primary\">\n<p>*Please note, only Sponsorship Agreement Holders (SAHs) and their Constituent Groups (CGs) may sponsor individuals under the JAS program. <i>Please email <\/i><a title=\"mailto:bvor@rstp.ca\" href=\"mailto:bvor@rstp.ca\" target=\"_blank\" rel=\"noreferrer noopener\" aria-label=\"Link bvor@rstp.ca\"><i>bvor@rstp.ca<\/i><\/a><i> if you are interested in being matched with these in-Canada JAS cases or require additional information.<\/i><\/p>\n<\/div>\n","protected":false},"excerpt":{"rendered":"<p>JAS Refugee Profiles \/ Profils de r\u00e9fugi\u00e9s recommand\u00e9s pour le PAC<br \/>\n(The JAS Profiles will be available only in English \/ Veuillez noter que les profils sont disponibles en\u00a0anglais seulement.)<br \/>\n<a class=\"button button--primary\" href=\"https:\/\/rms.rstp.ca\/login\">Login\/Register to the Matching Database<\/a><br \/>\nBelow is a limited view of individual JAS refugee profiles available for matching.<\/p>\n","protected":false},"author":4,"featured_media":0,"parent":11100,"menu_order":0,"comment_status":"closed","ping_status":"closed","template":"","meta":{"_relevanssi_hide_post":"","_relevanssi_hide_content":"","_relevanssi_pin_for_all":"","_relevanssi_pin_keywords":"","_relevanssi_unpin_keywords":"","_relevanssi_related_keywords":"","_relevanssi_related_include_ids":"","_relevanssi_related_exclude_ids":"","_relevanssi_related_no_append":"","_relevanssi_related_not_related":"","_relevanssi_related_posts":"8101,22407,13841,13825,8104,13870","_relevanssi_noindex_reason":"","_price":"","_stock":"","_tribe_ticket_header":"","_tribe_default_ticket_provider":"","_ticket_start_date":"","_ticket_end_date":"","_tribe_ticket_show_description":"","_tribe_ticket_show_not_going":false,"_tribe_ticket_use_global_stock":"","_tribe_ticket_global_stock_level":"","_global_stock_mode":"","_global_stock_cap":"","_tribe_rsvp_for_event":"","_tribe_ticket_going_count":"","_tribe_ticket_not_going_count":"","_tribe_tickets_list":"[]","_tribe_ticket_has_attendee_info_fields":false,"footnotes":"","_tec_slr_enabled":"","_tec_slr_layout":""},"class_list":["post-9869","page","type-page","status-publish","hentry"],"featured_image_src":null,"ticketed":false,"_links":{"self":[{"href":"https:\/\/rstptemp.turnbull.co\/en\/wp-json\/wp\/v2\/pages\/9869","targetHints":{"allow":["GET"]}}],"collection":[{"href":"https:\/\/rstptemp.turnbull.co\/en\/wp-json\/wp\/v2\/pages"}],"about":[{"href":"https:\/\/rstptemp.turnbull.co\/en\/wp-json\/wp\/v2\/types\/page"}],"author":[{"embeddable":true,"href":"https:\/\/rstptemp.turnbull.co\/en\/wp-json\/wp\/v2\/users\/4"}],"replies":[{"embeddable":true,"href":"https:\/\/rstptemp.turnbull.co\/en\/wp-json\/wp\/v2\/comments?post=9869"}],"version-history":[{"count":15,"href":"https:\/\/rstptemp.turnbull.co\/en\/wp-json\/wp\/v2\/pages\/9869\/revisions"}],"predecessor-version":[{"id":32241,"href":"https:\/\/rstptemp.turnbull.co\/en\/wp-json\/wp\/v2\/pages\/9869\/revisions\/32241"}],"up":[{"embeddable":true,"href":"https:\/\/rstptemp.turnbull.co\/en\/wp-json\/wp\/v2\/pages\/11100"}],"wp:attachment":[{"href":"https:\/\/rstptemp.turnbull.co\/en\/wp-json\/wp\/v2\/media?parent=9869"}],"curies":[{"name":"wp","href":"https:\/\/api.w.org\/{rel}","templated":true}]}}