{"id":10339,"date":"2019-08-08T08:50:03","date_gmt":"2019-08-08T12:50:03","guid":{"rendered":"http:\/\/www.rstp.ca\/?page_id=10339"},"modified":"2025-02-03T16:28:11","modified_gmt":"2025-02-03T21:28:11","slug":"obligations-apres-larrivee","status":"publish","type":"page","link":"https:\/\/rstptemp.turnbull.co\/fr\/responsabilites\/apercu-des-responsabilites-de-parrainage\/obligations-apres-larrivee\/","title":{"rendered":"Obligations apr\u00e8s l\u2019arriv\u00e9e"},"content":{"rendered":"<p>Le groupe de parrainage a un ensemble de responsabilit\u00e9s qui consistent \u00e0 r\u00e9pondre aux besoins de base en mati\u00e8re d&#8217;\u00e9tablissement des r\u00e9fugi\u00e9s parrain\u00e9s \u00e0 leur arriv\u00e9e au Canada. Ces obligations sont les suivantes\u00a0:<\/p>\n<p><strong>Logement<\/strong><\/p>\n<p>Fournir un logement convenable, du mobilier et d&#8217;autres articles m\u00e9nagers essentiels.<\/p>\n<p><strong>Soins<\/strong><\/p>\n<p>Fournir de la nourriture, des v\u00eatements, les frais de transport local et autresn\u00e9cessit\u00e9s de la vie.<\/p>\n<p><strong>Soutien et aide \u00e0 l\u2019\u00e9tablissement<\/strong><\/p>\n<ul>\n<li>Aider \u00e0 inscrire les personnes parrain\u00e9es aupr\u00e8s d&#8217;un organisme d&#8217;\u00e9tablissement<\/li>\n<li>Aider \u00e0 remplir les formulaires exig\u00e9s, y compris l&#8217;inscription \u00e0 l&#8217;assurance-maladie, \u00e0 l&#8217;assurance sociale, \u00e0 l&#8217;allocation candienne pour enfants,<\/li>\n<li>Aider \u00e0 ouvrir un compte bancaire;<\/li>\n<li>Faciliter l&#8217;acc\u00e8s \u00e0 des cours d&#8217;anglais ou de fran\u00e7ais;<\/li>\n<li>Comprendre les droits et responsabilit\u00e9s des r\u00e9sidents permanents;<\/li>\n<li>Faciliter l&#8217;acc\u00e8s \u00e0 l&#8217;emploi;<\/li>\n<li>Faciliter l&#8217;acc\u00e8s \u00e0 des groupes communautaires de soutien, services d\u2019\u00e9tablissement et d&#8217;autres ressources dans la communaut\u00e9;<\/li>\n<li>Aider \u00e0 inscrire les enfants \u00e0 l&#8217;\u00e9cole et donner une orientation au syst\u00e8me scolaire;<\/li>\n<li>Aider \u00e0 trouver un m\u00e9decin de famille et un dentiste, et offrir un soutien dans l&#8217;autonomisation et l&#8217;ind\u00e9pendance.<\/li>\n<\/ul>\n<p><strong>Suivi<\/strong><\/p>\n<p>Le suivi afin de s&#8217;assurer que les besoins en \u00e9tablissement des personnes parrain\u00e9es sont combl\u00e9s est une responsabilit\u00e9 cl\u00e9 des organismes parraineurs qui collaborent avec des partenaires de parrainage ou groupes constitutifs ou d&#8217;autres organismes subsidiaires.<\/p>\n<p>Tout groupe de parrainage doit soit mettre en \u0153uvre lui-m\u00eame son plan d&#8217;\u00e9tablissement dans son int\u00e9grit\u00e9, soit s&#8217;assurer que ceux qui parrainent sous son \u00e9gide mettent en \u0153uvre convenablement le plan d&#8217;\u00e9tablissement.<\/p>\n","protected":false},"excerpt":{"rendered":"<p>Le groupe de parrainage a un ensemble de responsabilit\u00e9s qui consistent \u00e0 r\u00e9pondre aux besoins de base en mati\u00e8re d&#8217;\u00e9tablissement des r\u00e9fugi\u00e9s parrain\u00e9s \u00e0 leur arriv\u00e9e au Canada. Ces obligations sont les suivantes\u00a0:<br \/>\nLogement<br \/>\nFournir un logement convenable, du mobilier et d&#8217;autres articles m\u00e9nagers essentiels.<br \/>\nSoins<br \/>\nFournir de la nourriture,<\/p>\n","protected":false},"author":5,"featured_media":0,"parent":1292,"menu_order":0,"comment_status":"closed","ping_status":"closed","template":"","meta":{"_relevanssi_hide_post":"","_relevanssi_hide_content":"","_relevanssi_pin_for_all":"","_relevanssi_pin_keywords":"","_relevanssi_unpin_keywords":"","_relevanssi_related_keywords":"","_relevanssi_related_include_ids":"","_relevanssi_related_exclude_ids":"","_relevanssi_related_no_append":"","_relevanssi_related_not_related":"","_relevanssi_related_posts":"","_relevanssi_noindex_reason":"","_price":"","_stock":"","_tribe_ticket_header":"","_tribe_default_ticket_provider":"","_ticket_start_date":"","_ticket_end_date":"","_tribe_ticket_show_description":"","_tribe_ticket_show_not_going":false,"_tribe_ticket_use_global_stock":"","_tribe_ticket_global_stock_level":"","_global_stock_mode":"","_global_stock_cap":"","_tribe_rsvp_for_event":"","_tribe_ticket_going_count":"","_tribe_ticket_not_going_count":"","_tribe_tickets_list":"[]","_tribe_ticket_has_attendee_info_fields":false,"footnotes":"","_tec_slr_enabled":"","_tec_slr_layout":""},"class_list":["post-10339","page","type-page","status-publish","hentry"],"featured_image_src":null,"ticketed":false,"_links":{"self":[{"href":"https:\/\/rstptemp.turnbull.co\/fr\/wp-json\/wp\/v2\/pages\/10339","targetHints":{"allow":["GET"]}}],"collection":[{"href":"https:\/\/rstptemp.turnbull.co\/fr\/wp-json\/wp\/v2\/pages"}],"about":[{"href":"https:\/\/rstptemp.turnbull.co\/fr\/wp-json\/wp\/v2\/types\/page"}],"author":[{"embeddable":true,"href":"https:\/\/rstptemp.turnbull.co\/fr\/wp-json\/wp\/v2\/users\/5"}],"replies":[{"embeddable":true,"href":"https:\/\/rstptemp.turnbull.co\/fr\/wp-json\/wp\/v2\/comments?post=10339"}],"version-history":[{"count":3,"href":"https:\/\/rstptemp.turnbull.co\/fr\/wp-json\/wp\/v2\/pages\/10339\/revisions"}],"predecessor-version":[{"id":22398,"href":"https:\/\/rstptemp.turnbull.co\/fr\/wp-json\/wp\/v2\/pages\/10339\/revisions\/22398"}],"up":[{"embeddable":true,"href":"https:\/\/rstptemp.turnbull.co\/fr\/wp-json\/wp\/v2\/pages\/1292"}],"wp:attachment":[{"href":"https:\/\/rstptemp.turnbull.co\/fr\/wp-json\/wp\/v2\/media?parent=10339"}],"curies":[{"name":"wp","href":"https:\/\/api.w.org\/{rel}","templated":true}]}}