{"id":10546,"date":"2019-09-01T11:50:47","date_gmt":"2019-09-01T15:50:47","guid":{"rendered":"http:\/\/www.rstp.ca\/?page_id=10546"},"modified":"2025-12-02T09:30:38","modified_gmt":"2025-12-02T14:30:38","slug":"documents-dinformation-sur-les-rdbv","status":"publish","type":"page","link":"https:\/\/rstptemp.turnbull.co\/fr\/rdbv\/documents-dinformation-sur-les-rdbv\/","title":{"rendered":"Documents d\u2019information sur les RDBV"},"content":{"rendered":"<p>De quels pays viennent les r\u00e9fugi\u00e9s d\u00e9sign\u00e9s par un bureau des visas (RDBV), o\u00f9 vivent-ils actuellement, et pourquoi ont-ils un besoin de r\u00e9installation au Canada? Ces webinaires et documents d\u2019information sur le pays d\u2019origine des RDBV vous aideront \u00e0 mieux comprendre les conditions des RDBV et les raisons humanitaires pour lesquelles le HCR les a recommand\u00e9s au Canada. Tous les RDBV sont approuv\u00e9s par le gouvernement du Canada avant qu\u2019ils n\u2019entrent au pays.<\/p>\n<h2>Documents d\u2019information<\/h2>\n\n\n<div class=\"wp-block-tco2025-blocks-card-preview-list card-preview-list\"><a class=\"card-preview has-paddings\" href=\"\/wp-content\/uploads\/2020\/02\/Congo-backgrounder_FR_jan31-web.pdf\" target=\"_blank\" rel=\"noopener\"><div>R\u00e9fugi\u00e9s congolais<\/div><\/a><a class=\"card-preview has-paddings\" href=\"\/wp-content\/uploads\/2020\/02\/Eritrea-backgrounder_FR_jan31_web.pdf\" target=\"_blank\" rel=\"noopener\"><img decoding=\"async\" class=\"card-preview__img\" src=\"https:\/\/rstptemp.turnbull.co\/wp-content\/uploads\/2020\/02\/Eritrea-backgrounder_FR_jan31_web_Page_1.jpg\" sizes=\"(min-width: 1200px) 224px, (min-width: 1000px) 18vw, (min-width: 768px) 23vw, 81vw\" loading=\"lazy\" alt=\"R\u00e9fugi\u00e9s \u00e9rythr\u00e9ens\"\/><div>R\u00e9fugi\u00e9s \u00e9rythr\u00e9ens<\/div><\/a><a class=\"card-preview has-paddings\" href=\"\/wp-content\/uploads\/2020\/02\/Iraq-backgrounder_FR_jan31-web.pdf\" target=\"_blank\" rel=\"noopener\"><img decoding=\"async\" class=\"card-preview__img\" src=\"https:\/\/rstptemp.turnbull.co\/wp-content\/uploads\/2020\/02\/Iraq-backgrounder_FR_jan31-web_Page_1.jpg\" sizes=\"(min-width: 1200px) 224px, (min-width: 1000px) 18vw, (min-width: 768px) 23vw, 81vw\" loading=\"lazy\" alt=\"R\u00e9fugi\u00e9s irakiens\"\/><div>R\u00e9fugi\u00e9s irakiens<\/div><\/a><\/div>\n\n\n<h2>Webinaires<\/h2>\n<p>(en anglais; certains seront disponibles en fran\u00e7ais sous peu)<\/p>\n\n\n<div class=\"wp-block-tco2025-blocks-video-list-block video-list\"><div class=\"video-preview-list\"><article class=\"video-preview\"><a class=\"video-preview__wrapper\" href=\"\"><div class=\"video-preview__img-wrapper\"><img decoding=\"async\" class=\"video-preview__img\" src=\"https:\/\/rstptemp.turnbull.co\/wp-content\/uploads\/2018\/08\/BVOR-Program-Women-at-Risk.jpg\" srcset=\"https:\/\/rstptemp.turnbull.co\/wp-content\/uploads\/2018\/08\/BVOR-Program-Women-at-Risk.jpg\" sizes=\"(min-width: 768px) 224px, 82vw\" loading=\"lazy\" alt=\"\"\/><span><svg class=\"video-preview__play-icon\" width=\"46\" height=\"55\" viewBox=\"0 0 46 55\" fill=\"none\" xmlns=\"http:\/\/www.w3.org\/2000\/svg\"><path d=\"M5.75 48.7084L40.25 27.4978L5.75 6.28729V48.7084ZM2.9349 1.23774C4.75573 0.213363 6.97187 0.261569 8.74479 1.3462L43.2448 22.5567C44.9578 23.6052 46 25.4732 46 27.4978C46 29.5225 44.9578 31.3784 43.2448 32.4389L8.74479 53.6494C6.97187 54.7461 4.74375 54.7823 2.9349 53.7579C1.12604 52.7335 0 50.8053 0 48.7084V6.28729C0 4.19034 1.12604 2.26211 2.9349 1.23774Z\" fill=\"white\"><\/path><\/svg><\/span><\/div><div class=\"video-preview__content\"><h4 class=\"video-preview__heading\">Femmes en p\u00e9ril<\/h4><p class=\"video-preview__text\"><\/p><\/div><\/a><\/article><article class=\"video-preview\"><a class=\"video-preview__wrapper\" href=\"\"><div class=\"video-preview__img-wrapper\"><img decoding=\"async\" class=\"video-preview__img\" src=\"https:\/\/rstptemp.turnbull.co\/wp-content\/uploads\/2018\/08\/BVOR-Program-Eritrean-Refugees.jpg\" srcset=\"https:\/\/rstptemp.turnbull.co\/wp-content\/uploads\/2018\/08\/BVOR-Program-Eritrean-Refugees.jpg\" sizes=\"(min-width: 768px) 224px, 82vw\" loading=\"lazy\" alt=\"\"\/><span><svg class=\"video-preview__play-icon\" width=\"46\" height=\"55\" viewBox=\"0 0 46 55\" fill=\"none\" xmlns=\"http:\/\/www.w3.org\/2000\/svg\"><path d=\"M5.75 48.7084L40.25 27.4978L5.75 6.28729V48.7084ZM2.9349 1.23774C4.75573 0.213363 6.97187 0.261569 8.74479 1.3462L43.2448 22.5567C44.9578 23.6052 46 25.4732 46 27.4978C46 29.5225 44.9578 31.3784 43.2448 32.4389L8.74479 53.6494C6.97187 54.7461 4.74375 54.7823 2.9349 53.7579C1.12604 52.7335 0 50.8053 0 48.7084V6.28729C0 4.19034 1.12604 2.26211 2.9349 1.23774Z\" fill=\"white\"><\/path><\/svg><\/span><\/div><div class=\"video-preview__content\"><h4 class=\"video-preview__heading\">R\u00e9fugi\u00e9s \u00e9rythr\u00e9ens<\/h4><p class=\"video-preview__text\"><\/p><\/div><\/a><\/article><article class=\"video-preview\"><a class=\"video-preview__wrapper\" href=\"\"><div class=\"video-preview__img-wrapper\"><img decoding=\"async\" class=\"video-preview__img\" src=\"https:\/\/rstptemp.turnbull.co\/wp-content\/uploads\/2018\/08\/BVOR-program-Congolese-Refugees.jpg\" srcset=\"https:\/\/rstptemp.turnbull.co\/wp-content\/uploads\/2018\/08\/BVOR-program-Congolese-Refugees.jpg\" sizes=\"(min-width: 768px) 224px, 82vw\" loading=\"lazy\" alt=\"\"\/><span><svg class=\"video-preview__play-icon\" width=\"46\" height=\"55\" viewBox=\"0 0 46 55\" fill=\"none\" xmlns=\"http:\/\/www.w3.org\/2000\/svg\"><path d=\"M5.75 48.7084L40.25 27.4978L5.75 6.28729V48.7084ZM2.9349 1.23774C4.75573 0.213363 6.97187 0.261569 8.74479 1.3462L43.2448 22.5567C44.9578 23.6052 46 25.4732 46 27.4978C46 29.5225 44.9578 31.3784 43.2448 32.4389L8.74479 53.6494C6.97187 54.7461 4.74375 54.7823 2.9349 53.7579C1.12604 52.7335 0 50.8053 0 48.7084V6.28729C0 4.19034 1.12604 2.26211 2.9349 1.23774Z\" fill=\"white\"><\/path><\/svg><\/span><\/div><div class=\"video-preview__content\"><h4 class=\"video-preview__heading\">R\u00e9fugi\u00e9s congolais<\/h4><p class=\"video-preview__text\"><\/p><\/div><\/a><\/article><\/div><\/div>\n\n\n<h2>Profils d\u00e9mographiques d\u2019IRCC<\/h2>\n\n\n<div class=\"wp-block-tco2025-blocks-card-preview-list card-preview-list\"><a class=\"card-preview has-paddings\" href=\"\/wp-content\/uploads\/2019\/08\/Yazidi-Population-Profile-February-2017.pdf\" target=\"_blank\" rel=\"noopener\"><img decoding=\"async\" class=\"card-preview__img\" src=\"https:\/\/rstptemp.turnbull.co\/wp-content\/uploads\/2016\/07\/Population-Profile-The-Yazidis-e1490307595553.jpg\" sizes=\"(min-width: 1200px) 224px, (min-width: 1000px) 18vw, (min-width: 768px) 23vw, 81vw\" loading=\"lazy\" alt=\"Les r\u00e9fugi\u00e9s y\u00e9zidis (en anglais seulement)\"\/><div>Les r\u00e9fugi\u00e9s y\u00e9zidis (en anglais seulement)<\/div><\/a><\/div>\n","protected":false},"excerpt":{"rendered":"<p>De quels pays viennent les r\u00e9fugi\u00e9s d\u00e9sign\u00e9s par un bureau des visas (RDBV), o\u00f9 vivent-ils actuellement, et pourquoi ont-ils un besoin de r\u00e9installation au Canada? Ces webinaires et documents d\u2019information sur le pays d\u2019origine des RDBV vous aideront \u00e0 mieux comprendre les conditions des RDBV et les raisons humanitaires pour lesquelles le HCR les a recommand\u00e9s au Canada.<\/p>\n","protected":false},"author":5,"featured_media":0,"parent":10542,"menu_order":0,"comment_status":"closed","ping_status":"closed","template":"template-blocks.php","meta":{"_relevanssi_hide_post":"","_relevanssi_hide_content":"","_relevanssi_pin_for_all":"","_relevanssi_pin_keywords":"","_relevanssi_unpin_keywords":"","_relevanssi_related_keywords":"","_relevanssi_related_include_ids":"","_relevanssi_related_exclude_ids":"","_relevanssi_related_no_append":"","_relevanssi_related_not_related":"","_relevanssi_related_posts":"13843,10666,13874,22029,15968,22827","_relevanssi_noindex_reason":"","_price":"","_stock":"","_tribe_ticket_header":"","_tribe_default_ticket_provider":"","_ticket_start_date":"","_ticket_end_date":"","_tribe_ticket_show_description":"","_tribe_ticket_show_not_going":false,"_tribe_ticket_use_global_stock":"","_tribe_ticket_global_stock_level":"","_global_stock_mode":"","_global_stock_cap":"","_tribe_rsvp_for_event":"","_tribe_ticket_going_count":"","_tribe_ticket_not_going_count":"","_tribe_tickets_list":"[]","_tribe_ticket_has_attendee_info_fields":false,"footnotes":"","_tec_slr_enabled":"","_tec_slr_layout":""},"class_list":["post-10546","page","type-page","status-publish","hentry"],"featured_image_src":null,"ticketed":false,"_links":{"self":[{"href":"https:\/\/rstptemp.turnbull.co\/fr\/wp-json\/wp\/v2\/pages\/10546","targetHints":{"allow":["GET"]}}],"collection":[{"href":"https:\/\/rstptemp.turnbull.co\/fr\/wp-json\/wp\/v2\/pages"}],"about":[{"href":"https:\/\/rstptemp.turnbull.co\/fr\/wp-json\/wp\/v2\/types\/page"}],"author":[{"embeddable":true,"href":"https:\/\/rstptemp.turnbull.co\/fr\/wp-json\/wp\/v2\/users\/5"}],"replies":[{"embeddable":true,"href":"https:\/\/rstptemp.turnbull.co\/fr\/wp-json\/wp\/v2\/comments?post=10546"}],"version-history":[{"count":8,"href":"https:\/\/rstptemp.turnbull.co\/fr\/wp-json\/wp\/v2\/pages\/10546\/revisions"}],"predecessor-version":[{"id":32896,"href":"https:\/\/rstptemp.turnbull.co\/fr\/wp-json\/wp\/v2\/pages\/10546\/revisions\/32896"}],"up":[{"embeddable":true,"href":"https:\/\/rstptemp.turnbull.co\/fr\/wp-json\/wp\/v2\/pages\/10542"}],"wp:attachment":[{"href":"https:\/\/rstptemp.turnbull.co\/fr\/wp-json\/wp\/v2\/media?parent=10546"}],"curies":[{"name":"wp","href":"https:\/\/api.w.org\/{rel}","templated":true}]}}