{"id":10549,"date":"2019-09-01T11:56:33","date_gmt":"2019-09-01T15:56:33","guid":{"rendered":"http:\/\/www.rstp.ca\/?page_id=10549"},"modified":"2025-11-14T11:43:51","modified_gmt":"2025-11-14T16:43:51","slug":"bulletin-dinformation-rdbv","status":"publish","type":"page","link":"https:\/\/rstptemp.turnbull.co\/fr\/rdbv\/bulletin-dinformation-rdbv\/","title":{"rendered":"Bulletin d\u2019information RDBV"},"content":{"rendered":"<p>L\u2019infolettre \u00ab BVOR News \u00bb est un bulletin mensuel pr\u00e9sentant des r\u00e9cits de parrainage de r\u00e9fugi\u00e9s d\u00e9sign\u00e9s par un bureau des visas (RDBV), les \u00e9v\u00e9nements et webinaires \u00e0 venir, ainsi que l\u2019actualit\u00e9 du programme et des dossiers d\u00e9sign\u00e9s par un bureau des visas. <strong>\u00c0 noter : \u00ab BVOR News \u00bb n\u2019est disponible qu\u2019en anglais<\/strong>. Pour t\u00e9l\u00e9charger, cliquez sur les images ci-dessous.<\/p>\n\n<div class=\"wp-block-ub-content-toggle wp-block-ub-content-toggle-block\" id=\"ub-content-toggle-block-d1be3195-61f7-493f-a179-0a154710cc5b\" data-mobilecollapse=\"true\" data-desktopcollapse=\"true\" data-preventcollapse=\"false\" data-showonlyone=\"false\">\n<div class=\"wp-block-ub-content-toggle-accordion\" style=\"border-color: #f1f1f1; \" id=\"ub-content-toggle-panel-block-\">\n\t\t\t<div class=\"wp-block-ub-content-toggle-accordion-title-wrap\" style=\"background-color: #f1f1f1;\" aria-controls=\"ub-content-toggle-panel-0-d1be3195-61f7-493f-a179-0a154710cc5b\" tabindex=\"0\">\n\t\t\t<p class=\"wp-block-ub-content-toggle-accordion-title ub-content-toggle-title-d1be3195-61f7-493f-a179-0a154710cc5b\" style=\"color: #000000; \">2019<\/p>\n\t\t\t<div class=\"wp-block-ub-content-toggle-accordion-toggle-wrap right\" style=\"color: #000000;\"><span class=\"wp-block-ub-content-toggle-accordion-state-indicator wp-block-ub-chevron-down\"><\/span><\/div>\n\t\t<\/div>\n\t\t\t<div role=\"region\" aria-expanded=\"false\" class=\"wp-block-ub-content-toggle-accordion-content-wrap ub-hide\" id=\"ub-content-toggle-panel-0-d1be3195-61f7-493f-a179-0a154710cc5b\">\n\n<p><a href=\"\/wp-content\/uploads\/2019\/09\/BVOR-news-14-August-2019.pdf\" target=\"_blank\" rel=\"noopener\"><img loading=\"lazy\" decoding=\"async\" class=\"attachment-medium size-medium\" src=\"\/wp-content\/uploads\/2019\/09\/BVOR-news-14-August-2019-pdf-232x300.jpg\" alt=\"\" width=\"232\" height=\"300\"><\/a><br>Ao\u00fbt 2019<br><a href=\"\/wp-content\/uploads\/2019\/07\/BVOR-news-July-2019.pdf\" target=\"_blank\" rel=\"noopener\"><img loading=\"lazy\" decoding=\"async\" class=\"attachment-medium size-medium\" src=\"\/wp-content\/uploads\/2019\/07\/BVOR-news-July-2019-pdf-232x300.jpg\" alt=\"\" width=\"232\" height=\"300\"><\/a><br>Juillet 2019<br><a href=\"\/wp-content\/uploads\/2019\/07\/BVOR-news-12-June-2019.pdf\" target=\"_blank\" rel=\"noopener\"><img loading=\"lazy\" decoding=\"async\" class=\"attachment-medium size-medium\" src=\"\/wp-content\/uploads\/2019\/07\/BVOR-news-12-June-2019-pdf-232x300.jpg\" alt=\"\" width=\"232\" height=\"300\"><\/a><br>Juin 2019<br><a href=\"\/wp-content\/uploads\/2019\/07\/BVOR-news-11-May-2019.pdf\" target=\"_blank\" rel=\"noopener\"><img loading=\"lazy\" decoding=\"async\" class=\"attachment-medium size-medium\" src=\"\/wp-content\/uploads\/2019\/07\/BVOR-news-11-May-2019-pdf-232x300.jpg\" alt=\"\" width=\"232\" height=\"300\"><\/a><br>Mai 2019<\/p>\n<p><a href=\"\/wp-content\/uploads\/2019\/07\/BVOR-news-10-April-2019.pdf\" target=\"_blank\" rel=\"noopener\"><img loading=\"lazy\" decoding=\"async\" class=\"attachment-medium size-medium\" src=\"\/wp-content\/uploads\/2019\/07\/BVOR-news-10-April-2019-pdf-232x300.jpg\" alt=\"\" width=\"232\" height=\"300\"><\/a><br>Avril 2019<br><a href=\"\/wp-content\/uploads\/2019\/07\/BVOR-news-9-March-28-2019.pdf\" target=\"_blank\" rel=\"noopener\"><img loading=\"lazy\" decoding=\"async\" class=\"attachment-medium size-medium\" src=\"\/wp-content\/uploads\/2019\/07\/BVOR-news-9-March-28-2019-pdf-232x300.jpg\" alt=\"\" width=\"232\" height=\"300\"><\/a><br>Mars 2019<br><a href=\"\/wp-content\/uploads\/2019\/07\/BVOR-news-8-Feb-2019.pdf\" target=\"_blank\" rel=\"noopener\"><img loading=\"lazy\" decoding=\"async\" class=\"attachment-medium size-medium\" src=\"\/wp-content\/uploads\/2019\/07\/BVOR-news-8-Feb-2019-pdf-232x300.jpg\" alt=\"\" width=\"232\" height=\"300\"><\/a><br>F\u00e9vrier 2019<br><a href=\"\/wp-content\/uploads\/2019\/07\/BVOR-news-7-January-2019.pdf\" target=\"_blank\" rel=\"noopener\"><img loading=\"lazy\" decoding=\"async\" class=\"attachment-medium size-medium\" src=\"\/wp-content\/uploads\/2019\/07\/BVOR-news-7-January-2019-pdf-232x300.jpg\" alt=\"\" width=\"232\" height=\"300\"><\/a><br>Janvier 2019<\/p>\n\n<\/div>\n\t\t<\/div>\n\n<div class=\"wp-block-ub-content-toggle-accordion\" style=\"border-color: #f1f1f1; \" id=\"ub-content-toggle-panel-block-\">\n\t\t\t<div class=\"wp-block-ub-content-toggle-accordion-title-wrap\" style=\"background-color: #f1f1f1;\" aria-controls=\"ub-content-toggle-panel-1-d1be3195-61f7-493f-a179-0a154710cc5b\" tabindex=\"0\">\n\t\t\t<p class=\"wp-block-ub-content-toggle-accordion-title ub-content-toggle-title-d1be3195-61f7-493f-a179-0a154710cc5b\" style=\"color: #000000; \">2018<\/p>\n\t\t\t<div class=\"wp-block-ub-content-toggle-accordion-toggle-wrap right\" style=\"color: #000000;\"><span class=\"wp-block-ub-content-toggle-accordion-state-indicator wp-block-ub-chevron-down\"><\/span><\/div>\n\t\t<\/div>\n\t\t\t<div role=\"region\" aria-expanded=\"false\" class=\"wp-block-ub-content-toggle-accordion-content-wrap ub-hide\" id=\"ub-content-toggle-panel-1-d1be3195-61f7-493f-a179-0a154710cc5b\">\n\n<p><a href=\"\/wp-content\/uploads\/2019\/07\/BVOR-news-6-December-2018.pdf\" target=\"_blank\" rel=\"noopener\">D\u00e9cembre 2018<\/a><\/p>\n<p><a href=\"\/wp-content\/uploads\/2019\/07\/BVOR-news-5-October-2018.pdf\" target=\"_blank\" rel=\"noopener\">Octobre 2018<\/a><\/p>\n<p><a href=\"\/wp-content\/uploads\/2019\/07\/BVOR-news-4-September-28-2018.pdf\" target=\"_blank\" rel=\"noopener\">28 septembre 2018<\/a><\/p>\n<p><a href=\"\/wp-content\/uploads\/2019\/07\/BVOR-news-3-September-2018.pdf\" target=\"_blank\" rel=\"noopener\">Septembre 2018<\/a><\/p>\n<p><a href=\"\/wp-content\/uploads\/2019\/07\/BVOR-news-2-August-2018.pdf\" target=\"_blank\" rel=\"noopener\">Ao\u00fbt 2018<\/a><\/p>\n<p><a href=\"\/wp-content\/uploads\/2019\/07\/BVOR-news-1-July-2018.pdf\" target=\"_blank\" rel=\"noopener\">Juillet 2018<\/a><\/p>\n\n<\/div>\n\t\t<\/div>\n<\/div>","protected":false},"excerpt":{"rendered":"<p>L\u2019infolettre \u00ab BVOR News \u00bb est un bulletin mensuel pr\u00e9sentant des r\u00e9cits de parrainage de r\u00e9fugi\u00e9s d\u00e9sign\u00e9s par un bureau des visas (RDBV), les \u00e9v\u00e9nements et webinaires \u00e0 venir, ainsi que l\u2019actualit\u00e9 du programme et des dossiers d\u00e9sign\u00e9s par un bureau des visas. \u00c0 noter : \u00ab BVOR News \u00bb n\u2019est disponible qu\u2019en anglais.<\/p>\n","protected":false},"author":5,"featured_media":0,"parent":10542,"menu_order":0,"comment_status":"closed","ping_status":"closed","template":"","meta":{"_relevanssi_hide_post":"","_relevanssi_hide_content":"","_relevanssi_pin_for_all":"","_relevanssi_pin_keywords":"","_relevanssi_unpin_keywords":"","_relevanssi_related_keywords":"","_relevanssi_related_include_ids":"","_relevanssi_related_exclude_ids":"","_relevanssi_related_no_append":"","_relevanssi_related_not_related":"","_relevanssi_related_posts":"13843,14566,15968,13874,22827,13832","_relevanssi_noindex_reason":"","_price":"","_stock":"","_tribe_ticket_header":"","_tribe_default_ticket_provider":"","_ticket_start_date":"","_ticket_end_date":"","_tribe_ticket_show_description":"","_tribe_ticket_show_not_going":false,"_tribe_ticket_use_global_stock":"","_tribe_ticket_global_stock_level":"","_global_stock_mode":"","_global_stock_cap":"","_tribe_rsvp_for_event":"","_tribe_ticket_going_count":"","_tribe_ticket_not_going_count":"","_tribe_tickets_list":"[]","_tribe_ticket_has_attendee_info_fields":false,"footnotes":"","_tec_slr_enabled":"","_tec_slr_layout":""},"class_list":["post-10549","page","type-page","status-publish","hentry"],"featured_image_src":null,"ticketed":false,"_links":{"self":[{"href":"https:\/\/rstptemp.turnbull.co\/fr\/wp-json\/wp\/v2\/pages\/10549","targetHints":{"allow":["GET"]}}],"collection":[{"href":"https:\/\/rstptemp.turnbull.co\/fr\/wp-json\/wp\/v2\/pages"}],"about":[{"href":"https:\/\/rstptemp.turnbull.co\/fr\/wp-json\/wp\/v2\/types\/page"}],"author":[{"embeddable":true,"href":"https:\/\/rstptemp.turnbull.co\/fr\/wp-json\/wp\/v2\/users\/5"}],"replies":[{"embeddable":true,"href":"https:\/\/rstptemp.turnbull.co\/fr\/wp-json\/wp\/v2\/comments?post=10549"}],"version-history":[{"count":5,"href":"https:\/\/rstptemp.turnbull.co\/fr\/wp-json\/wp\/v2\/pages\/10549\/revisions"}],"predecessor-version":[{"id":32273,"href":"https:\/\/rstptemp.turnbull.co\/fr\/wp-json\/wp\/v2\/pages\/10549\/revisions\/32273"}],"up":[{"embeddable":true,"href":"https:\/\/rstptemp.turnbull.co\/fr\/wp-json\/wp\/v2\/pages\/10542"}],"wp:attachment":[{"href":"https:\/\/rstptemp.turnbull.co\/fr\/wp-json\/wp\/v2\/media?parent=10549"}],"curies":[{"name":"wp","href":"https:\/\/api.w.org\/{rel}","templated":true}]}}