{"id":10553,"date":"2019-09-01T12:05:53","date_gmt":"2019-09-01T16:05:53","guid":{"rendered":"http:\/\/www.rstp.ca\/?page_id=10553"},"modified":"2025-11-14T11:02:57","modified_gmt":"2025-11-14T16:02:57","slug":"formulaires-de-demande-pour-le-programme-mixte-des-rdbv","status":"publish","type":"page","link":"https:\/\/rstptemp.turnbull.co\/fr\/rdbv\/formulaires-de-demande-pour-le-programme-mixte-des-rdbv\/","title":{"rendered":"Formulaires de demande pour le Programme mixte des RDBV"},"content":{"rendered":"<h2>Quels formulaires doit-on soumettre pour parrainer un r\u00e9fugi\u00e9 d\u00e9sign\u00e9 par un bureau des visas (RDBV)?<\/h2>\n<p>Lorsque vous parrainez des RDBV, vous ne devez soumettre que les formulaires qui doivent \u00eatre compl\u00e9t\u00e9s par le groupe de parrainage. Puisque les RDBV ont d\u00e9j\u00e0 \u00e9t\u00e9 approuv\u00e9s et sont pr\u00eats \u00e0 voyager, le groupe de parrainage ne doit pas soumettre les formulaires \u00e0 remplir par le r\u00e9fugi\u00e9 parrain\u00e9 (IMM 0008). La liste des formulaires qui doivent \u00eatre compl\u00e9t\u00e9s et soumis par chaque type de groupe de parrainage se trouvent ci-dessous.<\/p>\n<h3>Pour les Signataires d\u2019entente de parrainage<\/h3>\n<ul>\n<li><a href=\"https:\/\/www.canada.ca\/content\/dam\/ircc\/migration\/ircc\/francais\/pdf\/trousses\/form\/imm5373f.pdf\" target=\"_blank\" rel=\"noopener\">Engagement de parrainage \u2014 Signataires d\u2019entente de parrainage (SEP) [IMM 5373]<\/a><\/li>\n<li><a href=\"https:\/\/www.canada.ca\/content\/dam\/ircc\/migration\/ircc\/francais\/pdf\/trousses\/form\/imm5440f.pdf\" target=\"_blank\" rel=\"noopener\">Plan d\u2019\u00e9tablissement \u2014 Signataires d\u2019entente de parrainage (SEP) [IMM 5440]<\/a><\/li>\n<li><a href=\"https:\/\/www.canada.ca\/content\/dam\/ircc\/migration\/ircc\/francais\/pdf\/trousses\/form\/imm5492f.pdf\" target=\"_blank\" rel=\"noopener\">\u00c9valuation du r\u00e9pondant [IMM 5492]<\/a><\/li>\n<\/ul>\n<p>Veuillez vous reportez au <a href=\"https:\/\/www.canada.ca\/fr\/immigration-refugies-citoyennete\/services\/demande\/formulaires-demande-guides\/guide-parrainer-refugies-signataires-entente-groupes-constitutifs.html\" target=\"_blank\" rel=\"noopener\">Guide de demande de parrainage \u00e0 l\u2019intention des SEP<\/a> pour de plus amples renseignements.<\/p>\n<h3>Pour les Groupes de cinq<\/h3>\n<ul>\n<li><a href=\"https:\/\/www.canada.ca\/content\/dam\/ircc\/migration\/ircc\/francais\/pdf\/trousses\/form\/imm5670f.pdf\" target=\"_blank\" rel=\"noopener\">Engagement de parrainage et plan d\u2019\u00e9tablissement \u2014 Groupes de cinq [IMM 5670]<\/a><\/li>\n<li><a href=\"https:\/\/www.canada.ca\/content\/dam\/ircc\/migration\/ircc\/francais\/pdf\/trousses\/form\/imm5492f.pdf\" target=\"_blank\" rel=\"noopener\">\u00c9valuation du r\u00e9pondant [IMM 5492]<\/a><\/li>\n<li><a href=\"https:\/\/www.canada.ca\/content\/dam\/ircc\/migration\/ircc\/francais\/pdf\/trousses\/form\/imm5373bf.pdf\" target=\"_blank\" rel=\"noopener\">Profil financier [IMM 5373B]<\/a><\/li>\n<\/ul>\n<p>Veuillez vous reportez au <a href=\"https:\/\/www.canada.ca\/fr\/immigration-refugies-citoyennete\/services\/demande\/formulaires-demande-guides\/guide-parrainer-refugies-refugies-groupes-cinq.html\" target=\"_blank\" rel=\"noopener\">Guide de demande de parrainage \u00e0 l\u2019intention des Groupes de cinq<\/a> pour pr\u00e9parer et soumettre votre demande.<\/p>\n<h3>Pour les R\u00e9pondants communautaires<\/h3>\n<ul>\n<li><a href=\"https:\/\/www.canada.ca\/content\/dam\/ircc\/migration\/ircc\/francais\/pdf\/trousses\/form\/imm5663f.pdf\" target=\"_blank\" rel=\"noopener\">Engagement de parrainage et plan d\u2019\u00e9tablissement \u2014R\u00e9pondant communautaire (RC) [IMM 5663]<\/a><\/li>\n<li><a href=\"https:\/\/www.canada.ca\/content\/dam\/ircc\/migration\/ircc\/francais\/pdf\/trousses\/form\/imm5492f.pdf\" target=\"_blank\" rel=\"noopener\">\u00c9valuation du r\u00e9pondant [IMM 5492]<\/a><\/li>\n<li><a href=\"https:\/\/www.canada.ca\/content\/dam\/ircc\/migration\/ircc\/francais\/pdf\/trousses\/form\/imm5373bf.pdf\" target=\"_blank\" rel=\"noopener\">Profil financier [IMM 5373B]<\/a><\/li>\n<\/ul>\n<p>Veuillez vous reporter au <a href=\"https:\/\/www.canada.ca\/fr\/immigration-refugies-citoyennete\/services\/demande\/formulaires-demande-guides\/guide-parrainer-refugies-repondants-communautaires.html\" target=\"_blank\" rel=\"noopener\">Guide de demande de parrainage \u00e0 l\u2019intention des R\u00e9pondants communautaires<\/a>.<\/p>\n<h2>Comment devons-nous signaler sur les formulaires de demande que nous parrainons des RDBV?<\/h2>\n<p>Cochez la bo\u00eete au d\u00e9but du formulaire intitul\u00e9 \u00ab Engagement de parrainage \u00bb et saisissez le num\u00e9ro de profil pour indiquer que vous parrainez un RDBV. De plus, vous pouvez joindre une br\u00e8ve lettre d\u2019accompagnement et le profil d\u00e9taill\u00e9 du r\u00e9fugi\u00e9 que vous parrainez \u00e0 votre demande.<\/p>\n<h2>O\u00f9 pouvons-nous obtenir du soutien pour remplir les formulaires du Programme mixte des RDBV?<\/h2>\n<p>Les formateurs du PFPR peuvent vous soutenir pendant le processus de parrainage de RDBV. Consultez le lien suivant pour trouver les coordonn\u00e9es des formateurs dans votre r\u00e9gion\u00a0: <a href=\"https:\/\/rstptemp.turnbull.co\/fr\/contactez-nous\/\">https:\/\/rstptemp.turnbull.co\/fr\/contactez-nous\/<\/a>. Vous pouvez \u00e9galement communiquer avec la responsable du Programme mixte des RDBV \u00e0 l\u2019adresse suivante\u00a0: <a href=\"mailto:bvor@rstp.ca\">bvor@rstp.ca<\/a>.<\/p>\n<h2>Est-ce que nous pouvons communiquer avec le(s) r\u00e9fugi\u00e9(s) une fois la demande approuv\u00e9e?<\/h2>\n<p>Oui. Les r\u00e9pondants peuvent se servir du mod\u00e8le disponible <a href=\"https:\/\/rstptemp.turnbull.co\/wp-content\/uploads\/2024\/07\/Message-Accueil_Repondants_RDBV.doc.docx\" target=\"_blank\" rel=\"noopener\">ici<\/a> pour r\u00e9diger un message d&#8217;accueil \u00e0 transmettre au(x) r\u00e9fugi\u00e9(s) \u00e0 l&#8217;aide des coordonn\u00e9es partag\u00e9es par IRCC.<\/p>\n","protected":false},"excerpt":{"rendered":"<p>Quels formulaires doit-on soumettre pour parrainer un r\u00e9fugi\u00e9 d\u00e9sign\u00e9 par un bureau des visas (RDBV)?<br \/>\nLorsque vous parrainez des RDBV, vous ne devez soumettre que les formulaires qui doivent \u00eatre compl\u00e9t\u00e9s par le groupe de parrainage. Puisque les RDBV ont d\u00e9j\u00e0 \u00e9t\u00e9 approuv\u00e9s et sont pr\u00eats \u00e0 voyager, le groupe de parrainage ne doit pas soumettre les formulaires \u00e0 remplir par le r\u00e9fugi\u00e9 parrain\u00e9 (IMM 0008).<\/p>\n","protected":false},"author":5,"featured_media":0,"parent":10542,"menu_order":0,"comment_status":"closed","ping_status":"closed","template":"","meta":{"_relevanssi_hide_post":"","_relevanssi_hide_content":"","_relevanssi_pin_for_all":"","_relevanssi_pin_keywords":"","_relevanssi_unpin_keywords":"","_relevanssi_related_keywords":"","_relevanssi_related_include_ids":"","_relevanssi_related_exclude_ids":"","_relevanssi_related_no_append":"","_relevanssi_related_not_related":"","_relevanssi_related_posts":"22827,22029,15968,10666,13832,14566","_relevanssi_noindex_reason":"","_price":"","_stock":"","_tribe_ticket_header":"","_tribe_default_ticket_provider":"","_ticket_start_date":"","_ticket_end_date":"","_tribe_ticket_show_description":"","_tribe_ticket_show_not_going":false,"_tribe_ticket_use_global_stock":"","_tribe_ticket_global_stock_level":"","_global_stock_mode":"","_global_stock_cap":"","_tribe_rsvp_for_event":"","_tribe_ticket_going_count":"","_tribe_ticket_not_going_count":"","_tribe_tickets_list":"[]","_tribe_ticket_has_attendee_info_fields":false,"footnotes":"","_tec_slr_enabled":"","_tec_slr_layout":""},"class_list":["post-10553","page","type-page","status-publish","hentry"],"featured_image_src":null,"ticketed":false,"_links":{"self":[{"href":"https:\/\/rstptemp.turnbull.co\/fr\/wp-json\/wp\/v2\/pages\/10553","targetHints":{"allow":["GET"]}}],"collection":[{"href":"https:\/\/rstptemp.turnbull.co\/fr\/wp-json\/wp\/v2\/pages"}],"about":[{"href":"https:\/\/rstptemp.turnbull.co\/fr\/wp-json\/wp\/v2\/types\/page"}],"author":[{"embeddable":true,"href":"https:\/\/rstptemp.turnbull.co\/fr\/wp-json\/wp\/v2\/users\/5"}],"replies":[{"embeddable":true,"href":"https:\/\/rstptemp.turnbull.co\/fr\/wp-json\/wp\/v2\/comments?post=10553"}],"version-history":[{"count":3,"href":"https:\/\/rstptemp.turnbull.co\/fr\/wp-json\/wp\/v2\/pages\/10553\/revisions"}],"predecessor-version":[{"id":22567,"href":"https:\/\/rstptemp.turnbull.co\/fr\/wp-json\/wp\/v2\/pages\/10553\/revisions\/22567"}],"up":[{"embeddable":true,"href":"https:\/\/rstptemp.turnbull.co\/fr\/wp-json\/wp\/v2\/pages\/10542"}],"wp:attachment":[{"href":"https:\/\/rstptemp.turnbull.co\/fr\/wp-json\/wp\/v2\/media?parent=10553"}],"curies":[{"name":"wp","href":"https:\/\/api.w.org\/{rel}","templated":true}]}}