{"id":11244,"date":"2020-01-22T16:13:43","date_gmt":"2020-01-22T21:13:43","guid":{"rendered":"http:\/\/www.rstp.ca\/?page_id=11244"},"modified":"2025-11-13T13:26:52","modified_gmt":"2025-11-13T18:26:52","slug":"foire-aux-questions-sur-le-programme-pac","status":"publish","type":"page","link":"https:\/\/rstptemp.turnbull.co\/fr\/pac\/foire-aux-questions-sur-le-programme-pac\/","title":{"rendered":"Foire aux questions sur le programme PAC"},"content":{"rendered":"<div class=\"wp-block-ub-content-toggle wp-block-ub-content-toggle-block\" id=\"ub-content-toggle-block-0855d11d-4e02-4980-9c4d-3726c8fb584d\" data-mobilecollapse=\"true\" data-desktopcollapse=\"true\" data-preventcollapse=\"false\" data-showonlyone=\"false\">\n<div class=\"wp-block-ub-content-toggle-accordion\" style=\"border-color: #f1f1f1; \" id=\"ub-content-toggle-panel-block-\">\n\t\t\t<div class=\"wp-block-ub-content-toggle-accordion-title-wrap\" style=\"background-color: #f1f1f1;\" aria-controls=\"ub-content-toggle-panel-0-0855d11d-4e02-4980-9c4d-3726c8fb584d\" tabindex=\"0\">\n\t\t\t<p class=\"wp-block-ub-content-toggle-accordion-title ub-content-toggle-title-0855d11d-4e02-4980-9c4d-3726c8fb584d\" style=\"color: #000000; \">Qui peut parrainer des r\u00e9fugi\u00e9s dans le cadre du programme PAC?<\/p>\n\t\t\t<div class=\"wp-block-ub-content-toggle-accordion-toggle-wrap right\" style=\"color: #000000;\"><span class=\"wp-block-ub-content-toggle-accordion-state-indicator wp-block-ub-chevron-down\"><\/span><\/div>\n\t\t<\/div>\n\t\t\t<div role=\"region\" aria-expanded=\"false\" class=\"wp-block-ub-content-toggle-accordion-content-wrap ub-hide\" id=\"ub-content-toggle-panel-0-0855d11d-4e02-4980-9c4d-3726c8fb584d\">\n\n<p>Les Signataires d\u2019entente de parrainage (SEP) et leurs Groupes constitutifs (GC) peuvent parrainer des r\u00e9fugi\u00e9s dans le cadre du programme PAC. Les Groupes de cinq et les R\u00e9pondants communautaires ne sont pas admissibles.<\/p>\n\n<\/div>\n\t\t<\/div>\n\n<div class=\"wp-block-ub-content-toggle-accordion\" style=\"border-color: #f1f1f1; \" id=\"ub-content-toggle-panel-block-\">\n\t\t\t<div class=\"wp-block-ub-content-toggle-accordion-title-wrap\" style=\"background-color: #f1f1f1;\" aria-controls=\"ub-content-toggle-panel-1-0855d11d-4e02-4980-9c4d-3726c8fb584d\" tabindex=\"0\">\n\t\t\t<p class=\"wp-block-ub-content-toggle-accordion-title ub-content-toggle-title-0855d11d-4e02-4980-9c4d-3726c8fb584d\" style=\"color: #000000; \">Qui se qualifie au programme PAC?<\/p>\n\t\t\t<div class=\"wp-block-ub-content-toggle-accordion-toggle-wrap right\" style=\"color: #000000;\"><span class=\"wp-block-ub-content-toggle-accordion-state-indicator wp-block-ub-chevron-down\"><\/span><\/div>\n\t\t<\/div>\n\t\t\t<div role=\"region\" aria-expanded=\"false\" class=\"wp-block-ub-content-toggle-accordion-content-wrap ub-hide\" id=\"ub-content-toggle-panel-1-0855d11d-4e02-4980-9c4d-3726c8fb584d\">\n\n<p>Afin d\u2019\u00eatre s\u00e9lectionn\u00e9e pour le programme PAC, une personne r\u00e9fugi\u00e9e doit\u00a0:<\/p>\n<ul>\n<li>Appartenir \u00e0 la cat\u00e9gorie des r\u00e9fugi\u00e9s au sens de la Convention outre-fronti\u00e8res ou \u00e0 la cat\u00e9gorie de personnes de pays d\u2019accueil.<\/li>\n<li>S\u2019attendre \u00e0 une p\u00e9riode de r\u00e9installation plus longue ou plus difficile en raison de la gravit\u00e9 des probl\u00e8mes auxquels elle a fait face, tels que\u00a0: un traumatisme li\u00e9 \u00e0 la violence ou \u00e0 la torture; un handicap physique ou mental; ou encore le fait d\u2019\u00eatre membre d\u2019une famille nombreuse ou ayant une configuration inhabituelle.<\/li>\n<\/ul>\n\n<\/div>\n\t\t<\/div>\n\n<div class=\"wp-block-ub-content-toggle-accordion\" style=\"border-color: #f1f1f1; \" id=\"ub-content-toggle-panel-block-\">\n\t\t\t<div class=\"wp-block-ub-content-toggle-accordion-title-wrap\" style=\"background-color: #f1f1f1;\" aria-controls=\"ub-content-toggle-panel-2-0855d11d-4e02-4980-9c4d-3726c8fb584d\" tabindex=\"0\">\n\t\t\t<p class=\"wp-block-ub-content-toggle-accordion-title ub-content-toggle-title-0855d11d-4e02-4980-9c4d-3726c8fb584d\" style=\"color: #000000; \">Comment les r\u00e9fugi\u00e9s recommand\u00e9s au programme PAC sont-ils identifi\u00e9s?<\/p>\n\t\t\t<div class=\"wp-block-ub-content-toggle-accordion-toggle-wrap right\" style=\"color: #000000;\"><span class=\"wp-block-ub-content-toggle-accordion-state-indicator wp-block-ub-chevron-down\"><\/span><\/div>\n\t\t<\/div>\n\t\t\t<div role=\"region\" aria-expanded=\"false\" class=\"wp-block-ub-content-toggle-accordion-content-wrap ub-hide\" id=\"ub-content-toggle-panel-2-0855d11d-4e02-4980-9c4d-3726c8fb584d\">\n\n<p>Les r\u00e9fugi\u00e9s recommand\u00e9s pour le programme PAC sont identifi\u00e9s de l\u2019une des deux fa\u00e7ons suivantes\u00a0:<\/p>\n<ul>\n<li>Des personnes dans le bassin du Programme des r\u00e9fugi\u00e9s pris en charge par le gouvernement (RPG) sont identifi\u00e9es et recommand\u00e9es comme possibles clients du programme PAC par un agent d\u2019IRCC \u00e0 l\u2019\u00e9tranger lors de l\u2019entrevue de qualification (le Centre d\u2019op\u00e9rations de r\u00e9installation \u00e0 Ottawa d\u2019IRCC peut \u00e9galement recommander des dossiers de RPG aupr\u00e8s d\u2019un agent \u00e0 l\u2019\u00e9tranger), OU<\/li>\n<li>Des personnes dans le bassin du programme des RPG sont identifi\u00e9es et recommand\u00e9es aupr\u00e8s d\u2019IRCC apr\u00e8s leur arriv\u00e9e au Canada par un fournisseur de service du Programme d\u2019aide \u00e0 la r\u00e9installation (PAR).<\/li>\n<\/ul>\n<p>NB\u00a0: Dans des circonstances exceptionnelles, at avec l\u2019assentiment du bureau local d\u2019IRCC, les groupes de parrainage peuvent recommander des dossiers du Programme mixte des RDBV pour le programme PAC. Ces circonstances comprennent des cas o\u00f9 des renseignements concernant des besoins m\u00e9dicaux importants ne sont r\u00e9v\u00e9l\u00e9s qu\u2019apr\u00e8s l\u2019arriv\u00e9e ou au moment de la r\u00e9ception de la Transmission du pr\u00e9avis d\u2019arriv\u00e9e (TPA).<\/p>\n\n<\/div>\n\t\t<\/div>\n\n<div class=\"wp-block-ub-content-toggle-accordion\" style=\"border-color: #f1f1f1; \" id=\"ub-content-toggle-panel-block-\">\n\t\t\t<div class=\"wp-block-ub-content-toggle-accordion-title-wrap\" style=\"background-color: #f1f1f1;\" aria-controls=\"ub-content-toggle-panel-3-0855d11d-4e02-4980-9c4d-3726c8fb584d\" tabindex=\"0\">\n\t\t\t<p class=\"wp-block-ub-content-toggle-accordion-title ub-content-toggle-title-0855d11d-4e02-4980-9c4d-3726c8fb584d\" style=\"color: #000000; \">Quels sont les d\u00e9lais de traitement des demandes?<\/p>\n\t\t\t<div class=\"wp-block-ub-content-toggle-accordion-toggle-wrap right\" style=\"color: #000000;\"><span class=\"wp-block-ub-content-toggle-accordion-state-indicator wp-block-ub-chevron-down\"><\/span><\/div>\n\t\t<\/div>\n\t\t\t<div role=\"region\" aria-expanded=\"false\" class=\"wp-block-ub-content-toggle-accordion-content-wrap ub-hide\" id=\"ub-content-toggle-panel-3-0855d11d-4e02-4980-9c4d-3726c8fb584d\">\n\n<p>Les r\u00e9fugi\u00e9s relevant du programme PAC qui se trouvent encore \u00e0 l\u2019\u00e9tranger arrivent en moyenne dans les 12 semaines suivant la date d\u2019approbation du parrainage.<\/p>\n<p>Les parrainages de r\u00e9fugi\u00e9s recommand\u00e9s pour le programme PAC apr\u00e8s leur arriv\u00e9e au Canada d\u00e9butent quelques semaines apr\u00e8s la date d\u2019approbation de la demande.<\/p>\n\n<\/div>\n\t\t<\/div>\n\n<div class=\"wp-block-ub-content-toggle-accordion\" style=\"border-color: #f1f1f1; \" id=\"ub-content-toggle-panel-block-\">\n\t\t\t<div class=\"wp-block-ub-content-toggle-accordion-title-wrap\" style=\"background-color: #f1f1f1;\" aria-controls=\"ub-content-toggle-panel-4-0855d11d-4e02-4980-9c4d-3726c8fb584d\" tabindex=\"0\">\n\t\t\t<p class=\"wp-block-ub-content-toggle-accordion-title ub-content-toggle-title-0855d11d-4e02-4980-9c4d-3726c8fb584d\" style=\"color: #000000; \">Qui sont les principaux acteurs du PAC?<\/p>\n\t\t\t<div class=\"wp-block-ub-content-toggle-accordion-toggle-wrap right\" style=\"color: #000000;\"><span class=\"wp-block-ub-content-toggle-accordion-state-indicator wp-block-ub-chevron-down\"><\/span><\/div>\n\t\t<\/div>\n\t\t\t<div role=\"region\" aria-expanded=\"false\" class=\"wp-block-ub-content-toggle-accordion-content-wrap ub-hide\" id=\"ub-content-toggle-panel-4-0855d11d-4e02-4980-9c4d-3726c8fb584d\">\n\n<p>Puisque le parrainage dans le cadre du PAC est un effort conjoint, les SEP et leurs GC doivent travailler en \u00e9troite collaboration avec le bureau local d\u2019IRCC, les fournisseurs de services du Programme d\u2019aide \u00e0 la r\u00e9installation (PAR), les fournisseurs de services d\u2019\u00e9tablissement et d\u2019autres organismes communautaires pour r\u00e9pondre aux besoins des nouveaux arrivants.<\/p>\n\n<\/div>\n\t\t<\/div>\n\n<div class=\"wp-block-ub-content-toggle-accordion\" style=\"border-color: #f1f1f1; \" id=\"ub-content-toggle-panel-block-\">\n\t\t\t<div class=\"wp-block-ub-content-toggle-accordion-title-wrap\" style=\"background-color: #f1f1f1;\" aria-controls=\"ub-content-toggle-panel-5-0855d11d-4e02-4980-9c4d-3726c8fb584d\" tabindex=\"0\">\n\t\t\t<p class=\"wp-block-ub-content-toggle-accordion-title ub-content-toggle-title-0855d11d-4e02-4980-9c4d-3726c8fb584d\" style=\"color: #000000; \">Qu\u2019est-ce que le Programme d\u2019aide \u00e0 la r\u00e9installation (PAR)?<\/p>\n\t\t\t<div class=\"wp-block-ub-content-toggle-accordion-toggle-wrap right\" style=\"color: #000000;\"><span class=\"wp-block-ub-content-toggle-accordion-state-indicator wp-block-ub-chevron-down\"><\/span><\/div>\n\t\t<\/div>\n\t\t\t<div role=\"region\" aria-expanded=\"false\" class=\"wp-block-ub-content-toggle-accordion-content-wrap ub-hide\" id=\"ub-content-toggle-panel-5-0855d11d-4e02-4980-9c4d-3726c8fb584d\">\n\n<p>Le PAR est un programme financ\u00e9 par IRCC, con\u00e7u pour combler les besoins imm\u00e9diats et essentiels des r\u00e9fugi\u00e9s pris en charge par le gouvernement et d\u2019autres clients admissibles, d\u00e8s leur arriv\u00e9e au Canada. Il comporte deux volets principaux\u00a0:<\/p>\n<ul>\n<li>Un soutien au revenu pour les r\u00e9fugi\u00e9s r\u00e9install\u00e9s dans le cadre du Programme des RPG, du Programme PAC et du Programme mixte des RDBV;<\/li>\n<li>Des services essentiels imm\u00e9diats offerts par des fournisseurs de services du PAR. Ces services comprennent les t\u00e2ches suivantes\u00a0: accueillir les r\u00e9fugi\u00e9s \u00e0 l\u2019a\u00e9roport; leur fournir un logement temporaire; \u00e9valuer leurs besoins et les aiguiller vers des services d\u2019\u00e9tablissement ou communautaires; les orienter vers des programmes et services f\u00e9d\u00e9raux ou provinciaux essentiels; offrir des s\u00e9ances d\u2019orientation essentielle imm\u00e9diate; les aider \u00e0 trouver un logement permanent et leur offrir une formation de pr\u00e9paration \u00e0 la vie quotidienne au Canada, au besoin.<\/li>\n<\/ul>\n\n<\/div>\n\t\t<\/div>\n\n<div class=\"wp-block-ub-content-toggle-accordion\" style=\"border-color: #f1f1f1; \" id=\"ub-content-toggle-panel-block-\">\n\t\t\t<div class=\"wp-block-ub-content-toggle-accordion-title-wrap\" style=\"background-color: #f1f1f1;\" aria-controls=\"ub-content-toggle-panel-6-0855d11d-4e02-4980-9c4d-3726c8fb584d\" tabindex=\"0\">\n\t\t\t<p class=\"wp-block-ub-content-toggle-accordion-title ub-content-toggle-title-0855d11d-4e02-4980-9c4d-3726c8fb584d\" style=\"color: #000000; \">Comment notre groupe peut-il trouver un dossier PAC \u00e0 parrainer?<\/p>\n\t\t\t<div class=\"wp-block-ub-content-toggle-accordion-toggle-wrap right\" style=\"color: #000000;\"><span class=\"wp-block-ub-content-toggle-accordion-state-indicator wp-block-ub-chevron-down\"><\/span><\/div>\n\t\t<\/div>\n\t\t\t<div role=\"region\" aria-expanded=\"false\" class=\"wp-block-ub-content-toggle-accordion-content-wrap ub-hide\" id=\"ub-content-toggle-panel-6-0855d11d-4e02-4980-9c4d-3726c8fb584d\">\n\n<p>Les groupes de parrainage peuvent consulter et choisir des profils de r\u00e9fugi\u00e9s recommand\u00e9s pour le programme PAC sur le site Web du PFPR sur la page suivante (profils en anglais uniquement)\u00a0: <a href=\"http:\/\/www.rstp.ca\/en\/jas-profiles\/\">http:\/\/www.rstp.ca\/en\/jas-profiles\/<\/a><\/p>\n<p>Le site Web comprend des profils de r\u00e9fugi\u00e9s recommand\u00e9s pour le programme PAC qui soit se trouvent actuellement \u00e0 l\u2019\u00e9tranger et sont pr\u00eats \u00e0 voyager au Canada, soit sont d\u00e9j\u00e0 arriv\u00e9s au Canada.<\/p>\n<p>Si vous \u00eates un Groupe constitutif, veuillez d\u2019abord contacter votre SEP pour confirmer qu\u2019il a la capacit\u00e9 et la volont\u00e9 de soumettre une demande de parrainage dans le cadre du PAC.<\/p>\n\n<\/div>\n\t\t<\/div>\n\n<div class=\"wp-block-ub-content-toggle-accordion\" style=\"border-color: #f1f1f1; \" id=\"ub-content-toggle-panel-block-\">\n\t\t\t<div class=\"wp-block-ub-content-toggle-accordion-title-wrap\" style=\"background-color: #f1f1f1;\" aria-controls=\"ub-content-toggle-panel-7-0855d11d-4e02-4980-9c4d-3726c8fb584d\" tabindex=\"0\">\n\t\t\t<p class=\"wp-block-ub-content-toggle-accordion-title ub-content-toggle-title-0855d11d-4e02-4980-9c4d-3726c8fb584d\" style=\"color: #000000; \">Nous voulons nous engager \u00e0 parrainer un dossier du PAC. Comment devons-nous y prendre?<\/p>\n\t\t\t<div class=\"wp-block-ub-content-toggle-accordion-toggle-wrap right\" style=\"color: #000000;\"><span class=\"wp-block-ub-content-toggle-accordion-state-indicator wp-block-ub-chevron-down\"><\/span><\/div>\n\t\t<\/div>\n\t\t\t<div role=\"region\" aria-expanded=\"false\" class=\"wp-block-ub-content-toggle-accordion-content-wrap ub-hide\" id=\"ub-content-toggle-panel-7-0855d11d-4e02-4980-9c4d-3726c8fb584d\">\n\n<p>Une fois que vous aurez s\u00e9lectionn\u00e9 un profil du PAC, votre groupe de parrainage devra soumettre le dossier de demande au Centre d\u2019op\u00e9rations de r\u00e9installation \u00e0 Ottawa (COR-O).<\/p>\n<p>La trousse de demande dans le cadre du programme PAC est distincte de celle des autres programmes de parrainage de r\u00e9fugi\u00e9s. Cette trousse peut \u00eatre t\u00e9l\u00e9charg\u00e9e \u00e0 partir de la page suivante\u00a0: <a href=\"https:\/\/www.canada.ca\/fr\/immigration-refugies-citoyennete\/services\/demande\/formulaires-demande-guides\/demande-parrainage-refugies-parrainage-aide-conjointe.html\" target=\"_blank\" rel=\"noopener\">https:\/\/www.canada.ca\/fr\/immigration-refugies-citoyennete\/services\/demande\/formulaires-demande-guides\/demande-parrainage-refugies-parrainage-aide-conjointe.html<\/a><\/p>\n<p>Si vous avez besoin d\u2019aide pour remplir les formulaires de cette trousse, veuillez communiquer avec le PFPR au 1-877-290-1701 ou au <a href=\"https:\/\/rstptemp.turnbull.co\/fr\/pac\/foire-aux-questions-sur-le-programme-pac\/jas@rstp.ca\">jas@rstp.ca<\/a>.<\/p>\n<p>Le dossier de demande complet peut \u00eatre envoy\u00e9 au COR-O par la poste ou par courriel\u00a0:<\/p>\n<p><strong>Immigration, R\u00e9fugi\u00e9s et Citoyennet\u00e9 Canada<\/strong><strong><br><\/strong>Centre d\u2019op\u00e9rations de r\u00e9installation \u00e0 Ottawa\u00a0(COR-O)<br>365, avenue Laurier Ouest<br>Ottawa ON<br>K1A\u00a01L1<\/p>\n<p>ou<\/p>\n<p><a href=\"mailto:IRCC.INROCO-CORORI.IRCC@cic.gc.ca\">IRCC.INROCO-CORORI.IRCC@cic.gc.ca<\/a><\/p>\n\n<\/div>\n\t\t<\/div>\n<\/div>","protected":false},"excerpt":{"rendered":"<p>Qui peut parrainer des r\u00e9fugi\u00e9s dans le cadre du programme PAC?<\/p>\n<p>Les Signataires d\u2019entente de parrainage (SEP) et leurs Groupes constitutifs (GC) peuvent parrainer des r\u00e9fugi\u00e9s dans le cadre du programme PAC. Les Groupes de cinq et les R\u00e9pondants communautaires ne sont pas admissibles.<\/p>\n<p>\t\t\tQui se qualifie au programme PAC?<\/p>\n<p>Afin d\u2019\u00eatre s\u00e9lectionn\u00e9e pour le programme PAC,<\/p>\n","protected":false},"author":5,"featured_media":0,"parent":11238,"menu_order":0,"comment_status":"closed","ping_status":"closed","template":"","meta":{"_relevanssi_hide_post":"","_relevanssi_hide_content":"","_relevanssi_pin_for_all":"","_relevanssi_pin_keywords":"","_relevanssi_unpin_keywords":"","_relevanssi_related_keywords":"","_relevanssi_related_include_ids":"","_relevanssi_related_exclude_ids":"","_relevanssi_related_no_append":"","_relevanssi_related_not_related":"","_relevanssi_related_posts":"14566,15968,13843,22029,13832,10666","_relevanssi_noindex_reason":"","_price":"","_stock":"","_tribe_ticket_header":"","_tribe_default_ticket_provider":"","_ticket_start_date":"","_ticket_end_date":"","_tribe_ticket_show_description":"","_tribe_ticket_show_not_going":false,"_tribe_ticket_use_global_stock":"","_tribe_ticket_global_stock_level":"","_global_stock_mode":"","_global_stock_cap":"","_tribe_rsvp_for_event":"","_tribe_ticket_going_count":"","_tribe_ticket_not_going_count":"","_tribe_tickets_list":"[]","_tribe_ticket_has_attendee_info_fields":false,"footnotes":"","_tec_slr_enabled":"","_tec_slr_layout":""},"class_list":["post-11244","page","type-page","status-publish","hentry"],"featured_image_src":null,"ticketed":false,"_links":{"self":[{"href":"https:\/\/rstptemp.turnbull.co\/fr\/wp-json\/wp\/v2\/pages\/11244","targetHints":{"allow":["GET"]}}],"collection":[{"href":"https:\/\/rstptemp.turnbull.co\/fr\/wp-json\/wp\/v2\/pages"}],"about":[{"href":"https:\/\/rstptemp.turnbull.co\/fr\/wp-json\/wp\/v2\/types\/page"}],"author":[{"embeddable":true,"href":"https:\/\/rstptemp.turnbull.co\/fr\/wp-json\/wp\/v2\/users\/5"}],"replies":[{"embeddable":true,"href":"https:\/\/rstptemp.turnbull.co\/fr\/wp-json\/wp\/v2\/comments?post=11244"}],"version-history":[{"count":3,"href":"https:\/\/rstptemp.turnbull.co\/fr\/wp-json\/wp\/v2\/pages\/11244\/revisions"}],"predecessor-version":[{"id":32228,"href":"https:\/\/rstptemp.turnbull.co\/fr\/wp-json\/wp\/v2\/pages\/11244\/revisions\/32228"}],"up":[{"embeddable":true,"href":"https:\/\/rstptemp.turnbull.co\/fr\/wp-json\/wp\/v2\/pages\/11238"}],"wp:attachment":[{"href":"https:\/\/rstptemp.turnbull.co\/fr\/wp-json\/wp\/v2\/media?parent=11244"}],"curies":[{"name":"wp","href":"https:\/\/api.w.org\/{rel}","templated":true}]}}