{"id":11360,"date":"2020-02-06T15:47:54","date_gmt":"2020-02-06T20:47:54","guid":{"rendered":"http:\/\/www.rstp.ca\/?page_id=11360"},"modified":"2025-11-14T09:55:53","modified_gmt":"2025-11-14T14:55:53","slug":"formulaire-de-declaration-des-fonds-et-avoirs-a-larrivee","status":"publish","type":"page","link":"https:\/\/rstptemp.turnbull.co\/fr\/responsabilites\/formulaire-de-declaration-des-fonds-et-avoirs-a-larrivee\/","title":{"rendered":"Formulaire de d\u00e9claration des fonds et avoirs \u00e0 l\u2019arriv\u00e9e"},"content":{"rendered":"<p>Les r\u00e9fugi\u00e9s parrain\u00e9s peuvent se servir de ce formulaire pour d\u00e9clarer leurs actifs financiers \u00e0 leur groupe de parrainage. Ce formulaire demande des renseignements qui aideront le groupe de parrainage \u00e0 d\u00e9terminer le niveau de soutien au revenu dont les nouveaux arrivants ont besoin. Il est disponible dans plusieurs langues sur le c\u00f4t\u00e9 droit de cette page.<\/p>\n<p>Les nouveaux arrivants recevant un soutien financier devraient fournir des renseignements sur leurs fonds et avoirs de fa\u00e7on volontaire au moyen de ce formulaire. Ces renseignements pourraient affecter le niveau d\u2019aide financi\u00e8re accord\u00e9e par le groupe de parrainage. Toutefois, le soutien financier ne sera pas retenu si un r\u00e9fugi\u00e9 d\u00e9cide de ne pas les d\u00e9clarer.<\/p>\n<p>Le tableau \u00ab Limites d\u2019exemption des biens personnels \u00bb indique le maximum de biens personnels qu\u2019un r\u00e9fugi\u00e9 peut conserver. Au-del\u00e0 de ces montants, le soutien financier accord\u00e9 par le groupe de parrainage pourrait \u00eatre diminu\u00e9. Les autres biens seront pris en compte dans le calcul du montant de soutien financier que recevront les nouveaux arrivants.<\/p>\n<p>Il se pourrait qu\u2019un nouvel arrivant d\u00e9clare avoir des biens personnels d\u2019une valeur sup\u00e9rieure aux limites d\u2019exemption. Dans ce cas, il peut appliquer les fonds qui restent au solde de son pr\u00eat d\u2019immigration. Le groupe de parrainage ne peut pas r\u00e9duire le montant de soutien financier avant que le nouvel arrivant ait rembours\u00e9 ce pr\u00eat.<\/p>\n<p>Il se pourrait que le nouvel arrivant dispose toujours de plus de biens personnels qu\u2019indiqu\u00e9 dans les limites m\u00eame apr\u00e8s avoir rembours\u00e9 son pr\u00eat d\u2019immigration. Dans ce cas, le groupe de parrainage peut calculer le soutien au cas par cas. Le groupe doit tenir compte de l\u2019autonomie du nouvel arrivant. Il devrait calculer uniquement la partie des biens dont la valeur est sup\u00e9rieure \u00e0 la limite d\u2019exemption.<\/p>\n","protected":false},"excerpt":{"rendered":"<p>Les r\u00e9fugi\u00e9s parrain\u00e9s peuvent se servir de ce formulaire pour d\u00e9clarer leurs actifs financiers \u00e0 leur groupe de parrainage. Ce formulaire demande des renseignements qui aideront le groupe de parrainage \u00e0 d\u00e9terminer le niveau de soutien au revenu dont les nouveaux arrivants ont besoin. Il est disponible dans plusieurs langues sur le c\u00f4t\u00e9 droit de cette page.<\/p>\n","protected":false},"author":5,"featured_media":0,"parent":1289,"menu_order":0,"comment_status":"closed","ping_status":"closed","template":"","meta":{"_relevanssi_hide_post":"","_relevanssi_hide_content":"","_relevanssi_pin_for_all":"","_relevanssi_pin_keywords":"","_relevanssi_unpin_keywords":"","_relevanssi_related_keywords":"","_relevanssi_related_include_ids":"","_relevanssi_related_exclude_ids":"","_relevanssi_related_no_append":"","_relevanssi_related_not_related":"","_relevanssi_related_posts":"13832,13874,22827,14566,13843,15968","_relevanssi_noindex_reason":"","_price":"","_stock":"","_tribe_ticket_header":"","_tribe_default_ticket_provider":"","_ticket_start_date":"","_ticket_end_date":"","_tribe_ticket_show_description":"","_tribe_ticket_show_not_going":false,"_tribe_ticket_use_global_stock":"","_tribe_ticket_global_stock_level":"","_global_stock_mode":"","_global_stock_cap":"","_tribe_rsvp_for_event":"","_tribe_ticket_going_count":"","_tribe_ticket_not_going_count":"","_tribe_tickets_list":"[]","_tribe_ticket_has_attendee_info_fields":false,"footnotes":"","_tec_slr_enabled":"","_tec_slr_layout":""},"class_list":["post-11360","page","type-page","status-publish","hentry"],"featured_image_src":null,"ticketed":false,"_links":{"self":[{"href":"https:\/\/rstptemp.turnbull.co\/fr\/wp-json\/wp\/v2\/pages\/11360","targetHints":{"allow":["GET"]}}],"collection":[{"href":"https:\/\/rstptemp.turnbull.co\/fr\/wp-json\/wp\/v2\/pages"}],"about":[{"href":"https:\/\/rstptemp.turnbull.co\/fr\/wp-json\/wp\/v2\/types\/page"}],"author":[{"embeddable":true,"href":"https:\/\/rstptemp.turnbull.co\/fr\/wp-json\/wp\/v2\/users\/5"}],"replies":[{"embeddable":true,"href":"https:\/\/rstptemp.turnbull.co\/fr\/wp-json\/wp\/v2\/comments?post=11360"}],"version-history":[{"count":1,"href":"https:\/\/rstptemp.turnbull.co\/fr\/wp-json\/wp\/v2\/pages\/11360\/revisions"}],"predecessor-version":[{"id":11361,"href":"https:\/\/rstptemp.turnbull.co\/fr\/wp-json\/wp\/v2\/pages\/11360\/revisions\/11361"}],"up":[{"embeddable":true,"href":"https:\/\/rstptemp.turnbull.co\/fr\/wp-json\/wp\/v2\/pages\/1289"}],"wp:attachment":[{"href":"https:\/\/rstptemp.turnbull.co\/fr\/wp-json\/wp\/v2\/media?parent=11360"}],"curies":[{"name":"wp","href":"https:\/\/api.w.org\/{rel}","templated":true}]}}