{"id":1180,"date":"2014-04-03T23:50:06","date_gmt":"2014-04-03T23:50:06","guid":{"rendered":"http:\/\/rstp.fantomdesign.net\/?page_id=1180"},"modified":"2025-11-18T10:47:49","modified_gmt":"2025-11-18T15:47:49","slug":"le-programme-de-parrainage-prive-des-refugies","status":"publish","type":"page","link":"https:\/\/rstptemp.turnbull.co\/fr\/parrainage-de-refugies\/le-programme-de-parrainage-prive-des-refugies\/","title":{"rendered":"Le Programme de parrainage priv\u00e9 des r\u00e9fugi\u00e9s (PPPR)"},"content":{"rendered":"<div class=\"text-box theme-bg-primary\">\n<p><strong><span style=\"color: #ff0000;\">IMPORTANT!<\/span><\/strong> IRCC a temporairement cess\u00e9 d\u2019accepter les nouvelles demandes des groupes de cinq et des r\u00e9pondants communautaires dans le cadre du Programme de parrainage priv\u00e9 de r\u00e9fugi\u00e9s (PPPR) depuis le 29 novembre 2024. Bien que cette mesure demeurera en vigueur jusqu\u2019au 31 d\u00e9cembre 2025, IRCC continuera de traiter les demandes au PPPR qui ont \u00e9t\u00e9 re\u00e7ues avant le 29 novembre 2024 et de r\u00e9installer les r\u00e9fugi\u00e9s parrain\u00e9s au Canada.<\/p>\n<p>Entre-temps, veuillez consulter <a href=\"https:\/\/www.canada.ca\/fr\/immigration-refugies-citoyennete\/nouvelles\/avis\/suspension-temporaire-demandes-parrainage-refugies-presentees-groupes-cinq-repondants-communautaires.html\" target=\"_blank\" rel=\"noopener\">le site Web d\u2019IRCC<\/a> pour obtenir de plus amples renseignements sur la pause temporaire.<\/p>\n<\/div>\n<p>Le Programme de parrainage priv\u00e9 de r\u00e9fugi\u00e9s (PPPR) est un programme pionnier de r\u00e9installation de r\u00e9fugi\u00e9s au Canada.<\/p>\n<p>Gr\u00e2ce au PPPR, les citoyens canadiens et les r\u00e9sidents permanents peuvent participer \u00e0 la r\u00e9installation des r\u00e9fugi\u00e9s \u00e0 partir de l&#8217;\u00e9tranger. En tant que membres d&#8217;organisations, d&#8217;associations et de groupes, les citoyens et les r\u00e9sidents permanents peuvent former l&#8217;un des groupes suivants pour parrainer des r\u00e9fugi\u00e9s de l&#8217;\u00e9tranger\u00ad :<\/p>\n<ul>\n<li>Un <a href=\"https:\/\/rstptemp.turnbull.co\/fr\/parrainage-de-refugies\/groups-of-five-2023\/\" target=\"_blank\" rel=\"noopener\">Groupe de cinq<\/a><\/li>\n<li>Un <a href=\"https:\/\/rstptemp.turnbull.co\/fr\/parrainage-de-refugies\/les-repondants-communautaires\/\" target=\"_blank\" rel=\"noopener\">R\u00e9pondant communautaire\u00a0<\/a><\/li>\n<li>Un <a href=\"https:\/\/rstptemp.turnbull.co\/fr\/parrainage-de-refugies\/signataires-dentente-de-parrainage\/\" target=\"_blank\" rel=\"noopener\">Signataire d&#8217;entente de parrainage<\/a><\/li>\n<\/ul>\n<p>Le parrainage priv\u00e9 des r\u00e9fugi\u00e9s ne repose pas sur des ressources publiques, mais puise plut\u00f4t l&#8217;\u00e9nergie et les fonds des communaut\u00e9s religieuses, des groupes ethniques, des familles et autres associations de bienfaisance. G\u00e9n\u00e9ralement, ces groupes et organisations font la collecte de fonds ou utilisent leur revenu personnel pour assurer et soutenir la personne ou la famille parrain\u00e9e pendant sa premi\u00e8re ann\u00e9e au Canada.<\/p>\n<p>Ils amorcent le processus en soumettant un dossier de demande de parrainage de r\u00e9fugi\u00e9s \u00e0 Immigration, R\u00e9fugi\u00e9s et Citoyennet\u00e9 Canada (IRCC). Leur engagement dure jusqu&#8217;\u00e0 la fin de la p\u00e9riode de parrainage, qui est g\u00e9n\u00e9ralement de 12 mois \u00e0 compter de la date de l&#8217;arriv\u00e9e de la personne parrain\u00e9e au Canada.<\/p>\n<p><strong>A d\u00e9but\u00e9 en 1979<\/strong><\/p>\n<p>L&#8217;arriv\u00e9e des r\u00e9fugi\u00e9s vietnamiens &#8211; souvent d\u00e9sign\u00e9s comme \u00abboat people\u00bb &#8211; sur les c\u00f4tes canadiennes dans le milieu des ann\u00e9es 1970 a mobilis\u00e9 les Canadiens. En 1979, le gouvernement canadien s&#8217;est engag\u00e9 \u00e0 parrainer un r\u00e9fugi\u00e9 pour chaque r\u00e9fugi\u00e9 que le public canadien soutiendrait, financi\u00e8rement ou autrement, \u00e0 titre priv\u00e9. Pour la premi\u00e8re fois, les gens ordinaires \u00e0 travers le pays se sont impliqu\u00e9s pour aider les r\u00e9fugi\u00e9s \u00e0 s&#8217;\u00e9tablir au Canada, gr\u00e2ce au parrainage priv\u00e9. Ce ph\u00e9nom\u00e8ne a chang\u00e9 la fa\u00e7on dont les Canadiens verraient leur r\u00f4le dans les programmes de r\u00e9installation du Canada.<\/p>\n<p><strong>Un mod\u00e8le pour le monde<\/strong><\/p>\n<p>Le Canada fut le premier pays au monde \u00e0 avoir\u00a0 un programme de parrainage priv\u00e9 de r\u00e9fugi\u00e9s qui permettait aux citoyens ordinaires et \u00e0 la communaut\u00e9 de s&#8217;impliquer directement dans la r\u00e9installation des r\u00e9fugi\u00e9s \u00e0 partir de l&#8217;\u00e9tranger. Il est ainsi devenu un mod\u00e8le pour d&#8217;autres pays.<\/p>\n<div class=\"text-box theme-bg-secondary\">\n<p>Pour de plus amples renseignements sur le Programme de parrainage priv\u00e9 de r\u00e9fugi\u00e9s (PPPR)\u00a0:<\/p>\n<ul>\n<li>Communiquez avec un formateur du Programme de formation sur le parrainage priv\u00e9 des r\u00e9fugi\u00e9s (PFPR) dans votre r\u00e9gion <a href=\"https:\/\/rstptemp.turnbull.co\/fr\/contactez-nous\/\" target=\"_blank\" rel=\"noopener\"><strong>ICI<\/strong><\/a><\/li>\n<li>Inscrivez-vous \u00e0 une formation\u00a0<a href=\"https:\/\/rstptemp.turnbull.co\/fr\/events\/\" target=\"_blank\" rel=\"noopener\"><strong>ICI<\/strong><\/a><\/li>\n<li>Regardez des webinaires enregistr\u00e9s <strong><a href=\"https:\/\/rstptemp.turnbull.co\/fr\/resources\/video\/webinaires-precedents\/\" target=\"_blank\" rel=\"noopener\">ICI<\/a><\/strong><\/li>\n<\/ul>\n<\/div>\n<h3>Comment puis-je trouver un r\u00e9fugi\u00e9 \u00e0 parrainer?<\/h3>\n<p><img loading=\"lazy\" decoding=\"async\" class=\"aligncenter size-large wp-image-21371\" src=\"https:\/\/rstptemp.turnbull.co\/wp-content\/uploads\/2024\/07\/3242-b-bvor-web-banner_fr-1024x210.jpg\" alt=\"\" width=\"1024\" height=\"210\" srcset=\"https:\/\/rstptemp.turnbull.co\/wp-content\/uploads\/2024\/07\/3242-b-bvor-web-banner_fr-1024x210.jpg 1024w, https:\/\/rstptemp.turnbull.co\/wp-content\/uploads\/2024\/07\/3242-b-bvor-web-banner_fr-300x62.jpg 300w, https:\/\/rstptemp.turnbull.co\/wp-content\/uploads\/2024\/07\/3242-b-bvor-web-banner_fr-768x158.jpg 768w, https:\/\/rstptemp.turnbull.co\/wp-content\/uploads\/2024\/07\/3242-b-bvor-web-banner_fr-24x5.jpg 24w, https:\/\/rstptemp.turnbull.co\/wp-content\/uploads\/2024\/07\/3242-b-bvor-web-banner_fr-36x7.jpg 36w, https:\/\/rstptemp.turnbull.co\/wp-content\/uploads\/2024\/07\/3242-b-bvor-web-banner_fr-48x10.jpg 48w, https:\/\/rstptemp.turnbull.co\/wp-content\/uploads\/2024\/07\/3242-b-bvor-web-banner_fr.jpg 1170w\" sizes=\"auto, (max-width: 1024px) 100vw, 1024px\" \/><\/p>\n<p>Le PFPR peut jumeler des groupes de parrainage avec des r\u00e9fugi\u00e9s ou familles de r\u00e9fugi\u00e9s qui leur conviennent dans le cadre du\u00a0<a href=\"https:\/\/rstptemp.turnbull.co\/fr\/initiatives-speciales\/initiative-mixte-de-cas-de-refugies-dbv\/\" target=\"_blank\" rel=\"noopener\">Programme mixte des r\u00e9fugi\u00e9s d\u00e9sign\u00e9s par un bureau des visas<\/a>\u00a0(RDBV). Les r\u00e9fugi\u00e9s du Programme RDBV ont \u00e9t\u00e9 identifi\u00e9s \u00e0 l\u2019\u00e9tranger par le<em>\u00a0<strong>Haut Commissariat des Nations Unies pour les r\u00e9fugi\u00e9s<\/strong>\u00a0<\/em>(HCR) et ont \u00e9t\u00e9 approuv\u00e9s par le gouvernement canadien. Ils sont consid\u00e9r\u00e9s comme les r\u00e9fugi\u00e9s les plus vuln\u00e9rables du monde. Parmi les r\u00e9fugi\u00e9s du Programme RDBV figurent des femmes en p\u00e9ril, des personnes LGBTQ, des survivants de violence et de torture et des personnes qui ont d\u00fb quitter leur pays pour des raisons politiques. Le gouvernement canadien et le groupe de parrainage se partagent les frais pendant l\u2019ann\u00e9e de parrainage, mais seul le groupe de parrainage est responsable de l\u2019aide \u00e0 l\u2019\u00e9tablissement.<\/p>\n","protected":false},"excerpt":{"rendered":"<p>IMPORTANT! IRCC a temporairement cess\u00e9 d\u2019accepter les nouvelles demandes des groupes de cinq et des r\u00e9pondants communautaires dans le cadre du Programme de parrainage priv\u00e9 de r\u00e9fugi\u00e9s (PPPR) depuis le 29 novembre 2024. Bien que cette mesure demeurera en vigueur jusqu\u2019au 31 d\u00e9cembre 2025, IRCC continuera de traiter les demandes au PPPR qui ont \u00e9t\u00e9 re\u00e7ues avant le 29 novembre 2024 et de r\u00e9installer les r\u00e9fugi\u00e9s parrain\u00e9s au Canada.<\/p>\n","protected":false},"author":4,"featured_media":0,"parent":1184,"menu_order":0,"comment_status":"closed","ping_status":"closed","template":"","meta":{"_relevanssi_hide_post":"","_relevanssi_hide_content":"","_relevanssi_pin_for_all":"","_relevanssi_pin_keywords":"","_relevanssi_unpin_keywords":"","_relevanssi_related_keywords":"","_relevanssi_related_include_ids":"","_relevanssi_related_exclude_ids":"","_relevanssi_related_no_append":"","_relevanssi_related_not_related":"","_relevanssi_related_posts":"13843,22029,13832,14566,10666,13874","_relevanssi_noindex_reason":"","_price":"","_stock":"","_tribe_ticket_header":"","_tribe_default_ticket_provider":"","_ticket_start_date":"","_ticket_end_date":"","_tribe_ticket_show_description":"","_tribe_ticket_show_not_going":false,"_tribe_ticket_use_global_stock":"","_tribe_ticket_global_stock_level":"","_global_stock_mode":"","_global_stock_cap":"","_tribe_rsvp_for_event":"","_tribe_ticket_going_count":"","_tribe_ticket_not_going_count":"","_tribe_tickets_list":"[]","_tribe_ticket_has_attendee_info_fields":false,"footnotes":"","_tec_slr_enabled":"","_tec_slr_layout":""},"class_list":["post-1180","page","type-page","status-publish","hentry"],"featured_image_src":null,"ticketed":false,"_links":{"self":[{"href":"https:\/\/rstptemp.turnbull.co\/fr\/wp-json\/wp\/v2\/pages\/1180","targetHints":{"allow":["GET"]}}],"collection":[{"href":"https:\/\/rstptemp.turnbull.co\/fr\/wp-json\/wp\/v2\/pages"}],"about":[{"href":"https:\/\/rstptemp.turnbull.co\/fr\/wp-json\/wp\/v2\/types\/page"}],"author":[{"embeddable":true,"href":"https:\/\/rstptemp.turnbull.co\/fr\/wp-json\/wp\/v2\/users\/4"}],"replies":[{"embeddable":true,"href":"https:\/\/rstptemp.turnbull.co\/fr\/wp-json\/wp\/v2\/comments?post=1180"}],"version-history":[{"count":14,"href":"https:\/\/rstptemp.turnbull.co\/fr\/wp-json\/wp\/v2\/pages\/1180\/revisions"}],"predecessor-version":[{"id":32349,"href":"https:\/\/rstptemp.turnbull.co\/fr\/wp-json\/wp\/v2\/pages\/1180\/revisions\/32349"}],"up":[{"embeddable":true,"href":"https:\/\/rstptemp.turnbull.co\/fr\/wp-json\/wp\/v2\/pages\/1184"}],"wp:attachment":[{"href":"https:\/\/rstptemp.turnbull.co\/fr\/wp-json\/wp\/v2\/media?parent=1180"}],"curies":[{"name":"wp","href":"https:\/\/api.w.org\/{rel}","templated":true}]}}