{"id":1184,"date":"2014-04-04T09:25:44","date_gmt":"2014-04-04T09:25:44","guid":{"rendered":"http:\/\/rstp.fantomdesign.net\/?page_id=1184"},"modified":"2025-01-28T12:39:37","modified_gmt":"2025-01-28T17:39:37","slug":"parrainage-de-refugies","status":"publish","type":"page","link":"https:\/\/rstptemp.turnbull.co\/fr\/parrainage-de-refugies\/","title":{"rendered":"Parrainage de r\u00e9fugi\u00e9s"},"content":{"rendered":"<ul>\n<li><a href=\"https:\/\/rstptemp.turnbull.co\/fr\/parrainage-de-refugies\/le-programme-de-parrainage-prive-des-refugies\/\" target=\"_blank\" rel=\"noopener\">Le Programme de parrainage priv\u00e9 des r\u00e9fugi\u00e9s (PPPR)<\/a><\/li>\n<li><a href=\"https:\/\/rstptemp.turnbull.co\/fr\/parrainage-de-refugies\/signataires-dentente-de-parrainage\/\" target=\"_blank\" rel=\"noopener\">Signataires d\u2019entente de parrainage (SEP)<\/a><\/li>\n<li><a href=\"https:\/\/rstptemp.turnbull.co\/fr\/parrainage-de-refugies\/groupe-des-cinq\/\" target=\"_blank\" rel=\"noopener\">Groupes de cinq<\/a><\/li>\n<li><a href=\"https:\/\/rstptemp.turnbull.co\/fr\/parrainage-de-refugies\/les-repondants-communautaires\/\" target=\"_blank\" rel=\"noopener\">R\u00e9pondants communautaires<\/a><\/li>\n<li><a href=\"https:\/\/rstptemp.turnbull.co\/fr\/parrainage-de-refugies\/dernieres-mises-a-jour\/\" target=\"_blank\" rel=\"noopener\">Acutalit\u00e9s et mises \u00e0 jour<\/a><\/li>\n<\/ul>\n","protected":false},"excerpt":{"rendered":"<p><a href=\"https:\/\/rstptemp.turnbull.co\/fr\/parrainage-de-refugies\/le-programme-de-parrainage-prive-des-refugies\/\" target=\"_blank\" rel=\"noopener\">Le Programme de parrainage priv\u00e9 des r\u00e9fugi\u00e9s (PPPR)<\/a><br \/>\n<a href=\"https:\/\/rstptemp.turnbull.co\/fr\/parrainage-de-refugies\/signataires-dentente-de-parrainage\/\" target=\"_blank\" rel=\"noopener\">Signataires d\u2019entente de parrainage (SEP)<\/a><br \/>\n<a href=\"https:\/\/rstptemp.turnbull.co\/fr\/parrainage-de-refugies\/groupe-des-cinq\/\" target=\"_blank\" rel=\"noopener\">Groupes de cinq<\/a><br \/>\n<a href=\"https:\/\/rstptemp.turnbull.co\/fr\/parrainage-de-refugies\/les-repondants-communautaires\/\" target=\"_blank\" rel=\"noopener\">R\u00e9pondants communautaires<\/a><br \/>\n<a href=\"https:\/\/rstptemp.turnbull.co\/fr\/parrainage-de-refugies\/dernieres-mises-a-jour\/\" target=\"_blank\" rel=\"noopener\">Acutalit\u00e9s et mises \u00e0 jour<\/a><\/p>\n","protected":false},"author":4,"featured_media":0,"parent":0,"menu_order":1,"comment_status":"closed","ping_status":"closed","template":"template-blocks.php","meta":{"_relevanssi_hide_post":"","_relevanssi_hide_content":"","_relevanssi_pin_for_all":"","_relevanssi_pin_keywords":"","_relevanssi_unpin_keywords":"","_relevanssi_related_keywords":"","_relevanssi_related_include_ids":"","_relevanssi_related_exclude_ids":"","_relevanssi_related_no_append":"","_relevanssi_related_not_related":"","_relevanssi_related_posts":"","_relevanssi_noindex_reason":"","_price":"","_stock":"","_tribe_ticket_header":"","_tribe_default_ticket_provider":"","_ticket_start_date":"","_ticket_end_date":"","_tribe_ticket_show_description":"","_tribe_ticket_show_not_going":false,"_tribe_ticket_use_global_stock":"","_tribe_ticket_global_stock_level":"","_global_stock_mode":"","_global_stock_cap":"","_tribe_rsvp_for_event":"","_tribe_ticket_going_count":"","_tribe_ticket_not_going_count":"","_tribe_tickets_list":"[]","_tribe_ticket_has_attendee_info_fields":false,"footnotes":"","_tec_slr_enabled":"","_tec_slr_layout":""},"class_list":["post-1184","page","type-page","status-publish","hentry"],"featured_image_src":null,"ticketed":false,"_links":{"self":[{"href":"https:\/\/rstptemp.turnbull.co\/fr\/wp-json\/wp\/v2\/pages\/1184","targetHints":{"allow":["GET"]}}],"collection":[{"href":"https:\/\/rstptemp.turnbull.co\/fr\/wp-json\/wp\/v2\/pages"}],"about":[{"href":"https:\/\/rstptemp.turnbull.co\/fr\/wp-json\/wp\/v2\/types\/page"}],"author":[{"embeddable":true,"href":"https:\/\/rstptemp.turnbull.co\/fr\/wp-json\/wp\/v2\/users\/4"}],"replies":[{"embeddable":true,"href":"https:\/\/rstptemp.turnbull.co\/fr\/wp-json\/wp\/v2\/comments?post=1184"}],"version-history":[{"count":5,"href":"https:\/\/rstptemp.turnbull.co\/fr\/wp-json\/wp\/v2\/pages\/1184\/revisions"}],"predecessor-version":[{"id":22292,"href":"https:\/\/rstptemp.turnbull.co\/fr\/wp-json\/wp\/v2\/pages\/1184\/revisions\/22292"}],"wp:attachment":[{"href":"https:\/\/rstptemp.turnbull.co\/fr\/wp-json\/wp\/v2\/media?parent=1184"}],"curies":[{"name":"wp","href":"https:\/\/api.w.org\/{rel}","templated":true}]}}