{"id":1193,"date":"2014-04-04T09:29:28","date_gmt":"2014-04-04T09:29:28","guid":{"rendered":"http:\/\/rstp.fantomdesign.net\/?page_id=1193"},"modified":"2025-11-22T11:20:59","modified_gmt":"2025-11-22T16:20:59","slug":"les-repondants-communautaires","status":"publish","type":"page","link":"https:\/\/rstptemp.turnbull.co\/fr\/parrainage-de-refugies\/les-repondants-communautaires\/","title":{"rendered":"Les R\u00e9pondants communautaires"},"content":{"rendered":"<div class=\"text-box theme-bg-primary\">\n<p><span style=\"color: #ff0000;\"><strong>IMPORTANT!<\/strong><\/span> IRCC a temporairement cess\u00e9 d\u2019accepter les nouvelles demandes des groupes de cinq et des r\u00e9pondants communautaires dans le cadre du Programme de parrainage priv\u00e9 de r\u00e9fugi\u00e9s (PPPR) depuis le 29 novembre 2024. Bien que cette mesure demeurera en vigueur jusqu\u2019au 31 d\u00e9cembre 2025, IRCC continuera de traiter les demandes au PPPR qui ont \u00e9t\u00e9 re\u00e7ues avant le 29 novembre 2024 et de r\u00e9installer les r\u00e9fugi\u00e9s parrain\u00e9s au Canada.<\/p>\n<p>Entre-temps, veuillez consulter <a href=\"https:\/\/www.canada.ca\/fr\/immigration-refugies-citoyennete\/nouvelles\/avis\/suspension-temporaire-demandes-parrainage-refugies-presentees-groupes-cinq-repondants-communautaires.html\" target=\"_blank\" rel=\"noopener\">le site Web d\u2019IRCC<\/a> pour obtenir de plus amples renseignements sur la pause temporaire.<\/p>\n<\/div>\n<p>Un r\u00e9pondant communautaire est une organisation, association ou soci\u00e9t\u00e9 qui parraine des r\u00e9fugi\u00e9s pour les faire venir au Canada.<\/p>\n<p>Ces organisations ne doivent pas obligatoirement \u00eatre constitu\u00e9es en soci\u00e9t\u00e9 en vertu de la loi f\u00e9d\u00e9rale ou provinciale, mais elles doivent exister en tant qu\u2019entit\u00e9 juridique. Elles doivent :<\/p>\n<ul>\n<li>avoir une capacit\u00e9 financi\u00e8re et d\u2019aide \u00e0 l\u2019\u00e9tablissement suffisante pour \u00eatre en mesure honorer l\u2019engagement de parrainage;<\/li>\n<li>\u00eatre situ\u00e9es dans la communaut\u00e9 o\u00f9 le r\u00e9fugi\u00e9 est cens\u00e9 s\u2019\u00e9tablir.<\/li>\n<\/ul>\n<p>En outre, les R\u00e9pondants communautaires doivent \u00e9galement :<\/p>\n<ul>\n<li>prouver qu\u2019ils ont la capacit\u00e9 de procurer de l\u2019aide \u00e0 l\u2019\u00e9tablissement;<\/li>\n<li>donner du soutien \u00e9motionnel et social au r\u00e9fugi\u00e9 et \u00e0 sa famille;<\/li>\n<li>s\u2019engager \u00e0 soutenir les r\u00e9fugi\u00e9s parrain\u00e9s pendant la totalit\u00e9 de la p\u00e9riode de de parrainage, qui dure normalement un an.<\/li>\n<\/ul>\n<p>Il n\u2019y a pas de limites annuelles sur le nombre de demandes de parrainage que peuvent soumettre les R\u00e9pondants communautaires, pourvu qu\u2019ils puissent d\u00e9montrer la capactit\u00e9 financi\u00e8re n\u00e9cessaire. Veuillez <a href=\"\/fr\/traitement\/les-formulaires-de-demande\/\">voir les formulaires de demande pour les R\u00e9pondants communautaires<\/a>.<\/p>\n<p>Les R\u00e9pondants communautaires peuvent uniquement parrainer des personnes qui ont d\u00e9j\u00e0 formellement \u00e9t\u00e9 reconnues comme r\u00e9fugi\u00e9es dans leur pays d\u2019accueil (c\u2019est-\u00e0-dire, le pays vers lequel elles on fui) et qui peuvent fournir une preuve documentaire de leur statut de r\u00e9fugi\u00e9, p. ex., document \u00e9mis par le gouverment du pays d\u2019accueil ou lettre de mandat de protection du Haut Commissariat des Nations Unies pour les r\u00e9fugi\u00e9s (HCR).<\/p>\n<p>Le R\u00e9pondant communautaire peut aussi choisir de s\u2019associer officiellement \u00e0 une personne (p. ex, un membre de la famille du r\u00e9fugi\u00e9 au Canada) ou \u00e0 une autre organisation dans l\u2019ex\u00e9cution des t\u00e2ches d\u2019aide \u00e0 l\u2019\u00e9tablissement.<\/p>\n\n\n<div class=\"wp-block-group text-box theme-bg-secondary\"><div class=\"wp-block-group__inner-container is-layout-constrained wp-block-group-is-layout-constrained\">\n<h2>FAQ des R\u00e9pondants communautaires<\/h2>\n<p>Vous trouverez ci-dessous des questions fr\u00e9quemment pos\u00e9es concernant les R\u00e9pondants commaunautaires. Veuillez cliquer sur les fl\u00e8ches vers le bas pour afficher chaque section :<\/p>\n\n\n<div class=\"wp-block-ub-content-toggle wp-block-ub-content-toggle-block\" id=\"ub-content-toggle-block-418b400a-9fb6-4d27-af54-4a08e41c2a89\" data-mobilecollapse=\"true\" data-desktopcollapse=\"true\" data-preventcollapse=\"false\" data-showonlyone=\"false\">\n<div class=\"wp-block-ub-content-toggle-accordion\" style=\"border-color: #f1f1f1; \" id=\"ub-content-toggle-panel-block-\">\n\t\t\t<div class=\"wp-block-ub-content-toggle-accordion-title-wrap\" style=\"background-color: #f1f1f1;\" aria-controls=\"ub-content-toggle-panel-0-418b400a-9fb6-4d27-af54-4a08e41c2a89\" tabindex=\"0\">\n\t\t\t<p class=\"wp-block-ub-content-toggle-accordion-title ub-content-toggle-title-418b400a-9fb6-4d27-af54-4a08e41c2a89\" style=\"color: #000000; \">1. Est-ce qu\u2019il y a une limite annuelle sur le nombre de demandes qu\u2019un R\u00e9pondant communautaire est autoris\u00e9 \u00e0 pr\u00e9senter?<\/p>\n\t\t\t<div class=\"wp-block-ub-content-toggle-accordion-toggle-wrap right\" style=\"color: #000000;\"><span class=\"wp-block-ub-content-toggle-accordion-state-indicator wp-block-ub-chevron-down\"><\/span><\/div>\n\t\t<\/div>\n\t\t\t<div role=\"region\" aria-expanded=\"false\" class=\"wp-block-ub-content-toggle-accordion-content-wrap ub-hide\" id=\"ub-content-toggle-panel-0-418b400a-9fb6-4d27-af54-4a08e41c2a89\">\n\n<p>Pourvu que le R\u00e9pondant communautaire puisse d\u00e9montrer qu\u2019il a la capacit\u00e9 financi\u00e8re et les ressources d\u2019aide \u00e0 l\u2019\u00e9tablissement pour parrainer toutes les demandes pr\u00e9sent\u00e9es avec succ\u00e8s, il n\u2019y aucune limite.<\/p>\n\n<\/div>\n\t\t<\/div>\n\n<div class=\"wp-block-ub-content-toggle-accordion\" style=\"border-color: #f1f1f1; \" id=\"ub-content-toggle-panel-block-\">\n\t\t\t<div class=\"wp-block-ub-content-toggle-accordion-title-wrap\" style=\"background-color: #f1f1f1;\" aria-controls=\"ub-content-toggle-panel-1-418b400a-9fb6-4d27-af54-4a08e41c2a89\" tabindex=\"0\">\n\t\t\t<p class=\"wp-block-ub-content-toggle-accordion-title ub-content-toggle-title-418b400a-9fb6-4d27-af54-4a08e41c2a89\" style=\"color: #000000; \">2. Qui signe les formulaires de l\u2019Engagement de parrainage et plan d&#8217;\u00e9tablissement et de Profil financier au nom du R\u00e9pondant communautaire?<\/p>\n\t\t\t<div class=\"wp-block-ub-content-toggle-accordion-toggle-wrap right\" style=\"color: #000000;\"><span class=\"wp-block-ub-content-toggle-accordion-state-indicator wp-block-ub-chevron-down\"><\/span><\/div>\n\t\t<\/div>\n\t\t\t<div role=\"region\" aria-expanded=\"false\" class=\"wp-block-ub-content-toggle-accordion-content-wrap ub-hide\" id=\"ub-content-toggle-panel-1-418b400a-9fb6-4d27-af54-4a08e41c2a89\">\n\n<p>Le signataire autoris\u00e9 de l\u2019organisme R\u00e9pondant communautaire et le directeur g\u00e9n\u00e9ral, le pr\u00e9sident ou le PDG (selon la structure de l\u2019organisation) doivent signer l\u2019Engagement de parrainage et plan d\u2019\u00e9tablissement au nom du R\u00e9pondant communautaire. (NB : Le pr\u00e9sident d\u2019un organisme peut \u00eatre le signataire autoris\u00e9 ou il peut nommer une autre personne qui agira \u00e0 titre de signataire autoris\u00e9.) Si le R\u00e9pondant communautaire s\u2019associe \u00e0 un individu ou une organisation comme partenaire de parrainage, le signataire autoris\u00e9 de l\u2019organisme et le partenaire de parrainage doivent tous deux signer le formulaire d\u2019Engagement de parrainage et plan d\u2019\u00e9tablissement. De plus, chaque partenaire de parrainage qui pr\u00e9voit utiliser son revenu personnel pour contribuer au co\u00fbt du parrainage ou faire un don pour les fonds d\u00e9tenus en fiducie doit soumettre le formulaire du Profil financier.<\/p>\n\n<\/div>\n\t\t<\/div>\n\n<div class=\"wp-block-ub-content-toggle-accordion\" style=\"border-color: #f1f1f1; \" id=\"ub-content-toggle-panel-block-\">\n\t\t\t<div class=\"wp-block-ub-content-toggle-accordion-title-wrap\" style=\"background-color: #f1f1f1;\" aria-controls=\"ub-content-toggle-panel-2-418b400a-9fb6-4d27-af54-4a08e41c2a89\" tabindex=\"0\">\n\t\t\t<p class=\"wp-block-ub-content-toggle-accordion-title ub-content-toggle-title-418b400a-9fb6-4d27-af54-4a08e41c2a89\" style=\"color: #000000; \">3. Qui doit pr\u00e9senter un formulaire d\u2019\u00c9valuation du r\u00e9pondant dans une demande de parrainage par un R\u00e9pondant communautaire?<\/p>\n\t\t\t<div class=\"wp-block-ub-content-toggle-accordion-toggle-wrap right\" style=\"color: #000000;\"><span class=\"wp-block-ub-content-toggle-accordion-state-indicator wp-block-ub-chevron-down\"><\/span><\/div>\n\t\t<\/div>\n\t\t\t<div role=\"region\" aria-expanded=\"false\" class=\"wp-block-ub-content-toggle-accordion-content-wrap ub-hide\" id=\"ub-content-toggle-panel-2-418b400a-9fb6-4d27-af54-4a08e41c2a89\">\n\n<p>Le signataire autoris\u00e9 du R\u00e9pondant communautaire et tout partenaire de parrainage (individuel ou repr\u00e9sentant d\u2019une organisation) qui a sign\u00e9 l\u2019Engagement de parrainage et plan d\u2019\u00e9tablissement doivent compl\u00e9ter l\u2019\u00c9valuation du r\u00e9pondant et fournir une copie d\u2019une preuve de leur r\u00e9sidence permanente ou citoyennet\u00e9 canadienne.<\/p>\n\n<\/div>\n\t\t<\/div>\n\n<div class=\"wp-block-ub-content-toggle-accordion\" style=\"border-color: #f1f1f1; \" id=\"ub-content-toggle-panel-block-\">\n\t\t\t<div class=\"wp-block-ub-content-toggle-accordion-title-wrap\" style=\"background-color: #f1f1f1;\" aria-controls=\"ub-content-toggle-panel-3-418b400a-9fb6-4d27-af54-4a08e41c2a89\" tabindex=\"0\">\n\t\t\t<p class=\"wp-block-ub-content-toggle-accordion-title ub-content-toggle-title-418b400a-9fb6-4d27-af54-4a08e41c2a89\" style=\"color: #000000; \">4. Si un partenaire de parrainage d&#8217;un organisme R\u00e9pondant communautaire est une personne repr\u00e9sentant un groupe de parrainage plus grand qui n&#8217;est pas une organisation, serait-il suffisant que le repr\u00e9sentant du groupe signe l&#8217;\u00c9valuation du r\u00e9pondant et joigne de la documentation \u00e9num\u00e9rant les membres du groupe pour d\u00e9montrer le niveau de soutien \u00e0 l&#8217;\u00e9tablissement qui sera procur\u00e9?<\/p>\n\t\t\t<div class=\"wp-block-ub-content-toggle-accordion-toggle-wrap right\" style=\"color: #000000;\"><span class=\"wp-block-ub-content-toggle-accordion-state-indicator wp-block-ub-chevron-down\"><\/span><\/div>\n\t\t<\/div>\n\t\t\t<div role=\"region\" aria-expanded=\"false\" class=\"wp-block-ub-content-toggle-accordion-content-wrap ub-hide\" id=\"ub-content-toggle-panel-3-418b400a-9fb6-4d27-af54-4a08e41c2a89\">\n\n<p>Le partenaire de parrainage d\u2019un R\u00e9pondant communautaire signe l\u2019Engagement de parrainage et plan d\u2019\u00e9tablissement et pr\u00e9sente un formulaire d\u2019\u00c9valuation du r\u00e9pondant. M\u00eame si cet individu repr\u00e9sente un groupe plus grand, ce partenaire de parrainage devient une partie l\u00e9gale au parrainage et peut \u00eatre tenu responsable pour l\u2019Engagement du parrainage et plan d\u2019\u00e9tablissement en cas d\u2019un d\u00e9faut. Si le R\u00e9pondant communautaire souhaite inclure des renseignements sur d\u2019autres personnes qui n\u2019ont pas sign\u00e9 l\u2019Engagement de parrainage, mais qui soutiennent les efforts, il peuvent le faire sous forme de documents suppl\u00e9mentaires.<\/p>\n\n<\/div>\n\t\t<\/div>\n<\/div><\/div><\/div>\n","protected":false},"excerpt":{"rendered":"<p>IMPORTANT! IRCC a temporairement cess\u00e9 d\u2019accepter les nouvelles demandes des groupes de cinq et des r\u00e9pondants communautaires dans le cadre du Programme de parrainage priv\u00e9 de r\u00e9fugi\u00e9s (PPPR) depuis le 29 novembre 2024. Bien que cette mesure demeurera en vigueur jusqu\u2019au 31 d\u00e9cembre 2025, IRCC continuera de traiter les demandes au PPPR qui ont \u00e9t\u00e9 re\u00e7ues avant le 29 novembre 2024 et de r\u00e9installer les r\u00e9fugi\u00e9s parrain\u00e9s au Canada.<\/p>\n","protected":false},"author":4,"featured_media":0,"parent":1184,"menu_order":0,"comment_status":"closed","ping_status":"closed","template":"","meta":{"_relevanssi_hide_post":"","_relevanssi_hide_content":"","_relevanssi_pin_for_all":"","_relevanssi_pin_keywords":"","_relevanssi_unpin_keywords":"","_relevanssi_related_keywords":"","_relevanssi_related_include_ids":"","_relevanssi_related_exclude_ids":"","_relevanssi_related_no_append":"","_relevanssi_related_not_related":"","_relevanssi_related_posts":"22827,15968,10666,13832,13843,14566","_relevanssi_noindex_reason":"","_price":"","_stock":"","_tribe_ticket_header":"","_tribe_default_ticket_provider":"","_ticket_start_date":"","_ticket_end_date":"","_tribe_ticket_show_description":"","_tribe_ticket_show_not_going":false,"_tribe_ticket_use_global_stock":"","_tribe_ticket_global_stock_level":"","_global_stock_mode":"","_global_stock_cap":"","_tribe_rsvp_for_event":"","_tribe_ticket_going_count":"","_tribe_ticket_not_going_count":"","_tribe_tickets_list":"[]","_tribe_ticket_has_attendee_info_fields":false,"footnotes":"","_tec_slr_enabled":"","_tec_slr_layout":""},"class_list":["post-1193","page","type-page","status-publish","hentry"],"featured_image_src":null,"ticketed":false,"_links":{"self":[{"href":"https:\/\/rstptemp.turnbull.co\/fr\/wp-json\/wp\/v2\/pages\/1193","targetHints":{"allow":["GET"]}}],"collection":[{"href":"https:\/\/rstptemp.turnbull.co\/fr\/wp-json\/wp\/v2\/pages"}],"about":[{"href":"https:\/\/rstptemp.turnbull.co\/fr\/wp-json\/wp\/v2\/types\/page"}],"author":[{"embeddable":true,"href":"https:\/\/rstptemp.turnbull.co\/fr\/wp-json\/wp\/v2\/users\/4"}],"replies":[{"embeddable":true,"href":"https:\/\/rstptemp.turnbull.co\/fr\/wp-json\/wp\/v2\/comments?post=1193"}],"version-history":[{"count":28,"href":"https:\/\/rstptemp.turnbull.co\/fr\/wp-json\/wp\/v2\/pages\/1193\/revisions"}],"predecessor-version":[{"id":32638,"href":"https:\/\/rstptemp.turnbull.co\/fr\/wp-json\/wp\/v2\/pages\/1193\/revisions\/32638"}],"up":[{"embeddable":true,"href":"https:\/\/rstptemp.turnbull.co\/fr\/wp-json\/wp\/v2\/pages\/1184"}],"wp:attachment":[{"href":"https:\/\/rstptemp.turnbull.co\/fr\/wp-json\/wp\/v2\/media?parent=1193"}],"curies":[{"name":"wp","href":"https:\/\/api.w.org\/{rel}","templated":true}]}}