{"id":1196,"date":"2014-04-04T09:30:54","date_gmt":"2014-04-04T09:30:54","guid":{"rendered":"http:\/\/rstp.fantomdesign.net\/?page_id=1196"},"modified":"2025-11-07T02:46:51","modified_gmt":"2025-11-07T07:46:51","slug":"conseils-pour-remplir-les-formulaires-de-demande-pour-les-repondants-communautaires","status":"publish","type":"page","link":"https:\/\/rstptemp.turnbull.co\/fr\/parrainage-de-refugies\/les-repondants-communautaires\/conseils-pour-remplir-les-formulaires-de-demande-pour-les-repondants-communautaires\/","title":{"rendered":"Conseils pour remplir les formulaires de demande pour les R\u00e9pondants Communautaires"},"content":{"rendered":"<p>\u00cates-vous membre d&#8217;un <strong>r\u00e9pondant communautaire\u00a0<\/strong>ou en train d\u2019aider un r\u00e9pondant communautaire? Travaillez-vous sur une demande de parrainage de r\u00e9fugi\u00e9s? Vous vous inqui\u00e9tez\u00a0au sujet d&#8217;un rejet ou du retour de votre demande? Voulez-vous quelques conseils et id\u00e9es?<\/p>\n<p>Si vous avez r\u00e9pondu \u00aboui\u00bb aux questions ci-dessus, vous pouvez trouver les conseils suivants utiles. Lorsque vous remplissez les formulaires, t\u00e9l\u00e9chargez d&#8217;abord et enregistrez tous les formulaires requis, suivez les guides d&#8217;instructions et assurez-vous que:<\/p>\n<h2>\u00c0 REMPLIR PAR LE R\u00c9PONDANT COMMUNAUTAIRE:<\/h2>\n<p><strong>Engagement \/ Demande (IMM5373)<\/strong><\/p>\n<ul>\n<li>Vous avez choisi une personne de confiance comme principal point de contact pour votre groupe avec\u00a0IRCC<\/li>\n<li>Vous avez coch\u00e9 la case pour \u00abGroupe de Cinq\u00bb en haut<\/li>\n<li>Vous avez fourni une adresse e-mail actuelle &#8211; IRCC\u00a0va utiliser cette adresse courriel pour communiquer avec vous; alors assurez-vous que quelqu&#8217;un la v\u00e9rifie r\u00e9guli\u00e8rement!<\/li>\n<li>Section D: chaque membre de groupe r\u00e9pond s\u2019il\/elle a sign\u00e9 un parrainage ant\u00e9rieur ou non: cochez OUI si vous avez sign\u00e9 un, et joignez une feuille de papier avec toutes les informations (voir guide d&#8217;instructions). Ceci est tr\u00e8s important \u2013 la demande vous sera retourn\u00e9e si vous sautez cette question ou indiquez \u00abnon\u00bb, alors qu&#8217;en r\u00e9alit\u00e9 vous aviez particip\u00e9 \u00e0 un parrainage avant.<\/li>\n<li>(section E) tous les membres de la famille du demandeur (ex: conjoint, enfants, autres) sont inscrits, m\u00eame s\u2019ils\/ elles ne viennent pas avec la famille au Canada ou ils\/elles se trouvent dans un endroit inconnu<\/li>\n<li>(section E) la case \u00e0 cocher \u00abaccompagnement\u00bb ou \u00abnon-accompagnement\u00bb est s\u00e9lectionn\u00e9e pour chaque membre de la famille<\/li>\n<li>La section G est termin\u00e9e SI vous soumettez des demandes pour d&#8217;autres personnes qui ne sont pas membres de la famille imm\u00e9diate mais doivent \u00eatre r\u00e9install\u00e9s avec vous<\/li>\n<li>La section H est termin\u00e9, m\u00eame si les m\u00eames parents ont d\u00e9j\u00e0 \u00e9t\u00e9 mentionn\u00e9s comme membres du groupe avant<\/li>\n<li>Que l&#8217;orthographe des noms des r\u00e9fugi\u00e9s est exactement comme sur d&#8217;autres formulaires!<\/li>\n<li>Tous les champs ont \u00e9t\u00e9 remplis<\/li>\n<li>Le repr\u00e9sentant de votre groupe a sign\u00e9 et dat\u00e9- les signatures originales requises<\/li>\n<\/ul>\n<p>L&#8217;<strong>\u00c9valuation du r\u00e9pondant<\/strong> (IMM5492) doit \u00eatre compl\u00e9t\u00e9 par le repr\u00e9sentant du groupe qui a sign\u00e9 l&#8217;Engagement \/ Demande (IMM5373)<\/p>\n<p><strong>Plan d\u2019aide \u00e0 l\u2019\u00e9tablissement et \u00e9valuation financi\u00e8re<\/strong> \u2014 R\u00e9pondants communautaires (IMM 5515)<\/p>\n<ul>\n<li>Fournir la m\u00eame adresse e-mail de groupe que sur l&#8217;Engagement<\/li>\n<li>Section A: Assurez-vous que la personne-ressource d\u00e9sign\u00e9e affich\u00e9 ici est le m\u00eame que celui mentionn\u00e9 sur l&#8217;Engagement et sur ??toutes les autres formes. Identifier une autre personne-ressource qui peut \u00eatre atteint si n\u00e9cessaire<\/li>\n<li>Section B: fournir des informations d\u00e9taill\u00e9es au sujet de votre organisation<\/li>\n<li>Section C: assurez-vous que le soutien financier total et le soutien des dons en nature ne sont pas inf\u00e9rieurs au montant n\u00e9cessaire selon le tableau de co\u00fbts de parrainage (voir guide d&#8217;instructions)<\/li>\n<li>Section C: d\u00e9signer plus d&#8217;1 personne de votre groupe pour chaque t\u00e2che de r\u00e8glement; fournir des d\u00e9tails pour chaque t\u00e2che, y compris un plan de secours, donner les d\u00e9tails de la disponibilit\u00e9 &#8211; \u00e9viter d&#8217;\u00eatre vague!<\/li>\n<li>Section E: consulter le guide d&#8217;instructions pour le type de soutien financier et les pi\u00e8ces justificatives requises. Assurez-vous que le montant global ne soit pas inf\u00e9rieur au montant requis selon le tableau de co\u00fbts de parrainage!<\/li>\n<\/ul>\n<p><strong>La liste de contr\u00f4le des documents<\/strong> est rempli et incluse<\/p>\n<h2>\u00c0 REMPLIR PAR LE R\u00c9FUGI\u00c9S:<\/h2>\n<p><strong>Application G\u00e9n\u00e9rique (IMM8000)<\/strong><\/p>\n<ul>\n<li>Assurez-vous d&#8217;aider le r\u00e9fugi\u00e9 a remplir ce formulaire!<\/li>\n<li>La section &#8220;D\u00e9tails de la demande\u00bb &#8211; que le r\u00e9fugi\u00e9 a choisi \u00abr\u00e9fugi\u00e9\u00bb \u00e0 la question n \u00b0 1 et \u00abhors du Canada\u00bb \u00e0 la question n \u00b0 2<\/li>\n<li>\u00e0 la question n \u00b0 4, v\u00e9rifie quel <a href=\"http:\/\/www.cic.gc.ca\/francais\/information\/bureaux\/demande-ou.asp\" target=\"_blank\" rel=\"noopener\">bureau canadien des visas<\/a> est responsable du traitement des demandes de r\u00e9sidence permanente (regardez par pays d&#8217;asile)<\/li>\n<li>Province et la ville de votre groupe ont \u00e9t\u00e9 s\u00e9lectionn\u00e9es pour # 6<\/li>\n<li>Sauter la question n \u00b0 7 (sauf aller \u00e0 Qu\u00e9bec)<\/li>\n<li>Si le r\u00e9fugi\u00e9 veut indiquer une &#8216;date actuelle&#8217; ou \u00abdate pr\u00e9sente\u00bb, entrez la date de signature<\/li>\n<li>S\u2019assurer que les informations de contact sont compl\u00e8tes et \u00e0 jour<\/li>\n<li>Utiliser le formulaire \u00abpersonnes \u00e0 charge suppl\u00e9mentaires\u00bb si le demandeur d&#8217;asile principal a plus de 5 personnes \u00e0 charge<\/li>\n<li>L\u2019orthographe du nom du r\u00e9fugi\u00e9 demandeur est le m\u00eame sur tous les formulaires<\/li>\n<li>Il a \u00e9t\u00e9 valid\u00e9, imprim\u00e9, et inclus avec le code \u00e0 barres ainsi que les signatures<\/li>\n<li>Le demandeur d&#8217;asile a sign\u00e9 tous les formulaires requis (signatures originales!)<\/li>\n<\/ul>\n<p><strong>Annexe A<\/strong><\/p>\n<p>Le demandeur principal du statut de r\u00e9fugi\u00e9, le conjoint (ou conjoint de fait), et les enfants \u00e2g\u00e9s de 18 ans et plus doivent remplir individuellement une copie &#8211; m\u00eame s&#8217;ils n&#8217;accompagnent pas au Canada!<\/p>\n<p>Assurez-vous que les dates et les activit\u00e9s pr\u00e9vues \u00e0 la section 7 correspondent \u00e0 celles dans les sections 8 \u00e0 12 (attention aux villes, des adresses et des activit\u00e9s) &#8211; Ne laissez pas les lacunes dans votre histoire!<\/p>\n<p><strong>L&#8217;annexe 2<\/strong><\/p>\n<ul>\n<li>Le demandeur principal du statut de r\u00e9fugi\u00e9, le conjoint (ou conjoint de fait), et les enfants \u00e2g\u00e9s de 18 ans et plus doivent remplir individuellement une copie<\/li>\n<li>Etant donn\u00e9 qu&#8217;il a \u00e9t\u00e9 parrain\u00e9 par votre groupe, il faudrait cocher la case \u00e0 c\u00f4t\u00e9 de \u00abidentifi\u00e9 pour le parrainage priv\u00e9 par un groupe canadien&#8221;!<\/li>\n<li>Passer la partie C si vous \u00eates les principaux demandeurs d&#8217;asile ou un membre de la famille qui l&#8217;accompagne<\/li>\n<li>Pour les questions 3-7, le r\u00e9fugi\u00e9 devrait fournir un compte rendu tr\u00e8s clair et d\u00e9taill\u00e9 &#8211; \u00e9viter les g\u00e9n\u00e9ralisations et les r\u00e9ponses vagues!<\/li>\n<li>\u00c0 la question 10, la liste de vos comp\u00e9tences et qualit\u00e9s personnelles pour illustrer votre capacit\u00e9 d&#8217;adaptation \u00e0 une situation nouvelle, l&#8217;ing\u00e9niosit\u00e9, l&#8217;initiative et la motivation<\/li>\n<li>Pour la question12, dire la v\u00e9rit\u00e9 &#8211; le montant d&#8217;argent que vous avez ou n&#8217;avez pas ne d\u00e9termine pas votre cas.<\/li>\n<li>Assurez-vous que la partie D est correctement sign\u00e9e, v\u00e9rifi\u00e9e et dat\u00e9e<\/li>\n<\/ul>\n<p>Tous les documents suppl\u00e9mentaires et les pi\u00e8ces justificatives ont \u00e9t\u00e9 inclus (v\u00e9rifier l&#8217;Annexe A)<\/p>\n<p>Pas de signatures qui manquent<\/p>\n<p>Poster tous les formulaires et les pi\u00e8ces justificatives au\u00a0Centre d&#8217;Op\u00e9rations de R\u00e9tablissement d&#8217;Ottawa (COR-O)<\/p>\n","protected":false},"excerpt":{"rendered":"<p>\u00cates-vous membre d&#8217;un r\u00e9pondant communautaire\u00a0ou en train d\u2019aider un r\u00e9pondant communautaire? Travaillez-vous sur une demande de parrainage de r\u00e9fugi\u00e9s? Vous vous inqui\u00e9tez\u00a0au sujet d&#8217;un rejet ou du retour de votre demande? Voulez-vous quelques conseils et id\u00e9es?<br \/>\nSi vous avez r\u00e9pondu \u00aboui\u00bb aux questions ci-dessus, vous pouvez trouver les conseils suivants utiles.<\/p>\n","protected":false},"author":4,"featured_media":0,"parent":1193,"menu_order":0,"comment_status":"closed","ping_status":"closed","template":"","meta":{"_relevanssi_hide_post":"","_relevanssi_hide_content":"","_relevanssi_pin_for_all":"","_relevanssi_pin_keywords":"","_relevanssi_unpin_keywords":"","_relevanssi_related_keywords":"","_relevanssi_related_include_ids":"","_relevanssi_related_exclude_ids":"","_relevanssi_related_no_append":"","_relevanssi_related_not_related":"","_relevanssi_related_posts":"13832,15968,22827,10666,13874,13843","_relevanssi_noindex_reason":"","_price":"","_stock":"","_tribe_ticket_header":"","_tribe_default_ticket_provider":"","_ticket_start_date":"","_ticket_end_date":"","_tribe_ticket_show_description":"","_tribe_ticket_show_not_going":false,"_tribe_ticket_use_global_stock":"","_tribe_ticket_global_stock_level":"","_global_stock_mode":"","_global_stock_cap":"","_tribe_rsvp_for_event":"","_tribe_ticket_going_count":"","_tribe_ticket_not_going_count":"","_tribe_tickets_list":"[]","_tribe_ticket_has_attendee_info_fields":false,"footnotes":"","_tec_slr_enabled":"","_tec_slr_layout":""},"class_list":["post-1196","page","type-page","status-publish","hentry"],"featured_image_src":null,"ticketed":false,"_links":{"self":[{"href":"https:\/\/rstptemp.turnbull.co\/fr\/wp-json\/wp\/v2\/pages\/1196","targetHints":{"allow":["GET"]}}],"collection":[{"href":"https:\/\/rstptemp.turnbull.co\/fr\/wp-json\/wp\/v2\/pages"}],"about":[{"href":"https:\/\/rstptemp.turnbull.co\/fr\/wp-json\/wp\/v2\/types\/page"}],"author":[{"embeddable":true,"href":"https:\/\/rstptemp.turnbull.co\/fr\/wp-json\/wp\/v2\/users\/4"}],"replies":[{"embeddable":true,"href":"https:\/\/rstptemp.turnbull.co\/fr\/wp-json\/wp\/v2\/comments?post=1196"}],"version-history":[{"count":4,"href":"https:\/\/rstptemp.turnbull.co\/fr\/wp-json\/wp\/v2\/pages\/1196\/revisions"}],"predecessor-version":[{"id":32131,"href":"https:\/\/rstptemp.turnbull.co\/fr\/wp-json\/wp\/v2\/pages\/1196\/revisions\/32131"}],"up":[{"embeddable":true,"href":"https:\/\/rstptemp.turnbull.co\/fr\/wp-json\/wp\/v2\/pages\/1193"}],"wp:attachment":[{"href":"https:\/\/rstptemp.turnbull.co\/fr\/wp-json\/wp\/v2\/media?parent=1196"}],"curies":[{"name":"wp","href":"https:\/\/api.w.org\/{rel}","templated":true}]}}