{"id":1231,"date":"2014-04-04T09:53:58","date_gmt":"2014-04-04T09:53:58","guid":{"rendered":"http:\/\/rstp.fantomdesign.net\/?page_id=1231"},"modified":"2025-11-06T04:14:05","modified_gmt":"2025-11-06T09:14:05","slug":"preparation-a-lentrevue","status":"publish","type":"page","link":"https:\/\/rstptemp.turnbull.co\/fr\/refugies\/preparation-a-lentrevue\/","title":{"rendered":"La pr\u00e9paration \u00e0 l\u2019entrevue"},"content":{"rendered":"<h2>La pr\u00e9paration \u00e0 votre entrevue de qualification pour le parrainage \u00e0 titre de r\u00e9fugi\u00e9<\/h2>\n<p>L&#8217;entrevue est une \u00e9tape importante du traitement des demandes de parrainage \u00e0 titre de r\u00e9fugi\u00e9. Le bureau canadien des visas \u00e0 l&#8217;\u00e9tranger vous invitera \u00e0 l&#8217;entrevue par courrier \u00e9lectronique ou appel t\u00e9l\u00e9phonique. L&#8217;objectif de l&#8217;entrevue est de d\u00e9terminer si vous \u00eates recevable et admissible \u00e0 \u00eatre r\u00e9install\u00e9 en vertu du Programme de parrainage priv\u00e9 de r\u00e9fugi\u00e9s (PPPR) et si la r\u00e9installation au Canada est la meilleure solution \u00e0 votre situation.<\/p>\n<p>Puisque la d\u00e9cision de l&#8217;agent des visas d\u00e9pend beaucoup du r\u00e9sultat de l&#8217;entrevue, ce document pr\u00e9sente des recommandations pour vous pr\u00e9parer \u00e0 l&#8217;entrevue et sur ce que vous devez faire durant et apr\u00e8s l&#8217;entrevue. Cependant, ce document ne vise pas \u00e0 dispenser des conseils juridiques. Il pourrait toutefois vous servir de ligne directrice pour mieux vous pr\u00e9parer pour l&#8217;entrevue.<\/p>\n\n\n<div class=\"wp-block-tco2025-blocks-button-list-block column-box__reference-list\"><a class=\"button-menu has-big-icon theme-primary\" href=\"\/fr\/refugies\/preparation-a-lentrevue\/avant-lentrevue\/\"><div class=\"button-menu__icon-wrapper\"><span><svg width=\"24\" height=\"24\" viewBox=\"0 0 24 24\" fill=\"none\" xmlns=\"http:\/\/www.w3.org\/2000\/svg\"><path d=\"M13.2026 6.73577V17.2642C13.2026 17.4841 13.0406 17.664 12.8425 17.664H7.56149C7.36345 17.664 7.20142 17.4841 7.20142 17.2642V6.73577C7.20142 6.51588 7.36345 6.33596 7.56149 6.33596H12.8425C13.0406 6.33596 13.2026 6.51588 13.2026 6.73577ZM5.64111 6.33596H0.360071C0.162032 6.33596 0 6.51588 0 6.73577V17.2642C0 17.4841 0.162032 17.664 0.360071 17.664H5.64111C5.83915 17.664 6.00118 17.4841 6.00118 17.2642V6.73577C6.00118 6.51588 5.83915 6.33596 5.64111 6.33596ZM20.5811 3.46396L20.224 1.60149C19.9719 0.308754 19.2638 -0.197678 18.0996 0.0688654L15.7711 0.628606C14.6069 0.895149 14.1508 1.68145 14.3908 2.97418L14.7479 4.84665C14.7899 5.06322 14.982 5.19982 15.174 5.15317L20.302 3.93374C20.497 3.88709 20.6201 3.67386 20.5781 3.46063L20.5811 3.46396ZM23.0535 16.408L21.1032 6.20935C21.0611 5.99279 20.8691 5.85618 20.6741 5.90283L15.5461 7.12226C15.351 7.16891 15.228 7.38214 15.27 7.59538L17.2324 17.794C17.2744 18.0105 17.4664 18.1472 17.6585 18.1005L22.7775 16.8811C22.9725 16.8344 23.0956 16.6212 23.0535 16.408ZM23.9327 21.0225L23.5756 19.15C23.5336 18.9335 23.3416 18.7968 23.1466 18.8435L18.0306 20.0629C17.8355 20.1096 17.7125 20.3228 17.7545 20.536L18.1116 22.3985C18.3636 23.6912 19.0598 24.1977 20.224 23.9311L22.5644 23.3714C23.7287 23.1049 24.1848 22.3185 23.9327 21.0258V21.0225ZM11.4022 0.00222963H9.00177C7.80154 0.00222963 7.20142 0.671919 7.20142 2.00463V3.93707C7.20142 4.15697 7.36345 4.33689 7.56149 4.33689H12.8425C13.0406 4.33689 13.2026 4.15697 13.2026 3.93707V2.00463C13.2026 0.671919 12.6025 0.00222963 11.4022 0.00222963ZM4.20083 0.00222963H1.80035C0.600118 0.00222963 0 0.671919 0 2.00463V3.93707C0 4.15697 0.162032 4.33689 0.360071 4.33689H5.64111C5.83915 4.33689 6.00118 4.15697 6.00118 3.93707V2.00463C6.00118 0.671919 5.40106 0.00222963 4.20083 0.00222963ZM5.64111 19.6631H0.360071C0.162032 19.6631 0 19.843 0 20.0629V21.9954C0 23.3281 0.600118 23.9944 1.80035 23.9944H5.64111C5.83915 23.9944 6.00118 23.8281 6.00118 21.9954V20.0629C6.00118 19.843 5.83915 19.6631 5.64111 19.6631ZM12.8425 19.6631H7.56149C7.36345 19.6631 7.20142 19.843 7.20142 20.0629V21.9954C7.20142 23.3281 7.80154 23.9944 9.00177 23.9944H11.4022C12.6025 23.9944 13.2026 23.3281 13.2026 21.9954V20.0629C13.2026 19.843 13.0406 19.6631 12.8425 19.6631Z\" fill=\"white\"><\/path><\/svg><\/span><\/div><span class=\"button-menu__text\">Avant l\u2019entrevue<\/span><span><svg class=\"button-menu__arrow-icon\" width=\"12\" height=\"12\" viewBox=\"0 0 12 12\" fill=\"none\" xmlns=\"http:\/\/www.w3.org\/2000\/svg\"><path class=\"button-menu__arrow-icon-path\" d=\"M3.75 12L3 12L3 11.1429L7.5 6L3 0.857143L3 -2.62268e-07L3.75 -2.29485e-07L9 6L3.75 12Z\" fill=\"black\"><\/path><\/svg><\/span><\/a><a class=\"button-menu has-big-icon theme-primary\" href=\"\/fr\/refugies\/preparation-a-lentrevue\/pendant-lentrevue\/\"><div class=\"button-menu__icon-wrapper\"><span><svg width=\"24\" height=\"24\" viewBox=\"0 0 24 24\" fill=\"none\" xmlns=\"http:\/\/www.w3.org\/2000\/svg\"><path d=\"M13.2026 6.73577V17.2642C13.2026 17.4841 13.0406 17.664 12.8425 17.664H7.56149C7.36345 17.664 7.20142 17.4841 7.20142 17.2642V6.73577C7.20142 6.51588 7.36345 6.33596 7.56149 6.33596H12.8425C13.0406 6.33596 13.2026 6.51588 13.2026 6.73577ZM5.64111 6.33596H0.360071C0.162032 6.33596 0 6.51588 0 6.73577V17.2642C0 17.4841 0.162032 17.664 0.360071 17.664H5.64111C5.83915 17.664 6.00118 17.4841 6.00118 17.2642V6.73577C6.00118 6.51588 5.83915 6.33596 5.64111 6.33596ZM20.5811 3.46396L20.224 1.60149C19.9719 0.308754 19.2638 -0.197678 18.0996 0.0688654L15.7711 0.628606C14.6069 0.895149 14.1508 1.68145 14.3908 2.97418L14.7479 4.84665C14.7899 5.06322 14.982 5.19982 15.174 5.15317L20.302 3.93374C20.497 3.88709 20.6201 3.67386 20.5781 3.46063L20.5811 3.46396ZM23.0535 16.408L21.1032 6.20935C21.0611 5.99279 20.8691 5.85618 20.6741 5.90283L15.5461 7.12226C15.351 7.16891 15.228 7.38214 15.27 7.59538L17.2324 17.794C17.2744 18.0105 17.4664 18.1472 17.6585 18.1005L22.7775 16.8811C22.9725 16.8344 23.0956 16.6212 23.0535 16.408ZM23.9327 21.0225L23.5756 19.15C23.5336 18.9335 23.3416 18.7968 23.1466 18.8435L18.0306 20.0629C17.8355 20.1096 17.7125 20.3228 17.7545 20.536L18.1116 22.3985C18.3636 23.6912 19.0598 24.1977 20.224 23.9311L22.5644 23.3714C23.7287 23.1049 24.1848 22.3185 23.9327 21.0258V21.0225ZM11.4022 0.00222963H9.00177C7.80154 0.00222963 7.20142 0.671919 7.20142 2.00463V3.93707C7.20142 4.15697 7.36345 4.33689 7.56149 4.33689H12.8425C13.0406 4.33689 13.2026 4.15697 13.2026 3.93707V2.00463C13.2026 0.671919 12.6025 0.00222963 11.4022 0.00222963ZM4.20083 0.00222963H1.80035C0.600118 0.00222963 0 0.671919 0 2.00463V3.93707C0 4.15697 0.162032 4.33689 0.360071 4.33689H5.64111C5.83915 4.33689 6.00118 4.15697 6.00118 3.93707V2.00463C6.00118 0.671919 5.40106 0.00222963 4.20083 0.00222963ZM5.64111 19.6631H0.360071C0.162032 19.6631 0 19.843 0 20.0629V21.9954C0 23.3281 0.600118 23.9944 1.80035 23.9944H5.64111C5.83915 23.9944 6.00118 23.8281 6.00118 21.9954V20.0629C6.00118 19.843 5.83915 19.6631 5.64111 19.6631ZM12.8425 19.6631H7.56149C7.36345 19.6631 7.20142 19.843 7.20142 20.0629V21.9954C7.20142 23.3281 7.80154 23.9944 9.00177 23.9944H11.4022C12.6025 23.9944 13.2026 23.3281 13.2026 21.9954V20.0629C13.2026 19.843 13.0406 19.6631 12.8425 19.6631Z\" fill=\"white\"><\/path><\/svg><\/span><\/div><span class=\"button-menu__text\">Pendant l\u2019entrevue<\/span><span><svg class=\"button-menu__arrow-icon\" width=\"12\" height=\"12\" viewBox=\"0 0 12 12\" fill=\"none\" xmlns=\"http:\/\/www.w3.org\/2000\/svg\"><path class=\"button-menu__arrow-icon-path\" d=\"M3.75 12L3 12L3 11.1429L7.5 6L3 0.857143L3 -2.62268e-07L3.75 -2.29485e-07L9 6L3.75 12Z\" fill=\"black\"><\/path><\/svg><\/span><\/a><a class=\"button-menu has-big-icon theme-primary\" href=\"\/fr\/refugies\/preparation-a-lentrevue\/apres-lentrevue\/\"><div class=\"button-menu__icon-wrapper\"><span><svg width=\"24\" height=\"24\" viewBox=\"0 0 24 24\" fill=\"none\" xmlns=\"http:\/\/www.w3.org\/2000\/svg\"><path d=\"M13.2026 6.73577V17.2642C13.2026 17.4841 13.0406 17.664 12.8425 17.664H7.56149C7.36345 17.664 7.20142 17.4841 7.20142 17.2642V6.73577C7.20142 6.51588 7.36345 6.33596 7.56149 6.33596H12.8425C13.0406 6.33596 13.2026 6.51588 13.2026 6.73577ZM5.64111 6.33596H0.360071C0.162032 6.33596 0 6.51588 0 6.73577V17.2642C0 17.4841 0.162032 17.664 0.360071 17.664H5.64111C5.83915 17.664 6.00118 17.4841 6.00118 17.2642V6.73577C6.00118 6.51588 5.83915 6.33596 5.64111 6.33596ZM20.5811 3.46396L20.224 1.60149C19.9719 0.308754 19.2638 -0.197678 18.0996 0.0688654L15.7711 0.628606C14.6069 0.895149 14.1508 1.68145 14.3908 2.97418L14.7479 4.84665C14.7899 5.06322 14.982 5.19982 15.174 5.15317L20.302 3.93374C20.497 3.88709 20.6201 3.67386 20.5781 3.46063L20.5811 3.46396ZM23.0535 16.408L21.1032 6.20935C21.0611 5.99279 20.8691 5.85618 20.6741 5.90283L15.5461 7.12226C15.351 7.16891 15.228 7.38214 15.27 7.59538L17.2324 17.794C17.2744 18.0105 17.4664 18.1472 17.6585 18.1005L22.7775 16.8811C22.9725 16.8344 23.0956 16.6212 23.0535 16.408ZM23.9327 21.0225L23.5756 19.15C23.5336 18.9335 23.3416 18.7968 23.1466 18.8435L18.0306 20.0629C17.8355 20.1096 17.7125 20.3228 17.7545 20.536L18.1116 22.3985C18.3636 23.6912 19.0598 24.1977 20.224 23.9311L22.5644 23.3714C23.7287 23.1049 24.1848 22.3185 23.9327 21.0258V21.0225ZM11.4022 0.00222963H9.00177C7.80154 0.00222963 7.20142 0.671919 7.20142 2.00463V3.93707C7.20142 4.15697 7.36345 4.33689 7.56149 4.33689H12.8425C13.0406 4.33689 13.2026 4.15697 13.2026 3.93707V2.00463C13.2026 0.671919 12.6025 0.00222963 11.4022 0.00222963ZM4.20083 0.00222963H1.80035C0.600118 0.00222963 0 0.671919 0 2.00463V3.93707C0 4.15697 0.162032 4.33689 0.360071 4.33689H5.64111C5.83915 4.33689 6.00118 4.15697 6.00118 3.93707V2.00463C6.00118 0.671919 5.40106 0.00222963 4.20083 0.00222963ZM5.64111 19.6631H0.360071C0.162032 19.6631 0 19.843 0 20.0629V21.9954C0 23.3281 0.600118 23.9944 1.80035 23.9944H5.64111C5.83915 23.9944 6.00118 23.8281 6.00118 21.9954V20.0629C6.00118 19.843 5.83915 19.6631 5.64111 19.6631ZM12.8425 19.6631H7.56149C7.36345 19.6631 7.20142 19.843 7.20142 20.0629V21.9954C7.20142 23.3281 7.80154 23.9944 9.00177 23.9944H11.4022C12.6025 23.9944 13.2026 23.3281 13.2026 21.9954V20.0629C13.2026 19.843 13.0406 19.6631 12.8425 19.6631Z\" fill=\"white\"><\/path><\/svg><\/span><\/div><span class=\"button-menu__text\">Apr\u00e8s l\u2019entrevue<\/span><span><svg class=\"button-menu__arrow-icon\" width=\"12\" height=\"12\" viewBox=\"0 0 12 12\" fill=\"none\" xmlns=\"http:\/\/www.w3.org\/2000\/svg\"><path class=\"button-menu__arrow-icon-path\" d=\"M3.75 12L3 12L3 11.1429L7.5 6L3 0.857143L3 -2.62268e-07L3.75 -2.29485e-07L9 6L3.75 12Z\" fill=\"black\"><\/path><\/svg><\/span><\/a><\/div>\n","protected":false},"excerpt":{"rendered":"<p>La pr\u00e9paration \u00e0 votre entrevue de qualification pour le parrainage \u00e0 titre de r\u00e9fugi\u00e9<br \/>\nL&#8217;entrevue est une \u00e9tape importante du traitement des demandes de parrainage \u00e0 titre de r\u00e9fugi\u00e9. Le bureau canadien des visas \u00e0 l&#8217;\u00e9tranger vous invitera \u00e0 l&#8217;entrevue par courrier \u00e9lectronique ou appel t\u00e9l\u00e9phonique. L&#8217;objectif de l&#8217;entrevue est de d\u00e9terminer si vous \u00eates recevable et admissible \u00e0 \u00eatre r\u00e9install\u00e9 en vertu du Programme de parrainage priv\u00e9 de r\u00e9fugi\u00e9s (PPPR) et si la r\u00e9installation au Canada est la meilleure solution \u00e0 votre situation.<\/p>\n","protected":false},"author":4,"featured_media":0,"parent":1225,"menu_order":1,"comment_status":"closed","ping_status":"closed","template":"","meta":{"_relevanssi_hide_post":"","_relevanssi_hide_content":"","_relevanssi_pin_for_all":"","_relevanssi_pin_keywords":"","_relevanssi_unpin_keywords":"","_relevanssi_related_keywords":"","_relevanssi_related_include_ids":"","_relevanssi_related_exclude_ids":"","_relevanssi_related_no_append":"","_relevanssi_related_not_related":"","_relevanssi_related_posts":"14566,13874,15968,13832,13843,22029","_relevanssi_noindex_reason":"","_price":"","_stock":"","_tribe_ticket_header":"","_tribe_default_ticket_provider":"","_ticket_start_date":"","_ticket_end_date":"","_tribe_ticket_show_description":"","_tribe_ticket_show_not_going":false,"_tribe_ticket_use_global_stock":"","_tribe_ticket_global_stock_level":"","_global_stock_mode":"","_global_stock_cap":"","_tribe_rsvp_for_event":"","_tribe_ticket_going_count":"","_tribe_ticket_not_going_count":"","_tribe_tickets_list":"[]","_tribe_ticket_has_attendee_info_fields":false,"footnotes":"","_tec_slr_enabled":"","_tec_slr_layout":""},"class_list":["post-1231","page","type-page","status-publish","hentry"],"featured_image_src":null,"ticketed":false,"_links":{"self":[{"href":"https:\/\/rstptemp.turnbull.co\/fr\/wp-json\/wp\/v2\/pages\/1231","targetHints":{"allow":["GET"]}}],"collection":[{"href":"https:\/\/rstptemp.turnbull.co\/fr\/wp-json\/wp\/v2\/pages"}],"about":[{"href":"https:\/\/rstptemp.turnbull.co\/fr\/wp-json\/wp\/v2\/types\/page"}],"author":[{"embeddable":true,"href":"https:\/\/rstptemp.turnbull.co\/fr\/wp-json\/wp\/v2\/users\/4"}],"replies":[{"embeddable":true,"href":"https:\/\/rstptemp.turnbull.co\/fr\/wp-json\/wp\/v2\/comments?post=1231"}],"version-history":[{"count":8,"href":"https:\/\/rstptemp.turnbull.co\/fr\/wp-json\/wp\/v2\/pages\/1231\/revisions"}],"predecessor-version":[{"id":32103,"href":"https:\/\/rstptemp.turnbull.co\/fr\/wp-json\/wp\/v2\/pages\/1231\/revisions\/32103"}],"up":[{"embeddable":true,"href":"https:\/\/rstptemp.turnbull.co\/fr\/wp-json\/wp\/v2\/pages\/1225"}],"wp:attachment":[{"href":"https:\/\/rstptemp.turnbull.co\/fr\/wp-json\/wp\/v2\/media?parent=1231"}],"curies":[{"name":"wp","href":"https:\/\/api.w.org\/{rel}","templated":true}]}}