{"id":1234,"date":"2014-04-04T09:55:12","date_gmt":"2014-04-04T09:55:12","guid":{"rendered":"http:\/\/rstp.fantomdesign.net\/?page_id=1234"},"modified":"2025-11-13T10:14:00","modified_gmt":"2025-11-13T15:14:00","slug":"avant-lentrevue","status":"publish","type":"page","link":"https:\/\/rstptemp.turnbull.co\/fr\/refugies\/preparation-a-lentrevue\/avant-lentrevue\/","title":{"rendered":"Avant l&#8217;entrevue"},"content":{"rendered":"<p><strong>Examinez attentivement tous les formulaires de demande <\/strong>et les <strong>documents d&#8217;appui <\/strong>qui ont \u00e9t\u00e9 soumis au minist\u00e8re canadien de l&#8217;Immigration pour votre demande. Si vous n&#8217;avez pas de copie du dossier de demande, veuillez en informer vos r\u00e9pondants imm\u00e9diatement pour qu&#8217;ils puissent vous aider \u00e0 en obtenir une. Lors de l&#8217;examen de vos formulaires de demande et documents d&#8217;appui, portez une attention particuli\u00e8re \u00e0 ce qui suit :<\/p>\n<ul>\n<li>La composition de votre famille a-t-elle chang\u00e9? Si des changements (p. ex., mariage, naissance, adoption, d\u00e9c\u00e8s) n&#8217;ont pas \u00e9t\u00e9 pris en compte dans les formulaires de demande, informez-en le bureau des visas et vos r\u00e9pondants imm\u00e9diatement pour que les formulaires soient mis \u00e0 jour.<\/li>\n<li><strong>TOUS <\/strong>les membres de votre famille (c&#8217;est-\u00e0-dire, votre \u00e9poux\/\u00e9pouse ou conjoint[e] de fait; vos enfants, ou les enfants de votre \u00e9poux ou conjoint, qui \u00e9taient \u00e2g\u00e9s de moins de 22 ans et qui n&#8217;\u00e9taient pas mari\u00e9s au moment de la soumission de la demande; et les enfants des enfants \u00e0 votre charge) devraient figurer dans les formulaires de demande. Ceci inclut les membres de la famille port\u00e9s disparus ou pr\u00e9sum\u00e9s morts, ou dont le lieu g\u00e9ographique exact est inconnu. Si vous remarquez que certains membres de votre famille (qu&#8217;ils vous accompagnent au Canada <em>ou non<\/em>) ne figurent pas dans les formulaires, notamment dans le Formulaire de demande g\u00e9n\u00e9rique pour le Canada et dans l&#8217;Engagement de parrainage et plan d&#8217;\u00e9tablissement, informez-en imm\u00e9diatement le bureau des visas et vos r\u00e9pondants pour que les formulaires soient mis \u00e0 jour.<\/li>\n<li>Assurez-vous que les coordonn\u00e9es (num\u00e9ro de t\u00e9l\u00e9phone et adresse de courriel) qui figurent dans les formulaires sont <strong>exactes <\/strong>et <strong>\u00e0 jour<\/strong>. Le bureau des visas se servira de ces coordonn\u00e9es pour communiquer avec vous et vous inviter \u00e0 l&#8217;entrevue. V\u00e9rifiez \u00e9galement que les autres renseignements, dont vos ant\u00e9c\u00e9dents personnels, l&#8217;historique de vos adresses et le r\u00e9cit de votre fuite de votre pays d&#8217;origine, sont <strong>exacts <\/strong>et <strong>\u00e0 jour<\/strong>. Si vous y trouvez des erreurs, avisez-en le bureau des visas et vos r\u00e9pondants imm\u00e9diatement, afin que vos formulaires soient mis \u00e0 jour.<\/li>\n<li>Assurez-vous que vous avez fourni <strong>tous les documents d&#8217;appui disponibles <\/strong>qui sont <strong>pertinents \u00e0 votre dossier<\/strong>.<\/li>\n<\/ul>\n<div class=\"text-box theme-bg-secondary\">\n<p><strong>Exemples de documents d&#8217;appui<\/strong><\/p>\n<ul>\n<li>Preuves de votre histoire de r\u00e9fugi\u00e9 (p. ex., articles de journal, lettres, d\u00e9clarations d&#8217;amis et de membres de la famille, rapports de police, rapports m\u00e9dicaux);<\/li>\n<li>Documents exposant ce qui est arriv\u00e9 \u00e0 d&#8217;autres personnes faisant face \u00e0 une situation semblable \u00e0 la v\u00f4tre (p. ex., membres de votre parent\u00e9 reconnus comme r\u00e9fugi\u00e9s);<\/li>\n<li>Tous les documents d&#8217;identification personnelle disponibles (p. ex., passeport, cartes d&#8217;identit\u00e9, documents de r\u00e9fugi\u00e9s);<\/li>\n<li>Documents relatifs \u00e0 votre \u00e9tat matrimonial et \u00e0 la composition de votre famille (p.ex., certificats de mariage et de divorce, acte de naissance ou baptistaire de vos enfants);<\/li>\n<li>Tous les documents et lettres qui vous ont \u00e9t\u00e9 \u00e9mis par le HCR ou par le gouvernement du pays o\u00f9 vous habitez actuellement;<\/li>\n<li>Documents relatifs \u00e0 votre statut dans le pays dans lequel vous r\u00e9sidez actuellement;<\/li>\n<li>Documents d\u00e9montrant vos probl\u00e8mes dans le pays o\u00f9 vous habitez actuellement;<\/li>\n<li>Documents d\u00e9montrant des probl\u00e8mes m\u00e9dicaux et psychologiques importants (p.ex., rapports m\u00e9dicaux, probl\u00e8mes de sant\u00e9).<\/li>\n<\/ul>\n<\/div>\n<h3>Connaissez bien votre histoire de r\u00e9fugi\u00e9<\/h3>\n<p>Gardez en t\u00eate qu&#8217;une des raisons les plus fr\u00e9quentes de refus est l&#8217;incoh\u00e9rence relev\u00e9e lorsque les faits d\u00e9clar\u00e9s lors de l&#8217;entrevue sont diff\u00e9rents de l&#8217;information fournie dans les formulaires de demande. Par cons\u00e9quent, il est important de <strong>lire attentivement votre histoire de r\u00e9fugi\u00e9 <\/strong>telle qu&#8217;elle a \u00e9t\u00e9 d\u00e9crite dans l&#8217;<em>Annexe 2 : R\u00e9fugi\u00e9s hors Canada <\/em>qui a \u00e9t\u00e9 soumise dans le cadre de votre demande de parrainage \u00e0 titre de r\u00e9fugi\u00e9. Lorsque vous examinez votre histoire, veuillez porter attention \u00e0 ce qui suit :<\/p>\n<ul>\n<li>Assurez-vous que tous les \u00e9v\u00e9nements qui vous ont touch\u00e9s (et qui ont touch\u00e9 votre famille) sont <strong>v\u00e9ridiques <\/strong>et <strong>exacts.<\/strong><\/li>\n<li><strong>Souvenez-vous bien de votre histoire<\/strong>. Nous vous recommandons de <strong>faire une liste de d\u00e9tails importants <\/strong>au sujet <strong>de l&#8217;heure, la date et le lieu <\/strong>des \u00e9v\u00e9nements qui ont touch\u00e9 votre famille et <strong>les personnes ou organisations <\/strong>associ\u00e9es \u00e0 votre situation de d\u00e9tresse puisque vous pourriez oublier ces d\u00e9tails durant l&#8217;entrevue.<\/li>\n<li><strong>Pratiquez l&#8217;entrevue <\/strong>\u00e0 l&#8217;avance avec quelqu&#8217;un en qui vous avez confiance. La personne peut vous poser des questions sur votre vie dans votre pays d&#8217;origine et les raisons qui vous ont forc\u00e9es \u00e0 fuir votre pays.<\/li>\n<li><strong>Si vous relevez des erreurs <\/strong>dans votre histoire de r\u00e9fugi\u00e9 ou si vous pensez que des dates, \u00e9v\u00e9nements ou incidents pertinents sont manquants, veuillez en informer le bureau des visas et votre r\u00e9pondant avant l&#8217;entrevue.<\/li>\n<li>Si vous souhaitez <strong>ajouter de l&#8217;information <\/strong>au sujet d&#8217;\u00e9v\u00e9nements pertinents qui vous ont touch\u00e9s ou qui ont touch\u00e9 les membres de votre famille et qui n&#8217;ont pas d\u00e9j\u00e0 \u00e9t\u00e9 mentionn\u00e9 dans votre histoire personnelle, informez-en imm\u00e9diatement le bureau des visas et vos r\u00e9pondants par \u00e9crit.<\/li>\n<\/ul>\n","protected":false},"excerpt":{"rendered":"<p>Examinez attentivement tous les formulaires de demande et les documents d&#8217;appui qui ont \u00e9t\u00e9 soumis au minist\u00e8re canadien de l&#8217;Immigration pour votre demande. Si vous n&#8217;avez pas de copie du dossier de demande, veuillez en informer vos r\u00e9pondants imm\u00e9diatement pour qu&#8217;ils puissent vous aider \u00e0 en obtenir une. Lors de l&#8217;examen de vos formulaires de demande et documents d&#8217;appui,<\/p>\n","protected":false},"author":4,"featured_media":0,"parent":1231,"menu_order":0,"comment_status":"closed","ping_status":"closed","template":"","meta":{"_relevanssi_hide_post":"","_relevanssi_hide_content":"","_relevanssi_pin_for_all":"","_relevanssi_pin_keywords":"","_relevanssi_unpin_keywords":"","_relevanssi_related_keywords":"","_relevanssi_related_include_ids":"","_relevanssi_related_exclude_ids":"","_relevanssi_related_no_append":"","_relevanssi_related_not_related":"","_relevanssi_related_posts":"13874,14566,13832,13843,22029,15968","_relevanssi_noindex_reason":"","_price":"","_stock":"","_tribe_ticket_header":"","_tribe_default_ticket_provider":"","_ticket_start_date":"","_ticket_end_date":"","_tribe_ticket_show_description":"","_tribe_ticket_show_not_going":false,"_tribe_ticket_use_global_stock":"","_tribe_ticket_global_stock_level":"","_global_stock_mode":"","_global_stock_cap":"","_tribe_rsvp_for_event":"","_tribe_ticket_going_count":"","_tribe_ticket_not_going_count":"","_tribe_tickets_list":"[]","_tribe_ticket_has_attendee_info_fields":false,"footnotes":"","_tec_slr_enabled":"","_tec_slr_layout":""},"class_list":["post-1234","page","type-page","status-publish","hentry"],"featured_image_src":null,"ticketed":false,"_links":{"self":[{"href":"https:\/\/rstptemp.turnbull.co\/fr\/wp-json\/wp\/v2\/pages\/1234","targetHints":{"allow":["GET"]}}],"collection":[{"href":"https:\/\/rstptemp.turnbull.co\/fr\/wp-json\/wp\/v2\/pages"}],"about":[{"href":"https:\/\/rstptemp.turnbull.co\/fr\/wp-json\/wp\/v2\/types\/page"}],"author":[{"embeddable":true,"href":"https:\/\/rstptemp.turnbull.co\/fr\/wp-json\/wp\/v2\/users\/4"}],"replies":[{"embeddable":true,"href":"https:\/\/rstptemp.turnbull.co\/fr\/wp-json\/wp\/v2\/comments?post=1234"}],"version-history":[{"count":6,"href":"https:\/\/rstptemp.turnbull.co\/fr\/wp-json\/wp\/v2\/pages\/1234\/revisions"}],"predecessor-version":[{"id":32203,"href":"https:\/\/rstptemp.turnbull.co\/fr\/wp-json\/wp\/v2\/pages\/1234\/revisions\/32203"}],"up":[{"embeddable":true,"href":"https:\/\/rstptemp.turnbull.co\/fr\/wp-json\/wp\/v2\/pages\/1231"}],"wp:attachment":[{"href":"https:\/\/rstptemp.turnbull.co\/fr\/wp-json\/wp\/v2\/media?parent=1234"}],"curies":[{"name":"wp","href":"https:\/\/api.w.org\/{rel}","templated":true}]}}