{"id":1240,"date":"2014-04-04T09:57:18","date_gmt":"2014-04-04T09:57:18","guid":{"rendered":"http:\/\/rstp.fantomdesign.net\/?page_id=1240"},"modified":"2020-11-19T06:40:21","modified_gmt":"2020-11-19T11:40:21","slug":"apres-lentrevue","status":"publish","type":"page","link":"https:\/\/rstptemp.turnbull.co\/fr\/refugies\/preparation-a-lentrevue\/apres-lentrevue\/","title":{"rendered":"Apr\u00e8s l&#8217;entrevue"},"content":{"rendered":"<p>L&#8217;agent de visas pourrait prendre sa d\u00e9cision et la partager avec vous \u00e0 la fin de l&#8217;entrevue. Toutefois, dans la plupart des cas, l&#8217;agent de visas pourrait avoir besoin de plus de temps pour rendre sa d\u00e9cision.<\/p>\n<p>Si vous recevez de nouveaux documents apr\u00e8s l&#8217;entrevue, veuillez les faire parvenir imm\u00e9diatement au bureau des visas et \u00e0 vos r\u00e9pondants.<\/p>\n<p>Si vous pensez que quelque chose s&#8217;est mal pass\u00e9 durant l&#8217;entrevue (par exemple, vous avez oubli\u00e9 de mentionner des faits importants), veuillez en informer imm\u00e9diatement le bureau des visas et vos r\u00e9pondants par \u00e9crit. Nous vous recommandons \u00e9galement de pr\u00e9parer un r\u00e9sum\u00e9 de votre entrevue, tout de suite apr\u00e8s, \u00e0 partir du moment que vous \u00eates entr\u00e9 dans l&#8217;immeuble. Veuillez dresser une liste des questions qui vous ont \u00e9t\u00e9 pos\u00e9es et les r\u00e9ponses que vous avez fournies.<\/p>\n","protected":false},"excerpt":{"rendered":"<p>L&#8217;agent de visas pourrait prendre sa d\u00e9cision et la partager avec vous \u00e0 la fin de l&#8217;entrevue. Toutefois, dans la plupart des cas, l&#8217;agent de visas pourrait avoir besoin de plus de temps pour rendre sa d\u00e9cision.<br \/>\nSi vous recevez de nouveaux documents apr\u00e8s l&#8217;entrevue, veuillez les faire parvenir imm\u00e9diatement au bureau des visas et \u00e0 vos r\u00e9pondants.<\/p>\n","protected":false},"author":4,"featured_media":0,"parent":1231,"menu_order":2,"comment_status":"open","ping_status":"open","template":"","meta":{"_relevanssi_hide_post":"","_relevanssi_hide_content":"","_relevanssi_pin_for_all":"","_relevanssi_pin_keywords":"","_relevanssi_unpin_keywords":"","_relevanssi_related_keywords":"","_relevanssi_related_include_ids":"","_relevanssi_related_exclude_ids":"","_relevanssi_related_no_append":"","_relevanssi_related_not_related":"","_relevanssi_related_posts":"","_relevanssi_noindex_reason":"","_price":"","_stock":"","_tribe_ticket_header":"","_tribe_default_ticket_provider":"","_ticket_start_date":"","_ticket_end_date":"","_tribe_ticket_show_description":"","_tribe_ticket_show_not_going":false,"_tribe_ticket_use_global_stock":"","_tribe_ticket_global_stock_level":"","_global_stock_mode":"","_global_stock_cap":"","_tribe_rsvp_for_event":"","_tribe_ticket_going_count":"","_tribe_ticket_not_going_count":"","_tribe_tickets_list":"[]","_tribe_ticket_has_attendee_info_fields":false,"footnotes":"","_tec_slr_enabled":"","_tec_slr_layout":""},"class_list":["post-1240","page","type-page","status-publish","hentry"],"featured_image_src":null,"ticketed":false,"_links":{"self":[{"href":"https:\/\/rstptemp.turnbull.co\/fr\/wp-json\/wp\/v2\/pages\/1240","targetHints":{"allow":["GET"]}}],"collection":[{"href":"https:\/\/rstptemp.turnbull.co\/fr\/wp-json\/wp\/v2\/pages"}],"about":[{"href":"https:\/\/rstptemp.turnbull.co\/fr\/wp-json\/wp\/v2\/types\/page"}],"author":[{"embeddable":true,"href":"https:\/\/rstptemp.turnbull.co\/fr\/wp-json\/wp\/v2\/users\/4"}],"replies":[{"embeddable":true,"href":"https:\/\/rstptemp.turnbull.co\/fr\/wp-json\/wp\/v2\/comments?post=1240"}],"version-history":[{"count":4,"href":"https:\/\/rstptemp.turnbull.co\/fr\/wp-json\/wp\/v2\/pages\/1240\/revisions"}],"predecessor-version":[{"id":12793,"href":"https:\/\/rstptemp.turnbull.co\/fr\/wp-json\/wp\/v2\/pages\/1240\/revisions\/12793"}],"up":[{"embeddable":true,"href":"https:\/\/rstptemp.turnbull.co\/fr\/wp-json\/wp\/v2\/pages\/1231"}],"wp:attachment":[{"href":"https:\/\/rstptemp.turnbull.co\/fr\/wp-json\/wp\/v2\/media?parent=1240"}],"curies":[{"name":"wp","href":"https:\/\/api.w.org\/{rel}","templated":true}]}}