{"id":1243,"date":"2014-04-04T09:58:37","date_gmt":"2014-04-04T09:58:37","guid":{"rendered":"http:\/\/rstp.fantomdesign.net\/?page_id=1243"},"modified":"2025-11-13T11:14:55","modified_gmt":"2025-11-13T16:14:55","slug":"a-quoi-s-attendre","status":"publish","type":"page","link":"https:\/\/rstptemp.turnbull.co\/fr\/refugies\/a-quoi-s-attendre\/","title":{"rendered":"\u00c0 quoi s&#8217;attendre"},"content":{"rendered":"<p>Lorsque vous \u00eates un r\u00e9fugi\u00e9 parrain\u00e9 par un groupe au Canada, il se peut que vous ayez beaucoup de questions sur ce qui vous attend au Canada, telles que: Quel genre de personnes sont mes r\u00e9pondants? Combien d&#8217;aide peuvent-ils m&#8217;offrir? Mes enfants seront-ils heureux au Canada? Quel genre de travail serai-je en mesure d&#8217;obtenir? La meilleure fa\u00e7on de trouver des r\u00e9ponses \u00e0 ces questions est d&#8217;en parler \u00e0 vos r\u00e9pondants avant d&#8217;arriver au Canada. N\u2019ayez pas peur de leur poser toutes les questions que vous avez : ils sont ici pour vous aider \u00e0 vous adapter et \u00e0 vous \u00e9tablir dans votre nouvelle vie au Canada. Ils seront heureux de r\u00e9pondre \u00e0 toutes vos questions!<\/p>\n<p>Vous pouvez \u00e9galement trouver des informations g\u00e9n\u00e9rales sur la vie au Canada sur le site Web du gouvernement du Canada (<a href=\"http:\/\/www.cic.gc.ca\/francais\/nouveaux\/vivre\/index.asp\" target=\"_blank\" rel=\"noopener\">cliquez ic<\/a>i) et sur les sites de la province et de la ville de votre destination<\/p>\n<p>Certaines informations ici peuvent \u00e9galement \u00eatre utiles pour vous.<\/p>\n<h2>\u00c0 quoi vous attendre de la part de vos r\u00e9pondants<\/h2>\n<p>\u00catre accueilli \u00e0 l&#8217;a\u00e9roport<\/p>\n<p>Avoir un logement temporaire organis\u00e9 avant votre arriv\u00e9e<\/p>\n<p>Recevoir une orientation \u00e0 votre nouveau domicile et quartier<\/p>\n<p>Obtenir une orientation et des conseils sur la vie au Canada<\/p>\n<p>Recevoir de l&#8217;aide pour :<\/p>\n<ul>\n<li>Trouver un logement permanent<\/li>\n<li>Ouvrir un compte bancaire<\/li>\n<li>Obtenir votre carte d&#8217;assurance sociale<\/li>\n<li>Vous inscrire au r\u00e9gime provincial de soins de sant\u00e9<\/li>\n<li>Inscrire vos enfants \u00e0 l&#8217;\u00e9cole<\/li>\n<li>Vous inscrire \u00e0 l&#8217;Allocation canadienne pour enfants<\/li>\n<li>Organiser la garde des enfants, le cas \u00e9ch\u00e9ant<\/li>\n<li>Trouver un cours de langue<\/li>\n<li>Trouver un programme de recherche d&#8217;emploi pour nouveaux arrivants<\/li>\n<li>Trouver un organisme d&#8217;\u00e9tablissement qui peut offrir des services et des programmes suppl\u00e9mentaires pour les nouveaux arrivants<\/li>\n<li>S&#8217;informer sur les droits et les responsabilit\u00e9s au Canada<\/li>\n<li>Remplir la demande de traitement visant les membres de famille dans le cadre du d\u00e9lai prescrit d\u2019un an pour apporter votre conjoint et \/ ou enfants au Canada.<\/li>\n<\/ul>\n<p>Vous recevrez un soutien financier mensuel de la part de votre groupe de parrainage, par ch\u00e8que, d\u00e9p\u00f4t direct dans votre compte bancaire ou autre entente avec vos r\u00e9pondants. Cet argent vous est donn\u00e9 dans le but de couvrir vos frais de subsistance mensuels. Les d\u00e9tails concernant votre budget seront discut\u00e9s avec vous lorsque vous serez au Canada.<\/p>\n<h2>Ce que vous devez savoir sur le parrainage des r\u00e9fugi\u00e9s<\/h2>\n<ul>\n<li>Les r\u00e9pondants travaillent fort pour se pr\u00e9parer \u00e0 l&#8217;arriv\u00e9e, ils sont pr\u00eats \u00e0 vous aider quand vous arrivez<\/li>\n<li>Les r\u00e9pondants sont des b\u00e9n\u00e9voles &#8211; ils ne sont pas pay\u00e9s par le gouvernement ou n&#8217;importe qui d&#8217;autre pour parrainer les r\u00e9fugi\u00e9s<\/li>\n<li>Les r\u00e9pondants participent au parrainage de r\u00e9fugi\u00e9s parce qu&#8217;ils veulent &#8211; non pas parce qu&#8217;ils doivent<\/li>\n<li>Les r\u00e9pondants sont l\u00e0 pour vous soutenir quand vous \u00eates \u00e0 la recherche d&#8217;un emploi, des cours de langue, un logement permanent et d&#8217;autres choses que vous pourriez avoir \u00e0 faire pour vous \u00e9tablir &#8211; mais les r\u00e9pondants ne peuvent pas faire ces choses pour vous<\/li>\n<li>La plupart des r\u00e9pondants ont \u00e0 faire la collecte de fonds pour couvrir le montant d&#8217;argent pour soutenir financi\u00e8rement une famille de r\u00e9fugi\u00e9s pendant la p\u00e9riode de parrainage<\/li>\n<li>Les r\u00e9pondants travaillent dur pour se pr\u00e9parer eux-m\u00eames et pr\u00e9parer leurs communaut\u00e9s \u00e0 l&#8217;arriv\u00e9e de familles de r\u00e9fugi\u00e9s parrain\u00e9s<\/li>\n<li>Lorsque les r\u00e9fugi\u00e9s parrain\u00e9s ont choisi de d\u00e9m\u00e9nager \u00e0 une autre ville ou province avant la fin de la p\u00e9riode de parrainage, ils seront plus susceptibles de perdre leur soutien financier et l\u2019aide \u00e0 l\u2019\u00e9tablissement par le groupe<\/li>\n<li>Lorsque les r\u00e9fugi\u00e9s parrain\u00e9s doivent avoir recours \u00e0 l&#8217;aide sociale ou au bien-\u00eatre social, les groupes de parrainage doivent rembourser au gouvernement du Canada la somme d&#8217;argent que les r\u00e9fugi\u00e9s ont re\u00e7u et pourraient \u00eatre exclus du parrainage \u00e0 l&#8217;avenir.<\/li>\n<li>Les r\u00e9fugi\u00e9s et les r\u00e9pondants doivent s&#8217;engager \u00e0 communiquer honn\u00eatement et sinc\u00e8rement dans leurs interactions\u00a0\u2014 il faut \u00eatre deux pour r\u00e9ussir un parrainage!<\/li>\n<\/ul>\n<h2>Soyez conscient de ces mythes!<\/h2>\n\n<div class=\"wp-block-ub-content-toggle wp-block-ub-content-toggle-block\" id=\"ub-content-toggle-block-7e39d34e-5442-4ae6-ae9e-814472db89b7\" data-mobilecollapse=\"true\" data-desktopcollapse=\"true\" data-preventcollapse=\"false\" data-showonlyone=\"false\">\n<div class=\"wp-block-ub-content-toggle-accordion\" style=\"border-color: #f1f1f1; \" id=\"ub-content-toggle-panel-block-\">\n\t\t\t<div class=\"wp-block-ub-content-toggle-accordion-title-wrap\" style=\"background-color: #f1f1f1;\" aria-controls=\"ub-content-toggle-panel-0-7e39d34e-5442-4ae6-ae9e-814472db89b7\" tabindex=\"0\">\n\t\t\t<p class=\"wp-block-ub-content-toggle-accordion-title ub-content-toggle-title-7e39d34e-5442-4ae6-ae9e-814472db89b7\" style=\"color: #000000; \">Il y a du travail pour tout le monde au Canada \u2014 si vous \u00eates pr\u00eat \u00e0 travailler.<\/p>\n\t\t\t<div class=\"wp-block-ub-content-toggle-accordion-toggle-wrap right\" style=\"color: #000000;\"><span class=\"wp-block-ub-content-toggle-accordion-state-indicator wp-block-ub-chevron-down\"><\/span><\/div>\n\t\t<\/div>\n\t\t\t<div role=\"region\" aria-expanded=\"false\" class=\"wp-block-ub-content-toggle-accordion-content-wrap ub-hide\" id=\"ub-content-toggle-panel-0-7e39d34e-5442-4ae6-ae9e-814472db89b7\">\n\n<p><strong>FAUX:<\/strong> Ce n\u2019est <strong>pas forc\u00e9ment vrai!<\/strong> Il y a du ch\u00f4mage au Canada, comme dans n\u2019importe quel autre pays. Parler l\u2019anglais ou le fran\u00e7ais couramment, le b\u00e9n\u00e9volat pour acqu\u00e9rir de l\u2019exp\u00e9rience de travail au Canada et le r\u00e9seautage vous aideront \u00e0 trouver un emploi.<\/p>\n\n<\/div>\n\t\t<\/div>\n\n<div class=\"wp-block-ub-content-toggle-accordion\" style=\"border-color: #f1f1f1; \" id=\"ub-content-toggle-panel-block-\">\n\t\t\t<div class=\"wp-block-ub-content-toggle-accordion-title-wrap\" style=\"background-color: #f1f1f1;\" aria-controls=\"ub-content-toggle-panel-1-7e39d34e-5442-4ae6-ae9e-814472db89b7\" tabindex=\"0\">\n\t\t\t<p class=\"wp-block-ub-content-toggle-accordion-title ub-content-toggle-title-7e39d34e-5442-4ae6-ae9e-814472db89b7\" style=\"color: #000000; \">Je serai en mesure de gagner et d\u2019\u00e9conomiser beaucoup d\u2019argent pour aider \u00e0 soutenir tous les membres de ma famille au pays d\u2019origine.<\/p>\n\t\t\t<div class=\"wp-block-ub-content-toggle-accordion-toggle-wrap right\" style=\"color: #000000;\"><span class=\"wp-block-ub-content-toggle-accordion-state-indicator wp-block-ub-chevron-down\"><\/span><\/div>\n\t\t<\/div>\n\t\t\t<div role=\"region\" aria-expanded=\"false\" class=\"wp-block-ub-content-toggle-accordion-content-wrap ub-hide\" id=\"ub-content-toggle-panel-1-7e39d34e-5442-4ae6-ae9e-814472db89b7\">\n\n<p><strong>FAUX:<\/strong> L\u2019argent que vous recevez de vos r\u00e9pondants vous est donn\u00e9 pour couvrir vos frais de subsistance mensuels. Si vous voulez soutenir votre famille \u00e0 l\u2019\u00e9tranger, parlez avec votre groupe de parrainage s\u2019il y a d\u2019autres moyens de les soutenir.<\/p>\n\n<\/div>\n\t\t<\/div>\n\n<div class=\"wp-block-ub-content-toggle-accordion\" style=\"border-color: #f1f1f1; \" id=\"ub-content-toggle-panel-block-\">\n\t\t\t<div class=\"wp-block-ub-content-toggle-accordion-title-wrap\" style=\"background-color: #f1f1f1;\" aria-controls=\"ub-content-toggle-panel-2-7e39d34e-5442-4ae6-ae9e-814472db89b7\" tabindex=\"0\">\n\t\t\t<p class=\"wp-block-ub-content-toggle-accordion-title ub-content-toggle-title-7e39d34e-5442-4ae6-ae9e-814472db89b7\" style=\"color: #000000; \">Si l\u2019argent de nos r\u00e9pondants ne suffit pas, nous pouvons obtenir un soutien financier \u00e0 travers la masse salariale du gouvernement.<\/p>\n\t\t\t<div class=\"wp-block-ub-content-toggle-accordion-toggle-wrap right\" style=\"color: #000000;\"><span class=\"wp-block-ub-content-toggle-accordion-state-indicator wp-block-ub-chevron-down\"><\/span><\/div>\n\t\t<\/div>\n\t\t\t<div role=\"region\" aria-expanded=\"false\" class=\"wp-block-ub-content-toggle-accordion-content-wrap ub-hide\" id=\"ub-content-toggle-panel-2-7e39d34e-5442-4ae6-ae9e-814472db89b7\">\n\n<p><strong>FAUX:<\/strong> Il n\u2019y a pas de masse salariale du gouvernement au Canada! L\u2019assistance sociale, parfois appel\u00e9e \u00ab bien-\u00eatre social \u00bb, est obtenue par des familles qui n\u2019ont pas d\u2019autres sources de revenu. Dans votre cas, votre revenu vient du soutien financier que vous obtenez de la part de vos r\u00e9pondants. Collaborez avec vos r\u00e9pondants pour revoir votre budget et les d\u00e9penses mensuelles attentivement afin de d\u00e9terminer si des ajustements peuvent \u00eatre faits.<\/p>\n\n<\/div>\n\t\t<\/div>\n\n<div class=\"wp-block-ub-content-toggle-accordion\" style=\"border-color: #f1f1f1; \" id=\"ub-content-toggle-panel-block-\">\n\t\t\t<div class=\"wp-block-ub-content-toggle-accordion-title-wrap\" style=\"background-color: #f1f1f1;\" aria-controls=\"ub-content-toggle-panel-3-7e39d34e-5442-4ae6-ae9e-814472db89b7\" tabindex=\"0\">\n\t\t\t<p class=\"wp-block-ub-content-toggle-accordion-title ub-content-toggle-title-7e39d34e-5442-4ae6-ae9e-814472db89b7\" style=\"color: #000000; \">Il fait toujours froid au Canada. Le Canada est toujours enneig\u00e9. L\u2019hiver n\u2019en finit jamais!<\/p>\n\t\t\t<div class=\"wp-block-ub-content-toggle-accordion-toggle-wrap right\" style=\"color: #000000;\"><span class=\"wp-block-ub-content-toggle-accordion-state-indicator wp-block-ub-chevron-down\"><\/span><\/div>\n\t\t<\/div>\n\t\t\t<div role=\"region\" aria-expanded=\"false\" class=\"wp-block-ub-content-toggle-accordion-content-wrap ub-hide\" id=\"ub-content-toggle-panel-3-7e39d34e-5442-4ae6-ae9e-814472db89b7\">\n\n<p><strong>FAUX:<\/strong> M\u00eame si les hivers au Canada peuvent sembler longs, il y a en fait 4 saisons : le printemps, l\u2019\u00e9t\u00e9, l\u2019automne et l\u2019hiver. En g\u00e9n\u00e9ral, le printemps commence \u00e0 la fin du mois de mars, et l\u2019\u00e9t\u00e9 s\u2019\u00e9tend de mai ou juin jusqu\u2019\u00e0 la fin du mois d\u2019ao\u00fbt. Mais bien que les temp\u00e9ratures puissent \u00eatre tr\u00e8s basses en hiver,\u00a0 le Canada est souvent ensoleill\u00e9!<\/p>\n\n<\/div>\n\t\t<\/div>\n\n<div class=\"wp-block-ub-content-toggle-accordion\" style=\"border-color: #f1f1f1; \" id=\"ub-content-toggle-panel-block-\">\n\t\t\t<div class=\"wp-block-ub-content-toggle-accordion-title-wrap\" style=\"background-color: #f1f1f1;\" aria-controls=\"ub-content-toggle-panel-4-7e39d34e-5442-4ae6-ae9e-814472db89b7\" tabindex=\"0\">\n\t\t\t<p class=\"wp-block-ub-content-toggle-accordion-title ub-content-toggle-title-7e39d34e-5442-4ae6-ae9e-814472db89b7\" style=\"color: #000000; \">Tous les Canadiens sont blancs.<\/p>\n\t\t\t<div class=\"wp-block-ub-content-toggle-accordion-toggle-wrap right\" style=\"color: #000000;\"><span class=\"wp-block-ub-content-toggle-accordion-state-indicator wp-block-ub-chevron-down\"><\/span><\/div>\n\t\t<\/div>\n\t\t\t<div role=\"region\" aria-expanded=\"false\" class=\"wp-block-ub-content-toggle-accordion-content-wrap ub-hide\" id=\"ub-content-toggle-panel-4-7e39d34e-5442-4ae6-ae9e-814472db89b7\">\n\n<p><strong>FAUX:<\/strong> Le Canada est un pays multiculturel, avec des gens de diverses origines ethnoculturelles. Plus de 120 langues diff\u00e9rentes sont parl\u00e9es dans les foyers canadiens \u00e0 travers le pays.<\/p>\n\n<\/div>\n\t\t<\/div>\n\n<div class=\"wp-block-ub-content-toggle-accordion\" style=\"border-color: #f1f1f1; \" id=\"ub-content-toggle-panel-block-\">\n\t\t\t<div class=\"wp-block-ub-content-toggle-accordion-title-wrap\" style=\"background-color: #f1f1f1;\" aria-controls=\"ub-content-toggle-panel-5-7e39d34e-5442-4ae6-ae9e-814472db89b7\" tabindex=\"0\">\n\t\t\t<p class=\"wp-block-ub-content-toggle-accordion-title ub-content-toggle-title-7e39d34e-5442-4ae6-ae9e-814472db89b7\" style=\"color: #000000; \">Toutes les grandes villes canadiennes sont \u00e0 une courte distance en voiture l\u2019une de l\u2019autre.<\/p>\n\t\t\t<div class=\"wp-block-ub-content-toggle-accordion-toggle-wrap right\" style=\"color: #000000;\"><span class=\"wp-block-ub-content-toggle-accordion-state-indicator wp-block-ub-chevron-down\"><\/span><\/div>\n\t\t<\/div>\n\t\t\t<div role=\"region\" aria-expanded=\"false\" class=\"wp-block-ub-content-toggle-accordion-content-wrap ub-hide\" id=\"ub-content-toggle-panel-5-7e39d34e-5442-4ae6-ae9e-814472db89b7\">\n\n<p><strong>FAUX:<\/strong> Le Canada est le deuxi\u00e8me pays en grandeur, apr\u00e8s la Russie. Il est grand et vaste. M\u00eame les villes dans la m\u00eame province ou dans les provinces voisines peuvent \u00eatre des heures l\u2019une de l\u2019autre. Par exemple, il y a 660 km entre Saskatoon et Calgary. Il y a 2070 kilom\u00e8tres entre Winnipeg et Ottawa, 1240 km entre Halifax et Montr\u00e9al, et 4371 km entre Toronto et Vancouver!<\/p>\n\n<\/div>\n\t\t<\/div>\n\n<div class=\"wp-block-ub-content-toggle-accordion\" style=\"border-color: #f1f1f1; \" id=\"ub-content-toggle-panel-block-\">\n\t\t\t<div class=\"wp-block-ub-content-toggle-accordion-title-wrap\" style=\"background-color: #f1f1f1;\" aria-controls=\"ub-content-toggle-panel-6-7e39d34e-5442-4ae6-ae9e-814472db89b7\" tabindex=\"0\">\n\t\t\t<p class=\"wp-block-ub-content-toggle-accordion-title ub-content-toggle-title-7e39d34e-5442-4ae6-ae9e-814472db89b7\" style=\"color: #000000; \">Au cours de l\u2019hiver canadien, les gens ne peuvent pas quitter leurs maisons.<\/p>\n\t\t\t<div class=\"wp-block-ub-content-toggle-accordion-toggle-wrap right\" style=\"color: #000000;\"><span class=\"wp-block-ub-content-toggle-accordion-state-indicator wp-block-ub-chevron-down\"><\/span><\/div>\n\t\t<\/div>\n\t\t\t<div role=\"region\" aria-expanded=\"false\" class=\"wp-block-ub-content-toggle-accordion-content-wrap ub-hide\" id=\"ub-content-toggle-panel-6-7e39d34e-5442-4ae6-ae9e-814472db89b7\">\n\n<p><strong>FAUX:<\/strong> Les hivers au Canada ne sont pas si froids : les gens continuent bel et bien de sortir. Il y a beaucoup d\u2019activit\u00e9s d\u2019hiver pour toute la famille. Mais assurez-vous de porter des bottes, un manteau et d\u2019autres v\u00eatements bien chauds!<\/p>\n\n<\/div>\n\t\t<\/div>\n\n<div class=\"wp-block-ub-content-toggle-accordion\" style=\"border-color: #f1f1f1; \" id=\"ub-content-toggle-panel-block-\">\n\t\t\t<div class=\"wp-block-ub-content-toggle-accordion-title-wrap\" style=\"background-color: #f1f1f1;\" aria-controls=\"ub-content-toggle-panel-7-7e39d34e-5442-4ae6-ae9e-814472db89b7\" tabindex=\"0\">\n\t\t\t<p class=\"wp-block-ub-content-toggle-accordion-title ub-content-toggle-title-7e39d34e-5442-4ae6-ae9e-814472db89b7\" style=\"color: #000000; \">Au Canada, les parents ne sont pas autoris\u00e9s \u00e0 discipliner leurs enfants \/ les enfants peuvent envoyer leurs parents en prison s\u2019ils le veulent.<\/p>\n\t\t\t<div class=\"wp-block-ub-content-toggle-accordion-toggle-wrap right\" style=\"color: #000000;\"><span class=\"wp-block-ub-content-toggle-accordion-state-indicator wp-block-ub-chevron-down\"><\/span><\/div>\n\t\t<\/div>\n\t\t\t<div role=\"region\" aria-expanded=\"false\" class=\"wp-block-ub-content-toggle-accordion-content-wrap ub-hide\" id=\"ub-content-toggle-panel-7-7e39d34e-5442-4ae6-ae9e-814472db89b7\">\n\n<p><strong>FAUX:<\/strong> Les parents au Canada disciplinent leurs enfants, mais pas avec la force physique.<\/p>\n\n<\/div>\n\t\t<\/div>\n\n<div class=\"wp-block-ub-content-toggle-accordion\" style=\"border-color: #f1f1f1; \" id=\"ub-content-toggle-panel-block-\">\n\t\t\t<div class=\"wp-block-ub-content-toggle-accordion-title-wrap\" style=\"background-color: #f1f1f1;\" aria-controls=\"ub-content-toggle-panel-8-7e39d34e-5442-4ae6-ae9e-814472db89b7\" tabindex=\"0\">\n\t\t\t<p class=\"wp-block-ub-content-toggle-accordion-title ub-content-toggle-title-7e39d34e-5442-4ae6-ae9e-814472db89b7\" style=\"color: #000000; \">Tous les Canadiens sont riches et vivent dans de grandes maisons.<\/p>\n\t\t\t<div class=\"wp-block-ub-content-toggle-accordion-toggle-wrap right\" style=\"color: #000000;\"><span class=\"wp-block-ub-content-toggle-accordion-state-indicator wp-block-ub-chevron-down\"><\/span><\/div>\n\t\t<\/div>\n\t\t\t<div role=\"region\" aria-expanded=\"false\" class=\"wp-block-ub-content-toggle-accordion-content-wrap ub-hide\" id=\"ub-content-toggle-panel-8-7e39d34e-5442-4ae6-ae9e-814472db89b7\">\n\n<p><strong>FAUX:<\/strong> Il y a des pauvres comme des riches au Canada. Il y a aussi une grande classe moyenne qui travaille au Canada, mais certaines personnes sont sans abri et vivent dans la rue.<\/p>\n\n<\/div>\n\t\t<\/div>\n<\/div>\n\n<h2>Saviez-vous que \u2026?<\/h2>\n<p>Toute personne qui se d\u00e9place dans un nouveau pays peut \u00e9prouver le <strong>\u00abchoc culturel\u00bb.\u00a0<\/strong>Soyez pr\u00eat \u00e0 vivre des \u00e9motions telles que l\u2019excitation et la joie quand vous arrivez au Canada. Par contre, si vous \u00eates confront\u00e9 \u00e0 des diff\u00e9rences de langue, de valeurs et de normes, il serait normal que vous commenciez \u00e0 vous sentir frustr\u00e9, anxieux ou en col\u00e8re. Vous pouvez constater que c\u2019est un d\u00e9fi de se faire de nouveaux amis, de comprendre l\u2019humour local, de traiter avec des gens qui sont impolis ou difficiles. Ne vous inqui\u00e9tez pas pour autant! Tout cela est normal et fait partie du processus d\u2019adaptation \u00e0 un nouveau pays! Vous trouverez apr\u00e8s un certain temps que cette p\u00e9riode de crise prendra fin : mieux vous conna\u00eetrez la langue, les normes culturelles et les coutumes locales, moins vous vous sentirez stress\u00e9 et plus vous verrez toutes les possibilit\u00e9s offertes par le Canada. Vos r\u00e9pondants seront l\u00e0 pour vous soutenir dans cette phase d\u2019adaptation culturelle \u2014 n\u2019ayez pas peur de leur demander de l\u2019aide.<\/p>\n<p>Le Canada est le deuxi\u00e8me plus grand pays du monde \u2013 le vol de Halifax, dans l\u2019extr\u00eame Est \u00e0 Vancouver, dans l\u2019extr\u00eame Ouest prend au moins 10 heures<\/p>\n<p>Le Canada est beau \u2013 vous pouvez trouver des montagnes, des prairies, des lacs et l\u2019oc\u00e9an dans diff\u00e9rentes parties du pays. Chaque province canadienne a son propre caract\u00e8re unique et des caract\u00e9ristiques sp\u00e9ciales. Prenez le temps d\u2019explorer ce qui rend votre nouvelle maison sp\u00e9ciale!<\/p>\n<div>\n<p>Malgr\u00e9 sa taille, le Canada a une population de 35 millions seulement.<\/p>\n<p>Le Canada est officiellement bilingue (anglais\/fran\u00e7ais) et multiculturel.<\/p>\n<p>Le Canada est une terre d\u2019immigrants \u2013 les premiers colons \u00e9taient les Fran\u00e7ais et les Britanniques.<\/p>\n<p>La discrimination fond\u00e9e sur la race d\u2019une personne, l\u2019origine nationale ou ethnique, la couleur, la religion, l\u2019\u00e2ge, le sexe, l\u2019orientation sexuelle, l\u2019\u00e9tat matrimonial, la situation familiale, le handicap ou une condamnation pour laquelle un pardon a \u00e9t\u00e9 accord\u00e9 est interdite par la loi au Canada.<\/p>\n<p>En tant que r\u00e9sident permanent, vous avez \u00e9galement des droits civils en vertu de la Charte canadienne des droits et libert\u00e9s, y compris :<\/p>\n<ul>\n<li>La libert\u00e9 de conscience, de religion, de pens\u00e9e, de croyance, d\u2019expression et de r\u00e9union pacifique<\/li>\n<li>La protection contre la d\u00e9tention ou l\u2019emprisonnement arbitraires, le droit de ne pas \u00eatre soumis \u00e0 un ch\u00e2timent cruel et inhabituel<\/li>\n<li>L\u2019\u00e9galit\u00e9 devant la loi, ainsi que la protection \u00e9gale et l\u2019\u00e9gal b\u00e9n\u00e9fice de la loi sans discrimination<\/li>\n<li>Et plus encore<\/li>\n<\/ul>\n<\/div>","protected":false},"excerpt":{"rendered":"<p>Lorsque vous \u00eates un r\u00e9fugi\u00e9 parrain\u00e9 par un groupe au Canada, il se peut que vous ayez beaucoup de questions sur ce qui vous attend au Canada, telles que: Quel genre de personnes sont mes r\u00e9pondants? Combien d&#8217;aide peuvent-ils m&#8217;offrir? Mes enfants seront-ils heureux au Canada? Quel genre de travail serai-je en mesure d&#8217;obtenir?<\/p>\n","protected":false},"author":4,"featured_media":0,"parent":1225,"menu_order":2,"comment_status":"closed","ping_status":"closed","template":"","meta":{"_relevanssi_hide_post":"","_relevanssi_hide_content":"","_relevanssi_pin_for_all":"","_relevanssi_pin_keywords":"","_relevanssi_unpin_keywords":"","_relevanssi_related_keywords":"","_relevanssi_related_include_ids":"","_relevanssi_related_exclude_ids":"","_relevanssi_related_no_append":"","_relevanssi_related_not_related":"","_relevanssi_related_posts":"15968,10666,13832,13843,13874,22827","_relevanssi_noindex_reason":"","_price":"","_stock":"","_tribe_ticket_header":"","_tribe_default_ticket_provider":"","_ticket_start_date":"","_ticket_end_date":"","_tribe_ticket_show_description":"","_tribe_ticket_show_not_going":false,"_tribe_ticket_use_global_stock":"","_tribe_ticket_global_stock_level":"","_global_stock_mode":"","_global_stock_cap":"","_tribe_rsvp_for_event":"","_tribe_ticket_going_count":"","_tribe_ticket_not_going_count":"","_tribe_tickets_list":"[]","_tribe_ticket_has_attendee_info_fields":false,"footnotes":"","_tec_slr_enabled":"","_tec_slr_layout":""},"class_list":["post-1243","page","type-page","status-publish","hentry"],"featured_image_src":null,"ticketed":false,"_links":{"self":[{"href":"https:\/\/rstptemp.turnbull.co\/fr\/wp-json\/wp\/v2\/pages\/1243","targetHints":{"allow":["GET"]}}],"collection":[{"href":"https:\/\/rstptemp.turnbull.co\/fr\/wp-json\/wp\/v2\/pages"}],"about":[{"href":"https:\/\/rstptemp.turnbull.co\/fr\/wp-json\/wp\/v2\/types\/page"}],"author":[{"embeddable":true,"href":"https:\/\/rstptemp.turnbull.co\/fr\/wp-json\/wp\/v2\/users\/4"}],"replies":[{"embeddable":true,"href":"https:\/\/rstptemp.turnbull.co\/fr\/wp-json\/wp\/v2\/comments?post=1243"}],"version-history":[{"count":8,"href":"https:\/\/rstptemp.turnbull.co\/fr\/wp-json\/wp\/v2\/pages\/1243\/revisions"}],"predecessor-version":[{"id":32216,"href":"https:\/\/rstptemp.turnbull.co\/fr\/wp-json\/wp\/v2\/pages\/1243\/revisions\/32216"}],"up":[{"embeddable":true,"href":"https:\/\/rstptemp.turnbull.co\/fr\/wp-json\/wp\/v2\/pages\/1225"}],"wp:attachment":[{"href":"https:\/\/rstptemp.turnbull.co\/fr\/wp-json\/wp\/v2\/media?parent=1243"}],"curies":[{"name":"wp","href":"https:\/\/api.w.org\/{rel}","templated":true}]}}