{"id":1246,"date":"2014-04-04T09:59:58","date_gmt":"2014-04-04T09:59:58","guid":{"rendered":"http:\/\/rstp.fantomdesign.net\/?page_id=1246"},"modified":"2019-02-28T10:12:54","modified_gmt":"2019-02-28T15:12:54","slug":"conditions-dans-les-pays-dorigine","status":"publish","type":"page","link":"https:\/\/rstptemp.turnbull.co\/fr\/refugies\/conditions-dans-les-pays-dorigine\/","title":{"rendered":"Conditions dans les pays d\u2019origine"},"content":{"rendered":"<p><strong><img loading=\"lazy\" decoding=\"async\" class=\"size-medium wp-image-414 alignleft\" style=\"margin: 0 20px 20px 0;\" src=\"http:\/\/www.rstp.ca\/wp-content\/uploads\/2014\/03\/country-conditions-lighter-blue-300x157.jpg\" alt=\"country-conditions-lighter-blue\" width=\"300\" height=\"157\" srcset=\"https:\/\/rstptemp.turnbull.co\/wp-content\/uploads\/2014\/03\/country-conditions-lighter-blue-300x157.jpg 300w, https:\/\/rstptemp.turnbull.co\/wp-content\/uploads\/2014\/03\/country-conditions-lighter-blue.jpg 673w\" sizes=\"auto, (max-width: 300px) 100vw, 300px\" \/>Bienvenue<\/strong> sur la page de ressources sur les conditions dans les pays d&#8217;origine!<\/p>\n<p>Les sources et les r\u00e9sum\u00e9s compil\u00e9s dans cette section fournissent des informations sur les conditions dans les pays d&#8217;origine d&#8217;o\u00f9 viennent les r\u00e9fugi\u00e9s pour aider les groupes de parrainage \u00e0 \u00e9valuer des cas potentiels. Mener des recherches sur la situation du pays permet aux groupes de parrainage priv\u00e9s de renforcer leur compr\u00e9hension des questions d&#8217;\u00e9ligibilit\u00e9 et d&#8217;am\u00e9liorer leur travail de planification et de pr\u00e9paration. Ces informations sont destin\u00e9es \u00e0 servir de point de d\u00e9part de cette recherche et ne sont aucunement exhaustives, mais on a pris soin de pencher vers les sources l\u00e9gitimes et d\u2019indiquer les tendances en mati\u00e8re de pers\u00e9cution. Les pays \u00e9tudi\u00e9s ici ont \u00e9t\u00e9 choisis en fonction des parrainages et des arriv\u00e9es des r\u00e9fugi\u00e9s parrain\u00e9s par le secteur priv\u00e9 au cours des cinq derni\u00e8res ann\u00e9es.<\/p>\n<p><em>Avis de non-responsabilit\u00e9 : Ces pages ressources sur les conditions des pays d&#8217;origine n&#8217;ont pas \u00e9t\u00e9 compil\u00e9es pour fournir des conseils juridiques. Pour des conseils juridiques, des d\u00e9finitions et des exigences, veuillez consulter un professionnel du droit et examiner les lois, politiques et directives gouvernementales (p. ex. : La Loi sur l&#8217;immigration et la protection des r\u00e9fugi\u00e9s et le R\u00e8glement sur l&#8217;immigration et la protection des r\u00e9fugi\u00e9s).<\/em><\/p>\n<p><span style=\"color: #993300;\"><strong>Pour les informations mises \u00e0 jour sur les conditions dans les pays d&#8217;origine, veuillez consulter les cartables nationaux de documentation de la Commission de l&#8217;immigration et du statut de r\u00e9fugi\u00e9 du Canada, <span style=\"color: #0000ff;\"><a style=\"color: #0000ff;\" href=\"http:\/\/www.irb-cisr.gc.ca\/Fra\/ResRec\/NdpCnd\/Pages\/ndpcnd.aspx\">disponibles ici<\/a><\/span>. Ces cartables sont disponibles pour tous les pays et fournissent les informations sur les conditions dans les pays d&#8217;origine des r\u00e9fugi\u00e9s.\u00a0<\/strong><\/span><\/p>\n<h2>S&#8217;il vous pla\u00eet choisir un pays d&#8217;origine :<\/h2>\n<div class='content-column one_third'><div style=\"padding-right:20px;\"><h3><strong>Afrique<\/strong><\/h3>\n<p><a href=\"\/fr\/refugies\/conditions-dans-les-pays-dorigine\/republique-democratique-du-congo\/\" rel=\"noopener\">RD Congo<\/a><br \/>\n<a href=\"\/fr\/refugies\/conditions-dans-les-pays-dorigine\/erythree\/\" rel=\"noopener\">\u00c9rythr\u00e9e<\/a><br \/>\n<a href=\"\/fr\/refugies\/conditions-dans-les-pays-dorigine\/ethiopie\/\" rel=\"noopener\">\u00c9thiopie<\/a><br \/>\n<a href=\"\/fr\/refugies\/conditions-dans-les-pays-dorigine\/somalie\/\" rel=\"noopener\">Somalie<\/a><\/p><\/div><\/div>\n<div class='content-column one_third'><div style=\"padding-right:20px;\"><h3><strong>Asie et Moyen-Orient<\/strong><\/h3>\n<p><a href=\"\/fr\/refugies\/conditions-dans-les-pays-dorigine\/afghanistan\/\" rel=\"noopener\">Afghanistan<\/a><br \/>\n<a href=\"\/fr\/refugies\/conditions-dans-les-pays-dorigine\/iran\/\" rel=\"noopener\">Iran<\/a><br \/>\n<a href=\"\/fr\/refugies\/conditions-dans-les-pays-dorigine\/irak\/\" rel=\"noopener\">Irak<\/a><br \/>\n<a href=\"\/fr\/refugies\/conditions-dans-les-pays-dorigine\/myanmar-birmanie\/\" rel=\"noopener\">Myanmar \/ Birmanie<\/a><br \/>\n<a href=\"\/fr\/refugies\/conditions-dans-les-pays-dorigine\/sri-lanka\/\" rel=\"noopener\">Sri Lanka<\/a><br \/>\n<a href=\"\/fr\/refugies\/conditions-dans-les-pays-dorigine\/syrie\/\" rel=\"noopener\">Syrie<\/a><\/p><\/div><\/div><div class='content-column one_third last_column'><h3>Am\u00e9rique du Sud<\/h3>\n<p><a href=\"\/fr\/refugies\/conditions-dans-les-pays-dorigine\/colombie\/\" rel=\"noopener\">Colombie<\/a><\/p><\/div><div class='clear_column'><\/div><\/p>\n","protected":false},"excerpt":{"rendered":"<p>Bienvenue sur la page de ressources sur les conditions dans les pays d&#8217;origine!<br \/>\nLes sources et les r\u00e9sum\u00e9s compil\u00e9s dans cette section fournissent des informations sur les conditions dans les pays d&#8217;origine d&#8217;o\u00f9 viennent les r\u00e9fugi\u00e9s pour aider les groupes de parrainage \u00e0 \u00e9valuer des cas potentiels. Mener des recherches sur la situation du pays permet aux groupes de parrainage priv\u00e9s de renforcer leur compr\u00e9hension des questions d&#8217;\u00e9ligibilit\u00e9 et d&#8217;am\u00e9liorer leur travail de planification et de pr\u00e9paration.<\/p>\n","protected":false},"author":4,"featured_media":0,"parent":1225,"menu_order":2,"comment_status":"open","ping_status":"open","template":"","meta":{"_relevanssi_hide_post":"","_relevanssi_hide_content":"","_relevanssi_pin_for_all":"","_relevanssi_pin_keywords":"","_relevanssi_unpin_keywords":"","_relevanssi_related_keywords":"","_relevanssi_related_include_ids":"","_relevanssi_related_exclude_ids":"","_relevanssi_related_no_append":"","_relevanssi_related_not_related":"","_relevanssi_related_posts":"","_relevanssi_noindex_reason":"","_price":"","_stock":"","_tribe_ticket_header":"","_tribe_default_ticket_provider":"","_ticket_start_date":"","_ticket_end_date":"","_tribe_ticket_show_description":"","_tribe_ticket_show_not_going":false,"_tribe_ticket_use_global_stock":"","_tribe_ticket_global_stock_level":"","_global_stock_mode":"","_global_stock_cap":"","_tribe_rsvp_for_event":"","_tribe_ticket_going_count":"","_tribe_ticket_not_going_count":"","_tribe_tickets_list":"[]","_tribe_ticket_has_attendee_info_fields":false,"footnotes":"","_tec_slr_enabled":"","_tec_slr_layout":""},"class_list":["post-1246","page","type-page","status-publish","hentry"],"featured_image_src":null,"ticketed":false,"_links":{"self":[{"href":"https:\/\/rstptemp.turnbull.co\/fr\/wp-json\/wp\/v2\/pages\/1246","targetHints":{"allow":["GET"]}}],"collection":[{"href":"https:\/\/rstptemp.turnbull.co\/fr\/wp-json\/wp\/v2\/pages"}],"about":[{"href":"https:\/\/rstptemp.turnbull.co\/fr\/wp-json\/wp\/v2\/types\/page"}],"author":[{"embeddable":true,"href":"https:\/\/rstptemp.turnbull.co\/fr\/wp-json\/wp\/v2\/users\/4"}],"replies":[{"embeddable":true,"href":"https:\/\/rstptemp.turnbull.co\/fr\/wp-json\/wp\/v2\/comments?post=1246"}],"version-history":[{"count":19,"href":"https:\/\/rstptemp.turnbull.co\/fr\/wp-json\/wp\/v2\/pages\/1246\/revisions"}],"predecessor-version":[{"id":9412,"href":"https:\/\/rstptemp.turnbull.co\/fr\/wp-json\/wp\/v2\/pages\/1246\/revisions\/9412"}],"up":[{"embeddable":true,"href":"https:\/\/rstptemp.turnbull.co\/fr\/wp-json\/wp\/v2\/pages\/1225"}],"wp:attachment":[{"href":"https:\/\/rstptemp.turnbull.co\/fr\/wp-json\/wp\/v2\/media?parent=1246"}],"curies":[{"name":"wp","href":"https:\/\/api.w.org\/{rel}","templated":true}]}}