{"id":1260,"date":"2014-04-04T10:08:36","date_gmt":"2014-04-04T10:08:36","guid":{"rendered":"http:\/\/rstp.fantomdesign.net\/?page_id=1260"},"modified":"2025-11-23T07:28:08","modified_gmt":"2025-11-23T12:28:08","slug":"regroupement-familial","status":"publish","type":"page","link":"https:\/\/rstptemp.turnbull.co\/fr\/refugies\/regroupement-familial\/","title":{"rendered":"Regroupement familial et d\u00e9lai prescrit d&#8217;un an"},"content":{"rendered":"<p>Si les membres de votre famille imm\u00e9diate (conjoint \/ conjoint de fait, enfants \u00e0 charge, et les enfants des enfants \u00e0 charge) n\u2019ont pas \u00e9t\u00e9 en mesure de vous accompagner au Canada lorsque vous avez \u00e9t\u00e9 parrain\u00e9, vous pourriez les faire venir dans le cadre du d\u00e9lai prescrit d\u2019un an.<\/p>\n<p>Le d\u00e9lai prescrit d\u2019un an peut aider \u00e0 la r\u00e9unification des familles dans certaines circonstances. Il permet aux r\u00e9fugi\u00e9s r\u00e9install\u00e9s au Canada d&#8217;identifier, dans l&#8217;ann\u00e9e suivant leur arriv\u00e9e au pays, des membres de leur famille imm\u00e9diate qui se trouvent \u00e0 l&#8217;\u00e9tranger pour \u00eatre r\u00e9install\u00e9s. Les membres de la famille identifi\u00e9s dans le cadre du d\u00e9lai prescrit d\u2019un an sont trait\u00e9s comme des personnes \u00e0 votre charge et n\u2019auront donc pas besoin d&#8217;\u00eatre reconnus en tant que r\u00e9fugi\u00e9s. Cependant, ils doivent respecter toutes les autres exigences en mati\u00e8re d&#8217;immigration tels que les crit\u00e8res d\u2019admissibilit\u00e9.<\/p>\n<p>Les agents des visas examineront \u00e9galement une demande dans le cadre du d\u00e9lai prescrit d\u2019un an pour s&#8217;assurer qu&#8217;un soutien \u00e0 l\u2019\u00e9tablissement ad\u00e9quat est en place. Les r\u00e9pondants s&#8217;engagent \u00e0 fournir un soutien pour tous les membres de la famille, m\u00eame ceux qui ont \u00e9t\u00e9 \u00e9num\u00e9r\u00e9s en tant que membres de la famille qui n&#8217;accompagnent pas lorsque la demande a \u00e9t\u00e9 soumise. Cela signifie que les r\u00e9pondants sont charg\u00e9s de soutenir tous les membres de la famille, m\u00eame ceux qui arrivent plus tard dans la cadre du d\u00e9lai prescrit d\u2019un an.<\/p>\n<p><strong>Les responsabilit\u00e9s des r\u00e9pondants<\/strong><\/p>\n<p>Si la personne r\u00e9fugi\u00e9e que vous avez parrain\u00e9e aimerait faire une demande dans le cadre du d\u00e9lai prescrit d\u2019un an, votre groupe sera inform\u00e9 de la demande du membre de la famille qui n&#8217;a pas accompagn\u00e9 le demandeur principal dans un premier temps afin de s&#8217;assurer que vous \u00eates encore capable et dispos\u00e9 \u00e0 fournir du soutien \u00e0 l\u2019\u00e9tablissement. En vertu de l&#8217;entente de parrainage et du plan d\u2019\u00e9tablissement, les r\u00e9pondants sont tenus de fournir un soutien \u00e0 tous les membres d&#8217;une famille pendant toute la dur\u00e9e du parrainage, quel que soit le moment de leur arriv\u00e9e, \u00e0 moins que le r\u00e9fugi\u00e9 au Canada soit en mesure de subvenir convenablement aux besoins de sa famille.<\/p>\n<p>Si vous parrainez en vertu de l&#8217;entente d&#8217;un Signataire d&#8217;entente de parrainage, vous devrez utiliser une place de parrainage pour chaque membre de la famille, qu&#8217;il accompagne le demandeur principal au Canada ou non, au moment de soumettre la demande initiale de parrainage.<\/p>\n\n\n<div class=\"wp-block-group is-layout-flex wp-block-group-is-layout-flex\">\n<figure id=\"attachment_572\" aria-describedby=\"caption-attachment-572\" style=\"width: 205px\" class=\"wp-caption alignnone\"><img loading=\"lazy\" decoding=\"async\" class=\"size-full wp-image-572 \" src=\"https:\/\/rstptemp.turnbull.co\/wp-content\/uploads\/2014\/03\/UNHCR_b.Diab_.jpg\" alt=\"Photo by UNHCR \/ B. Diab\" width=\"205\" height=\"136\" \/><figcaption id=\"caption-attachment-572\" class=\"wp-caption-text\">Photo par UNHCR \/ B. Diab<\/figcaption><\/figure>\n\n\n\n<figure id=\"attachment_573\" aria-describedby=\"caption-attachment-573\" style=\"width: 205px\" class=\"wp-caption alignnone\"><img loading=\"lazy\" decoding=\"async\" class=\"size-full wp-image-573 \" src=\"https:\/\/rstptemp.turnbull.co\/wp-content\/uploads\/2014\/03\/UNHCR_M.Maguire.jpg\" alt=\"Photo by UNHCR \/ M. Maguire\" width=\"205\" height=\"136\" \/><figcaption id=\"caption-attachment-573\" class=\"wp-caption-text\">Photo par UNHCR \/ M. Maguire<\/figcaption><\/figure>\n\n\n\n<figure id=\"attachment_574\" aria-describedby=\"caption-attachment-574\" style=\"width: 205px\" class=\"wp-caption alignnone\"><img loading=\"lazy\" decoding=\"async\" class=\"size-full wp-image-574 \" src=\"https:\/\/rstptemp.turnbull.co\/wp-content\/uploads\/2014\/03\/UNHCR_R.Arnold.jpg\" alt=\"Photo by UNHCR \/ R. Arnold\" width=\"205\" height=\"141\" \/><figcaption id=\"caption-attachment-574\" class=\"wp-caption-text\">Photo par UNHCR \/ R. Arnold<\/figcaption><\/figure>\n\n\n\n<figure id=\"attachment_575\" aria-describedby=\"caption-attachment-575\" style=\"width: 205px\" class=\"wp-caption alignnone\"><img loading=\"lazy\" decoding=\"async\" class=\"size-full wp-image-575 \" src=\"https:\/\/rstptemp.turnbull.co\/wp-content\/uploads\/2014\/03\/UNHCR_A.Coseac.jpg\" alt=\"Photo by UNHCR \/ A. Coseac\" width=\"205\" height=\"137\" \/><figcaption id=\"caption-attachment-575\" class=\"wp-caption-text\">Photo par UNHCR \/ A. Coseac<\/figcaption><\/figure>\n<\/div>\n","protected":false},"excerpt":{"rendered":"<p>Si les membres de votre famille imm\u00e9diate (conjoint \/ conjoint de fait, enfants \u00e0 charge, et les enfants des enfants \u00e0 charge) n\u2019ont pas \u00e9t\u00e9 en mesure de vous accompagner au Canada lorsque vous avez \u00e9t\u00e9 parrain\u00e9, vous pourriez les faire venir dans le cadre du d\u00e9lai prescrit d\u2019un an.<br \/>\nLe d\u00e9lai prescrit d\u2019un an peut aider \u00e0 la r\u00e9unification des familles dans certaines circonstances.<\/p>\n","protected":false},"author":4,"featured_media":0,"parent":1225,"menu_order":4,"comment_status":"closed","ping_status":"closed","template":"","meta":{"_relevanssi_hide_post":"","_relevanssi_hide_content":"","_relevanssi_pin_for_all":"","_relevanssi_pin_keywords":"","_relevanssi_unpin_keywords":"","_relevanssi_related_keywords":"","_relevanssi_related_include_ids":"","_relevanssi_related_exclude_ids":"","_relevanssi_related_no_append":"","_relevanssi_related_not_related":"","_relevanssi_related_posts":"13874,10666,13843,13832,15968,22827","_relevanssi_noindex_reason":"","_price":"","_stock":"","_tribe_ticket_header":"","_tribe_default_ticket_provider":"","_ticket_start_date":"","_ticket_end_date":"","_tribe_ticket_show_description":"","_tribe_ticket_show_not_going":false,"_tribe_ticket_use_global_stock":"","_tribe_ticket_global_stock_level":"","_global_stock_mode":"","_global_stock_cap":"","_tribe_rsvp_for_event":"","_tribe_ticket_going_count":"","_tribe_ticket_not_going_count":"","_tribe_tickets_list":"[]","_tribe_ticket_has_attendee_info_fields":false,"footnotes":"","_tec_slr_enabled":"","_tec_slr_layout":""},"class_list":["post-1260","page","type-page","status-publish","hentry"],"featured_image_src":null,"ticketed":false,"_links":{"self":[{"href":"https:\/\/rstptemp.turnbull.co\/fr\/wp-json\/wp\/v2\/pages\/1260","targetHints":{"allow":["GET"]}}],"collection":[{"href":"https:\/\/rstptemp.turnbull.co\/fr\/wp-json\/wp\/v2\/pages"}],"about":[{"href":"https:\/\/rstptemp.turnbull.co\/fr\/wp-json\/wp\/v2\/types\/page"}],"author":[{"embeddable":true,"href":"https:\/\/rstptemp.turnbull.co\/fr\/wp-json\/wp\/v2\/users\/4"}],"replies":[{"embeddable":true,"href":"https:\/\/rstptemp.turnbull.co\/fr\/wp-json\/wp\/v2\/comments?post=1260"}],"version-history":[{"count":5,"href":"https:\/\/rstptemp.turnbull.co\/fr\/wp-json\/wp\/v2\/pages\/1260\/revisions"}],"predecessor-version":[{"id":32688,"href":"https:\/\/rstptemp.turnbull.co\/fr\/wp-json\/wp\/v2\/pages\/1260\/revisions\/32688"}],"up":[{"embeddable":true,"href":"https:\/\/rstptemp.turnbull.co\/fr\/wp-json\/wp\/v2\/pages\/1225"}],"wp:attachment":[{"href":"https:\/\/rstptemp.turnbull.co\/fr\/wp-json\/wp\/v2\/media?parent=1260"}],"curies":[{"name":"wp","href":"https:\/\/api.w.org\/{rel}","templated":true}]}}