{"id":1263,"date":"2014-04-04T10:09:52","date_gmt":"2014-04-04T10:09:52","guid":{"rendered":"http:\/\/rstp.fantomdesign.net\/?page_id=1263"},"modified":"2025-11-06T05:50:27","modified_gmt":"2025-11-06T10:50:27","slug":"la-persecution-basee-sur-lorientation-sexuelle-et-identite-de-genre","status":"publish","type":"page","link":"https:\/\/rstptemp.turnbull.co\/fr\/refugies\/la-persecution-basee-sur-lorientation-sexuelle-et-identite-de-genre\/","title":{"rendered":"La pers\u00e9cution bas\u00e9e sur l&#8217;orientation sexuelle et l&#8217;identit\u00e9 de genre"},"content":{"rendered":"<p>Les personnes lesbiennes, gaies, bisexuelles, transgenres et intersexu\u00e9es (LGBTI) sont soumises \u00e0 l&#8217;emprisonnement dans plus de 73 pays et \u00e0 la peine de mort dans 5 pays (Iran, Mauritanie, R\u00e9publique du Soudan, Arabie Saoudite, Y\u00e9men) ainsi que dans certaines r\u00e9gions du Nigeria et de la Somalie, \u00e0 cause de l&#8217;existence de lois contre les relations et les activit\u00e9s de m\u00eame sexe.<\/p>\n<p>Malgr\u00e9 l&#8217;avancement des droits dans certains pays en mati\u00e8re de reconnaissance des unions entre conjoints de m\u00eame sexe et de l&#8217;adoption conjointe,\u00a0 les personnes qui s&#8217;identifient en tant que membres de la communaut\u00e9 LGBTI demeurent toujours, dans de nombreuses r\u00e9gions du monde, la cible de pers\u00e9cutions, de menaces de mort, de violence sexuelle et sexiste, d&#8217;agression physique, de torture, de \u00ab\u00a0th\u00e9rapies correctives\u00a0\u00bb forc\u00e9es (par exemple, le placement en institution, les op\u00e9rations de changement de sexe, les agressions sexuelles et le viol, les injections de m\u00e9dicaments, la th\u00e9rapie hormonale, la th\u00e9rapie par \u00e9lectrochocs, etc.). Elles risquent \u00e9galement la peine de mort, les ex\u00e9cutions, les ch\u00e2timents corporels, l&#8217;emprisonnement, ainsi que des accusations de comportement immoral ou d\u00e9viant. Elles peuvent se voir refuser leurs droits de rassemblement, d&#8217;expression et d&#8217;information, ainsi que le droit au mariage et \u00e0 l&#8217;adoption d&#8217;enfants, en plus de faire face \u00e0 de la discrimination en mati\u00e8re d&#8217;emploi, de sant\u00e9 et d&#8217;\u00e9ducation.<\/p>\n<p>Bien que les demandes d&#8217;asile fond\u00e9es sur l&#8217;orientation sexuelle sont principalement reconnues en vertu de la Convention de 1951 relative au statut des r\u00e9fugi\u00e9s en raison de l&#8217;<strong>appartenance \u00e0 un groupe social particulier<\/strong>, les demandeurs d&#8217;asile qui fuient la violence et les violations des droits de la personne en raison de leur orientation sexuelle ou identit\u00e9 de genre font encore face \u00e0 des difficult\u00e9s importantes \u00e0 l&#8217;heure de pr\u00e9senter leurs demandes et de recevoir le statut de r\u00e9fugi\u00e9 sur la base de ces revendications. Certains des facteurs influents ont trait \u00e0 l&#8217;importance excessive accord\u00e9e \u00e0 la conduite sexuelle plut\u00f4t qu&#8217;\u00e0 l&#8217;orientation ou l&#8217;identit\u00e9, \u00e0 la criminalisation, au r\u00f4le que joue la visibilit\u00e9 sociale dans l&#8217;\u00e9tablissement de \u00ab\u00a0l&#8217;appartenance \u00e0 un certain groupe social\u00a0\u00bb et \u00e0 l&#8217;\u00e9valuation des \u00ab\u00a0preuves\u00a0\u00bb et de la cr\u00e9dibilit\u00e9.<\/p>\n<p>Les r\u00e9fugi\u00e9s qui fuient la pers\u00e9cution en raison de leur orientation sexuelle ou identit\u00e9 de genre et qui r\u00e9pondent aux crit\u00e8res d&#8217;\u00e9ligibilit\u00e9 et d\u2019admissibilit\u00e9 du programme de r\u00e9installation au Canada peuvent \u00eatre parrain\u00e9s par des groupes issus du secteur priv\u00e9. Il peut \u00eatre plus difficile d&#8217;identifier des r\u00e9fugi\u00e9s LGBTI pouvant \u00eatre parrain\u00e9s, car le fait de divulguer l&#8217;orientation sexuelle ou l&#8217;identit\u00e9 de genre dans le pays d&#8217;asile repr\u00e9sente souvent un grand risque. Cependant, avec l&#8217;aide d&#8217;ONG locales et d&#8217;organisations humanitaires internationales telles que le HCR, un certain nombre de r\u00e9fugi\u00e9s LGBTI ont \u00e9t\u00e9 recommand\u00e9s \u00e0 des groupes de parrainage priv\u00e9 au Canada et sont d\u00e9j\u00e0 arriv\u00e9s ou sont en train d&#8217;\u00eatre parrain\u00e9s pour venir au Canada. Des r\u00e9fugi\u00e9s LGBTI sont identifi\u00e9s pour \u00eatre parrain\u00e9s et attendent d&#8217;\u00eatre jumel\u00e9s avec des r\u00e9pondants dans le cadre du Programme mixte des r\u00e9fugi\u00e9s d\u00e9sign\u00e9s par un bureau des visas (RDBV). Pour plus d&#8217;informations, contactez le PFPR.<\/p>\n<p>Aidez \u00e0 prot\u00e9ger les r\u00e9fugi\u00e9s LGBTI:<\/p>\n<ul>\n<li><a href=\"\/fr\/initiatives-speciales\/projet-pilote-de-parrainage-de-refugies-glbti\/\" target=\"_blank\" rel=\"noopener\">Initiative de parrainage conjoint <em>Rainbow Refugee Assistance Partnership <\/em><\/a><\/li>\n<li><a href=\"\/fr\/initiatives-speciales\/initiative-mixte-de-cas-de-refugies-dbv\/\" target=\"_blank\" rel=\"noopener\">Programme mixte des RDBV<\/a><\/li>\n<\/ul>\n","protected":false},"excerpt":{"rendered":"<p>Les personnes lesbiennes, gaies, bisexuelles, transgenres et intersexu\u00e9es (LGBTI) sont soumises \u00e0 l&#8217;emprisonnement dans plus de 73 pays et \u00e0 la peine de mort dans 5 pays (Iran, Mauritanie, R\u00e9publique du Soudan, Arabie Saoudite, Y\u00e9men) ainsi que dans certaines r\u00e9gions du Nigeria et de la Somalie, \u00e0 cause de l&#8217;existence de lois contre les relations et les activit\u00e9s de m\u00eame sexe.<\/p>\n","protected":false},"author":4,"featured_media":0,"parent":1225,"menu_order":0,"comment_status":"closed","ping_status":"closed","template":"","meta":{"_relevanssi_hide_post":"","_relevanssi_hide_content":"","_relevanssi_pin_for_all":"","_relevanssi_pin_keywords":"","_relevanssi_unpin_keywords":"","_relevanssi_related_keywords":"","_relevanssi_related_include_ids":"","_relevanssi_related_exclude_ids":"","_relevanssi_related_no_append":"","_relevanssi_related_not_related":"","_relevanssi_related_posts":"22029,13843,13832,22827,13874,15968","_relevanssi_noindex_reason":"","_price":"","_stock":"","_tribe_ticket_header":"","_tribe_default_ticket_provider":"","_ticket_start_date":"","_ticket_end_date":"","_tribe_ticket_show_description":"","_tribe_ticket_show_not_going":false,"_tribe_ticket_use_global_stock":"","_tribe_ticket_global_stock_level":"","_global_stock_mode":"","_global_stock_cap":"","_tribe_rsvp_for_event":"","_tribe_ticket_going_count":"","_tribe_ticket_not_going_count":"","_tribe_tickets_list":"[]","_tribe_ticket_has_attendee_info_fields":false,"footnotes":"","_tec_slr_enabled":"","_tec_slr_layout":""},"class_list":["post-1263","page","type-page","status-publish","hentry"],"featured_image_src":null,"ticketed":false,"_links":{"self":[{"href":"https:\/\/rstptemp.turnbull.co\/fr\/wp-json\/wp\/v2\/pages\/1263","targetHints":{"allow":["GET"]}}],"collection":[{"href":"https:\/\/rstptemp.turnbull.co\/fr\/wp-json\/wp\/v2\/pages"}],"about":[{"href":"https:\/\/rstptemp.turnbull.co\/fr\/wp-json\/wp\/v2\/types\/page"}],"author":[{"embeddable":true,"href":"https:\/\/rstptemp.turnbull.co\/fr\/wp-json\/wp\/v2\/users\/4"}],"replies":[{"embeddable":true,"href":"https:\/\/rstptemp.turnbull.co\/fr\/wp-json\/wp\/v2\/comments?post=1263"}],"version-history":[{"count":6,"href":"https:\/\/rstptemp.turnbull.co\/fr\/wp-json\/wp\/v2\/pages\/1263\/revisions"}],"predecessor-version":[{"id":32117,"href":"https:\/\/rstptemp.turnbull.co\/fr\/wp-json\/wp\/v2\/pages\/1263\/revisions\/32117"}],"up":[{"embeddable":true,"href":"https:\/\/rstptemp.turnbull.co\/fr\/wp-json\/wp\/v2\/pages\/1225"}],"wp:attachment":[{"href":"https:\/\/rstptemp.turnbull.co\/fr\/wp-json\/wp\/v2\/media?parent=1263"}],"curies":[{"name":"wp","href":"https:\/\/api.w.org\/{rel}","templated":true}]}}