{"id":1289,"date":"2014-04-04T10:22:02","date_gmt":"2014-04-04T14:22:02","guid":{"rendered":"http:\/\/rstp.fantomdesign.net\/?page_id=1289"},"modified":"2025-01-30T12:24:17","modified_gmt":"2025-01-30T17:24:17","slug":"responsabilites","status":"publish","type":"page","link":"https:\/\/rstptemp.turnbull.co\/fr\/responsabilites\/","title":{"rendered":"Responsabilit\u00e9s"},"content":{"rendered":"<ul>\n<li><a href=\"https:\/\/rstptemp.turnbull.co\/fr\/responsabilites\/apercu-des-responsabilites-de-parrainage\/\" target=\"_blank\" rel=\"noopener\">Aper\u00e7u des responsabilit\u00e9s<\/a><\/li>\n<li><a href=\"https:\/\/rstptemp.turnbull.co\/fr\/responsabilites\/plan-detablissement\/\" target=\"_blank\" rel=\"noopener\">Plan d&#8217;\u00e9tablissement<\/a><\/li>\n<li><a href=\"https:\/\/rstptemp.turnbull.co\/fr\/responsabilites\/services-detablissement\/\">Services d&#8217;\u00e9tablissement<\/a><\/li>\n<li><a href=\"https:\/\/rstptemp.turnbull.co\/fr\/initiatives-speciales\/connectez-vous-aux-services-detablissement\/\" target=\"_blank\" rel=\"noopener\">Connectez-vous aux services d&#8217;\u00e9tablissement<\/a><\/li>\n<li><a href=\"https:\/\/rstptemp.turnbull.co\/fr\/responsabilites\/pratiques-exemplaires-pour-le-suivi-a-lintention-des-sep\/\" target=\"_blank\" rel=\"noopener\">SEP : Pratiques exemplaires pour le suivi<\/a><\/li>\n<li><a href=\"https:\/\/www.canada.ca\/fr\/immigration-refugies-citoyennete\/services\/refugies\/aide-exterieur-canada\/programme-parrainage-prive\/evaluations\/exigences-apres-arrivee.html\" target=\"_blank\" rel=\"noopener\">Exigences apr\u00e8s l&#8217;arriv\u00e9e pour le parrainage priv\u00e9<\/a><\/li>\n<li><a href=\"https:\/\/rstptemp.turnbull.co\/fr\/ressources\/ressources-ircc\/\" target=\"_blank\" rel=\"noopener\">Ressources d\u2019IRCC<\/a><\/li>\n<li><a href=\"https:\/\/rstptemp.turnbull.co\/fr\/rdbv\/taux-du-programme-daide-a-la-reinstallation-par\/\" target=\"_blank\" rel=\"noopener\">Taux du Programme d&#8217;aide \u00e0 la r\u00e9installation (PAR)<\/a><\/li>\n<li><a href=\"https:\/\/rstptemp.turnbull.co\/calc\/?lang=fr\" target=\"_blank\" rel=\"noopener\">Calculateur du soutien financier minimal<\/a><\/li>\n<li><a href=\"https:\/\/rstptemp.turnbull.co\/fr\/responsabilites\/formulaire-de-declaration-des-fonds-et-avoirs-a-larrivee\/\" target=\"_blank\" rel=\"noopener\">Formulaire de d\u00e9claration des fonds et avoirs \u00e0 l\u2019arriv\u00e9e<\/a><\/li>\n<\/ul>\n","protected":false},"excerpt":{"rendered":"<p><a href=\"https:\/\/rstptemp.turnbull.co\/fr\/responsabilites\/apercu-des-responsabilites-de-parrainage\/\" target=\"_blank\" rel=\"noopener\">Aper\u00e7u des responsabilit\u00e9s<\/a><br \/>\n<a href=\"https:\/\/rstptemp.turnbull.co\/fr\/responsabilites\/plan-detablissement\/\" target=\"_blank\" rel=\"noopener\">Plan d&#8217;\u00e9tablissement<\/a><br \/>\n<a href=\"https:\/\/rstptemp.turnbull.co\/fr\/responsabilites\/services-detablissement\/\">Services d&#8217;\u00e9tablissement<\/a><br \/>\n<a href=\"https:\/\/rstptemp.turnbull.co\/fr\/initiatives-speciales\/connectez-vous-aux-services-detablissement\/\" target=\"_blank\" rel=\"noopener\">Connectez-vous aux services d&#8217;\u00e9tablissement<\/a><br \/>\n<a href=\"https:\/\/rstptemp.turnbull.co\/fr\/responsabilites\/pratiques-exemplaires-pour-le-suivi-a-lintention-des-sep\/\" target=\"_blank\" rel=\"noopener\">SEP : Pratiques exemplaires pour le suivi<\/a><br \/>\n<a href=\"https:\/\/www.canada.ca\/fr\/immigration-refugies-citoyennete\/services\/refugies\/aide-exterieur-canada\/programme-parrainage-prive\/evaluations\/exigences-apres-arrivee.html\" target=\"_blank\" rel=\"noopener\">Exigences apr\u00e8s l&#8217;arriv\u00e9e pour le parrainage priv\u00e9<\/a><br \/>\n<a href=\"https:\/\/rstptemp.turnbull.co\/fr\/ressources\/ressources-ircc\/\" target=\"_blank\" rel=\"noopener\">Ressources d\u2019IRCC<\/a><br \/>\n<a href=\"https:\/\/rstptemp.turnbull.co\/fr\/rdbv\/taux-du-programme-daide-a-la-reinstallation-par\/\" target=\"_blank\" rel=\"noopener\">Taux du Programme d&#8217;aide \u00e0 la r\u00e9installation (PAR)<\/a><br \/>\n<a href=\"https:\/\/rstptemp.turnbull.co\/calc\/?lang=fr\" target=\"_blank\" rel=\"noopener\">Calculateur du soutien financier minimal<\/a><br \/>\n<a href=\"https:\/\/rstptemp.turnbull.co\/fr\/responsabilites\/formulaire-de-declaration-des-fonds-et-avoirs-a-larrivee\/\" target=\"_blank\" rel=\"noopener\">Formulaire de d\u00e9claration des fonds et avoirs \u00e0 l\u2019arriv\u00e9e<\/a><\/p>\n","protected":false},"author":4,"featured_media":0,"parent":0,"menu_order":4,"comment_status":"closed","ping_status":"closed","template":"template-blocks.php","meta":{"_relevanssi_hide_post":"","_relevanssi_hide_content":"","_relevanssi_pin_for_all":"","_relevanssi_pin_keywords":"","_relevanssi_unpin_keywords":"","_relevanssi_related_keywords":"","_relevanssi_related_include_ids":"","_relevanssi_related_exclude_ids":"","_relevanssi_related_no_append":"","_relevanssi_related_not_related":"","_relevanssi_related_posts":"","_relevanssi_noindex_reason":"","_price":"","_stock":"","_tribe_ticket_header":"","_tribe_default_ticket_provider":"","_ticket_start_date":"","_ticket_end_date":"","_tribe_ticket_show_description":"","_tribe_ticket_show_not_going":false,"_tribe_ticket_use_global_stock":"","_tribe_ticket_global_stock_level":"","_global_stock_mode":"","_global_stock_cap":"","_tribe_rsvp_for_event":"","_tribe_ticket_going_count":"","_tribe_ticket_not_going_count":"","_tribe_tickets_list":"[]","_tribe_ticket_has_attendee_info_fields":false,"footnotes":"","_tec_slr_enabled":"","_tec_slr_layout":""},"class_list":["post-1289","page","type-page","status-publish","hentry"],"featured_image_src":null,"ticketed":false,"_links":{"self":[{"href":"https:\/\/rstptemp.turnbull.co\/fr\/wp-json\/wp\/v2\/pages\/1289","targetHints":{"allow":["GET"]}}],"collection":[{"href":"https:\/\/rstptemp.turnbull.co\/fr\/wp-json\/wp\/v2\/pages"}],"about":[{"href":"https:\/\/rstptemp.turnbull.co\/fr\/wp-json\/wp\/v2\/types\/page"}],"author":[{"embeddable":true,"href":"https:\/\/rstptemp.turnbull.co\/fr\/wp-json\/wp\/v2\/users\/4"}],"replies":[{"embeddable":true,"href":"https:\/\/rstptemp.turnbull.co\/fr\/wp-json\/wp\/v2\/comments?post=1289"}],"version-history":[{"count":5,"href":"https:\/\/rstptemp.turnbull.co\/fr\/wp-json\/wp\/v2\/pages\/1289\/revisions"}],"predecessor-version":[{"id":22376,"href":"https:\/\/rstptemp.turnbull.co\/fr\/wp-json\/wp\/v2\/pages\/1289\/revisions\/22376"}],"wp:attachment":[{"href":"https:\/\/rstptemp.turnbull.co\/fr\/wp-json\/wp\/v2\/media?parent=1289"}],"curies":[{"name":"wp","href":"https:\/\/api.w.org\/{rel}","templated":true}]}}