{"id":1295,"date":"2014-04-04T10:24:08","date_gmt":"2014-04-04T14:24:08","guid":{"rendered":"http:\/\/rstp.fantomdesign.net\/?page_id=1295"},"modified":"2025-11-07T03:27:12","modified_gmt":"2025-11-07T08:27:12","slug":"plan-detablissement","status":"publish","type":"page","link":"https:\/\/rstptemp.turnbull.co\/fr\/responsabilites\/plan-detablissement\/","title":{"rendered":"Plan d&#8217;\u00e9tablissement"},"content":{"rendered":"<p><a href=\"https:\/\/rstptemp.turnbull.co\/wp-content\/uploads\/2019\/08\/\u00e9tablissement_cycle-2.jpg\"><img loading=\"lazy\" decoding=\"async\" class=\"alignleft wp-image-10513 size-thumbnail\" style=\"margin: 0 20px 20px 0;\" src=\"https:\/\/rstptemp.turnbull.co\/wp-content\/uploads\/2019\/08\/\u00e9tablissement_cycle-2-150x150.jpg\" alt=\"\" width=\"150\" height=\"150\" \/><\/a>Le Plan d\u2019\u00e9tablissement est un plan expliquant en d\u00e9tail ce que vous et les membres de votre groupe allez faire pour orienter et soutenir les nouveaux arrivants au cours du parrainage. Il fournira \u00e0 votre groupe une feuille de route pour effectuer votre travail de parrainage : qui fera quoi, quand, comment, avec quelles ressources et d\u2019o\u00f9 viendront ces ressources. Ce plan devrait \u00eatre utilis\u00e9 comme un guide souple pouvant \u00eatre modifi\u00e9, \u00e9tant donn\u00e9 que les circonstances peuvent changer et qu&#8217;il faudra peut-\u00eatre le reviser et le mettre \u00e0 jour pour refl\u00e9ter ces changements au cours de la p\u00e9riode d\u2019\u00e9tablissement. Votre plan d\u2019\u00e9tablissement devrait \u00e9galement prendre en compte les besoins d&#8217;\u00e9tablissement des membres de famille non accompagn\u00e9s \u00e9num\u00e9r\u00e9s dans le formulaire IMM 0008, que votre groupe aura pr\u00e9vu de parrainer si une demande du d\u00e9lai prescrit d&#8217;un an est soumise dans l&#8217;ann\u00e9e suivant l&#8217;arriv\u00e9e du demandeur principal.<\/p>\n<p>\u00catre pr\u00eat implique la connaissance de toutes les ressources locales disponibles. Cela pourrait vous demander de suivre des recherches au sujet de tout ce qui vous aidera \u00e0 accomplir ces t\u00e2ches.<\/p>\n<p>Pendant toute la dur\u00e9e du parrainage, en tant que membre du groupe de parrainage vous \u00eates tenus de fournir de l&#8217;aide \u00e0 l&#8217;\u00e9tablissement sous la forme de\u00a0:<\/p>\n<ul>\n<li>R\u00e9cptionl (p. ex.\u00a0: rencontre \u00e0 l&#8217;a\u00e9roport, accueil, etc)<\/li>\n<li>Orientation (p. ex. : \u00e0 propos des membres du groupe de parrainage, de la nouvelle communaut\u00e9, du Canada)<\/li>\n<li>Logement (p. ex. : organisation de logement temporaire; aide \u00e0 trouver un logement permanent; budg\u00e9tisation des d\u00e9penses de logement)<\/li>\n<li>V\u00eatements<\/li>\n<li>Nourriture<\/li>\n<li>Transport (p. ex.\u00a0: fournir une orientation au syst\u00e8me de transport en commun; aider \u00e0 obtenir le permis de conduire)<\/li>\n<li>Langue (p. ex. : aider \u00e0 prendre rendez-vous pour l&#8217;\u00e9valuation linguistique; trouver et faire inscrire dans un programme de langue appropri\u00e9, etc)<\/li>\n<li>Scolarisation (p. ex. : aider \u00e0 l\u2019inscription des enfants; trouver des programmes \/ cours pour adultes, etc)<\/li>\n<li>Garde d&#8217;enfants (p. ex. : aider \u00e0 organiser la garde des enfants en cas de besoin; informer sur les pratiques et coutumes de garde d&#8217;enfants au Canada; partage d&#8217;information sur les lois de protection de l&#8217;enfance)<\/li>\n<li>Soutien affectif et moral<\/li>\n<\/ul>\n<p>&nbsp;<\/p>\n","protected":false},"excerpt":{"rendered":"<p><a href=\"https:\/\/rstptemp.turnbull.co\/wp-content\/uploads\/2019\/08\/\u00e9tablissement_cycle-2.jpg\"><\/a>Le Plan d\u2019\u00e9tablissement est un plan expliquant en d\u00e9tail ce que vous et les membres de votre groupe allez faire pour orienter et soutenir les nouveaux arrivants au cours du parrainage. Il fournira \u00e0 votre groupe une feuille de route pour effectuer votre travail de parrainage : qui fera quoi,<\/p>\n","protected":false},"author":4,"featured_media":0,"parent":1289,"menu_order":1,"comment_status":"closed","ping_status":"closed","template":"","meta":{"_relevanssi_hide_post":"","_relevanssi_hide_content":"","_relevanssi_pin_for_all":"","_relevanssi_pin_keywords":"","_relevanssi_unpin_keywords":"","_relevanssi_related_keywords":"","_relevanssi_related_include_ids":"","_relevanssi_related_exclude_ids":"","_relevanssi_related_no_append":"","_relevanssi_related_not_related":"","_relevanssi_related_posts":"13843,22029,13874,10666,22827,13832","_relevanssi_noindex_reason":"","_price":"","_stock":"","_tribe_ticket_header":"","_tribe_default_ticket_provider":"","_ticket_start_date":"","_ticket_end_date":"","_tribe_ticket_show_description":"","_tribe_ticket_show_not_going":false,"_tribe_ticket_use_global_stock":"","_tribe_ticket_global_stock_level":"","_global_stock_mode":"","_global_stock_cap":"","_tribe_rsvp_for_event":"","_tribe_ticket_going_count":"","_tribe_ticket_not_going_count":"","_tribe_tickets_list":"[]","_tribe_ticket_has_attendee_info_fields":false,"footnotes":"","_tec_slr_enabled":"","_tec_slr_layout":""},"class_list":["post-1295","page","type-page","status-publish","hentry"],"featured_image_src":null,"ticketed":false,"_links":{"self":[{"href":"https:\/\/rstptemp.turnbull.co\/fr\/wp-json\/wp\/v2\/pages\/1295","targetHints":{"allow":["GET"]}}],"collection":[{"href":"https:\/\/rstptemp.turnbull.co\/fr\/wp-json\/wp\/v2\/pages"}],"about":[{"href":"https:\/\/rstptemp.turnbull.co\/fr\/wp-json\/wp\/v2\/types\/page"}],"author":[{"embeddable":true,"href":"https:\/\/rstptemp.turnbull.co\/fr\/wp-json\/wp\/v2\/users\/4"}],"replies":[{"embeddable":true,"href":"https:\/\/rstptemp.turnbull.co\/fr\/wp-json\/wp\/v2\/comments?post=1295"}],"version-history":[{"count":4,"href":"https:\/\/rstptemp.turnbull.co\/fr\/wp-json\/wp\/v2\/pages\/1295\/revisions"}],"predecessor-version":[{"id":22399,"href":"https:\/\/rstptemp.turnbull.co\/fr\/wp-json\/wp\/v2\/pages\/1295\/revisions\/22399"}],"up":[{"embeddable":true,"href":"https:\/\/rstptemp.turnbull.co\/fr\/wp-json\/wp\/v2\/pages\/1289"}],"wp:attachment":[{"href":"https:\/\/rstptemp.turnbull.co\/fr\/wp-json\/wp\/v2\/media?parent=1295"}],"curies":[{"name":"wp","href":"https:\/\/api.w.org\/{rel}","templated":true}]}}