{"id":1298,"date":"2014-04-04T10:25:17","date_gmt":"2014-04-04T14:25:17","guid":{"rendered":"http:\/\/rstp.fantomdesign.net\/?page_id=1298"},"modified":"2025-11-23T08:21:17","modified_gmt":"2025-11-23T13:21:17","slug":"services-detablissement","status":"publish","type":"page","link":"https:\/\/rstptemp.turnbull.co\/fr\/responsabilites\/services-detablissement\/","title":{"rendered":"Services d&#8217;\u00e9tablissement"},"content":{"rendered":"<div class=\"text-box theme-bg-secondary\">\n<p>Besoin d&#8217;aide pour trouvez un conseiller en \u00e9tablissement apr\u00e8s l&#8217;arriv\u00e9e des personnes parrain\u00e9es? Communiquez avec l&#8217;\u00e9quipe du projet de Connexion aux services d&#8217;\u00e9tablissement! Apprenez-en davantage sur <a href=\"https:\/\/rstptemp.turnbull.co\/fr\/initiatives-speciales\/connectez-vous-aux-services-detablissement\/\" target=\"_blank\" rel=\"noopener\">cette page.<\/a><\/p>\n<\/div>\n<p>Dans le contexte de la r\u00e9installation des r\u00e9fugi\u00e9s au Canada, \u00ab \u00e9tablissement \u00bb se r\u00e9f\u00e8re \u00e0 la p\u00e9riode qui suit l&#8217;arriv\u00e9e du r\u00e9fugi\u00e9 au Canada jusqu&#8217;\u00e0 ce que la personne reconnaisse qu&#8217;il ou elle est devenu(e) completement \u00e9tabli(e) et ind\u00e9pendant(e) dans la nouvelle soci\u00e9t\u00e9. L&#8217;exp\u00e9rience d\u2019\u00e9tablissement est subjective et la p\u00e9riode peut s\u2019\u00e9tendre pour diverses raisons, dont, entre autres, l&#8217;exp\u00e9rience des r\u00e9fugi\u00e9s, l&#8217;\u00e2ge, les comp\u00e9tences linguistiques, la disponibilit\u00e9 d&#8217;un r\u00e9seau de soutien social, etc.<\/p>\n<p>L&#8217;adaptation \u00e0 une nouvelle vie au Canada peut \u00eatre une exp\u00e9rience difficile. Les groupes de parrainage priv\u00e9 de r\u00e9fugi\u00e9s jouent un r\u00f4le de soutien important dans la vie des r\u00e9fugi\u00e9s parrain\u00e9s; le soutien \u00e0 l&#8217;\u00e9tablissement est l&#8217;une de leurs principales responsabilit\u00e9s. Un plan d\u2019\u00e9tablissement d\u00e9taill\u00e9, r\u00e9vis\u00e9 avec les nouveaux arrivants et les co-r\u00e9pondants, constitue la base d&#8217;une exp\u00e9rience de r\u00e9ussite de l&#8217;\u00e9tablissement.<\/p>\n<p>Il existe divers organismes fournisseurs de services d&#8217;\u00e9tablissement et d&#8217;organismes \u00e9thnoculturels qui offrent des services gratuits et confidentiels pour les nouveaux arrivants au Canada. Ceux-ci peuvent \u00eatre d&#8217;une grande aide dans le processus d\u2019\u00e9tablissement \u00e0 la fois pour le r\u00e9fugi\u00e9 parrain\u00e9 et pour le groupe de parrainage. Les ateliers de recherche d&#8217;emploi, s\u00e9ances d&#8217;orientation, programmes de langue et de garde d&#8217;enfants, services d&#8217;interpr\u00e9tation, groupes de soutien et\u00a0 programmes pour les jeunes, la th\u00e9rapie familiale, le soutien \u00e0 la sant\u00e9 mentale et d&#8217;autres services offerts par ces organismes peuvent tous appuyer les besoins imm\u00e9diats et \u00e0 long terme en mati\u00e8re d\u2019\u00e9tablissement. Les conseillers en \u00e9tablissement aident \u00e9galement \u00e0 pr\u00e9parer les demandes pour le Programme f\u00e9d\u00e9ral de sant\u00e9 int\u00e9rimaire (PFSI), le num\u00e9ro d&#8217;assurance sociale (NAS), l&#8217;allocation canadienne pour enfants et l&#8217;assurance-maladie provinciale, qui devraient toutes \u00eatre soumises dans les premi\u00e8res semaines apr\u00e8s l\u2019arriv\u00e9e au Canada.<\/p>\n","protected":false},"excerpt":{"rendered":"<p>Besoin d&#8217;aide pour trouvez un conseiller en \u00e9tablissement apr\u00e8s l&#8217;arriv\u00e9e des personnes parrain\u00e9es? Communiquez avec l&#8217;\u00e9quipe du projet de Connexion aux services d&#8217;\u00e9tablissement! Apprenez-en davantage sur <a href=\"https:\/\/rstptemp.turnbull.co\/fr\/initiatives-speciales\/connectez-vous-aux-services-detablissement\/\" target=\"_blank\" rel=\"noopener\">cette page.<\/a><\/p>\n<p>Dans le contexte de la r\u00e9installation des r\u00e9fugi\u00e9s au Canada, \u00ab \u00e9tablissement \u00bb se r\u00e9f\u00e8re \u00e0 la p\u00e9riode qui suit l&#8217;arriv\u00e9e du r\u00e9fugi\u00e9 au Canada jusqu&#8217;\u00e0 ce que la personne reconnaisse qu&#8217;il ou elle est devenu(e) completement \u00e9tabli(e) et ind\u00e9pendant(e) dans la nouvelle soci\u00e9t\u00e9.<\/p>\n","protected":false},"author":4,"featured_media":0,"parent":1289,"menu_order":2,"comment_status":"closed","ping_status":"closed","template":"","meta":{"_relevanssi_hide_post":"","_relevanssi_hide_content":"","_relevanssi_pin_for_all":"","_relevanssi_pin_keywords":"","_relevanssi_unpin_keywords":"","_relevanssi_related_keywords":"","_relevanssi_related_include_ids":"","_relevanssi_related_exclude_ids":"","_relevanssi_related_no_append":"","_relevanssi_related_not_related":"","_relevanssi_related_posts":"13843,14566,15968,13874,22827,13832","_relevanssi_noindex_reason":"","_price":"","_stock":"","_tribe_ticket_header":"","_tribe_default_ticket_provider":"","_ticket_start_date":"","_ticket_end_date":"","_tribe_ticket_show_description":"","_tribe_ticket_show_not_going":false,"_tribe_ticket_use_global_stock":"","_tribe_ticket_global_stock_level":"","_global_stock_mode":"","_global_stock_cap":"","_tribe_rsvp_for_event":"","_tribe_ticket_going_count":"","_tribe_ticket_not_going_count":"","_tribe_tickets_list":"[]","_tribe_ticket_has_attendee_info_fields":false,"footnotes":"","_tec_slr_enabled":"","_tec_slr_layout":""},"class_list":["post-1298","page","type-page","status-publish","hentry"],"featured_image_src":null,"ticketed":false,"_links":{"self":[{"href":"https:\/\/rstptemp.turnbull.co\/fr\/wp-json\/wp\/v2\/pages\/1298","targetHints":{"allow":["GET"]}}],"collection":[{"href":"https:\/\/rstptemp.turnbull.co\/fr\/wp-json\/wp\/v2\/pages"}],"about":[{"href":"https:\/\/rstptemp.turnbull.co\/fr\/wp-json\/wp\/v2\/types\/page"}],"author":[{"embeddable":true,"href":"https:\/\/rstptemp.turnbull.co\/fr\/wp-json\/wp\/v2\/users\/4"}],"replies":[{"embeddable":true,"href":"https:\/\/rstptemp.turnbull.co\/fr\/wp-json\/wp\/v2\/comments?post=1298"}],"version-history":[{"count":11,"href":"https:\/\/rstptemp.turnbull.co\/fr\/wp-json\/wp\/v2\/pages\/1298\/revisions"}],"predecessor-version":[{"id":32695,"href":"https:\/\/rstptemp.turnbull.co\/fr\/wp-json\/wp\/v2\/pages\/1298\/revisions\/32695"}],"up":[{"embeddable":true,"href":"https:\/\/rstptemp.turnbull.co\/fr\/wp-json\/wp\/v2\/pages\/1289"}],"wp:attachment":[{"href":"https:\/\/rstptemp.turnbull.co\/fr\/wp-json\/wp\/v2\/media?parent=1298"}],"curies":[{"name":"wp","href":"https:\/\/api.w.org\/{rel}","templated":true}]}}