{"id":1304,"date":"2014-04-04T10:27:43","date_gmt":"2014-04-04T14:27:43","guid":{"rendered":"http:\/\/rstp.fantomdesign.net\/?page_id=1304"},"modified":"2025-03-10T12:17:59","modified_gmt":"2025-03-10T17:17:59","slug":"sante","status":"publish","type":"page","link":"https:\/\/rstptemp.turnbull.co\/fr\/responsabilites\/services-detablissement\/sante\/","title":{"rendered":"Sant\u00e9"},"content":{"rendered":"<p>Les groupes de parrainage sont responsables de r\u00e9pondre aux besoins fondamentaux des r\u00e9fugi\u00e9s parrain\u00e9s. Bien que cela comprenne les aider \u00e0 identifier des m\u00e9decins et des cliniques sans rendez-vous dans la collectivit\u00e9, les co\u00fbts des services de soins de sant\u00e9 et du mat\u00e9riel d\u2019assistance m\u00e9dicale ne sont pas inclus dans le soutien au revenu fourni par les r\u00e9pondants \u00e0 la personne parrain\u00e9e.<\/p>\n<div class='content-column two_fifth'><div style=\"padding-right:20px;\"><p>Les r\u00e9fugi\u00e9s parrain\u00e9s par le secteur priv\u00e9 sont admissibles au <strong>r\u00e9gime provincial de soins de sant\u00e9 <span style=\"text-decoration: underline;\">imm\u00e9diatement<\/span><\/strong> d\u00e8s leur inscription \u00e0 leur arriv\u00e9e au Canada. Puisqu&#8217;ils font partie de la cat\u00e9gorie des \u00abpersonnes prot\u00e9g\u00e9es et r\u00e9fugi\u00e9es au sens de la Convention\u00bb, ils sont exempt\u00e9s de la p\u00e9riode d&#8217;attente, s&#8217;il y en a une, avant de pouvoir acc\u00e9der \u00e0 cette couverture. La couverture des services de soins de sant\u00e9 admissibles varie d&#8217;une province \u00e0 l\u2019autre. Consultez le service de soins de sant\u00e9 de votre province pour plus de d\u00e9tails.<\/p><\/div><\/div><div class='content-column one_fifth'><div style=\"padding-right:20px;\"><p style=\"text-align: center;\"><img loading=\"lazy\" decoding=\"async\" class=\"size-thumbnail wp-image-644 aligncenter\" src=\"https:\/\/rstptemp.turnbull.co\/wp-content\/uploads\/2014\/03\/stethoscope-150x150.jpg\" alt=\"stethoscope\" width=\"150\" height=\"150\" \/><\/p><\/div><\/div><div class='content-column two_fifth last_column'><p>Les r\u00e9fugi\u00e9s parrain\u00e9s par le secteur priv\u00e9 sont admissibles \u00e0 une certaine couverture du <strong>Programme f\u00e9d\u00e9ral de sant\u00e9 int\u00e9rimaire (PFSI)<\/strong> pendant la dur\u00e9e du parrainage ou jusqu&#8217;\u00e0 ce que le r\u00e9gime provincial de soins de sant\u00e9 entre en vigueur, selon que l\u2019aide au revenu est assur\u00e9e par le Programme d&#8217;aide \u00e0 la r\u00e9installation (PAR) ou non. Pour plus d&#8217;informations sur ce qui est couvert sous le PFSI et sur qui peut acc\u00e9der \u00e0 cette couverture, consultez la <a href=\"https:\/\/rstptemp.turnbull.co\/wp-content\/uploads\/2016\/07\/IFHP-Handout-for-GARs-Info-Sheet-2017-FR.pdf\" target=\"_blank\" rel=\"noopener\">fiche d&#8217;information sur le PFSI<\/a>.<\/p><\/div><div class='clear_column'><\/div><\/p>\n<p>Pour acc\u00e9der \u00e0 des avantages ou \u00e0 des services de soins parall\u00e8les que vous pourriez trouver utiles, s\u00e9lectionnez votre province ci-dessous.<\/p>\n<ul>\n<li><a href=\"?page_id=2066\" target=\"_blank\" rel=\"noopener\">Alberta<\/a><\/li>\n<li><a href=\"?page_id=2068\" target=\"_blank\" rel=\"noopener\">Colombie-Britannique<\/a><\/li>\n<li><a href=\"?page_id=2080\" target=\"_blank\" rel=\"noopener\">\u00cele-du-Prince-\u00c9douard<\/a><\/li>\n<li><a href=\"?page_id=2070\" target=\"_blank\" rel=\"noopener\">Manitoba<\/a><\/li>\n<li><a href=\"?page_id=2072\" target=\"_blank\" rel=\"noopener\">Nouveau-Brunswick<\/a><\/li>\n<li><a href=\"?page_id=2076\" target=\"_blank\" rel=\"noopener\">Nouvelle-Ecosse<\/a><\/li>\n<li><a href=\"?page_id=2078\" target=\"_blank\" rel=\"noopener\">Ontario<\/a><\/li>\n<li><a href=\"?page_id=2082\" target=\"_blank\" rel=\"noopener\">Saskatchewan<\/a><\/li>\n<li><a href=\"?page_id=2074\" target=\"_blank\" rel=\"noopener\">Terre-Neuve-et-Labrador<\/a><\/li>\n<\/ul>\n","protected":false},"excerpt":{"rendered":"<p>Les groupes de parrainage sont responsables de r\u00e9pondre aux besoins fondamentaux des r\u00e9fugi\u00e9s parrain\u00e9s. Bien que cela comprenne les aider \u00e0 identifier des m\u00e9decins et des cliniques sans rendez-vous dans la collectivit\u00e9, les co\u00fbts des services de soins de sant\u00e9 et du mat\u00e9riel d\u2019assistance m\u00e9dicale ne sont pas inclus dans le soutien au revenu fourni par les r\u00e9pondants \u00e0 la personne parrain\u00e9e.<\/p>\n","protected":false},"author":4,"featured_media":0,"parent":1298,"menu_order":3,"comment_status":"open","ping_status":"closed","template":"","meta":{"_relevanssi_hide_post":"","_relevanssi_hide_content":"","_relevanssi_pin_for_all":"","_relevanssi_pin_keywords":"","_relevanssi_unpin_keywords":"","_relevanssi_related_keywords":"","_relevanssi_related_include_ids":"","_relevanssi_related_exclude_ids":"","_relevanssi_related_no_append":"","_relevanssi_related_not_related":"","_relevanssi_related_posts":"","_relevanssi_noindex_reason":"","_price":"","_stock":"","_tribe_ticket_header":"","_tribe_default_ticket_provider":"","_ticket_start_date":"","_ticket_end_date":"","_tribe_ticket_show_description":"","_tribe_ticket_show_not_going":false,"_tribe_ticket_use_global_stock":"","_tribe_ticket_global_stock_level":"","_global_stock_mode":"","_global_stock_cap":"","_tribe_rsvp_for_event":"","_tribe_ticket_going_count":"","_tribe_ticket_not_going_count":"","_tribe_tickets_list":"[]","_tribe_ticket_has_attendee_info_fields":false,"footnotes":"","_tec_slr_enabled":"","_tec_slr_layout":""},"class_list":["post-1304","page","type-page","status-publish","hentry"],"featured_image_src":null,"ticketed":false,"_links":{"self":[{"href":"https:\/\/rstptemp.turnbull.co\/fr\/wp-json\/wp\/v2\/pages\/1304","targetHints":{"allow":["GET"]}}],"collection":[{"href":"https:\/\/rstptemp.turnbull.co\/fr\/wp-json\/wp\/v2\/pages"}],"about":[{"href":"https:\/\/rstptemp.turnbull.co\/fr\/wp-json\/wp\/v2\/types\/page"}],"author":[{"embeddable":true,"href":"https:\/\/rstptemp.turnbull.co\/fr\/wp-json\/wp\/v2\/users\/4"}],"replies":[{"embeddable":true,"href":"https:\/\/rstptemp.turnbull.co\/fr\/wp-json\/wp\/v2\/comments?post=1304"}],"version-history":[{"count":11,"href":"https:\/\/rstptemp.turnbull.co\/fr\/wp-json\/wp\/v2\/pages\/1304\/revisions"}],"predecessor-version":[{"id":22558,"href":"https:\/\/rstptemp.turnbull.co\/fr\/wp-json\/wp\/v2\/pages\/1304\/revisions\/22558"}],"up":[{"embeddable":true,"href":"https:\/\/rstptemp.turnbull.co\/fr\/wp-json\/wp\/v2\/pages\/1298"}],"wp:attachment":[{"href":"https:\/\/rstptemp.turnbull.co\/fr\/wp-json\/wp\/v2\/media?parent=1304"}],"curies":[{"name":"wp","href":"https:\/\/api.w.org\/{rel}","templated":true}]}}