{"id":1319,"date":"2014-04-04T10:36:01","date_gmt":"2014-04-04T10:36:01","guid":{"rendered":"http:\/\/rstp.fantomdesign.net\/?page_id=1319"},"modified":"2025-03-11T13:20:56","modified_gmt":"2025-03-11T18:20:56","slug":"initiatives-speciales","status":"publish","type":"page","link":"https:\/\/rstptemp.turnbull.co\/fr\/initiatives-speciales\/","title":{"rendered":"Initiatives"},"content":{"rendered":"<ul>\n<li><a href=\"https:\/\/rstptemp.turnbull.co\/fr\/formation\/pvame\/\" target=\"_blank\" rel=\"noopener\">Projet pilote sur la voie d&#8217;acc\u00e8s \u00e0 la mobilit\u00e9 \u00e9conomique (PVAME)<\/a><\/li>\n<li><a href=\"https:\/\/rstptemp.turnbull.co\/fr\/initiatives-speciales\/le-programme-dappui-au-parrainage-de-refugies\/\" target=\"_blank\" rel=\"noopener\">Le Programme d&#8217;appui au parrainage de r\u00e9fugi\u00e9s<\/a><\/li>\n<li><a href=\"https:\/\/rstptemp.turnbull.co\/fr\/initiatives-speciales\/projet-pilote-de-parrainage-de-refugies-glbti\/\" target=\"_blank\" rel=\"noopener\">Parrainage de r\u00e9fugi\u00e9s LGBTQ2<\/a><\/li>\n<li><a href=\"https:\/\/rstptemp.turnbull.co\/fr\/initiatives-speciales\/connectez-vous-aux-services-detablissement\/\" target=\"_blank\" rel=\"noopener\">Connectez-vous aux services d&#8217;\u00e9tablissement!<\/a><\/li>\n<\/ul>\n","protected":false},"excerpt":{"rendered":"<p><a href=\"https:\/\/rstptemp.turnbull.co\/fr\/formation\/pvame\/\" target=\"_blank\" rel=\"noopener\">Projet pilote sur la voie d&#8217;acc\u00e8s \u00e0 la mobilit\u00e9 \u00e9conomique (PVAME)<\/a><br \/>\n<a href=\"https:\/\/rstptemp.turnbull.co\/fr\/initiatives-speciales\/le-programme-dappui-au-parrainage-de-refugies\/\" target=\"_blank\" rel=\"noopener\">Le Programme d&#8217;appui au parrainage de r\u00e9fugi\u00e9s<\/a><br \/>\n<a href=\"https:\/\/rstptemp.turnbull.co\/fr\/initiatives-speciales\/projet-pilote-de-parrainage-de-refugies-glbti\/\" target=\"_blank\" rel=\"noopener\">Parrainage de r\u00e9fugi\u00e9s LGBTQ2<\/a><br \/>\n<a href=\"https:\/\/rstptemp.turnbull.co\/fr\/initiatives-speciales\/connectez-vous-aux-services-detablissement\/\" target=\"_blank\" rel=\"noopener\">Connectez-vous aux services d&#8217;\u00e9tablissement!<\/a><\/p>\n","protected":false},"author":4,"featured_media":0,"parent":0,"menu_order":5,"comment_status":"closed","ping_status":"closed","template":"template-blocks.php","meta":{"_relevanssi_hide_post":"","_relevanssi_hide_content":"","_relevanssi_pin_for_all":"","_relevanssi_pin_keywords":"","_relevanssi_unpin_keywords":"","_relevanssi_related_keywords":"","_relevanssi_related_include_ids":"","_relevanssi_related_exclude_ids":"","_relevanssi_related_no_append":"","_relevanssi_related_not_related":"","_relevanssi_related_posts":"","_relevanssi_noindex_reason":"","_price":"","_stock":"","_tribe_ticket_header":"","_tribe_default_ticket_provider":"","_ticket_start_date":"","_ticket_end_date":"","_tribe_ticket_show_description":"","_tribe_ticket_show_not_going":false,"_tribe_ticket_use_global_stock":"","_tribe_ticket_global_stock_level":"","_global_stock_mode":"","_global_stock_cap":"","_tribe_rsvp_for_event":"","_tribe_ticket_going_count":"","_tribe_ticket_not_going_count":"","_tribe_tickets_list":"[]","_tribe_ticket_has_attendee_info_fields":false,"footnotes":"","_tec_slr_enabled":"","_tec_slr_layout":""},"class_list":["post-1319","page","type-page","status-publish","hentry"],"featured_image_src":null,"ticketed":false,"_links":{"self":[{"href":"https:\/\/rstptemp.turnbull.co\/fr\/wp-json\/wp\/v2\/pages\/1319","targetHints":{"allow":["GET"]}}],"collection":[{"href":"https:\/\/rstptemp.turnbull.co\/fr\/wp-json\/wp\/v2\/pages"}],"about":[{"href":"https:\/\/rstptemp.turnbull.co\/fr\/wp-json\/wp\/v2\/types\/page"}],"author":[{"embeddable":true,"href":"https:\/\/rstptemp.turnbull.co\/fr\/wp-json\/wp\/v2\/users\/4"}],"replies":[{"embeddable":true,"href":"https:\/\/rstptemp.turnbull.co\/fr\/wp-json\/wp\/v2\/comments?post=1319"}],"version-history":[{"count":5,"href":"https:\/\/rstptemp.turnbull.co\/fr\/wp-json\/wp\/v2\/pages\/1319\/revisions"}],"predecessor-version":[{"id":22572,"href":"https:\/\/rstptemp.turnbull.co\/fr\/wp-json\/wp\/v2\/pages\/1319\/revisions\/22572"}],"wp:attachment":[{"href":"https:\/\/rstptemp.turnbull.co\/fr\/wp-json\/wp\/v2\/media?parent=1319"}],"curies":[{"name":"wp","href":"https:\/\/api.w.org\/{rel}","templated":true}]}}