{"id":1325,"date":"2014-03-26T19:45:32","date_gmt":"2014-03-26T23:45:32","guid":{"rendered":"http:\/\/rstp.fantomdesign.net\/?page_id=1325"},"modified":"2025-11-14T10:35:11","modified_gmt":"2025-11-14T15:35:11","slug":"comment-trouver-un-refugie-a-parrainer","status":"publish","type":"page","link":"https:\/\/rstptemp.turnbull.co\/fr\/rdbv\/comment-trouver-un-refugie-a-parrainer\/","title":{"rendered":"Comment parrainer un r\u00e9fugi\u00e9 pour le r\u00e9installer au Canada \u2013 le Programme mixte des RDBV (r\u00e9fugi\u00e9s d\u00e9sign\u00e9s par un bureau des visas)"},"content":{"rendered":"<p><img loading=\"lazy\" decoding=\"async\" class=\"wp-image-21371 alignnone\" src=\"https:\/\/rstptemp.turnbull.co\/wp-content\/uploads\/2024\/07\/3242-b-bvor-web-banner_fr-1024x210.jpg\" alt=\"\" width=\"1375\" height=\"282\" srcset=\"https:\/\/rstptemp.turnbull.co\/wp-content\/uploads\/2024\/07\/3242-b-bvor-web-banner_fr-1024x210.jpg 1024w, https:\/\/rstptemp.turnbull.co\/wp-content\/uploads\/2024\/07\/3242-b-bvor-web-banner_fr-300x62.jpg 300w, https:\/\/rstptemp.turnbull.co\/wp-content\/uploads\/2024\/07\/3242-b-bvor-web-banner_fr-768x158.jpg 768w, https:\/\/rstptemp.turnbull.co\/wp-content\/uploads\/2024\/07\/3242-b-bvor-web-banner_fr-24x5.jpg 24w, https:\/\/rstptemp.turnbull.co\/wp-content\/uploads\/2024\/07\/3242-b-bvor-web-banner_fr-36x7.jpg 36w, https:\/\/rstptemp.turnbull.co\/wp-content\/uploads\/2024\/07\/3242-b-bvor-web-banner_fr-48x10.jpg 48w, https:\/\/rstptemp.turnbull.co\/wp-content\/uploads\/2024\/07\/3242-b-bvor-web-banner_fr.jpg 1170w\" sizes=\"auto, (max-width: 1375px) 100vw, 1375px\" \/><\/p>\n<h3>Ne perdez jamais le fil! Abonnez-vous au bulletin du Programme mixte des RDBV (en anglais seulement) pour recevoir des mises \u00e0 jour.<\/h3>\n<p><a class=\"button button--primary\" href=\"https:\/\/mailchi.mp\/rstp.ca\/bvornews\" target=\"_blank\" rel=\"noopener\">S\u2019abonner au bulletin du programme mixte des RDBV (en anglais)<\/a><\/p>\n<h3>Comment le mod\u00e8le \u00ab\u00a0mixte\u00a0\u00bb fonctionne-t-il?<\/h3>\n<p>Le Programme mixte des RDBV est un programme \u00ab\u00a0mixte\u00a0\u00bb, car il s\u2019agit d\u2019un accord de partage des co\u00fbts dans le cadre duquel IRCC et les r\u00e9pondants priv\u00e9s contribuent financi\u00e8rement au soutien des r\u00e9fugi\u00e9s. Les r\u00e9pondants priv\u00e9s sont \u00e9galement charg\u00e9s de fournir une aide \u00e0 l\u2019\u00e9tablissement aux r\u00e9fugi\u00e9s pendant toute la dur\u00e9e du parrainage (g\u00e9n\u00e9ralement 12\u00a0mois).<\/p>\n<p>Les r\u00e9fugi\u00e9s r\u00e9install\u00e9s dans le cadre du Programme mixte des RDBV re\u00e7oivent un soutien au revenu de la part du gouvernement du Canada par le biais du <a href=\"https:\/\/rstptemp.turnbull.co\/fr\/rdbv\/taux-du-programme-daide-a-la-reinstallation-par\/\">Programme d\u2019aide \u00e0 la r\u00e9installation (PAR)<\/a> pendant <strong>6\u00a0mois<\/strong> suivant leur arriv\u00e9e (au cours des mois 2 \u00e0 7). Les r\u00e9pondants priv\u00e9s offrent un soutien financier suppl\u00e9mentaire de <strong>6\u00a0mois<\/strong> (au cours du mois 1 et des mois 8 \u00e0 12) et couvrent les co\u00fbts de d\u00e9marrage initiaux.<\/p>\n<h3>Parmi les populations de r\u00e9fugi\u00e9s ayant \u00e9t\u00e9 choisis pour le Programme mixte des RDBV par le pass\u00e9, on peut citer (sans s\u2019y restreindre)\u00a0:<\/h3>\n<ul>\n<li>Syriens, Irakiens, Iraniens, Afghans<\/li>\n<li>Congolais, \u00c9thiopiens, \u00c9rythr\u00e9ens<\/li>\n<li>Somaliens, Colombiens, Soudanais<\/li>\n<\/ul>\n<p><strong>Renseignements suppl\u00e9mentaires\u00a0: <\/strong><\/p>\n<p><a class=\"button button--primary\" href=\"https:\/\/rstptemp.turnbull.co\/en\/bvor\/bvor-refugee-backgrounds\/\" target=\"_blank\" rel=\"noopener\">Page documents d\u2019information sur les RDBV (en anglais)<\/a><\/p>\n<p>(Veuillez noter que cette liste est susceptible d\u2019\u00eatre modifi\u00e9e ou \u00e9largie au fur et \u00e0 mesure de l\u2019apparition de nouvelles crises et de nouveaux conflits dans le monde.)<\/p>\n<h3>Motifs de la r\u00e9installation<\/h3>\n<p>Les raisons pour lesquelles les r\u00e9fugi\u00e9s du Programme mixte des RDBV ne peuvent pas rester l\u00e0 o\u00f9 ils sont et doivent \u00eatre r\u00e9install\u00e9s sont souvent complexes. Souvent, ils sont particuli\u00e8rement vuln\u00e9rables parce qu\u2019ils sont ou s\u2019identifient comme\u00a0:<\/p>\n<ul>\n<li>Femmes dans une situation \u00e0 risque<\/li>\n<li>Personnes LGBTQI ou ayant une orientation sexuelle ou une identit\u00e9 et expression de genre (OSIEG) diverse<\/li>\n<li>Survivants de violence et de torture<\/li>\n<li>Ils ne peuvent pas acc\u00e9der \u00e0 une solution durable dans un avenir proche (c\u2019est-\u00e0-dire qu\u2019ils n\u2019ont pas d\u2019autres options \u00ab\u00a0durables\u00a0\u00bb\u00a0: ils ne peuvent pas rentrer dans leur pays, ils ne peuvent pas rester dans le pays o\u00f9 ils r\u00e9sident actuellement. Leur seule option est d\u2019\u00eatre r\u00e9install\u00e9s dans un troisi\u00e8me pays).<\/li>\n<\/ul>\n<p><strong>Renseignements suppl\u00e9mentaires\u00a0:<\/strong><\/p>\n<p><a class=\"button button--primary\" style=\"margin-bottom: 25px;\" href=\"https:\/\/rstptemp.turnbull.co\/fr\/rdbv\/motifs-de-la-reinstallation\/\" target=\"_blank\" rel=\"noopener\">Page motifs de la r\u00e9installation<\/a><\/p>\n<h3>Qui peut parrainer aux termes du Programme mixte des RDBV?<\/h3>\n<p>Les personnes vivant au Canada qui ont la citoyennet\u00e9 canadienne, la r\u00e9sidence permanente ou le statut d\u2019Indien inscrit peuvent parrainer des r\u00e9fugi\u00e9s d\u00e9sign\u00e9s par un bureau des visas au titre du Programme mixte. Le Programme de formation sur le parrainage priv\u00e9 des r\u00e9fugi\u00e9s offre de la formation aux r\u00e9pondants potentiels du Programme mixte des RDBV dans tout le Canada. Ces formations abordent des sujets tels que les premi\u00e8res \u00e9tapes de la constitution d\u2019un groupe de parrainage, les exigences du programme et les appuis \u00e0 l\u2019\u00e9tablissement disponibles tout au long de la p\u00e9riode de parrainage.<\/p>\n<p>Pour pouvoir parrainer un r\u00e9fugi\u00e9, les citoyens canadiens ou les r\u00e9sidents permanents doivent appartenir \u00e0 l\u2019un des groupes suivants\u00a0:<\/p>\n<ul>\n<li><a href=\"https:\/\/rstptemp.turnbull.co\/fr\/parrainage-de-refugies\/signataires-dentente-de-parrainage\/\" target=\"_blank\" rel=\"noopener\">Un Signataire d\u2019entente de parrainage (SEP)<\/a> ou un groupe constitutif (un groupe qui peut parrainer des r\u00e9fugi\u00e9s en vertu de l\u2019entente d\u2019un SEP)<\/li>\n<li><a href=\"https:\/\/rstptemp.turnbull.co\/fr\/parrainage-de-refugies\/groups-of-five-2023\/\" target=\"_blank\" rel=\"noopener\">Un Groupe de cinq<\/a><\/li>\n<li><a href=\"https:\/\/rstptemp.turnbull.co\/fr\/parrainage-de-refugies\/les-repondants-communautaires\/\" target=\"_blank\" rel=\"noopener\">Un R\u00e9pondant communautaire<\/a><\/li>\n<\/ul>\n<h2><span style=\"font-size: 18.72px; font-weight: bold;\">Questions pos\u00e9es fr\u00e9quemment\u00a0:<\/span><\/h2>\n<p><span style=\"font-size: 18.72px; font-weight: bold;\">Puis-je recommander un r\u00e9fugi\u00e9 ou une famille de r\u00e9fugi\u00e9s au Programme mixte des RDBV en vue d\u2019un parrainage?\u00a0\u00bb<\/span><\/p>\n<p>Non. Les r\u00e9fugi\u00e9s au titre du <strong>Programme mixte des RDBV<\/strong> sont recommand\u00e9s par le HCR \u00e0 IRCC. Les r\u00e9fugi\u00e9s d\u00e9sign\u00e9s par un bureau des visas au titre du Programme mixte ne peuvent pas \u00eatre identifi\u00e9s ou recommand\u00e9s par des groupes de parrainage issus du secteur priv\u00e9 pour un parrainage par le biais du Programme mixte des RDBV.<\/p>\n<p>Toutefois, si vous connaissez un r\u00e9fugi\u00e9 que vous souhaitez parrainer en vue de sa r\u00e9installation, le <a href=\"https:\/\/rstptemp.turnbull.co\/fr\/parrainage-de-refugies\/le-programme-de-parrainage-prive-des-refugies\/\"><strong>Programme de parrainage priv\u00e9 de r\u00e9fugi\u00e9s (PPPR)<\/strong><\/a> pourrait vous convenir.<\/p>\n<p><strong>Renseignements suppl\u00e9mentaires\u00a0:<\/strong><\/p>\n<p><a class=\"button button--primary\" style=\"margin-bottom: 25px;\" href=\"https:\/\/rstptemp.turnbull.co\/fr\/parrainage-de-refugies\/foire-aux-questions\/\" target=\"_blank\" rel=\"noopener\">Page foire aux questions<\/a><\/p>\n<p><span style=\"font-size: 18.72px; font-weight: bold;\">Comment puis-je \u00eatre jumel\u00e9 avec un r\u00e9fugi\u00e9 et que se passe-t-il ensuite?<\/span><\/p>\n<p>Si vous souhaitez parrainer un r\u00e9fugi\u00e9, mais que vous ne savez pas qui parrainer, nous pouvons vous jumeler avec un <strong>r\u00e9fugi\u00e9 d\u00e9sign\u00e9 par un bureau des visas (RDBV)<\/strong> <strong>au titre du Programme mixte <\/strong>dans le besoin. La liste des r\u00e9fugi\u00e9s est transmise exclusivement au Programme de formation sur le parrainage priv\u00e9 des r\u00e9fugi\u00e9s par Immigration, R\u00e9fugi\u00e9s et Citoyennet\u00e9 Canada (IRCC).<\/p>\n<ul>\n<li>Les r\u00e9fugi\u00e9s d\u00e9sign\u00e9s par un bureau des visas au titre du Programme mixte sont souvent consid\u00e9r\u00e9s comme les plus vuln\u00e9rables.<\/li>\n<li>Leurs formalit\u00e9s administratives sont termin\u00e9es, et ils sont pr\u00eats \u00e0 venir au Canada.<\/li>\n<li>Tout ce dont ils ont besoin, c&#8217;est d\u2019un r\u00e9pondant, comme vous!<\/li>\n<\/ul>\n<p><strong>Contactez-nous pour r\u00e9server une s\u00e9ance d\u2019orientation\u00a0:\u00a0<\/strong><\/p>\n<p><a class=\"button button--primary\" style=\"margin-bottom: 25 px;\" href=\"mailto:bvor@rstp.ca\" target=\"_blank\" rel=\"noopener\">Communiquez avec le personnel du programme mixte des r\u00e9fugi\u00e9s d\u00e9sign\u00e9s par un bureau des visas<\/a><\/p>\n<p>D\u2019anciens r\u00e9pondants \u00e9voquent l\u2019incidence du parrainage de r\u00e9fugi\u00e9s sur leur vie et leur communaut\u00e9 (vid\u00e9o en anglais seulement)\u00a0:<\/p>\n<p><iframe loading=\"lazy\" title=\"Open Doors: Metal Bar Sponsors BVOR Refugees\" width=\"500\" height=\"281\" src=\"https:\/\/www.youtube.com\/embed\/PhT2sULsneM?feature=oembed\" frameborder=\"0\" allow=\"accelerometer; autoplay; clipboard-write; encrypted-media; gyroscope; picture-in-picture; web-share\" referrerpolicy=\"strict-origin-when-cross-origin\" allowfullscreen><\/iframe><\/p>\n<p>Vid\u00e9o : Un bar heavy metal \u00e0 Hamilton a parrain\u00e9 une famille de r\u00e9fugi\u00e9s d\u00e9sign\u00e9s par un bureau des visas<\/p>\n<style type=\"text\/css\">\n    #mc_embed_signup{background:#fff; clear:left; font:14px Helvetica,Arial,sans-serif; }<br \/> \/* Add your own Mailchimp form style overrides in your site stylesheet or in this style block.<br \/>       We recommend moving this block and the preceding CSS link to the HEAD of your HTML file. *\/<br \/><\/style>\n<div id=\"mc_embed_signup\">\n<form id=\"mc-embedded-subscribe-form\" class=\"validate\" action=\"https:\/\/rstp.us5.list-manage.com\/subscribe\/post?u=269451976b32f231d41f99305&amp;id=6b1daad6fd\" method=\"post\" name=\"mc-embedded-subscribe-form\" novalidate=\"\" target=\"_blank\">\n<div id=\"mc_embed_signup_scroll\">\n<div class=\"mc-field-group\">\n<div>\n<p><strong>Vous avez d\u2019autres questions?<\/strong><\/p>\n<p>Communiquez avec le personnel du Programme mixte des r\u00e9fugi\u00e9s d\u00e9sign\u00e9s par un bureau des visas pour en savoir plus\u00a0:<\/p>\n<p>bvor@rstp.ca<br \/>\nT\u00e9l.\u00a0: 416.290.1700, poste 2406<\/p>\n<h3>Ne perdez jamais le fil! Abonnez-vous au bulletin du Programme mixte des RDBV (en anglais seulement) pour recevoir des mises \u00e0 jour.<\/h3>\n<p><a class=\"button button--primary\" style=\"margin-bottom: 25 px;\" href=\"https:\/\/mailchi.mp\/rstp.ca\/bvornews\" target=\"_blank\" rel=\"noopener\">S\u2019abonner au bulletin du programme mixte des RDBV (en anglais)<\/a><\/p>\n<\/div>\n<\/div>\n<\/div>\n<\/form>\n<\/div>\n","protected":false},"excerpt":{"rendered":"<p>Ne perdez jamais le fil! Abonnez-vous au bulletin du Programme mixte des RDBV (en anglais seulement) pour recevoir des mises \u00e0 jour.<br \/>\n<a class=\"button button--primary\" href=\"https:\/\/mailchi.mp\/rstp.ca\/bvornews\" target=\"_blank\" rel=\"noopener\">S\u2019abonner au bulletin du programme mixte des RDBV (en anglais)<\/a><br \/>\nComment le mod\u00e8le \u00ab\u00a0mixte\u00a0\u00bb fonctionne-t-il?<br \/>\nLe Programme mixte des RDBV est un programme \u00ab\u00a0mixte\u00a0\u00bb,<\/p>\n","protected":false},"author":4,"featured_media":0,"parent":10542,"menu_order":0,"comment_status":"closed","ping_status":"closed","template":"","meta":{"_relevanssi_hide_post":"","_relevanssi_hide_content":"","_relevanssi_pin_for_all":"","_relevanssi_pin_keywords":"","_relevanssi_unpin_keywords":"","_relevanssi_related_keywords":"","_relevanssi_related_include_ids":"","_relevanssi_related_exclude_ids":"","_relevanssi_related_no_append":"","_relevanssi_related_not_related":"","_relevanssi_related_posts":"14566,15968,10666,13832,13874,13843","_relevanssi_noindex_reason":"","_price":"","_stock":"","_tribe_ticket_header":"","_tribe_default_ticket_provider":"","_ticket_start_date":"","_ticket_end_date":"","_tribe_ticket_show_description":"","_tribe_ticket_show_not_going":false,"_tribe_ticket_use_global_stock":"","_tribe_ticket_global_stock_level":"","_global_stock_mode":"","_global_stock_cap":"","_tribe_rsvp_for_event":"","_tribe_ticket_going_count":"","_tribe_ticket_not_going_count":"","_tribe_tickets_list":"[]","_tribe_ticket_has_attendee_info_fields":false,"footnotes":"","_tec_slr_enabled":"","_tec_slr_layout":""},"class_list":["post-1325","page","type-page","status-publish","hentry"],"featured_image_src":null,"ticketed":false,"_links":{"self":[{"href":"https:\/\/rstptemp.turnbull.co\/fr\/wp-json\/wp\/v2\/pages\/1325","targetHints":{"allow":["GET"]}}],"collection":[{"href":"https:\/\/rstptemp.turnbull.co\/fr\/wp-json\/wp\/v2\/pages"}],"about":[{"href":"https:\/\/rstptemp.turnbull.co\/fr\/wp-json\/wp\/v2\/types\/page"}],"author":[{"embeddable":true,"href":"https:\/\/rstptemp.turnbull.co\/fr\/wp-json\/wp\/v2\/users\/4"}],"replies":[{"embeddable":true,"href":"https:\/\/rstptemp.turnbull.co\/fr\/wp-json\/wp\/v2\/comments?post=1325"}],"version-history":[{"count":25,"href":"https:\/\/rstptemp.turnbull.co\/fr\/wp-json\/wp\/v2\/pages\/1325\/revisions"}],"predecessor-version":[{"id":32254,"href":"https:\/\/rstptemp.turnbull.co\/fr\/wp-json\/wp\/v2\/pages\/1325\/revisions\/32254"}],"up":[{"embeddable":true,"href":"https:\/\/rstptemp.turnbull.co\/fr\/wp-json\/wp\/v2\/pages\/10542"}],"wp:attachment":[{"href":"https:\/\/rstptemp.turnbull.co\/fr\/wp-json\/wp\/v2\/media?parent=1325"}],"curies":[{"name":"wp","href":"https:\/\/api.w.org\/{rel}","templated":true}]}}