{"id":1328,"date":"2014-04-04T10:38:51","date_gmt":"2014-04-04T10:38:51","guid":{"rendered":"http:\/\/rstp.fantomdesign.net\/?page_id=1328"},"modified":"2025-11-07T05:10:26","modified_gmt":"2025-11-07T10:10:26","slug":"parrainage-daide-conjointe","status":"publish","type":"page","link":"https:\/\/rstptemp.turnbull.co\/fr\/pac\/parrainage-daide-conjointe\/","title":{"rendered":"Le Programme de parrainage d\u2019aide conjointe (PAC)"},"content":{"rendered":"<p><strong>Le Parrainage d&#8217;aide conjointe (PAC)<\/strong> est un engagement conjoint d&#8217;un groupe de parrainage et d&#8217;Immigration, R\u00e9fugi\u00e9s et Citoyennet\u00e9 Canada (IRCC) pour parrainer des r\u00e9fugi\u00e9s vuln\u00e9rables qui ont des besoins sp\u00e9ciaux et qui pourraient, par cons\u00e9quent, n\u00e9cessiter un soutien accru pendant leur \u00e9tablissement au Canada.<\/p>\n<p>Les r\u00e9fugi\u00e9s parrain\u00e9s dans le cadre du programme PAC sont identifi\u00e9s comme ayant des besoins sp\u00e9ciaux d\u00e9coulant de leurs circonstances personnelles. Ces besoins entra\u00eeneront vraisemblablement une p\u00e9riode d&#8217;int\u00e9gration\u00a0plus longue ou plus difficile. Les circonstances personnelles en question comprennent, sans s&#8217;y limiter :<\/p>\n<ul>\n<li>un traumatisme li\u00e9 \u00e0 la violence ou la torture;<\/li>\n<li>un handicap physique ou mental;<\/li>\n<li>les effets de la discrimination syst\u00e9mique; ou<\/li>\n<li>le fait d&#8217;\u00eatre membre d&#8217;une famille nombreuse ou ayant une composition inhabituelle.<\/li>\n<\/ul>\n<h2>Comment fonctionne le PAC<\/h2>\n<p>Dans le cadre du programme PAC, qui existe dans toutes les provinces \u00e0 l&#8217;exception du Qu\u00e9bec, les Signataires d&#8217;entente de parrainage (SEP) et leur Groupes constitutifs (GC) travaillent de concert avec IRCC et le gouvernement du Canada.<\/p>\n<p>Le gouvernement procure du soutien financier aux r\u00e9fugi\u00e9s par l&#8217;entremise du Programme d&#8217;aide \u00e0 la r\u00e9installation (PAR). Ce soutien est compos\u00e9 d&#8217;un versement initial pour couvrir les d\u00e9penses reli\u00e9es \u00e0 l&#8217;am\u00e9nagement d&#8217;un nouveau logement ainsi que de versements mensuels \u00e9quivalant aux taux provinciaux d&#8217;assistance sociale pour couvrir les d\u00e9penses essentielles r\u00e9currentes en mati\u00e8re d&#8217;alimentation, de logement et d&#8217;habillement.<\/p>\n<p>Les groupes de parrainage procurent du soutien \u00e9motionnel pendant que les r\u00e9fugi\u00e9s acc\u00e8dent aux services du PAR et aux services d&#8217;\u00e9tablissement propos\u00e9s par des fournisseurs de services financ\u00e9s par Immigration, R\u00e9fugi\u00e9s et Citoyennet\u00e9 Canada (IRCC), ainsi qu&#8217;\u00e0 des services communautaires destin\u00e9s au grand public.<\/p>\n<p>La p\u00e9riode de parrainage d&#8217;aide conjointe dure normalement jusqu&#8217;\u00e0 24 mois apr\u00e8s l&#8217;arriv\u00e9e des r\u00e9fugi\u00e9s ou jusqu&#8217;\u00e0 ce que les r\u00e9fugi\u00e9s deviennent autosuffisants, selon la premi\u00e8re \u00e9ventualit\u00e9. Dans des circonstances exceptionnelles, le soutien fourni par le groupe de parrainage peut durer jusqu&#8217;\u00e0 36 mois.<\/p>\n","protected":false},"excerpt":{"rendered":"<p>Le Parrainage d&#8217;aide conjointe (PAC) est un engagement conjoint d&#8217;un groupe de parrainage et d&#8217;Immigration, R\u00e9fugi\u00e9s et Citoyennet\u00e9 Canada (IRCC) pour parrainer des r\u00e9fugi\u00e9s vuln\u00e9rables qui ont des besoins sp\u00e9ciaux et qui pourraient, par cons\u00e9quent, n\u00e9cessiter un soutien accru pendant leur \u00e9tablissement au Canada.<br \/>\nLes r\u00e9fugi\u00e9s parrain\u00e9s dans le cadre du programme PAC sont identifi\u00e9s comme ayant des besoins sp\u00e9ciaux d\u00e9coulant de leurs circonstances personnelles.<\/p>\n","protected":false},"author":4,"featured_media":0,"parent":11238,"menu_order":2,"comment_status":"closed","ping_status":"closed","template":"","meta":{"_relevanssi_hide_post":"","_relevanssi_hide_content":"","_relevanssi_pin_for_all":"","_relevanssi_pin_keywords":"","_relevanssi_unpin_keywords":"","_relevanssi_related_keywords":"","_relevanssi_related_include_ids":"","_relevanssi_related_exclude_ids":"","_relevanssi_related_no_append":"","_relevanssi_related_not_related":"","_relevanssi_related_posts":"22029,15968,13874,14566,10666,13832","_relevanssi_noindex_reason":"","_price":"","_stock":"","_tribe_ticket_header":"","_tribe_default_ticket_provider":"","_ticket_start_date":"","_ticket_end_date":"","_tribe_ticket_show_description":"","_tribe_ticket_show_not_going":false,"_tribe_ticket_use_global_stock":"","_tribe_ticket_global_stock_level":"","_global_stock_mode":"","_global_stock_cap":"","_tribe_rsvp_for_event":"","_tribe_ticket_going_count":"","_tribe_ticket_not_going_count":"","_tribe_tickets_list":"[]","_tribe_ticket_has_attendee_info_fields":false,"footnotes":"","_tec_slr_enabled":"","_tec_slr_layout":""},"class_list":["post-1328","page","type-page","status-publish","hentry"],"featured_image_src":null,"ticketed":false,"_links":{"self":[{"href":"https:\/\/rstptemp.turnbull.co\/fr\/wp-json\/wp\/v2\/pages\/1328","targetHints":{"allow":["GET"]}}],"collection":[{"href":"https:\/\/rstptemp.turnbull.co\/fr\/wp-json\/wp\/v2\/pages"}],"about":[{"href":"https:\/\/rstptemp.turnbull.co\/fr\/wp-json\/wp\/v2\/types\/page"}],"author":[{"embeddable":true,"href":"https:\/\/rstptemp.turnbull.co\/fr\/wp-json\/wp\/v2\/users\/4"}],"replies":[{"embeddable":true,"href":"https:\/\/rstptemp.turnbull.co\/fr\/wp-json\/wp\/v2\/comments?post=1328"}],"version-history":[{"count":10,"href":"https:\/\/rstptemp.turnbull.co\/fr\/wp-json\/wp\/v2\/pages\/1328\/revisions"}],"predecessor-version":[{"id":11249,"href":"https:\/\/rstptemp.turnbull.co\/fr\/wp-json\/wp\/v2\/pages\/1328\/revisions\/11249"}],"up":[{"embeddable":true,"href":"https:\/\/rstptemp.turnbull.co\/fr\/wp-json\/wp\/v2\/pages\/11238"}],"wp:attachment":[{"href":"https:\/\/rstptemp.turnbull.co\/fr\/wp-json\/wp\/v2\/media?parent=1328"}],"curies":[{"name":"wp","href":"https:\/\/api.w.org\/{rel}","templated":true}]}}