{"id":1331,"date":"2014-04-04T10:39:54","date_gmt":"2014-04-04T10:39:54","guid":{"rendered":"http:\/\/rstp.fantomdesign.net\/?page_id=1331"},"modified":"2025-11-14T11:18:43","modified_gmt":"2025-11-14T16:18:43","slug":"le-parrainage-par-un-groupe-de-collegues-et-le-programme-mixte-des-rdbv","status":"publish","type":"page","link":"https:\/\/rstptemp.turnbull.co\/fr\/rdbv\/le-parrainage-par-un-groupe-de-collegues-et-le-programme-mixte-des-rdbv\/","title":{"rendered":"Le parrainage par un groupe de coll\u00e8gues et le Programme mixte des RDBV"},"content":{"rendered":"<h2>Qu\u2019est-ce que le parrainage par un groupe de coll\u00e8gues?<\/h2>\n<p>Les lieux de travail sont riches en personnes, r\u00e9seaux et opportunit\u00e9s pouvant b\u00e9n\u00e9ficier aux r\u00e9fugi\u00e9s. Des coll\u00e8gues pourraient former un groupe de parrainage; leur employeur pourrait offrir des occasions d\u2019emploi ou de b\u00e9n\u00e9volat aux nouveaux arrivants, voire m\u00eame assumer le co\u00fbt du parrainage. Les groupes de coll\u00e8gues peuvent participer au parrrainage des r\u00e9fugi\u00e9s en formant un Groupe de cinq, en tant que R\u00e9pondant communautaire ou en collaborant avec un Signataire d&#8217;entente de parrainage.<\/p>\n<h2>Quel est le r\u00f4le d\u2019un groupe de parrainage compos\u00e9 de coll\u00e8gues?<\/h2>\n<p>Les groupes de parrainage compos\u00e9s de coll\u00e8gues fournissent du soutien financier et \u00e9motionnel ainsi que de l\u2019aide \u00e0 l\u2019\u00e9tablissement aux nouveaux arrivants pendant leur premi\u00e8re ann\u00e9e au Canada. Le gouvernement canadien a \u00e9labor\u00e9 des lignes directrices sur le montant du soutien financier et les types d\u2019aide requis pendant les douze premiers mois. Dans le cadre du Programme mixte des r\u00e9fugi\u00e9s d\u00e9sign\u00e9s par un bureau des visas (RDBV), le gouvernement couvre une part importante des co\u00fbts de subsistance des nouveaux arrivants, tandis que le groupe de parrainage paie le reste des frais. Par contre, les groupes qui parrainent des r\u00e9fugi\u00e9s\u00a0\u00ab nomm\u00e9s \u00bb, c&#8217;est-\u00e0-dire des r\u00e9fugi\u00e9s qu&#8217;ils connaissent, doivent assumer la totalit\u00e9 des co\u00fbts du parrainage.<\/p>\n<p>Les membres du groupe de parrainage aident les nouveaux arrivants \u00e0 s\u2019\u00e9tablir dans la communaut\u00e9 d\u2019accueil. Ils les aident \u00e0 trouver un logement convenable, \u00e0 s\u2019inscrire \u00e0 des programmes \u00e9ducatifs et \u00e0 des cours de langue, et \u00e0 chercher des prestataires de soins de sant\u00e9. Ils sont \u00e9galement pr\u00eats \u00e0 fournir du soutien \u00e9motionnel.<\/p>\n<h2>Pourquoi devriez-vous former un groupe de parrainage avec vos coll\u00e8gues?<\/h2>\n<p>Le parrainage par un groupe de coll\u00e8gues est principalement un geste humanitaire. Dans le cadre du Programme mixte des RDBV, les groupes compos\u00e9s de coll\u00e8gues peuvent parrainer des r\u00e9fugi\u00e9s recommand\u00e9s par les Nations Unies qui requi\u00e8rent une intervention qui leur sauvera la vie. Ces personnes comprennent des femmes en p\u00e9ril et des personnes LGBTQ+. Tous les r\u00e9fugi\u00e9s d\u00e9sign\u00e9s pour ce programme ont \u00e9t\u00e9 approuv\u00e9s par le gouvernement du Canada.<\/p>\n<p>Le parrainage par un groupe de coll\u00e8gues apporte plusieurs bienfaits. Entre autres, il permet de\u00a0:<\/p>\n<ul>\n<li><strong>Sauver des vies<\/strong>, en aidant des r\u00e9fugi\u00e9s \u00e0 trouver un foyer s\u00fbr au Canada, o\u00f9 ils pourront reconstruire leur vie, \u00e9lever leur famille et regarder vers l\u2019avenir.<\/li>\n<li><strong>Se faire des amis, b\u00e2tir une communaut\u00e9<\/strong>, tant dans le milieu de travail qu\u2019avec les nouveaux arrivants r\u00e9fugi\u00e9s. Les membres de groupes de parrainage d\u00e9clarent souvent que ceci est leur plus belle r\u00e9compense.<\/li>\n<li><strong>Former un esprit d\u2019\u00e9quipe,<\/strong> <strong>d\u00e9velopper des comp\u00e9tences<\/strong>, parce que c\u2019est un projet qui exige une collaboration \u00e9troite pour atteindre un objectif tr\u00e8s important. Les comp\u00e9tences requises pour ce faire sont probablement d\u00e9j\u00e0 pr\u00e9sentes dans votre milieu de travail, mais le parrainage permet aux employ\u00e9s et employeurs d\u2019assumer de nouveaux r\u00f4les et de d\u00e9velopper de nouvelles comp\u00e9tences, notamment la gestion de projet, l\u2019animation de groupe, l\u2019\u00e9tablissement d\u2019un budget et la collecte de fonds.<\/li>\n<li><strong>\u00c9changer sur diverses cultures<\/strong><strong>, <\/strong>en donnant l\u2019occasion aux membres du groupe de parrainage et aux nouveaux arrivants d\u2019en apprendre davantage sur leurs cultures respectives\u00a0: musique, nourriture, traditions. Ce partage peut \u00eatre extr\u00eamement enrichissant pour toutes les personnes impliqu\u00e9es dans le parrainage.<\/li>\n<li><strong>Accro\u00eetre l\u2019engagement des employ\u00e9s<\/strong> de fa\u00e7on significative et puissante. Le parrainage peut \u00e9galement contribuer aux objectifs de l\u2019employeur en mati\u00e8re de responsabilit\u00e9 sociale de l\u2019entreprise.<\/li>\n<\/ul>\n<h2>Comment les groupes de parrainage compos\u00e9s de coll\u00e8gues peuvent-ils s\u2019impliquer?<\/h2>\n<p>Les employ\u00e9s, voire m\u00eame les employeurs, peuvent former des groupes de parrainage au sein de leur organisation pour aider des r\u00e9fugi\u00e9s \u00e0 s\u2019installer et \u00e0 s\u2019int\u00e9grer dans leur nouvelle communaut\u00e9.<\/p>\n<p>Si vous envisagez d&#8217;aider des r\u00e9fugi\u00e9s en formant un groupe de parrainage avec vos coll\u00e8gues, commencez en consultant notre liste de <a href=\"https:\/\/rstptemp.turnbull.co\/en\/bvor\/refugee-profiles\/\">Profils de RDBV.\u00a0<\/a>Ces r\u00e9fugi\u00e9s ont \u00e9t\u00e9 recommand\u00e9s par le HCR (l\u2019agence de Nations Unies pour les r\u00e9fugi\u00e9s) et approuv\u00e9s par le gouvernement du Canada.<\/p>\n<p>Communiquez avec le personnel responsable du Programme mixte des RDBV du PFPR en \u00e9crivant \u00e0 <a href=\"mailto:bvor@rstp.ca\">bvor@rstp.ca<\/a> pour vous inscrire. Il confirmera le jumelage entre un groupe de parrainage et des r\u00e9fugi\u00e9s. Si vous d\u00e9sirez de l&#8217;assistance en fran\u00e7ais, communiquez avec notre personnel francophone ou bilingue dont vous trouverez les coordonn\u00e9es sur cette page : <a href=\"https:\/\/rstptemp.turnbull.co\/fr\/contactez-nous\/\" target=\"_blank\" rel=\"noopener\">https:\/\/rstptemp.turnbull.co\/fr\/contactez-nous\/<\/a><\/p>\n<h2>Pourquoi les groupes de parrainage compos\u00e9s de coll\u00e8gues devraient-ils envisager le Programme mixte des RDBV?<\/h2>\n<ul>\n<li><strong>Le Programme mixte des RDBV jumelle les groupes de parrainage avec les r\u00e9fugi\u00e9s<\/strong>\u00a0: Le Programme mixte des RDBV permet de trouver plus facilement des individus ou des familles \u00e0 parrainer. Il publie r\u00e9guli\u00e8rement des listes de r\u00e9fugi\u00e9s d\u00e9sign\u00e9s par le HCR et approuv\u00e9s par le gouvernement du Canada. Apr\u00e8s avoir discut\u00e9 de vos int\u00e9r\u00eats avec le personnel du Programme mixte des RDBV et avoir re\u00e7u une orientation plus d\u00e9taill\u00e9e au programme, vous pourrez choisir les r\u00e9fugi\u00e9s qui correspondent aux capacit\u00e9s de votre groupe.<\/li>\n<li><strong>Le Programme mixte des RDBV identifie les r\u00e9fugi\u00e9s qui ont le plus besoin d\u2019aide\u00a0<\/strong>: Les groupes de parrainage peuvent \u00eatre s\u00fbrs de soutenir les r\u00e9fugi\u00e9s identifi\u00e9s par le HCR et le gouvernement du Canada comme \u00e9tant les plus vuln\u00e9rables et n\u00e9cessiteux.<\/li>\n<li><strong>Le Programme mixte des RDBV<\/strong> <strong>r\u00e9duit le montant des fonds \u00e0 collecter\u00a0<\/strong>: Les groupes participant au Programme mixte des RDBV ne doivent contribuer qu\u2019un peu plus de la moiti\u00e9 des fonds n\u00e9cessaires pour soutenir les r\u00e9fugi\u00e9s pendant leur premi\u00e8re ann\u00e9e au Canada. Le gouvernement canadien fournira le reste. Or, dans le Programme de parrainage priv\u00e9 des r\u00e9fugi\u00e9s, les groupes de parrainage assurent normalement la totalit\u00e9 du soutien financier.<\/li>\n<li><strong>Le Programme mixte des RDBV raccourcit le temps d\u2019attente avant l\u2019arriv\u00e9e des r\u00e9fugi\u00e9s\u00a0<\/strong>: Les dossiers des r\u00e9fugi\u00e9s d\u00e9sign\u00e9s par un bureau des visas ont \u00e9t\u00e9 pr\u00e9-examin\u00e9s et pr\u00e9-approuv\u00e9s pour la r\u00e9installation par le gouvernement du Canada. Les r\u00e9fugi\u00e9s arriveront donc au Canada de 6 \u00e0 12 semaines apr\u00e8s avoir \u00e9t\u00e9 jumel\u00e9s avec un groupe de parrainage. Cela signifie que les groupes de parrainage peuvent se pr\u00e9parer plus efficacement pour l\u2019arriv\u00e9e des r\u00e9fugi\u00e9s. Il est \u00e9galement plus facile d\u2019\u00e9viter toute modification \u00e0 la composition du groupe de parrainage reli\u00e9e \u00e0 des changements de vie\u00a0: p. ex., membres du groupe quittant le lieu de travail, maladie, ou d\u00e9m\u00e9nagement dans une autre ville. La pr\u00e9visbilit\u00e9 du moment de l&#8217;arriv\u00e9e des r\u00e9fugi\u00e9s a encourag\u00e9 certains groupes \u00e0 parrainer une nouvelle famille de RDBV chaque ann\u00e9e.<\/li>\n<\/ul>\n<h2>Sera-t-il n\u00e9cessaire de fournir un emploi dans votre milieu de travail?<\/h2>\n<p>Non. Apr\u00e8s l\u2019arriv\u00e9e des r\u00e9fugi\u00e9s, le groupe aura la responsabilit\u00e9 de les aider \u00e0 trouver un emploi. S\u2019il existe une occasion d\u2019emploi convenable dans votre milieu de travail, vous pouvez en informer le nouvel arrivant. Mais c\u2019est \u00e0 lui que revient la d\u00e9cision finale sur le type d\u2019emploi qui lui conviendra le mieux.<\/p>\n<p>\u00c0 l\u2019instar des autres types de parrainage de r\u00e9fugi\u00e9s, le parrainage par un groupe de coll\u00e8gues est, avant tout, un effort humanitaire. Le parrainage de r\u00e9fugi\u00e9s ne doit donc pas servir de moyen de recruter des employ\u00e9s.<\/p>\n<h2>Les responsabilit\u00e9s des groupes de parrainage<\/h2>\n<p>Le parrainage est r\u00e9glement\u00e9 et surveill\u00e9 par le gouvernement du Canada. Les groupes de parrainage doivent adh\u00e9rer \u00e0 des lignes directrices pr\u00e9cises.<\/p>\n<p>Celles-ci concernent\u00a0:<\/p>\n<ul>\n<li>Le montant de fonds devant \u00eatre collect\u00e9s et d\u00e9tenus en fiducie pour qu\u2019un groupe se qualifie pour parrainer des r\u00e9fugi\u00e9s<\/li>\n<li>Les normes du logement<\/li>\n<li>Les allocations pour le transport et pour l\u2019achat de t\u00e9l\u00e9phones et d\u2019autres articles m\u00e9nagers<\/li>\n<li>Les allocations pour la nourriture<\/li>\n<li>Le droit des nouveaux arrivants d\u2019\u00e9tablir un budget de fa\u00e7on ind\u00e9pendante<\/li>\n<li>Le d\u00e9lai convenable pour l\u2019apprentissage de l\u2019anglais ou du fran\u00e7ais dans des cours de langue<\/li>\n<li>Le soutien \u00e0 l\u2019\u00e9tablissement, dont l\u2019aiguillage vers des services pertinents et l\u2019orientation au transport en commun et \u00e0 d\u2019autres activit\u00e9s quotidiennes<\/li>\n<\/ul>\n<h2>Quelles difficult\u00e9s pourraient survenir dans le contexte du parrainage par un groupe de coll\u00e8gues?<\/h2>\n<ul>\n<li>Certaines personnes pourraient croire que les membres du groupe sont motiv\u00e9s davantage par leurs int\u00e9r\u00eats commerciaux que par un souci humanitaire sinc\u00e8re.<\/li>\n<li>Un conflit de travail ou un d\u00e9s\u00e9quilibre de pouvoir pourraient faire obstacle aux efforts de parrainage.<\/li>\n<\/ul>\n<h2>Comment un groupe de parrainage compos\u00e9 de coll\u00e8gues peut-il \u00e9viter ou att\u00e9nuer les probl\u00e8mes?<\/h2>\n<ul>\n<li>Les groupes de parrainage compos\u00e9s de coll\u00e8gues doivent avoir une bonne compr\u00e9hension de leurs responsabilit\u00e9s et des r\u00e8gles r\u00e9gissant le programme de parrainage des r\u00e9fugi\u00e9s.<\/li>\n<li>Il serait utile pour les organismes de formuler des politiques concernant le parrainage par des groupes de coll\u00e8gues et les probl\u00e8mes qui pourraient survenir. Ces politiques pourraient inclure des lignes directrices sur la r\u00e9solution de conflits, la gestion des attentes et les consid\u00e9rations \u00e9thiques.<\/li>\n<\/ul>\n<h2>De quel type de soutien les groupes de parrainage peuvent-ils b\u00e9n\u00e9ficier?<\/h2>\n<p>Le Programme de formation sur le parrainage priv\u00e9 des r\u00e9fugi\u00e9s (PFPR) fournit de la formation et du soutien pour tous les groupes qui parrainent des r\u00e9fugi\u00e9s. Les organismes locaux d\u2019aide \u00e0 l\u2019\u00e9tablissement peuvent \u00e9galement appuyer les groupes de parrainage et les nouveaux arrivants durant l\u2019ann\u00e9e de parrainage.<\/p>\n<p><strong><em>Le PFPR d\u00e9sire remercier le Carrefour des r\u00e9fugi\u00e9s (The Refugee Hub) d\u2019avoir partag\u00e9 ses recherches et ses publications sur le parrainage par des groupes de coll\u00e8gues, qui ont servi de base \u00e0 cet article.<\/em><\/strong><\/p>\n","protected":false},"excerpt":{"rendered":"<p>Qu\u2019est-ce que le parrainage par un groupe de coll\u00e8gues?<br \/>\nLes lieux de travail sont riches en personnes, r\u00e9seaux et opportunit\u00e9s pouvant b\u00e9n\u00e9ficier aux r\u00e9fugi\u00e9s. Des coll\u00e8gues pourraient former un groupe de parrainage; leur employeur pourrait offrir des occasions d\u2019emploi ou de b\u00e9n\u00e9volat aux nouveaux arrivants, voire m\u00eame assumer le co\u00fbt du parrainage.<\/p>\n","protected":false},"author":4,"featured_media":0,"parent":10542,"menu_order":5,"comment_status":"closed","ping_status":"closed","template":"","meta":{"_relevanssi_hide_post":"","_relevanssi_hide_content":"","_relevanssi_pin_for_all":"","_relevanssi_pin_keywords":"","_relevanssi_unpin_keywords":"","_relevanssi_related_keywords":"","_relevanssi_related_include_ids":"","_relevanssi_related_exclude_ids":"","_relevanssi_related_no_append":"","_relevanssi_related_not_related":"","_relevanssi_related_posts":"22029,13843,15968,14566,13832,10666","_relevanssi_noindex_reason":"","_price":"","_stock":"","_tribe_ticket_header":"","_tribe_default_ticket_provider":"","_ticket_start_date":"","_ticket_end_date":"","_tribe_ticket_show_description":"","_tribe_ticket_show_not_going":false,"_tribe_ticket_use_global_stock":"","_tribe_ticket_global_stock_level":"","_global_stock_mode":"","_global_stock_cap":"","_tribe_rsvp_for_event":"","_tribe_ticket_going_count":"","_tribe_ticket_not_going_count":"","_tribe_tickets_list":"[]","_tribe_ticket_has_attendee_info_fields":false,"footnotes":"","_tec_slr_enabled":"","_tec_slr_layout":""},"class_list":["post-1331","page","type-page","status-publish","hentry"],"featured_image_src":null,"ticketed":false,"_links":{"self":[{"href":"https:\/\/rstptemp.turnbull.co\/fr\/wp-json\/wp\/v2\/pages\/1331","targetHints":{"allow":["GET"]}}],"collection":[{"href":"https:\/\/rstptemp.turnbull.co\/fr\/wp-json\/wp\/v2\/pages"}],"about":[{"href":"https:\/\/rstptemp.turnbull.co\/fr\/wp-json\/wp\/v2\/types\/page"}],"author":[{"embeddable":true,"href":"https:\/\/rstptemp.turnbull.co\/fr\/wp-json\/wp\/v2\/users\/4"}],"replies":[{"embeddable":true,"href":"https:\/\/rstptemp.turnbull.co\/fr\/wp-json\/wp\/v2\/comments?post=1331"}],"version-history":[{"count":6,"href":"https:\/\/rstptemp.turnbull.co\/fr\/wp-json\/wp\/v2\/pages\/1331\/revisions"}],"predecessor-version":[{"id":22568,"href":"https:\/\/rstptemp.turnbull.co\/fr\/wp-json\/wp\/v2\/pages\/1331\/revisions\/22568"}],"up":[{"embeddable":true,"href":"https:\/\/rstptemp.turnbull.co\/fr\/wp-json\/wp\/v2\/pages\/10542"}],"wp:attachment":[{"href":"https:\/\/rstptemp.turnbull.co\/fr\/wp-json\/wp\/v2\/media?parent=1331"}],"curies":[{"name":"wp","href":"https:\/\/api.w.org\/{rel}","templated":true}]}}