{"id":1334,"date":"2014-04-04T10:40:43","date_gmt":"2014-04-04T10:40:43","guid":{"rendered":"http:\/\/rstp.fantomdesign.net\/?page_id=1334"},"modified":"2025-11-07T04:53:16","modified_gmt":"2025-11-07T09:53:16","slug":"projet-pilote-de-parrainage-de-refugies-glbti","status":"publish","type":"page","link":"https:\/\/rstptemp.turnbull.co\/fr\/initiatives-speciales\/projet-pilote-de-parrainage-de-refugies-glbti\/","title":{"rendered":"Partenariat pour le parrainage de r\u00e9fugi\u00e9s LGBTQ2"},"content":{"rendered":"<p><img loading=\"lazy\" decoding=\"async\" class=\"wp-image-18941 size-full alignleft\" src=\"https:\/\/rstptemp.turnbull.co\/wp-content\/uploads\/2021\/01\/Rainbow-Refugee-logo-2.jpg\" alt=\"\" width=\"167\" height=\"180\" srcset=\"https:\/\/rstptemp.turnbull.co\/wp-content\/uploads\/2021\/01\/Rainbow-Refugee-logo-2.jpg 167w, https:\/\/rstptemp.turnbull.co\/wp-content\/uploads\/2021\/01\/Rainbow-Refugee-logo-2-22x24.jpg 22w, https:\/\/rstptemp.turnbull.co\/wp-content\/uploads\/2021\/01\/Rainbow-Refugee-logo-2-33x36.jpg 33w, https:\/\/rstptemp.turnbull.co\/wp-content\/uploads\/2021\/01\/Rainbow-Refugee-logo-2-45x48.jpg 45w\" sizes=\"auto, (max-width: 167px) 100vw, 167px\" \/><\/p>\n<p>Le 1<sup>er<\/sup> juin 2019, le gouvernement du Canada a annonc\u00e9 le <em>Rainbow Refugee Assistance Partnership<\/em> (RRAP). L\u2019objectif de cette initiative de parrainage conjoint est d\u2019appuyer un nombre accru de groupes canadiens issus du secteur priv\u00e9 d\u00e9sirant parrainer des r\u00e9fugi\u00e9s LGBTQ2 qui fuient la violence et la pers\u00e9cution li\u00e9es \u00e0 leur orientation sexuelle ou leur identit\u00e9 ou expression de genre.<\/p>\n<p>Fort de la r\u00e9ussite du projet pilote <em>Rainbow Refugee Assistance<\/em>, le gouvernement du Canada collaborera avec les groupes de parrainage issus du secteur priv\u00e9 en fournissant les co\u00fbts de d\u00e9marrage et trois mois de soutien au revenu \u00e0 des r\u00e9fugi\u00e9s LGBTQ2. Le soutien au revenu des neuf autres mois sera fourni par le groupe de parrainage. La Rainbow Refugee Society, en collaboration avec des organismes signataires d\u2019entente de parrainage, sera responsable de la soumission de toutes les demandes dans le cadre de ce partenariat. Les r\u00e9fugi\u00e9s LGBTQ2 parrain\u00e9s dans le cadre de ce programme ne requi\u00e8rent pas de places tir\u00e9es de l\u2019attribution de chaque SEP.<\/p>\n<p>L\u2019\u00e9tablissement d\u2019un partenariat de cinq ans permettra aux groupes de parrainage de poursuivre le d\u00e9veloppement de leur capacit\u00e9 de r\u00e9installation tout en renfor\u00e7ant les liens qui se sont cr\u00e9\u00e9s entre les organismes LGBTQ2 et les communaut\u00e9s canadiennes du parrainage et de l\u2019\u00e9tablissement au sens large.<\/p>\n<p>Les formulaires de demande pour cette initiative de parrainage de r\u00e9fugi\u00e9s sont les m\u00eames que pour les dossiers ordinaires de parrainage priv\u00e9 des r\u00e9fugi\u00e9s. Les citoyens canadiens et les r\u00e9sidents permanents qui sont int\u00e9ress\u00e9s \u00e0 participer \u00e0 ce projet sont invit\u00e9s \u00e0 s&#8217;enqu\u00e9rir aupr\u00e8s de la <a href=\"https:\/\/www.rainbowrefugee.com\/\">Rainbow Refugee Society<\/a> (site en anglais seulement).<\/p>\n<p>Pour acc\u00e9der au communiqu\u00e9 de presse du 1<sup>er <\/sup>juin annon\u00e7ant cette nouvelle initiative, cliquez <a href=\"https:\/\/www.canada.ca\/fr\/immigration-refugies-citoyennete\/nouvelles\/2019\/06\/le-canada-annonce-une-nouvelle-initiative-pour-soutenir-les-refugies-lgbtq2.html\">ici<\/a>.<\/p>\n<p>&nbsp;<\/p>\n","protected":false},"excerpt":{"rendered":"<p>Le 1er juin 2019, le gouvernement du Canada a annonc\u00e9 le <em>Rainbow Refugee Assistance Partnership<\/em> (RRAP). L\u2019objectif de cette initiative de parrainage conjoint est d\u2019appuyer un nombre accru de groupes canadiens issus du secteur priv\u00e9 d\u00e9sirant parrainer des r\u00e9fugi\u00e9s LGBTQ2 qui fuient la violence et la pers\u00e9cution li\u00e9es \u00e0 leur orientation sexuelle ou leur identit\u00e9 ou expression de genre.<\/p>\n","protected":false},"author":4,"featured_media":0,"parent":1319,"menu_order":3,"comment_status":"closed","ping_status":"closed","template":"","meta":{"_relevanssi_hide_post":"","_relevanssi_hide_content":"","_relevanssi_pin_for_all":"","_relevanssi_pin_keywords":"","_relevanssi_unpin_keywords":"","_relevanssi_related_keywords":"","_relevanssi_related_include_ids":"","_relevanssi_related_exclude_ids":"","_relevanssi_related_no_append":"","_relevanssi_related_not_related":"","_relevanssi_related_posts":"22827,13832,15968,10666,14566,13843","_relevanssi_noindex_reason":"","_price":"","_stock":"","_tribe_ticket_header":"","_tribe_default_ticket_provider":"","_ticket_start_date":"","_ticket_end_date":"","_tribe_ticket_show_description":"","_tribe_ticket_show_not_going":false,"_tribe_ticket_use_global_stock":"","_tribe_ticket_global_stock_level":"","_global_stock_mode":"","_global_stock_cap":"","_tribe_rsvp_for_event":"","_tribe_ticket_going_count":"","_tribe_ticket_not_going_count":"","_tribe_tickets_list":"[]","_tribe_ticket_has_attendee_info_fields":false,"footnotes":"","_tec_slr_enabled":"","_tec_slr_layout":""},"class_list":["post-1334","page","type-page","status-publish","hentry"],"featured_image_src":null,"ticketed":false,"_links":{"self":[{"href":"https:\/\/rstptemp.turnbull.co\/fr\/wp-json\/wp\/v2\/pages\/1334","targetHints":{"allow":["GET"]}}],"collection":[{"href":"https:\/\/rstptemp.turnbull.co\/fr\/wp-json\/wp\/v2\/pages"}],"about":[{"href":"https:\/\/rstptemp.turnbull.co\/fr\/wp-json\/wp\/v2\/types\/page"}],"author":[{"embeddable":true,"href":"https:\/\/rstptemp.turnbull.co\/fr\/wp-json\/wp\/v2\/users\/4"}],"replies":[{"embeddable":true,"href":"https:\/\/rstptemp.turnbull.co\/fr\/wp-json\/wp\/v2\/comments?post=1334"}],"version-history":[{"count":5,"href":"https:\/\/rstptemp.turnbull.co\/fr\/wp-json\/wp\/v2\/pages\/1334\/revisions"}],"predecessor-version":[{"id":22574,"href":"https:\/\/rstptemp.turnbull.co\/fr\/wp-json\/wp\/v2\/pages\/1334\/revisions\/22574"}],"up":[{"embeddable":true,"href":"https:\/\/rstptemp.turnbull.co\/fr\/wp-json\/wp\/v2\/pages\/1319"}],"wp:attachment":[{"href":"https:\/\/rstptemp.turnbull.co\/fr\/wp-json\/wp\/v2\/media?parent=1334"}],"curies":[{"name":"wp","href":"https:\/\/api.w.org\/{rel}","templated":true}]}}