{"id":1343,"date":"2014-04-04T10:49:51","date_gmt":"2014-04-04T14:49:51","guid":{"rendered":"http:\/\/rstp.fantomdesign.net\/?page_id=1343"},"modified":"2025-11-15T02:37:26","modified_gmt":"2025-11-15T07:37:26","slug":"formation-en-ligne","status":"publish","type":"page","link":"https:\/\/rstptemp.turnbull.co\/fr\/formation\/formation-en-ligne\/","title":{"rendered":"Formation en ligne"},"content":{"rendered":"<p>Les cours de formation en ligne du PFPR proposent des occasions d&#8217;\u00e9tudier en profondeur le Programme de parrainage priv\u00e9 des r\u00e9fugi\u00e9s (PPPR). Ces cours de formation en ligne pr\u00e9sentent non seulement des connaissances essentielles, mais aussi des exemples concrets, des pratiques exemplaires et des ressources actualis\u00e9es, afin d\u2019\u00e9quiper au mieux les groupes envisageant de parrainer des r\u00e9fugi\u00e9s ou participant actuellement \u00e0 un parrainage.<\/p>\n<h2><strong>Comment s&#8217;inscrire<\/strong><\/h2>\n<p><strong>Vous devrez d&#8217;abord cr\u00e9er un compte utilisateur sur notre site de la formation en ligne, si vous n&#8217;en avez pas encore un. <\/strong><\/p>\n<p>Votre nouveau compte sera confirm\u00e9 dans le prochain jour ouvrable (du lundi au vendredi, de 9 h \u00e0 17 h [Est]). Vous pourrez ensuite vous inscrire aux cours d\u00e9crits ci-dessous.<\/p>\n<p><iframe loading=\"lazy\" title=\"Comment cr\u00e9er un compte utilisateur pour la formation en ligne du PFPR ?\" width=\"500\" height=\"281\" src=\"https:\/\/www.youtube.com\/embed\/HtR6zix1Ick?feature=oembed\" frameborder=\"0\" allow=\"accelerometer; autoplay; clipboard-write; encrypted-media; gyroscope; picture-in-picture; web-share\" referrerpolicy=\"strict-origin-when-cross-origin\" allowfullscreen><\/iframe><\/p>\n<p>&nbsp;<\/p>\n<h2><strong>INTRODUCTION AU PARRAINAGE PRIV\u00c9 DES R\u00c9FUGI\u00c9S<\/strong> (IET101FR) <a href=\"https:\/\/rstptemp.turnbull.co\/wp-content\/uploads\/2024\/02\/Plan_de_cours-IET101FR_Hiver2022.pdf\" target=\"_blank\" rel=\"noopener\"><u>voir le plan du cours<\/u>\u00a0<\/a><\/h2>\n<p><strong>La prochaine session du cours d&#8217;introduction aura lieu : dates \u00e0 confirmer\u00a0<\/strong><br \/>\n\u00c9crivez \u00e0 <a href=\"mailto:eformation@rstp.ca?subject=IET101 - Demande d'inscription sur le site du PFPR &amp;body=Je souhaite m'inscrire au prochain cours d'introduction disponible pour le Programme de parrainage priv\u00e9 de r\u00e9fugi\u00e9s.\">eformation@rstp.ca<\/a>\u00a0 pour demander \u00e0 vous pr\u00e9-inscrire.<\/p>\n<p><a href=\"https:\/\/rstptemp.turnbull.co\/wp-content\/uploads\/2022\/08\/IET101-FeatureImg.png\"><img loading=\"lazy\" decoding=\"async\" class=\"wp-image-19270 alignleft\" src=\"https:\/\/rstptemp.turnbull.co\/wp-content\/uploads\/2022\/08\/IET101-FeatureImg-300x158.png\" alt=\"\" width=\"403\" height=\"212\" srcset=\"https:\/\/rstptemp.turnbull.co\/wp-content\/uploads\/2022\/08\/IET101-FeatureImg-300x158.png 300w, https:\/\/rstptemp.turnbull.co\/wp-content\/uploads\/2022\/08\/IET101-FeatureImg-768x403.png 768w, https:\/\/rstptemp.turnbull.co\/wp-content\/uploads\/2022\/08\/IET101-FeatureImg-1024x538.png 1024w, https:\/\/rstptemp.turnbull.co\/wp-content\/uploads\/2022\/08\/IET101-FeatureImg-24x13.png 24w, https:\/\/rstptemp.turnbull.co\/wp-content\/uploads\/2022\/08\/IET101-FeatureImg-36x19.png 36w, https:\/\/rstptemp.turnbull.co\/wp-content\/uploads\/2022\/08\/IET101-FeatureImg-48x25.png 48w, https:\/\/rstptemp.turnbull.co\/wp-content\/uploads\/2022\/08\/IET101-FeatureImg.png 1200w\" sizes=\"auto, (max-width: 403px) 100vw, 403px\" \/><\/a>Ce cours d&#8217;introduction en ligne aide les participants \u00e0 comprendre le contexte mondial dans lequel s&#8217;inscrit le Programme de parrainage priv\u00e9 de r\u00e9fugi\u00e9s du Canada. Il pr\u00e9sente les connaissances et les outils essentiels aux parrainage de r\u00e9fugi\u00e9s. Il aborde de fa\u00e7on d\u00e9taill\u00e9e les renseignements suivants : qui peut-\u00eatre parrain\u00e9, qui peut parrainer, comment remplir les formulaires de demande et calculer les co\u00fbts du parrainage et quelles sont les obligations du groupe de parrainage apr\u00e8s l&#8217;arriv\u00e9e des personnes parrain\u00e9es. En offrant gratuitement cette formation en ligne, le PFPR vise \u00e0 renforcer les connaissances et les capacit\u00e9s des groupes de parrainage actuels et futurs ainsi que des fournisseurs de services au Canada.<\/p>\n<p>&nbsp;<\/p>\n<h2><strong>\u00c9VALUATION DES DOSSIERS DU R\u00c9FUGI\u00c9 ET DU GROUPE DE PARRAINAGE<\/strong> (AET201FR) <span style=\"text-decoration: underline;\"><a href=\"https:\/\/rstptemp.turnbull.co\/wp-content\/uploads\/2024\/02\/Plan_de_cours-AET201FR_2021.AUTOMNE_2021.pdf\" target=\"_blank\" rel=\"noopener\">voir le plan du cours<\/a><\/span><\/h2>\n<p><strong>La prochaine session de cours aura lieu : dates \u00e0 confirmer\u00a0<\/strong><br \/>\n<span style=\"color: #ff0000;\"><strong>Pr\u00e9requis\u00a0<\/strong><\/span>: Cours d&#8217;Introduction au parrainage priv\u00e9 de r\u00e9fugi\u00e9s (IET101FR)<br \/>\n\u00c9crivez \u00e0 <a href=\"mailto:eformation@rstp.ca?subject=AET201 - Demande d'inscription \u00e0 partir du site web du PFPR &amp;body=Je souhaite m'inscrire au prochain cours de formation de niveau avanc\u00e9 disponible. J'ai suivi avec succ\u00e8s le cours IET101 en MM\/YYYY.\">eformation@rstp.ca<\/a> pour demander \u00e0 vous pr\u00e9inscrire.<\/p>\n<p><a href=\"https:\/\/rstptemp.turnbull.co\/wp-content\/uploads\/2022\/08\/AET201-FeatureImg.png\"><img loading=\"lazy\" decoding=\"async\" class=\"wp-image-19269 alignleft\" src=\"https:\/\/rstptemp.turnbull.co\/wp-content\/uploads\/2022\/08\/AET201-FeatureImg-300x158.png\" alt=\"\" width=\"403\" height=\"212\" srcset=\"https:\/\/rstptemp.turnbull.co\/wp-content\/uploads\/2022\/08\/AET201-FeatureImg-300x158.png 300w, https:\/\/rstptemp.turnbull.co\/wp-content\/uploads\/2022\/08\/AET201-FeatureImg-768x403.png 768w, https:\/\/rstptemp.turnbull.co\/wp-content\/uploads\/2022\/08\/AET201-FeatureImg-1024x538.png 1024w, https:\/\/rstptemp.turnbull.co\/wp-content\/uploads\/2022\/08\/AET201-FeatureImg-24x13.png 24w, https:\/\/rstptemp.turnbull.co\/wp-content\/uploads\/2022\/08\/AET201-FeatureImg-36x19.png 36w, https:\/\/rstptemp.turnbull.co\/wp-content\/uploads\/2022\/08\/AET201-FeatureImg-48x25.png 48w, https:\/\/rstptemp.turnbull.co\/wp-content\/uploads\/2022\/08\/AET201-FeatureImg.png 1200w\" sizes=\"auto, (max-width: 403px) 100vw, 403px\" \/><\/a>Cette formation de niveau avanc\u00e9 s&#8217;adresse uniquement aux participants ayant termin\u00e9 le cours IET101FR. Les participants s&#8217;appuieront sur leurs apprentissages ant\u00e9rieurs pour approfondir leur connaissance des m\u00e9thodes d&#8217;\u00e9valuation de :<\/p>\n<p>1. La recevabilit\u00e9 et l&#8217;admissibilit\u00e9 des r\u00e9fugi\u00e9s<br \/>\n2. L&#8217;admissibilit\u00e9 et la capacit\u00e9 financi\u00e8re des groupes de parrainage.<\/p>\n<p>Il s\u2019agit d\u2019un cours d\u2019auto-apprentissage qui peut \u00eatre compl\u00e9t\u00e9 en 6 \u00e0 12 semaines. Il aborde les instruments juridiques internationaux, les crit\u00e8res de r\u00e9installation du HCR, la d\u00e9termination du statut de r\u00e9fugi\u00e9 (DSR), les solutions durables, les crit\u00e8res de recevabilit\u00e9 et d&#8217;admissibilit\u00e9 pour la r\u00e9installation au Canada, et les obligations financi\u00e8res des groupes de parrainage apr\u00e8s l&#8217;arriv\u00e9e des personnes parrain\u00e9es.<\/p>\n<h2><strong>COURS SUR LE PARRAINAGE PRIV\u00c9 <span class=\"ui-provider fy b c d e f g h i j k l m n o p q r s t u v w x y z ab ac ae af ag ah ai aj ak\" dir=\"ltr\">\u00c0 L&#8217;INTENTION DES INTERVENANTS EN \u00c9TABLISSEMENT<\/span><\/strong> (SPT101FR)<\/h2>\n<p><strong>La prochaine session de ce cours aura lieu : dates \u00e0 confirmer\u00a0<\/strong><br \/>\n\u00c9crivez \u00e0 <a href=\"mailto:eformation@rstp.ca ?subject=SWT101 - Demande d'inscription sur le site web du PFPR &amp;body=Je voudrais m'inscrire au prochain cours disponible pour les travailleurs de l'\u00e9tablissement. Le nom de mon agence\/organisation d'\u00e9tablissement est : ______________________.\" target=\"_blank\" rel=\"noopener\">eformation@rstp.ca<\/a> pour demander \u00e0 vous pr\u00e9-inscrire.<\/p>\n<p><a href=\"https:\/\/rstptemp.turnbull.co\/wp-content\/uploads\/2023\/05\/SWT101-CourseFeatureImg.jpg\"><img loading=\"lazy\" decoding=\"async\" class=\"wp-image-19794 alignleft\" src=\"https:\/\/rstptemp.turnbull.co\/wp-content\/uploads\/2023\/05\/SWT101-CourseFeatureImg-300x158.jpg\" alt=\"\" width=\"403\" height=\"212\" srcset=\"https:\/\/rstptemp.turnbull.co\/wp-content\/uploads\/2023\/05\/SWT101-CourseFeatureImg-300x158.jpg 300w, https:\/\/rstptemp.turnbull.co\/wp-content\/uploads\/2023\/05\/SWT101-CourseFeatureImg-1024x538.jpg 1024w, https:\/\/rstptemp.turnbull.co\/wp-content\/uploads\/2023\/05\/SWT101-CourseFeatureImg-768x403.jpg 768w, https:\/\/rstptemp.turnbull.co\/wp-content\/uploads\/2023\/05\/SWT101-CourseFeatureImg-24x13.jpg 24w, https:\/\/rstptemp.turnbull.co\/wp-content\/uploads\/2023\/05\/SWT101-CourseFeatureImg-36x19.jpg 36w, https:\/\/rstptemp.turnbull.co\/wp-content\/uploads\/2023\/05\/SWT101-CourseFeatureImg-48x25.jpg 48w, https:\/\/rstptemp.turnbull.co\/wp-content\/uploads\/2023\/05\/SWT101-CourseFeatureImg.jpg 1200w\" sizes=\"auto, (max-width: 403px) 100vw, 403px\" \/><\/a><\/p>\n<p>Ce cours en ligne est destin\u00e9 aux intervenants en \u00e9tablissement qui travaillent avec des r\u00e9fugi\u00e9s parrain\u00e9s par le secteur priv\u00e9 et leurs r\u00e9pondants. Les objectifs de ce cours sont de vous fournir des informations essentielles sur le parrainage priv\u00e9 en g\u00e9n\u00e9ral et de vous aider \u00e0 comprendre les relations uniques entre les intervenants en \u00e9tablissement, les nouveaux arrivants parrain\u00e9s par le secteur priv\u00e9 et leurs r\u00e9pondants. Ce cours vous permettra de vous familiariser avec le programme de parrainage priv\u00e9 au Canada et de mieux comprendre l&#8217;importance de votre r\u00f4le dans la r\u00e9ussite du parrainage de r\u00e9fugi\u00e9s.<\/p>\n<p>&nbsp;<\/p>\n<h2><strong>DEVENIR UN SIGNATAIRE D&#8217;ENTENTE DE PARRAINAGE <\/strong>(SAH101FR) <span style=\"text-decoration: underline;\"><a href=\"https:\/\/rstptemp.turnbull.co\/wp-content\/uploads\/2021\/04\/Devenir-SEP-Brochure-avr.2021.pdf\" target=\"_blank\" rel=\"noopener\">voir la brochure Devenir un SEP<\/a><\/span><\/h2>\n<p><strong>Ce cours est maintenant ferm\u00e9 :<\/strong> \u2013 IRCC n\u2019acceptera pas de nouvelles demandes de SEP en 2025.<br \/>\nCela signifie qu\u2019il n\u2019y aura pas de p\u00e9riode de d\u00e9p\u00f4t des candidatures ni d\u2019acc\u00e8s \u00e0 la formation obligatoire cette ann\u00e9e.<br \/>\nSi vous souhaitez parrainer, vous pouvez toujours <span data-teams=\"true\"><strong>collaborer <\/strong><\/span>avec un <a href=\"https:\/\/www.canada.ca\/fr\/immigration-refugies-citoyennete\/services\/refugies\/parrainer-refugie\/programme-parrainage-prive\/signataires-entente\/liste-signataires.html\">signataire existant<\/a>.<br \/>\nUne annonce sera publi\u00e9e sur le <a href=\"https:\/\/www.canada.ca\/fr\/immigration-refugies-citoyennete\/services\/refugies\/parrainer-refugie\/programme-parrainage-prive\/signataires-entente.html\" target=\"_blank\" rel=\"noopener\">site Web d&#8217;IRCC<\/a> lorsque les soumissions de candidatures rouvriront.<\/p>\n<p><a href=\"https:\/\/rstptemp.turnbull.co\/wp-content\/uploads\/2023\/05\/MicrosoftTeams-image.png\"><img loading=\"lazy\" decoding=\"async\" class=\"wp-image-19785 alignleft\" src=\"https:\/\/rstptemp.turnbull.co\/wp-content\/uploads\/2023\/05\/MicrosoftTeams-image-300x181.png\" alt=\"\" width=\"403\" height=\"243\" srcset=\"https:\/\/rstptemp.turnbull.co\/wp-content\/uploads\/2023\/05\/MicrosoftTeams-image-300x181.png 300w, https:\/\/rstptemp.turnbull.co\/wp-content\/uploads\/2023\/05\/MicrosoftTeams-image-24x14.png 24w, https:\/\/rstptemp.turnbull.co\/wp-content\/uploads\/2023\/05\/MicrosoftTeams-image-36x22.png 36w, https:\/\/rstptemp.turnbull.co\/wp-content\/uploads\/2023\/05\/MicrosoftTeams-image-48x29.png 48w, https:\/\/rstptemp.turnbull.co\/wp-content\/uploads\/2023\/05\/MicrosoftTeams-image.png 736w\" sizes=\"auto, (max-width: 403px) 100vw, 403px\" \/><\/a><\/p>\n<p><strong>Si votre organisation souhaite apprendre comment se pr\u00e9parer \u00e0 pr\u00e9senter une demande pour devenir un SEP, veuillez suivre les \u00e9tapes suivantes :<\/strong><\/p>\n<p><strong>\u00c9tape 1 : \u00cates-vous admissible ?<\/strong><br \/>\nRegardez cette vid\u00e9o sur les conditions de candidature.<\/p>\n<p><strong>\u00c9tape 2 : \u00cates-vous pr\u00e9par\u00e9 ?<\/strong><br \/>\nConsultez le site <a href=\"https:\/\/www.canada.ca\/fr\/immigration-refugies-citoyennete\/services\/refugies\/parrainer-refugie\/programme-parrainage-prive\/signataires-entente\/presenter-demande.html\">Web d&#8217;IRCC<\/a> pour en savoir plus sur le processus pour devenir un SEP, et regardez les vid\u00e9os suivantes : <a href=\"https:\/\/youtu.be\/1fgHUyEibII\"><i>\u00c9tats financiers v\u00e9rifi\u00e9s<\/i><\/a> (en anglais), <a href=\"https:\/\/youtu.be\/b3iGLM3Bnz4?feature=shared\"><i>Gestion financi\u00e8re<\/i> et <i>Responsabilit\u00e9s des dirigeants<\/i><\/a>.<\/p>\n<p><strong>\u00c9tape 3 : \u00cates-vous pr\u00eat ?<\/strong><br \/>\nLorsque IRCC recommencera \u00e0 accepter les demandes, assurez-vous que votre organisation :<\/p>\n<ul>\n<li>est incorpor\u00e9e depuis au moins deux ans ;<\/li>\n<li>a r\u00e9alis\u00e9 deux \u00e0 trois parrainages complets au cours des trois derni\u00e8res ann\u00e9es ;<\/li>\n<li>poss\u00e8de un \u00e9tat financier r\u00e9cent v\u00e9rifi\u00e9 par un CPA.<\/li>\n<\/ul>\n<p><!--Vous devez remplir le formulaire de <a href=\"https:\/\/forms.office.com\/r\/ALzhD0ts8n\" target=\"_blank\" rel=\"noopener\">pr\u00e9-\u00e9valuation<\/a>\u00a0pour \u00eatre ajout\u00e9 \u00e0 la liste d'attente de la formation obligatoire. <em>(<span style=\"color: #ff0000;\">Pour afficher le formulaire en fran\u00e7ais, veuillez choisir cette langue dans le menu du c\u00f4t\u00e9 sup\u00e9rieur droit de la page du formulaire<\/span>)<\/em><span data-mce-type=\"bookmark\" style=\"display: inline-block; width: 0px; overflow: hidden; line-height: 0;\" class=\"mce_SELRES_start\"><\/span>\n--><\/p>\n<p><strong>En attendant&#8230;<\/strong><\/p>\n<ul>\n<li>Envisagez de <a href=\"https:\/\/www.canada.ca\/fr\/immigration-refugies-citoyennete\/services\/refugies\/parrainer-refugie\/programme-parrainage-prive\/signataires-entente\/presenter-demande.html\" target=\"_blank\" rel=\"noopener\">collaborer avec un SEP existant<\/a> pour acqu\u00e9rir de l&#8217;exp\u00e9rience de parrainage; votre organisme devra avoir compl\u00e9t\u00e9 2\u00a0parrainages au cours des 3 derni\u00e8res ann\u00e9es avant de pouvoir pr\u00e9senter sa candidature.<\/li>\n<li>Participez au cours d&#8217;Introduction au parrainage priv\u00e9 de r\u00e9fugi\u00e9s (IET101FR) pour obtenir une connaissance des \u00e9l\u00e9ments essentiels du Programme de parrainage priv\u00e9 de r\u00e9fugi\u00e9s au Canada.<\/li>\n<\/ul>\n","protected":false},"excerpt":{"rendered":"<p>Les cours de formation en ligne du PFPR proposent des occasions d&#8217;\u00e9tudier en profondeur le Programme de parrainage priv\u00e9 des r\u00e9fugi\u00e9s (PPPR). Ces cours de formation en ligne pr\u00e9sentent non seulement des connaissances essentielles, mais aussi des exemples concrets, des pratiques exemplaires et des ressources actualis\u00e9es, afin d\u2019\u00e9quiper au mieux les groupes envisageant de parrainer des r\u00e9fugi\u00e9s ou participant actuellement \u00e0 un parrainage.<\/p>\n","protected":false},"author":4,"featured_media":16592,"parent":1337,"menu_order":2,"comment_status":"closed","ping_status":"closed","template":"","meta":{"_relevanssi_hide_post":"","_relevanssi_hide_content":"","_relevanssi_pin_for_all":"","_relevanssi_pin_keywords":"","_relevanssi_unpin_keywords":"","_relevanssi_related_keywords":"","_relevanssi_related_include_ids":"","_relevanssi_related_exclude_ids":"","_relevanssi_related_no_append":"","_relevanssi_related_not_related":"","_relevanssi_related_posts":"15968,22029,22827,13874,13843,10666","_relevanssi_noindex_reason":"","_price":"","_stock":"","_tribe_ticket_header":"","_tribe_default_ticket_provider":"","_ticket_start_date":"","_ticket_end_date":"","_tribe_ticket_show_description":"","_tribe_ticket_show_not_going":false,"_tribe_ticket_use_global_stock":"","_tribe_ticket_global_stock_level":"","_global_stock_mode":"","_global_stock_cap":"","_tribe_rsvp_for_event":"","_tribe_ticket_going_count":"","_tribe_ticket_not_going_count":"","_tribe_tickets_list":"[]","_tribe_ticket_has_attendee_info_fields":false,"footnotes":"","_tec_slr_enabled":"","_tec_slr_layout":""},"class_list":["post-1343","page","type-page","status-publish","has-post-thumbnail","hentry"],"featured_image_src":"https:\/\/rstptemp.turnbull.co\/wp-content\/uploads\/2023\/02\/RSTP-E-Training-Banner.jpg","ticketed":false,"_links":{"self":[{"href":"https:\/\/rstptemp.turnbull.co\/fr\/wp-json\/wp\/v2\/pages\/1343","targetHints":{"allow":["GET"]}}],"collection":[{"href":"https:\/\/rstptemp.turnbull.co\/fr\/wp-json\/wp\/v2\/pages"}],"about":[{"href":"https:\/\/rstptemp.turnbull.co\/fr\/wp-json\/wp\/v2\/types\/page"}],"author":[{"embeddable":true,"href":"https:\/\/rstptemp.turnbull.co\/fr\/wp-json\/wp\/v2\/users\/4"}],"replies":[{"embeddable":true,"href":"https:\/\/rstptemp.turnbull.co\/fr\/wp-json\/wp\/v2\/comments?post=1343"}],"version-history":[{"count":53,"href":"https:\/\/rstptemp.turnbull.co\/fr\/wp-json\/wp\/v2\/pages\/1343\/revisions"}],"predecessor-version":[{"id":23415,"href":"https:\/\/rstptemp.turnbull.co\/fr\/wp-json\/wp\/v2\/pages\/1343\/revisions\/23415"}],"up":[{"embeddable":true,"href":"https:\/\/rstptemp.turnbull.co\/fr\/wp-json\/wp\/v2\/pages\/1337"}],"wp:featuredmedia":[{"embeddable":true,"href":"https:\/\/rstptemp.turnbull.co\/fr\/wp-json\/wp\/v2\/media\/16592"}],"wp:attachment":[{"href":"https:\/\/rstptemp.turnbull.co\/fr\/wp-json\/wp\/v2\/media?parent=1343"}],"curies":[{"name":"wp","href":"https:\/\/api.w.org\/{rel}","templated":true}]}}