{"id":1355,"date":"2014-04-04T10:53:55","date_gmt":"2014-04-04T10:53:55","guid":{"rendered":"http:\/\/rstp.fantomdesign.net\/?page_id=1355"},"modified":"2026-02-25T09:51:35","modified_gmt":"2026-02-25T14:51:35","slug":"ressources","status":"publish","type":"page","link":"https:\/\/rstptemp.turnbull.co\/fr\/ressources\/","title":{"rendered":"Ressources"},"content":{"rendered":"<p>Vous trouverez ici un large \u00e9ventail de ressources sur le parrainage de r\u00e9fugi\u00e9s, dont des documents publi\u00e9s par IRCC, des fiches d\u2019informations sur divers sujets, des livrets d\u00e9taill\u00e9s sur les groupes de parrainage et notre vid\u00e9oth\u00e8que. Consultez notre site pour des mises \u00e0 jour r\u00e9guli\u00e8res.<\/p>\n\n\n<div class=\"wp-block-tco2025-blocks-icon-list-block feature-list\"><a class=\"feature\" href=\"https:\/\/rstptemp.turnbull.co\/fr\/ressources\/resource-library\/?ks=&#038;sk=d&#038;rt=&#038;rtt=286&#038;rf=&#038;rl=\"><div class=\"feature__icon-wrapper\"><img decoding=\"async\" class=\"feature__icon\" src=\"https:\/\/rstptemp.turnbull.co\/wp-content\/uploads\/2026\/01\/file1.svg\" alt=\"\" title=\"\"\/><\/div><p class=\"feature__text\">Ressources d&#8217;IRCC<\/p><\/a><a class=\"feature\" href=\"https:\/\/rstptemp.turnbull.co\/fr\/ressources\/fiches-dinformation\/\"><div class=\"feature__icon-wrapper\"><img decoding=\"async\" class=\"feature__icon\" src=\"https:\/\/rstptemp.turnbull.co\/wp-content\/uploads\/2026\/01\/file2.svg\" alt=\"\" title=\"\"\/><\/div><p class=\"feature__text\">Fiches d\u2019information<\/p><\/a><a class=\"feature\" href=\"https:\/\/rstptemp.turnbull.co\/fr\/ressources\/resource-library\/\"><div class=\"feature__icon-wrapper\"><img decoding=\"async\" class=\"feature__icon\" src=\"https:\/\/rstptemp.turnbull.co\/wp-content\/uploads\/2026\/02\/books.svg\" alt=\"\" title=\"books\"\/><\/div><p class=\"feature__text\">Biblioth\u00e8que de ressources<\/p><\/a><a class=\"feature\" href=\"https:\/\/rstptemp.turnbull.co\/fr\/ressources\/resource-library\/?ks=&#038;sk=d&#038;rt=&#038;rtt=285&#038;rf=&#038;rl=\"><div class=\"feature__icon-wrapper\"><img decoding=\"async\" class=\"feature__icon\" src=\"https:\/\/rstptemp.turnbull.co\/wp-content\/uploads\/2026\/01\/book.svg\" alt=\"book icon\" title=\"book\"\/><\/div><p class=\"feature__text\">Brochures<\/p><\/a><a class=\"feature\" href=\"https:\/\/rstptemp.turnbull.co\/fr\/ressources\/resource-library\/?ks=&#038;sk=d&#038;rt=&#038;rtt=284&#038;rf=&#038;rl=\"><div class=\"feature__icon-wrapper\"><img decoding=\"async\" class=\"feature__icon\" src=\"https:\/\/rstptemp.turnbull.co\/wp-content\/uploads\/2026\/01\/play.svg\" alt=\"Play icon\" title=\"play\"\/><\/div><p class=\"feature__text\">Vid\u00e9oth\u00e8que<\/p><\/a><a class=\"feature\" href=\"https:\/\/rstptemp.turnbull.co\/fr\/ressources\/resource-library\/?ks=&#038;sk=d&#038;rt=&#038;rtt=287&#038;rf=&#038;rl=\"><div class=\"feature__icon-wrapper\"><img decoding=\"async\" class=\"feature__icon\" src=\"https:\/\/rstptemp.turnbull.co\/wp-content\/uploads\/2026\/01\/screen.svg\" alt=\"screen icon\" title=\"screen\"\/><\/div><p class=\"feature__text\">Webinaires pr\u00e9c\u00e9dents<\/p><\/a><\/div>\n","protected":false},"excerpt":{"rendered":"<p>Vous trouverez ici un large \u00e9ventail de ressources sur le parrainage de r\u00e9fugi\u00e9s, dont des documents publi\u00e9s par IRCC, des fiches d\u2019informations sur divers sujets, des livrets d\u00e9taill\u00e9s sur les groupes de parrainage et notre vid\u00e9oth\u00e8que. Consultez notre site pour des mises \u00e0 jour r\u00e9guli\u00e8res.<\/p>\n<p><a class=\"feature\" href=\"https:\/\/rstptemp.turnbull.co\/fr\/ressources\/resource-library\/?ks=&#038;sk=d&#038;rt=&#038;rtt=286&#038;rf=&#038;rl=\">Ressources d&#8217;IRCC<\/a><a class=\"feature\" href=\"https:\/\/rstptemp.turnbull.co\/fr\/ressources\/fiches-dinformation\/\">Fiches d\u2019information<\/a><a class=\"feature\" href=\"https:\/\/rstptemp.turnbull.co\/fr\/ressources\/resource-library\/\">Biblioth\u00e8que de ressources<\/a><a class=\"feature\" href=\"https:\/\/rstptemp.turnbull.co\/fr\/ressources\/resource-library\/?ks=&#038;sk=d&#038;rt=&#038;rtt=285&#038;rf=&#038;rl=\">Brochures<\/a><a class=\"feature\" href=\"https:\/\/rstptemp.turnbull.co\/fr\/ressources\/resource-library\/?ks=&#038;sk=d&#038;rt=&#038;rtt=284&#038;rf=&#038;rl=\">Vid\u00e9oth\u00e8que<\/a><a class=\"feature\" href=\"https:\/\/rstptemp.turnbull.co\/fr\/ressources\/resource-library\/?ks=&#038;sk=d&#038;rt=&#038;rtt=287&#038;rf=&#038;rl=\">Webinaires pr\u00e9c\u00e9dents<\/a><\/p>\n","protected":false},"author":4,"featured_media":0,"parent":0,"menu_order":7,"comment_status":"closed","ping_status":"closed","template":"template-blocks.php","meta":{"_relevanssi_hide_post":"","_relevanssi_hide_content":"","_relevanssi_pin_for_all":"","_relevanssi_pin_keywords":"","_relevanssi_unpin_keywords":"","_relevanssi_related_keywords":"","_relevanssi_related_include_ids":"","_relevanssi_related_exclude_ids":"","_relevanssi_related_no_append":"","_relevanssi_related_not_related":"","_relevanssi_related_posts":"13832,10666,15968,22029,22827,13874","_relevanssi_noindex_reason":"","_price":"","_stock":"","_tribe_ticket_header":"","_tribe_default_ticket_provider":"","_ticket_start_date":"","_ticket_end_date":"","_tribe_ticket_show_description":"","_tribe_ticket_show_not_going":false,"_tribe_ticket_use_global_stock":"","_tribe_ticket_global_stock_level":"","_global_stock_mode":"","_global_stock_cap":"","_tribe_rsvp_for_event":"","_tribe_ticket_going_count":"","_tribe_ticket_not_going_count":"","_tribe_tickets_list":"[]","_tribe_ticket_has_attendee_info_fields":false,"footnotes":"","_tec_slr_enabled":"","_tec_slr_layout":""},"class_list":["post-1355","page","type-page","status-publish","hentry"],"featured_image_src":null,"ticketed":false,"_links":{"self":[{"href":"https:\/\/rstptemp.turnbull.co\/fr\/wp-json\/wp\/v2\/pages\/1355","targetHints":{"allow":["GET"]}}],"collection":[{"href":"https:\/\/rstptemp.turnbull.co\/fr\/wp-json\/wp\/v2\/pages"}],"about":[{"href":"https:\/\/rstptemp.turnbull.co\/fr\/wp-json\/wp\/v2\/types\/page"}],"author":[{"embeddable":true,"href":"https:\/\/rstptemp.turnbull.co\/fr\/wp-json\/wp\/v2\/users\/4"}],"replies":[{"embeddable":true,"href":"https:\/\/rstptemp.turnbull.co\/fr\/wp-json\/wp\/v2\/comments?post=1355"}],"version-history":[{"count":27,"href":"https:\/\/rstptemp.turnbull.co\/fr\/wp-json\/wp\/v2\/pages\/1355\/revisions"}],"predecessor-version":[{"id":33135,"href":"https:\/\/rstptemp.turnbull.co\/fr\/wp-json\/wp\/v2\/pages\/1355\/revisions\/33135"}],"wp:attachment":[{"href":"https:\/\/rstptemp.turnbull.co\/fr\/wp-json\/wp\/v2\/media?parent=1355"}],"curies":[{"name":"wp","href":"https:\/\/api.w.org\/{rel}","templated":true}]}}