{"id":14066,"date":"2021-10-28T16:00:04","date_gmt":"2021-10-28T20:00:04","guid":{"rendered":"https:\/\/www.rstp.ca\/?page_id=14066"},"modified":"2023-12-18T15:31:44","modified_gmt":"2023-12-18T20:31:44","slug":"le-programme-dappui-au-parrainage-de-refugies","status":"publish","type":"page","link":"https:\/\/rstptemp.turnbull.co\/fr\/initiatives-speciales\/le-programme-dappui-au-parrainage-de-refugies\/","title":{"rendered":"Le Programme d\u2019appui au parrainage de r\u00e9fugi\u00e9s"},"content":{"rendered":"<p>Le Programme d\u2019appui au parrainage de r\u00e9fugi\u00e9s (PAP r\u00e9fugi\u00e9s) a \u00e9t\u00e9 cr\u00e9\u00e9 en 2015 dans le but d\u2019offrir un appui direct aux Canadiens envisageant de parrainer des r\u00e9fugi\u00e9s. L\u2019int\u00e9r\u00eat pour le parrainage priv\u00e9 des r\u00e9fugi\u00e9s n\u2019a cess\u00e9 d\u2019augmenter depuis, et les groupes de parrainage ont toujours besoin d\u2019aide \u00e0 s\u2019orienter dans ce processus complexe et \u00e0 remplir les formulaires de demande.<\/p>\n<p>Le PAP r\u00e9fugi\u00e9s jumelle les groupes de parrainage avec des experts en mati\u00e8re de parrainage et avec des avocats b\u00e9n\u00e9voles form\u00e9s par le PFPR, qui les aideront \u00e0 pr\u00e9parer leur dossier de demande de parrainage et \u00e0 remplir et revoir les formulaires de demande des r\u00e9fugi\u00e9s parrain\u00e9s.<\/p>\n<p>Pour de plus amples renseignements, envoyez un courriel \u00e0 : <a href=\"mailto:refssp@rstp.ca\" target=\"_blank\" rel=\"noopener\">refssp@rstp.ca\u00a0 <\/a><strong><i>Indiquez que vous souhaitez recevoir un service en fran\u00e7ais.<\/i><\/strong><\/p>\n","protected":false},"excerpt":{"rendered":"<p>Le Programme d\u2019appui au parrainage de r\u00e9fugi\u00e9s (PAP r\u00e9fugi\u00e9s) a \u00e9t\u00e9 cr\u00e9\u00e9 en 2015 dans le but d\u2019offrir un appui direct aux Canadiens envisageant de parrainer des r\u00e9fugi\u00e9s. L\u2019int\u00e9r\u00eat pour le parrainage priv\u00e9 des r\u00e9fugi\u00e9s n\u2019a cess\u00e9 d\u2019augmenter depuis, et les groupes de parrainage ont toujours besoin d\u2019aide \u00e0 s\u2019orienter dans ce processus complexe et \u00e0 remplir les formulaires de demande.<\/p>\n","protected":false},"author":4,"featured_media":0,"parent":1319,"menu_order":0,"comment_status":"closed","ping_status":"closed","template":"","meta":{"_relevanssi_hide_post":"","_relevanssi_hide_content":"","_relevanssi_pin_for_all":"","_relevanssi_pin_keywords":"","_relevanssi_unpin_keywords":"","_relevanssi_related_keywords":"","_relevanssi_related_include_ids":"","_relevanssi_related_exclude_ids":"","_relevanssi_related_no_append":"","_relevanssi_related_not_related":"","_relevanssi_related_posts":"","_relevanssi_noindex_reason":"","_price":"","_stock":"","_tribe_ticket_header":"","_tribe_default_ticket_provider":"","_ticket_start_date":"","_ticket_end_date":"","_tribe_ticket_show_description":"","_tribe_ticket_show_not_going":false,"_tribe_ticket_use_global_stock":"","_tribe_ticket_global_stock_level":"","_global_stock_mode":"","_global_stock_cap":"","_tribe_rsvp_for_event":"","_tribe_ticket_going_count":"","_tribe_ticket_not_going_count":"","_tribe_tickets_list":"[]","_tribe_ticket_has_attendee_info_fields":false,"footnotes":"","_tec_slr_enabled":"","_tec_slr_layout":""},"class_list":["post-14066","page","type-page","status-publish","hentry"],"featured_image_src":null,"ticketed":false,"_links":{"self":[{"href":"https:\/\/rstptemp.turnbull.co\/fr\/wp-json\/wp\/v2\/pages\/14066","targetHints":{"allow":["GET"]}}],"collection":[{"href":"https:\/\/rstptemp.turnbull.co\/fr\/wp-json\/wp\/v2\/pages"}],"about":[{"href":"https:\/\/rstptemp.turnbull.co\/fr\/wp-json\/wp\/v2\/types\/page"}],"author":[{"embeddable":true,"href":"https:\/\/rstptemp.turnbull.co\/fr\/wp-json\/wp\/v2\/users\/4"}],"replies":[{"embeddable":true,"href":"https:\/\/rstptemp.turnbull.co\/fr\/wp-json\/wp\/v2\/comments?post=14066"}],"version-history":[{"count":5,"href":"https:\/\/rstptemp.turnbull.co\/fr\/wp-json\/wp\/v2\/pages\/14066\/revisions"}],"predecessor-version":[{"id":20486,"href":"https:\/\/rstptemp.turnbull.co\/fr\/wp-json\/wp\/v2\/pages\/14066\/revisions\/20486"}],"up":[{"embeddable":true,"href":"https:\/\/rstptemp.turnbull.co\/fr\/wp-json\/wp\/v2\/pages\/1319"}],"wp:attachment":[{"href":"https:\/\/rstptemp.turnbull.co\/fr\/wp-json\/wp\/v2\/media?parent=14066"}],"curies":[{"name":"wp","href":"https:\/\/api.w.org\/{rel}","templated":true}]}}