{"id":1795,"date":"2014-04-10T14:31:46","date_gmt":"2014-04-10T14:31:46","guid":{"rendered":"http:\/\/rstp.fantomdesign.net\/?page_id=1795"},"modified":"2025-11-06T06:44:01","modified_gmt":"2025-11-06T11:44:01","slug":"delais-de-traitement","status":"publish","type":"page","link":"https:\/\/rstptemp.turnbull.co\/fr\/demandes\/delais-de-traitement\/","title":{"rendered":"D\u00e9lais de traitement"},"content":{"rendered":"<div class=\"text-box theme-bg-primary\">\n<p><strong><span style=\"color: #ff0000;\">IMPORTANT!<\/span><\/strong> IRCC a temporairement cess\u00e9 d\u2019accepter les nouvelles demandes des groupes de cinq et des r\u00e9pondants communautaires dans le cadre du Programme de parrainage priv\u00e9 de r\u00e9fugi\u00e9s (PPPR) depuis le 29 novembre 2024. Bien que cette mesure demeurera en vigueur jusqu\u2019au 31 d\u00e9cembre 2025, IRCC continuera de traiter les demandes au PPPR qui ont \u00e9t\u00e9 re\u00e7ues avant le 29 novembre 2024 et de r\u00e9installer les r\u00e9fugi\u00e9s parrain\u00e9s au Canada.<\/p>\n<p>Entre-temps, veuillez consulter <a href=\"https:\/\/www.canada.ca\/fr\/immigration-refugies-citoyennete\/nouvelles\/avis\/suspension-temporaire-demandes-parrainage-refugies-presentees-groupes-cinq-repondants-communautaires.html\" target=\"_blank\" rel=\"noopener\">le site Web d\u2019IRCC<\/a> pour obtenir de plus amples renseignements sur la pause temporaire.<\/p>\n<\/div>\n<p>Une fois que la demande sera re\u00e7ue au Centre des op\u00e9rations de r\u00e9installation &#8211; Ottawa (COR-O), elle sera \u00e9valu\u00e9e pour \u00e9tablir qu\u2019elle a \u00e9t\u00e9 compl\u00e9t\u00e9e correctement et que tous les documents n\u00e9cessaires ont \u00e9t\u00e9 soumis. S\u2019il y a des documents ou des renseignements manquants ou encore des erreurs importantes, la demande sera renvoy\u00e9e au groupe de parrainage pour qu&#8217;il la corrige et la resoumette. Si la demande est compl\u00e8te, le COR-O saisira les donn\u00e9es dans sa base de donn\u00e9es et vous enverra par courriel un accus\u00e9 de r\u00e9ception avec un num\u00e9ro de dossier. Lorsque la demande est approuv\u00e9e par le COR-O et envoy\u00e9e au bureau des visas pertinent, vous recevrez par courriel une lettre de confirmation ou d&#8217;approbation.<\/p>\n<p>Le traitement de la demande de r\u00e9sidence permanente pour les r\u00e9fugi\u00e9s se fait au bureau des visas canadien \u00e0 l\u2019\u00e9tranger.<\/p>\n<p>Les d\u00e9lais de traitement pour les demandes de parrainage des r\u00e9fugi\u00e9s d\u00e9pendent du pays dans lequel le demandeur principal r\u00e9side actuellement. Les d\u00e9lais de traitement peuvent \u00eatre v\u00e9rifi\u00e9s en consultant le lien suivant <a href=\"http:\/\/www.cic.gc.ca\/francais\/information\/delais\/index.asp\" target=\"_blank\" rel=\"noopener\">http:\/\/www.cic.gc.ca\/francais\/information\/delais\/index.asp<\/a><\/p>\n<p>Quand vous consultez le site ci-dessus, on vous demandera\u00a0 \u00ab <em>Indiquez le type de demande que vous pr\u00e9sentez.<\/em> \u00bb<\/p>\n<p>S\u00e9lectionnez \u00ab\u00a0<strong>R\u00e9fugi\u00e9s\u00a0<\/strong>\u00bb\u00a0dans le menu d\u00e9roulant.<\/p>\n<p>Ensuite, on vous demandera \u00ab\u00a0<em>Quel programme pour r\u00e9fugi\u00e9s<\/em>?\u00a0\u00bb<\/p>\n<p>S\u00e9lectionnez \u00ab\u00a0<strong>R\u00e9fugi\u00e9s parrain\u00e9s par le secteur priv\u00e9\u00a0\u00bb<\/strong>.<\/p>\n<p>Enfin, on vous demandera \u00ab\u00a0<em>\u00c0 partir de quel endroit faites-vous votre demande<\/em>?\u00a0\u00bb<\/p>\n<p>S\u00e9lectionnez un pays ou territoire. Vous devez s\u00e9lectionner le pays o\u00f9 se trouve le demandeur principal actuellement.<\/p>\n<p>Une fois que vous aurez r\u00e9pondu aux trois questions, cliquez sur le bouton \u00ab\u00a0<strong>Voir le d\u00e9lai de traitement<\/strong>\u00a0\u00bb. Le <u>d\u00e9lai moyen de traitement<\/u> pour les demandes de parrainage des r\u00e9fugi\u00e9s dans le pays que vous avez choisi s\u2019affichera \u00e0 l\u2019\u00e9cran.<\/p>\n","protected":false},"excerpt":{"rendered":"<p>IMPORTANT! IRCC a temporairement cess\u00e9 d\u2019accepter les nouvelles demandes des groupes de cinq et des r\u00e9pondants communautaires dans le cadre du Programme de parrainage priv\u00e9 de r\u00e9fugi\u00e9s (PPPR) depuis le 29 novembre 2024. Bien que cette mesure demeurera en vigueur jusqu\u2019au 31 d\u00e9cembre 2025, IRCC continuera de traiter les demandes au PPPR qui ont \u00e9t\u00e9 re\u00e7ues avant le 29 novembre 2024 et de r\u00e9installer les r\u00e9fugi\u00e9s parrain\u00e9s au Canada.<\/p>\n","protected":false},"author":4,"featured_media":0,"parent":1266,"menu_order":1,"comment_status":"closed","ping_status":"closed","template":"","meta":{"_relevanssi_hide_post":"","_relevanssi_hide_content":"","_relevanssi_pin_for_all":"","_relevanssi_pin_keywords":"","_relevanssi_unpin_keywords":"","_relevanssi_related_keywords":"","_relevanssi_related_include_ids":"","_relevanssi_related_exclude_ids":"","_relevanssi_related_no_append":"","_relevanssi_related_not_related":"","_relevanssi_related_posts":"22029,10666,15968,22827,14566,13832","_relevanssi_noindex_reason":"","_price":"","_stock":"","_tribe_ticket_header":"","_tribe_default_ticket_provider":"","_ticket_start_date":"","_ticket_end_date":"","_tribe_ticket_show_description":"","_tribe_ticket_show_not_going":false,"_tribe_ticket_use_global_stock":"","_tribe_ticket_global_stock_level":"","_global_stock_mode":"","_global_stock_cap":"","_tribe_rsvp_for_event":"","_tribe_ticket_going_count":"","_tribe_ticket_not_going_count":"","_tribe_tickets_list":"[]","_tribe_ticket_has_attendee_info_fields":false,"footnotes":"","_tec_slr_enabled":"","_tec_slr_layout":""},"class_list":["post-1795","page","type-page","status-publish","hentry"],"featured_image_src":null,"ticketed":false,"_links":{"self":[{"href":"https:\/\/rstptemp.turnbull.co\/fr\/wp-json\/wp\/v2\/pages\/1795","targetHints":{"allow":["GET"]}}],"collection":[{"href":"https:\/\/rstptemp.turnbull.co\/fr\/wp-json\/wp\/v2\/pages"}],"about":[{"href":"https:\/\/rstptemp.turnbull.co\/fr\/wp-json\/wp\/v2\/types\/page"}],"author":[{"embeddable":true,"href":"https:\/\/rstptemp.turnbull.co\/fr\/wp-json\/wp\/v2\/users\/4"}],"replies":[{"embeddable":true,"href":"https:\/\/rstptemp.turnbull.co\/fr\/wp-json\/wp\/v2\/comments?post=1795"}],"version-history":[{"count":10,"href":"https:\/\/rstptemp.turnbull.co\/fr\/wp-json\/wp\/v2\/pages\/1795\/revisions"}],"predecessor-version":[{"id":32129,"href":"https:\/\/rstptemp.turnbull.co\/fr\/wp-json\/wp\/v2\/pages\/1795\/revisions\/32129"}],"up":[{"embeddable":true,"href":"https:\/\/rstptemp.turnbull.co\/fr\/wp-json\/wp\/v2\/pages\/1266"}],"wp:attachment":[{"href":"https:\/\/rstptemp.turnbull.co\/fr\/wp-json\/wp\/v2\/media?parent=1795"}],"curies":[{"name":"wp","href":"https:\/\/api.w.org\/{rel}","templated":true}]}}