{"id":1797,"date":"2014-04-10T14:33:04","date_gmt":"2014-04-10T14:33:04","guid":{"rendered":"http:\/\/rstp.fantomdesign.net\/?page_id=1797"},"modified":"2025-11-06T06:42:11","modified_gmt":"2025-11-06T11:42:11","slug":"les-bureaux-canadien-des-visas-a-letranger","status":"publish","type":"page","link":"https:\/\/rstptemp.turnbull.co\/fr\/demandes\/les-bureaux-canadien-des-visas-a-letranger\/","title":{"rendered":"Les bureaux canadiens des visas \u00e0 l&#8217;\u00e9tranger"},"content":{"rendered":"<p>Pour trouver quel Bureau canadien des visas \u00e0 l&#8217;\u00e9tranger traitera votre demande de parrainage des r\u00e9fugi\u00e9s, veuillez consultez le site web du gouvernement du Canada \u00e0:<\/p>\n<p><a href=\"http:\/\/www.cic.gc.ca\/francais\/information\/bureaux\/demande-ou.asp\" target=\"_blank\" rel=\"noopener\">http:\/\/www.cic.gc.ca\/francais\/information\/bureaux\/demande-ou.asp\u00a0<\/a><\/p>\n","protected":false},"excerpt":{"rendered":"<p>Pour trouver quel Bureau canadien des visas \u00e0 l&#8217;\u00e9tranger traitera votre demande de parrainage des r\u00e9fugi\u00e9s, veuillez consultez le site web du gouvernement du Canada \u00e0:<br \/>\n<a href=\"http:\/\/www.cic.gc.ca\/francais\/information\/bureaux\/demande-ou.asp\" target=\"_blank\" rel=\"noopener\">http:\/\/www.cic.gc.ca\/francais\/information\/bureaux\/demande-ou.asp\u00a0<\/a><\/p>\n","protected":false},"author":4,"featured_media":0,"parent":1266,"menu_order":5,"comment_status":"closed","ping_status":"closed","template":"","meta":{"_relevanssi_hide_post":"","_relevanssi_hide_content":"","_relevanssi_pin_for_all":"","_relevanssi_pin_keywords":"","_relevanssi_unpin_keywords":"","_relevanssi_related_keywords":"","_relevanssi_related_include_ids":"","_relevanssi_related_exclude_ids":"","_relevanssi_related_no_append":"","_relevanssi_related_not_related":"","_relevanssi_related_posts":"10666,13832,13874,22029,13843,14566","_relevanssi_noindex_reason":"","_price":"","_stock":"","_tribe_ticket_header":"","_tribe_default_ticket_provider":"","_ticket_start_date":"","_ticket_end_date":"","_tribe_ticket_show_description":"","_tribe_ticket_show_not_going":false,"_tribe_ticket_use_global_stock":"","_tribe_ticket_global_stock_level":"","_global_stock_mode":"","_global_stock_cap":"","_tribe_rsvp_for_event":"","_tribe_ticket_going_count":"","_tribe_ticket_not_going_count":"","_tribe_tickets_list":"[]","_tribe_ticket_has_attendee_info_fields":false,"footnotes":"","_tec_slr_enabled":"","_tec_slr_layout":""},"class_list":["post-1797","page","type-page","status-publish","hentry"],"featured_image_src":null,"ticketed":false,"_links":{"self":[{"href":"https:\/\/rstptemp.turnbull.co\/fr\/wp-json\/wp\/v2\/pages\/1797","targetHints":{"allow":["GET"]}}],"collection":[{"href":"https:\/\/rstptemp.turnbull.co\/fr\/wp-json\/wp\/v2\/pages"}],"about":[{"href":"https:\/\/rstptemp.turnbull.co\/fr\/wp-json\/wp\/v2\/types\/page"}],"author":[{"embeddable":true,"href":"https:\/\/rstptemp.turnbull.co\/fr\/wp-json\/wp\/v2\/users\/4"}],"replies":[{"embeddable":true,"href":"https:\/\/rstptemp.turnbull.co\/fr\/wp-json\/wp\/v2\/comments?post=1797"}],"version-history":[{"count":4,"href":"https:\/\/rstptemp.turnbull.co\/fr\/wp-json\/wp\/v2\/pages\/1797\/revisions"}],"predecessor-version":[{"id":22371,"href":"https:\/\/rstptemp.turnbull.co\/fr\/wp-json\/wp\/v2\/pages\/1797\/revisions\/22371"}],"up":[{"embeddable":true,"href":"https:\/\/rstptemp.turnbull.co\/fr\/wp-json\/wp\/v2\/pages\/1266"}],"wp:attachment":[{"href":"https:\/\/rstptemp.turnbull.co\/fr\/wp-json\/wp\/v2\/media?parent=1797"}],"curies":[{"name":"wp","href":"https:\/\/api.w.org\/{rel}","templated":true}]}}