{"id":20490,"date":"2023-12-18T16:17:29","date_gmt":"2023-12-18T21:17:29","guid":{"rendered":"https:\/\/www.rstp.ca\/?page_id=20490"},"modified":"2025-11-18T05:05:13","modified_gmt":"2025-11-18T10:05:13","slug":"exigences-apres-larrivee-pour-le-parrainage-prive","status":"publish","type":"page","link":"https:\/\/rstptemp.turnbull.co\/fr\/responsabilites\/exigences-apres-larrivee-pour-le-parrainage-prive\/","title":{"rendered":"Exigences apr\u00e8s l&#8217;arriv\u00e9e pour le parrainage priv\u00e9"},"content":{"rendered":"<p>La version PDF du nouveau document d&#8217;IRCC intitul\u00e9 <em>Exigences apr\u00e8s l&#8217;arriv\u00e9e pour le parrainage priv\u00e9<\/em> est disponible aux liens ci-dessous :<\/p>\n<ul>\n<li><a href=\"https:\/\/www.canada.ca\/content\/dam\/ircc\/migration\/ircc\/francais\/pdf\/pub\/exigences-relatives-parrainages-prives-apres-arrivee.pdf\" target=\"_blank\" rel=\"noopener\">FRAN\u00c7AIS<\/a><\/li>\n<li><a href=\"https:\/\/www.canada.ca\/content\/dam\/ircc\/migration\/ircc\/english\/pdf\/pub\/post-arrival-requirements-private-sponsorships.pdf\" target=\"_blank\" rel=\"noopener\">ANGLAIS<\/a><\/li>\n<\/ul>\n<p>&nbsp;<\/p>\n","protected":false},"excerpt":{"rendered":"<p>La version PDF du nouveau document d&#8217;IRCC intitul\u00e9 <em>Exigences apr\u00e8s l&#8217;arriv\u00e9e pour le parrainage priv\u00e9<\/em> est disponible aux liens ci-dessous :<\/p>\n<p><a href=\"https:\/\/www.canada.ca\/content\/dam\/ircc\/migration\/ircc\/francais\/pdf\/pub\/exigences-relatives-parrainages-prives-apres-arrivee.pdf\" target=\"_blank\" rel=\"noopener\">FRAN\u00c7AIS<\/a><br \/>\n<a href=\"https:\/\/www.canada.ca\/content\/dam\/ircc\/migration\/ircc\/english\/pdf\/pub\/post-arrival-requirements-private-sponsorships.pdf\" target=\"_blank\" rel=\"noopener\">ANGLAIS<\/a><\/p>\n<p>&nbsp;<\/p>\n","protected":false},"author":4,"featured_media":0,"parent":1289,"menu_order":0,"comment_status":"closed","ping_status":"closed","template":"","meta":{"_relevanssi_hide_post":"","_relevanssi_hide_content":"","_relevanssi_pin_for_all":"","_relevanssi_pin_keywords":"","_relevanssi_unpin_keywords":"","_relevanssi_related_keywords":"","_relevanssi_related_include_ids":"","_relevanssi_related_exclude_ids":"","_relevanssi_related_no_append":"","_relevanssi_related_not_related":"","_relevanssi_related_posts":"13843,13874,10666,22827,14566,15968","_relevanssi_noindex_reason":"","_price":"","_stock":"","_tribe_ticket_header":"","_tribe_default_ticket_provider":"","_ticket_start_date":"","_ticket_end_date":"","_tribe_ticket_show_description":"","_tribe_ticket_show_not_going":false,"_tribe_ticket_use_global_stock":"","_tribe_ticket_global_stock_level":"","_global_stock_mode":"","_global_stock_cap":"","_tribe_rsvp_for_event":"","_tribe_ticket_going_count":"","_tribe_ticket_not_going_count":"","_tribe_tickets_list":"[]","_tribe_ticket_has_attendee_info_fields":false,"footnotes":"","_tec_slr_enabled":"","_tec_slr_layout":""},"class_list":["post-20490","page","type-page","status-publish","hentry"],"featured_image_src":null,"ticketed":false,"_links":{"self":[{"href":"https:\/\/rstptemp.turnbull.co\/fr\/wp-json\/wp\/v2\/pages\/20490","targetHints":{"allow":["GET"]}}],"collection":[{"href":"https:\/\/rstptemp.turnbull.co\/fr\/wp-json\/wp\/v2\/pages"}],"about":[{"href":"https:\/\/rstptemp.turnbull.co\/fr\/wp-json\/wp\/v2\/types\/page"}],"author":[{"embeddable":true,"href":"https:\/\/rstptemp.turnbull.co\/fr\/wp-json\/wp\/v2\/users\/4"}],"replies":[{"embeddable":true,"href":"https:\/\/rstptemp.turnbull.co\/fr\/wp-json\/wp\/v2\/comments?post=20490"}],"version-history":[{"count":2,"href":"https:\/\/rstptemp.turnbull.co\/fr\/wp-json\/wp\/v2\/pages\/20490\/revisions"}],"predecessor-version":[{"id":20492,"href":"https:\/\/rstptemp.turnbull.co\/fr\/wp-json\/wp\/v2\/pages\/20490\/revisions\/20492"}],"up":[{"embeddable":true,"href":"https:\/\/rstptemp.turnbull.co\/fr\/wp-json\/wp\/v2\/pages\/1289"}],"wp:attachment":[{"href":"https:\/\/rstptemp.turnbull.co\/fr\/wp-json\/wp\/v2\/media?parent=20490"}],"curies":[{"name":"wp","href":"https:\/\/api.w.org\/{rel}","templated":true}]}}