{"id":2060,"date":"2014-05-15T14:24:02","date_gmt":"2014-05-15T14:24:02","guid":{"rendered":"http:\/\/rstp.fantomdesign.net\/?page_id=2060"},"modified":"2025-02-11T10:43:11","modified_gmt":"2025-02-11T15:43:11","slug":"trouver-un-service-detablissement","status":"publish","type":"page","link":"https:\/\/rstptemp.turnbull.co\/fr\/responsabilites\/services-detablissement\/trouver-un-service-detablissement\/","title":{"rendered":"Trouver un service d\u2019\u00e9tablissement"},"content":{"rendered":"<h4 class=\"color10-bg\" style=\"margin-bottom: 20px; padding: 35px 25px 35px 25px;\"><em>Besoin d&#8217;aide pour trouvez un conseiller en \u00e9tablissement apr\u00e8s l&#8217;arriv\u00e9e des personnes parrain\u00e9es?<\/em> Communiquez avec l&#8217;\u00e9quipe du projet de Connexion aux services d&#8217;\u00e9tablissement! Apprenez-en davantage sur <a href=\"https:\/\/rstptemp.turnbull.co\/fr\/initiatives-speciales\/connectez-vous-aux-services-detablissement\/\" target=\"_blank\" rel=\"noopener\">cette page<\/a>.<\/h4>\n<p>Veuillez trouver ci-dessous les annuaires de services des diff\u00e9rentes provinces.<\/p>\n<p><a href=\"http:\/\/www.cic.gc.ca\/francais\/nouveaux\/services\/index.asp\" target=\"_blank\" rel=\"noopener\">Trouvez des services gratuits pr\u00e8s de chez vous <\/a>est un site web qui fournit de l\u2019information sur les services gouvernementaux et communautaires selon la ville la plus proche. Cette ressource est fournie par Immigration, R\u00e9fugi\u00e9s et Citoyennet\u00e9 Canada.<\/p>\n<p>Recherche par province\u00a0:\u00a0<a href=\"#ab\">AB<\/a>\u00a0|\u00a0<a href=\"#cb\">CB<\/a>\u00a0| <a href=\"#ipe\">\u00ce.-P.-\u00c9<\/a>\u00a0| <a href=\"#mb\">MB<\/a>\u00a0|\u00a0<a href=\"#nb\">NB<\/a>\u00a0|\u00a0<a href=\"#n\u00e9\">N\u00c9<\/a>\u00a0|\u00a0<a href=\"#on\">ON\u00a0<\/a>|\u00a0|\u00a0<a href=\"#sk\">SK<\/a> |\u00a0<a href=\"#tnl\">TNL<\/a><\/p>\n<h2><a name=\"ab\"><\/a>ALBERTA<\/h2>\n<ul>\n<li><strong><a href=\"http:\/\/informalberta.ca\/\" target=\"_blank\" rel=\"noopener\">Inform Alberta<\/a>\u00a0&#8211;\u00a0<\/strong>fournit des informations sur les services en Alberta (en anglais)<\/li>\n<li><strong><a href=\"http:\/\/www.ab.211.ca\/\" target=\"_blank\" rel=\"noopener\">211 Alberta<\/a><\/strong> &#8211; un annuaire des services gouvernementaux, communautaires et sociaux \u00e0 Edmonton, Calgary et plusieurs autres villes en Alberta (en anglais)<\/li>\n<li><strong><a href=\"https:\/\/www.alberta.ca\/fr\/french-services-directory\" target=\"_blank\" rel=\"noopener\">R\u00e9pertoire des services en fran\u00e7ais<\/a><\/strong><\/li>\n<li>Bureaux de <strong><a href=\"https:\/\/offices.service.canada.ca\/fr\" target=\"_blank\" rel=\"noopener\">Service Canada<\/a><\/strong><\/li>\n<\/ul>\n<p><a class=\"button style1\" style=\"margin-bottom: 35px;\" href=\"#top\">Haut de page<\/a><\/p>\n<h2><a name=\"cb\"><\/a>COLOMBIE-BRITANNIQUE<\/h2>\n<ul>\n<li><a href=\"https:\/\/bc.211.ca\/french\/\" target=\"_blank\" rel=\"noopener\"><strong>BC211<\/strong><\/a> fournit l\u2019information sur les services \u00e0 Vancouver, Fraser Valley et Squamish-Lillooet.<\/li>\n<li><strong><a href=\"https:\/\/www.annuairefrcb.ca\/\" target=\"_blank\" rel=\"noopener\">L&#8217;Annuaire des services en fran\u00e7ais en Colombie-Britannique<\/a><\/strong><\/li>\n<li><strong><a href=\"https:\/\/www.welcomebc.ca\/start-your-life-in-b-c\/settlement-services\" target=\"_blank\" rel=\"noopener\">Welcome BC<\/a> <\/strong>&#8211; Trouvez des services d&#8217;\u00e9tablissement (en anglais)<\/li>\n<li><a href=\"https:\/\/newtobc.ca\/\" target=\"_blank\" rel=\"noopener\"><strong>New To BC<\/strong><\/a> &#8211; Programmes et services offerts aux nouveaux arrivants dans les biblioth\u00e8ques<\/li>\n<li>Bureaux de <strong><a href=\"https:\/\/offices.service.canada.ca\/fr\" target=\"_blank\" rel=\"noopener\">Service Canada<\/a><\/strong><\/li>\n<\/ul>\n<p><a class=\"button style1\" style=\"margin-bottom: 35px;\" href=\"#top\">Haut de page<\/a><\/p>\n<h2><a name=\"ipe\"><\/a>\u00ceLE-DU-PRINCE-\u00c9DOUARD<\/h2>\n<ul>\n<li><a href=\"https:\/\/pe.211.ca\/\" target=\"_blank\" rel=\"noopener\"><strong>211 PEI<\/strong><\/a>\u00a0 &#8211;\u00a0\u00a0r\u00e9pertoire des services communautaires \u00e0 l\u2019\u00cele-du-Prince-\u00c9douard (en anglais)<\/li>\n<li>Bureaux de <strong><a href=\"https:\/\/offices.service.canada.ca\/fr\" target=\"_blank\" rel=\"noopener\">Service Canada<\/a><\/strong><\/li>\n<\/ul>\n<p><a class=\"button style1\" style=\"margin-bottom: 35px;\" href=\"#top\">Haut de page<\/a><\/p>\n<h2><a name=\"mb\"><\/a>MANITOBA<\/h2>\n<ul>\n<li><strong><a href=\"https:\/\/residents.gov.mb.ca\/index.fr.html\" target=\"_blank\" rel=\"noopener\">Ressources pour les r\u00e9sidents<\/a><\/strong> &#8211; un outil en ligne sur le site Web du gouvernement provincial qui fournit de l\u2019information sur les services gouvernementaux.<\/li>\n<li><a href=\"https:\/\/annuaire.sfm.mb.ca\/\" target=\"_blank\" rel=\"noopener\"><strong>Annuaire des services en fran\u00e7ais au Manitoba<\/strong><\/a><\/li>\n<li>Bureaux de <strong><a href=\"https:\/\/offices.service.canada.ca\/fr\" target=\"_blank\" rel=\"noopener\">Service Canada<\/a><\/strong><\/li>\n<\/ul>\n<p><a class=\"button style1\" style=\"margin-bottom: 35px;\" href=\"#top\">Haut de page<\/a><\/p>\n<h2><a name=\"nb\"><\/a>NOUVEAU-BRUNSWICK<\/h2>\n<ul>\n<li><strong><a href=\"https:\/\/nb.211.ca\/recherche\/\" target=\"_blank\" rel=\"noopener\">NB 211<\/a> \u00a0<\/strong>&#8211; une base de donn\u00e9es en ligne pour trouver des programmes et organismes communautaires ou gouvernementaux.<\/li>\n<li><strong><a href=\"https:\/\/centre-sainte-anne.nb.ca\/organisme\/repertoire-des-services-en-francais\" target=\"_blank\" rel=\"noopener\">R\u00e9pertoire des services en fran\u00e7ais de la r\u00e9gion de Fredericton<\/a><\/strong><\/li>\n<li><a href=\"https:\/\/nouvelarrivantsaintjohn.ca\/annuaire-des-ressources-communautaires\" target=\"_blank\" rel=\"noopener\"><strong>Annuaire des ressources communautaires<\/strong><\/a> &#8211; R\u00e9gion de Saint John<\/li>\n<li>Bureaux de <strong><a href=\"https:\/\/offices.service.canada.ca\/fr\" target=\"_blank\" rel=\"noopener\">Service Canada<\/a><\/strong><\/li>\n<li><a href=\"https:\/\/www2.snb.ca\/content\/snb\/fr.html\" target=\"_blank\" rel=\"noopener\"><strong>Service Nouveau-Brunswick<\/strong><\/a> &#8211; services offerts par la province<\/li>\n<\/ul>\n<p><a class=\"button style1\" style=\"margin-bottom: 35px;\" href=\"#top\">Haut de page<\/a><\/p>\n<h2><a name=\"n\u00e9\"><\/a>NOUVELLE-\u00c9COSSE<\/h2>\n<ul>\n<li><strong><a href=\"https:\/\/newinhalifax.ca\/fr\/immigration-et-%C3%A9tablissement\/\" target=\"_blank\" rel=\"noopener\">Guide pour les nouveaux arrivants \u00e0 Halifax<\/a>\u00a0&#8211;\u00a0<\/strong>contient un portail immigration avec une liste des services pour les nouveaux arrivants \u00e0 Halifax<\/li>\n<li><strong><a href=\"https:\/\/cdene.ns.ca\/fr\/repertoires-des-services-en-francais?filter_25=communautaires&amp;cc=p\" target=\"_blank\" rel=\"noopener\">R\u00e9pertoire des services communautaires en fran\u00e7ais<\/a><\/strong><\/li>\n<li><strong><a href=\"http:\/\/www.ns.211.ca\/\" target=\"_blank\" rel=\"noopener\">211 Nova Scotia<\/a><\/strong> -pour trouver les services communautaires et sociaux en Nouvelle \u00c9cosse (en anglais)<\/li>\n<li>Bureaux de <strong><a href=\"https:\/\/offices.service.canada.ca\/fr\" target=\"_blank\" rel=\"noopener\">Service Canada<\/a><\/strong><\/li>\n<\/ul>\n<p><a class=\"button style1\" style=\"margin-bottom: 35px;\" href=\"#top\">Haut de page<\/a><\/p>\n<h2><a name=\"on\"><\/a>ONTARIO<\/h2>\n<ul>\n<li><strong><a href=\"https:\/\/etablissement.org\/\" target=\"_blank\" rel=\"noopener\">Etablissement.org<\/a>\u00a0<\/strong>&#8211;\u00a0information et ressources pour les nouveaux arrivants en Ontario<\/li>\n<li><strong><a href=\"https:\/\/211ontario.ca\/recherche\/\" target=\"_blank\" rel=\"noopener\">211 Ontario<\/a><\/strong> &#8211; service de renseignement et d&#8217;orientation qui fournit des renseignements sur les organismes communautaires en Ontario, dont les services d\u2019\u00e9tablissement<\/li>\n<li><strong><a href=\"https:\/\/211ontario.ca\/resultats\/?searchLocation=Toronto&amp;topicPath=236&amp;latitude=43.653226&amp;longitude=-79.3831843&amp;pg=2&amp;fpg=sm\" target=\"_blank\" rel=\"noopener\">Services pour francophones<\/a> <\/strong>&#8211; rubrique de 211 Ontario<\/li>\n<li><a href=\"https:\/\/mofif.ca\/repertoire-services\/\" target=\"_blank\" rel=\"noopener\"><strong>R\u00e9pertoire des services en fran\u00e7ais de l&#8217;Ontario<\/strong><\/a> &#8211; \u00e9labor\u00e9 par le Mouvement ontarien des femmes immigrantes francophones (MOFIF)<\/li>\n<li>Bureaux de <strong><a href=\"https:\/\/offices.service.canada.ca\/fr\" target=\"_blank\" rel=\"noopener\">Service Canada<\/a><\/strong><\/li>\n<\/ul>\n<p><a class=\"button style1\" style=\"margin-bottom: 35px;\" href=\"#top\">Haut de page<\/a><\/p>\n<h2><a name=\"sk\"><\/a>SASKATCHEWAN<\/h2>\n<ul>\n<li><strong><a href=\"https:\/\/www.saskatchewan.ca\/bonjour\/moving-to-saskatchewan\/immigrating-to-saskatchewan\/language-training-and-settlement-services\/settlement-services\" target=\"_blank\" rel=\"noopener\">Services d&#8217;\u00e9tablissement<\/a><\/strong><\/li>\n<li><strong><a href=\"https:\/\/sk.211.ca\/\" target=\"_blank\" rel=\"noopener\">211 Saskatchewan<\/a><\/strong> &#8211; r\u00e9pertoire de services communautaires<\/li>\n<li><strong><a href=\"https:\/\/www.s55.ca\/annuaire\" target=\"_blank\" rel=\"noopener\">Annuaire des services en fran\u00e7ais<\/a><\/strong><\/li>\n<li>Bureaux de <strong><a href=\"https:\/\/offices.service.canada.ca\/fr\" target=\"_blank\" rel=\"noopener\">Service Canada<\/a><\/strong><\/li>\n<\/ul>\n<p><a class=\"button style1\" style=\"margin-bottom: 35px;\" href=\"#top\">Haut de page<\/a><\/p>\n<h2><a name=\"tnl\"><\/a>TERRE-NEUVE-ET-LABRADOR<\/h2>\n<ul>\n<li><strong><a href=\"https:\/\/nl.211.ca\/recherche\/\" target=\"_blank\" rel=\"noopener\">NL 211<\/a><\/strong> &#8211; pour trouver des services communautaires et sociaux \u00e0 Terre-Neuve-et-Labrador<\/li>\n<li><a href=\"https:\/\/www.francotnl.ca\/fr\/services\/services-en-francais\/carte-services-francais\/\" target=\"_blank\" rel=\"noopener\"><b>Carte des services en fran\u00e7ais\u00a0<\/b><\/a><\/li>\n<li>Bureaux de <strong><a href=\"https:\/\/offices.service.canada.ca\/fr\" target=\"_blank\" rel=\"noopener\">Service Canada<\/a><\/strong><\/li>\n<\/ul>\n<p><a class=\"button style1\" style=\"margin-bottom: 35px;\" href=\"#top\">Haut de page<\/a><\/p>\n","protected":false},"excerpt":{"rendered":"<p><em>Besoin d&#8217;aide pour trouvez un conseiller en \u00e9tablissement apr\u00e8s l&#8217;arriv\u00e9e des personnes parrain\u00e9es?<\/em> Communiquez avec l&#8217;\u00e9quipe du projet de Connexion aux services d&#8217;\u00e9tablissement! Apprenez-en davantage sur <a href=\"https:\/\/rstptemp.turnbull.co\/fr\/initiatives-speciales\/connectez-vous-aux-services-detablissement\/\" target=\"_blank\" rel=\"noopener\">cette page<\/a>.<br \/>\nVeuillez trouver ci-dessous les annuaires de services des diff\u00e9rentes provinces.<br \/>\n<a href=\"http:\/\/www.cic.gc.ca\/francais\/nouveaux\/services\/index.asp\" target=\"_blank\" rel=\"noopener\">Trouvez des services gratuits pr\u00e8s de chez vous <\/a>est un site web qui fournit de l\u2019information sur les services gouvernementaux et communautaires selon la ville la plus proche.<\/p>\n","protected":false},"author":4,"featured_media":0,"parent":1298,"menu_order":0,"comment_status":"open","ping_status":"open","template":"","meta":{"_relevanssi_hide_post":"","_relevanssi_hide_content":"","_relevanssi_pin_for_all":"","_relevanssi_pin_keywords":"","_relevanssi_unpin_keywords":"","_relevanssi_related_keywords":"","_relevanssi_related_include_ids":"","_relevanssi_related_exclude_ids":"","_relevanssi_related_no_append":"","_relevanssi_related_not_related":"","_relevanssi_related_posts":"","_relevanssi_noindex_reason":"","_price":"","_stock":"","_tribe_ticket_header":"","_tribe_default_ticket_provider":"","_ticket_start_date":"","_ticket_end_date":"","_tribe_ticket_show_description":"","_tribe_ticket_show_not_going":false,"_tribe_ticket_use_global_stock":"","_tribe_ticket_global_stock_level":"","_global_stock_mode":"","_global_stock_cap":"","_tribe_rsvp_for_event":"","_tribe_ticket_going_count":"","_tribe_ticket_not_going_count":"","_tribe_tickets_list":"[]","_tribe_ticket_has_attendee_info_fields":false,"footnotes":"","_tec_slr_enabled":"","_tec_slr_layout":""},"class_list":["post-2060","page","type-page","status-publish","hentry"],"featured_image_src":null,"ticketed":false,"_links":{"self":[{"href":"https:\/\/rstptemp.turnbull.co\/fr\/wp-json\/wp\/v2\/pages\/2060","targetHints":{"allow":["GET"]}}],"collection":[{"href":"https:\/\/rstptemp.turnbull.co\/fr\/wp-json\/wp\/v2\/pages"}],"about":[{"href":"https:\/\/rstptemp.turnbull.co\/fr\/wp-json\/wp\/v2\/types\/page"}],"author":[{"embeddable":true,"href":"https:\/\/rstptemp.turnbull.co\/fr\/wp-json\/wp\/v2\/users\/4"}],"replies":[{"embeddable":true,"href":"https:\/\/rstptemp.turnbull.co\/fr\/wp-json\/wp\/v2\/comments?post=2060"}],"version-history":[{"count":11,"href":"https:\/\/rstptemp.turnbull.co\/fr\/wp-json\/wp\/v2\/pages\/2060\/revisions"}],"predecessor-version":[{"id":22433,"href":"https:\/\/rstptemp.turnbull.co\/fr\/wp-json\/wp\/v2\/pages\/2060\/revisions\/22433"}],"up":[{"embeddable":true,"href":"https:\/\/rstptemp.turnbull.co\/fr\/wp-json\/wp\/v2\/pages\/1298"}],"wp:attachment":[{"href":"https:\/\/rstptemp.turnbull.co\/fr\/wp-json\/wp\/v2\/media?parent=2060"}],"curies":[{"name":"wp","href":"https:\/\/api.w.org\/{rel}","templated":true}]}}