{"id":2062,"date":"2014-05-15T14:24:43","date_gmt":"2014-05-15T14:24:43","guid":{"rendered":"http:\/\/rstp.fantomdesign.net\/?page_id=2062"},"modified":"2025-02-06T11:25:58","modified_gmt":"2025-02-06T16:25:58","slug":"formulaires-et-ressources-specifiques","status":"publish","type":"page","link":"https:\/\/rstptemp.turnbull.co\/fr\/responsabilites\/services-detablissement\/formulaires-et-ressources-specifiques\/","title":{"rendered":"Formulaires et ressources sp\u00e9cifiques"},"content":{"rendered":"<p>&nbsp;<\/p>\n<p>Vous trouverez des informations sur des ressources et des proc\u00e9dures de demande pr\u00e9cises ci-dessous. Pour trouver des organsimes d&#8217;aide aux nouveaux arrivants pr\u00e8s de chez vous, veuillez <a href=\"https:\/\/ircc.canada.ca\/francais\/nouveaux\/services\/index.asp\" target=\"_blank\" rel=\"noopener\">cliquer ici.<\/a><\/p>\n<p>Recherche par th\u00e8me: | <a href=\"#nas\" target=\"_blank\" rel=\"noopener\">NUM\u00c9RO D&#8217;ASSURANCE SOCIALE<\/a> | <a href=\"#sant\u00e9\">SANT\u00c9<\/a> | <a href=\"#imp\u00f4ts\">IMP\u00d4TS<\/a> | <a href=\"#langue\">LANGUE<\/a> | <a href=\"#emploi\">EMPLOI<\/a> | <a href=\"#logement\">LOGEMENT<\/a> |<\/p>\n<p><a name=\"nas\"><\/a><\/p>\n<h2>NAS<\/h2>\n<p>Un <strong> <a href=\"https:\/\/www.canada.ca\/fr\/emploi-developpement-social\/services\/numero-assurance-sociale.html\" target=\"_blank\" rel=\"noopener\">num\u00e9ro d\u2019assurance sociale (NAS) <\/a> <\/strong> est exig\u00e9 pour travailler, ouvrir un compte bancaire et d\u00e9clarer les revenus au Canada.<\/p>\n<p><a name=\"sant\u00e9\"><\/a><\/p>\n<h2>SANT\u00c9<\/h2>\n<p>Le <strong> <a href=\"https:\/\/rstptemp.turnbull.co\/wp-content\/uploads\/2019\/11\/IFHP-Info-Sheet-2017-FR.pdf\" target=\"_blank\" rel=\"noopener\">Programme f\u00e9d\u00e9ral de sant\u00e9 int\u00e9rimaire (PFSI)<\/a> <\/strong> fournit de l\u2019assurance maladie suppl\u00e9mentaire aux r\u00e9fugi\u00e9s au Canada pendant la p\u00e9riode de parrainage. Visitez votre bureau local d\u2019IRCC pour faire une demande.<\/p>\n<p><strong>Assurance-maladie provinciale<\/strong>\u00a0:<\/p>\n<ul>\n<li>Alberta\u00ad\u00a0:\u00a0<strong><a href=\"http:\/\/www.health.alberta.ca\/health-care-insurance-plan.html\" target=\"_blank\" rel=\"noopener\">Alberta Health Care Insurance Plan<\/a> (en anglais seulement)<\/strong><\/li>\n<li>Colombie-Britannique\u00a0:<strong>\u00a0<a href=\"http:\/\/www2.gov.bc.ca\/gov\/content\/health\/health-drug-coverage\/msp\/bc-residents\/eligibility-and-enrolment\" target=\"_blank\" rel=\"noopener\">British Columbia Medical Services Plan<\/a> (en anglais seulement)<\/strong><\/li>\n<li>Ontario\u00ad\u00a0:<strong>\u00a0<a href=\"https:\/\/www.ontario.ca\/fr\/page\/sinscrire-lassurance-sante-de-lontario-et-obtenir-une-carte-sante\" target=\"_blank\" rel=\"noopener\">Assurance-sant\u00e9 de l&#8217;Ontario<\/a><\/strong><\/li>\n<li>Manitoba\u00a0:\u00a0<strong><a href=\"https:\/\/www.gov.mb.ca\/health\/mhsip\/index.fr.html\" target=\"_blank\" rel=\"noopener\">Carte sant\u00e9 du Manitoba et couverture<\/a><\/strong><\/li>\n<li>Nouveau-Brunswick\u00a0:<strong>\u00a0<a href=\"https:\/\/www2.gnb.ca\/content\/gnb\/fr\/ministeres\/sante\/Assurancemaladie.html\" target=\"_blank\" rel=\"noopener\">Assurance-maladie du Nouveau-Brunswick<\/a><\/strong><\/li>\n<li>Terre-Neuve-et-Labrador\u00a0: <strong><a href=\"https:\/\/www.gov.nl.ca\/hcs\/mcp\/fr\/\" target=\"_blank\" rel=\"noopener\">R\u00e9gime d&#8217;assurance-soins m\u00e9dicaux (MCP)<\/a>\u00a0<\/strong><\/li>\n<li>Nouvelle-\u00c9cosse\u00a0: <strong><a href=\"http:\/\/novascotia.ca\/dhw\/msi\/\" target=\"_blank\" rel=\"noopener\">Nova Scotia Medical Service Insurance (MSI)<\/a> (page en anglais seulement)<\/strong><\/li>\n<li>\u00cele-du-Prince-\u00c9douard\u00a0:<strong>\u00a0<a href=\"https:\/\/www.princeedwardisland.ca\/fr\/sujet\/sante-i-p-e\" target=\"_blank\" rel=\"noopener\">Sant\u00e9 \u00ce.-P.-\u00c9.<\/a><\/strong><\/li>\n<li>Saskatchewan\u2019: <strong><a href=\"https:\/\/www.ehealthsask.ca\/residents\/health-cards\" target=\"_blank\" rel=\"noopener\">Cart\u00e9 sant\u00e9 de la Saskatchewan (page en anglais seulement)<\/a><\/strong><\/li>\n<\/ul>\n<p><a class=\"button style1\" style=\"margin-bottom: 35px;\" href=\"#top\">Retour vers le haut<\/a><\/p>\n<p><a name=\"imp\u00f4ts\"><\/a><\/p>\n<h2>IMP\u00d4TS<\/h2>\n<p>L&#8217;<a href=\"https:\/\/www.canada.ca\/fr\/agence-revenu\/services\/prestations-enfants-familles\/allocation-canadienne-enfants-apercu.html\" target=\"_blank\" rel=\"noopener\">Allocation canadienne pour enfants <\/a>(ACE) est un paiement mensuel non imposable vers\u00e9 aux familles admissibles pour les aider \u00e0 subvenir aux besoins de leurs enfants de moins de 18 ans. Pour de plus amples renseignements sur l\u2019ACE et les programmes provinciaux connexes, veuillez consulter la publication de l&#8217;Agence de revenu du Canada intitul\u00e9e <a href=\"https:\/\/www.canada.ca\/fr\/agence-revenu\/services\/formulaires-publications\/publications\/t4114.html\" target=\"_blank\" rel=\"noopener\">Allocation canadienne pour enfants et les programmes f\u00e9d\u00e9raux, provinciaux et territoriaux connexes<\/a>.<\/p>\n<p><a href=\"https:\/\/www.canada.ca\/fr\/agence-revenu\/services\/formulaires-publications\/formulaires\/rc151.html\" target=\"_blank\" rel=\"noopener\">Demande du cr\u00e9dit pour la TPS\/TVH et de la Remise canadienne sur le carbone pour les particuliers qui deviennent r\u00e9sidents du Canada<\/a><\/p>\n<p><a href=\"https:\/\/www.canada.ca\/fr\/agence-revenu\/nouvelles\/salle-presse\/conseils-fiscaux\/trousse-medias-periode-production-declarations-revenus\/impot-questions-reponses.html\" target=\"_blank\" rel=\"noopener\">Questions et r\u00e9ponses sur la production de votre d\u00e9claration de revenus<\/a><\/p>\n<p><a class=\"button style1\" style=\"margin-bottom: 35px;\" href=\"#top\">Retour vers le haut<\/a><\/p>\n<p><a name=\"langue\"><\/a><\/p>\n<h2>LANGUE<\/h2>\n<p>Le programme <a href=\"https:\/\/www.canada.ca\/fr\/immigration-refugies-citoyennete\/services\/nouveaux-immigrants\/nouvelle-vie-canada\/ameliorer-francais-anglais\/cours.html\" target=\"_blank\" rel=\"noopener\">Cours de langue pour les immigrants au Canada (CLIC) <\/a> fournit des cours de fran\u00e7ais \u00e0 temps plein ou partiel pour les nouveaux arrivants adultes qui sont des r\u00e9sidents permanents (l&#8217;\u00e9quivalent anglophone s&#8217;appelle <em>Language Instruction for Newcomers to Canada<\/em> [LINC]). Avant de vous inscrire, vous devrez faire \u00e9valuer vos comp\u00e9tences linguistiques dans un organisme d&#8217;aide aux nouveaux arrivants. La plupart des organismes qui offrent le programme CLIC fournissent des allocations pour le transport et la garde des enfants. Pour trouver un programme CLIC dans votre communaut\u00e9, veuillez contacter le service d\u2019\u00e9tablissement le plus proche.<\/p>\n<p><a class=\"button style1\" style=\"margin-bottom: 35px;\" href=\"#top\">Retour vers le haut<\/a><\/p>\n<p><a name=\"emploi\"><\/a><\/p>\n<h2>EMPLOI<\/h2>\n<p><a href=\"https:\/\/www.guichetemplois.gc.ca\/accueil\" target=\"_blank\" rel=\"noopener\">Guichet-Emplois<\/a> est un site web du gouvernement qui affiche des emplois \u00e0 travers le Canada. Il fournit \u00e9galement de l\u2019information sur le march\u00e9 local du travail et les perspectives d&#8217;emploi pour certains secteurs pr\u00e9cis \u00e0 l&#8217;\u00e9chelle du pays.<\/p>\n<p><a class=\"button style1\" style=\"margin-bottom: 35px;\" href=\"#top\">Retour vers le haut<\/a><\/p>\n<p><a name=\"logement\"><\/a><\/p>\n<h2>LOGEMENT<\/h2>\n<p>Les guides <a href=\"https:\/\/www.cmhc-schl.gc.ca\/professionnels\/innovation-et-leadership-dans-le-secteur\/expertise-de-lindustrie\/la-ressource\/des-logements-pour-les-nouveaux-arrivants\" target=\"_blank\" rel=\"noopener\">Des logements pour les nouveaux arrivants<\/a>\u00a0fournissent de l\u2019information en plusieurs langues sur le logement pour aider les nouveaux arrivants \u00e0 prendre des d\u00e9cisions et trouver un logement s\u00e9curitaire et abordable.<\/p>\n<p><a href=\"https:\/\/assets.cmhc-schl.gc.ca\/sf\/project\/cmhc\/pdfs\/content\/fr\/66165.pdf?rev=ebc9e4ae-f457-445d-898d-dd136a1ee293&amp;_gl=1*13mpmuz*_gcl_au*NDU3ODEzMjIyLjE3Mzg4NTQ1NzE.*_ga*MTU3OTkwMDE3LjE3Mzg4NTQ1NzE.*_ga_CY7T7RT5C4*MTczODg1NDU3MS4xLjEuMTczODg1NTE3MC43LjAuMA..\" target=\"_blank\" rel=\"noopener\">Louer son premier logement au Canada &#8211; Ce que les nouveaux arrivants doivent savoir\u00a0<\/a><\/p>\n<p>La <a href=\"https:\/\/www.cmhc-schl.gc.ca\/\" target=\"_blank\" rel=\"noopener\"> Soci\u00e9t\u00e9 canadienne d&#8217;hypoth\u00e8ques et de logement<\/a> est l\u2019organisme national responsable de l\u2019habitation au Canada. Elle fournit des renseignements sur la location d&#8217;un logement, dont les droits et responsabilit\u00e9s des locataires.<\/p>\n<p>&nbsp;<\/p>\n<p><a class=\"button style1\" style=\"margin-bottom: 35px;\" href=\"#top\">Retour vers le haut<\/a><\/p>\n","protected":false},"excerpt":{"rendered":"<p>&nbsp;<br \/>\nVous trouverez des informations sur des ressources et des proc\u00e9dures de demande pr\u00e9cises ci-dessous. Pour trouver des organsimes d&#8217;aide aux nouveaux arrivants pr\u00e8s de chez vous, veuillez <a href=\"https:\/\/ircc.canada.ca\/francais\/nouveaux\/services\/index.asp\" target=\"_blank\" rel=\"noopener\">cliquer ici.<\/a><br \/>\nRecherche par th\u00e8me: | <a href=\"#nas\" target=\"_blank\" rel=\"noopener\">NUM\u00c9RO D&#8217;ASSURANCE SOCIALE<\/a> | <a href=\"#sant\u00e9\">SANT\u00c9<\/a> | <a href=\"#imp\u00f4ts\">IMP\u00d4TS<\/a> | <a href=\"#langue\">LANGUE<\/a> | <a href=\"#emploi\">EMPLOI<\/a> | <a href=\"#logement\">LOGEMENT<\/a> |<br \/>\n<a name=\"nas\"><\/a><br \/>\nNAS<br \/>\nUn  <a href=\"https:\/\/www.canada.ca\/fr\/emploi-developpement-social\/services\/numero-assurance-sociale.html\" target=\"_blank\" rel=\"noopener\">num\u00e9ro d\u2019assurance sociale (NAS) <\/a>  est exig\u00e9 pour travailler,<\/p>\n","protected":false},"author":4,"featured_media":0,"parent":1298,"menu_order":1,"comment_status":"closed","ping_status":"closed","template":"","meta":{"_relevanssi_hide_post":"","_relevanssi_hide_content":"","_relevanssi_pin_for_all":"","_relevanssi_pin_keywords":"","_relevanssi_unpin_keywords":"","_relevanssi_related_keywords":"","_relevanssi_related_include_ids":"","_relevanssi_related_exclude_ids":"","_relevanssi_related_no_append":"","_relevanssi_related_not_related":"","_relevanssi_related_posts":"","_relevanssi_noindex_reason":"","_price":"","_stock":"","_tribe_ticket_header":"","_tribe_default_ticket_provider":"","_ticket_start_date":"","_ticket_end_date":"","_tribe_ticket_show_description":"","_tribe_ticket_show_not_going":false,"_tribe_ticket_use_global_stock":"","_tribe_ticket_global_stock_level":"","_global_stock_mode":"","_global_stock_cap":"","_tribe_rsvp_for_event":"","_tribe_ticket_going_count":"","_tribe_ticket_not_going_count":"","_tribe_tickets_list":"[]","_tribe_ticket_has_attendee_info_fields":false,"footnotes":"","_tec_slr_enabled":"","_tec_slr_layout":""},"class_list":["post-2062","page","type-page","status-publish","hentry"],"featured_image_src":null,"ticketed":false,"_links":{"self":[{"href":"https:\/\/rstptemp.turnbull.co\/fr\/wp-json\/wp\/v2\/pages\/2062","targetHints":{"allow":["GET"]}}],"collection":[{"href":"https:\/\/rstptemp.turnbull.co\/fr\/wp-json\/wp\/v2\/pages"}],"about":[{"href":"https:\/\/rstptemp.turnbull.co\/fr\/wp-json\/wp\/v2\/types\/page"}],"author":[{"embeddable":true,"href":"https:\/\/rstptemp.turnbull.co\/fr\/wp-json\/wp\/v2\/users\/4"}],"replies":[{"embeddable":true,"href":"https:\/\/rstptemp.turnbull.co\/fr\/wp-json\/wp\/v2\/comments?post=2062"}],"version-history":[{"count":14,"href":"https:\/\/rstptemp.turnbull.co\/fr\/wp-json\/wp\/v2\/pages\/2062\/revisions"}],"predecessor-version":[{"id":22427,"href":"https:\/\/rstptemp.turnbull.co\/fr\/wp-json\/wp\/v2\/pages\/2062\/revisions\/22427"}],"up":[{"embeddable":true,"href":"https:\/\/rstptemp.turnbull.co\/fr\/wp-json\/wp\/v2\/pages\/1298"}],"wp:attachment":[{"href":"https:\/\/rstptemp.turnbull.co\/fr\/wp-json\/wp\/v2\/media?parent=2062"}],"curies":[{"name":"wp","href":"https:\/\/api.w.org\/{rel}","templated":true}]}}