{"id":2066,"date":"2014-05-15T14:25:46","date_gmt":"2014-05-15T14:25:46","guid":{"rendered":"http:\/\/rstp.fantomdesign.net\/?page_id=2066"},"modified":"2025-03-05T16:29:59","modified_gmt":"2025-03-05T21:29:59","slug":"alberta","status":"publish","type":"page","link":"https:\/\/rstptemp.turnbull.co\/fr\/responsabilites\/services-detablissement\/sante\/alberta\/","title":{"rendered":"Alberta"},"content":{"rendered":"<div class='content-column one_fifth'><p><img loading=\"lazy\" decoding=\"async\" class=\"alignnone size-full wp-image-656\" src=\"\/wp-content\/uploads\/2014\/03\/Alberta.jpg\" alt=\"Alberta\" width=\"160\" height=\"138\" \/><\/p><\/div><div class='content-column four_fifth last_column'><h2>R\u00e9gime provincial d\u2019assurance-maladie<\/h2>\n<p><a href=\"https:\/\/www.alberta.ca\/fr\/ahcip?utm_source=redirector\" target=\"_blank\" rel=\"noopener\">R\u00e9gime d\u2019assurance-maladie de l\u2019Alberta (RAMA)<\/a><\/p>\n<h2>M\u00e9dicaments d&#8217;ordonnance<\/h2>\n<p><strong><a href=\"https:\/\/www.alberta.ca\/fr\/alberta-adult-health-benefit\" target=\"_blank\" rel=\"noopener\">Prestations de maladie pour adultes de l\u2019Alberta<\/a>\u00a0<\/strong>: Les m\u00e9dicaments d&#8217;ordonnance, les soins dentaires, les soins optom\u00e9triques, le transport d\u2019urgence en ambulance et les soins pour les personnes diab\u00e9tiques sont enti\u00e8rement couverts pour les adultes de m\u00e9nages \u00e0 faible revenu, y compris les r\u00e9fugi\u00e9s parrain\u00e9s par le secteur priv\u00e9.<\/p>\n<p><a href=\"https:\/\/www.alberta.ca\/fr\/alberta-child-health-benefit\" target=\"_blank\" rel=\"noopener\"><strong>Prestations de soins de sant\u00e9 pour enfants de l\u2019Alberta pour les enfants\u00a0<\/strong><\/a>: Les m\u00e9dicaments d&#8217;ordonnance, les soins dentaires et les lunettes sont enti\u00e8rement couverts pour les enfants de m\u00e9nages \u00e0 faible revenu jusqu\u2019\u00e0 l\u2019\u00e2ge de 18 ans, ou jusqu\u2019\u00e0 l\u2019\u00e2ge de 20 ans si l\u2019enfant vit chez ses parents et fr\u00e9quente l\u2019\u00e9cole secondaire.<\/p>\n<h2>Soins de sant\u00e9 en fran\u00e7ais<\/h2>\n<p><strong><a href=\"https:\/\/reseausantealbertain.ca\/\" target=\"_blank\" rel=\"noopener\">R\u00e9seau sant\u00e9 albertain<\/a><\/strong> : Propose un r\u00e9pertoire de professionnels de la sant\u00e9 francophones<\/p>\n<p><a href=\"https:\/\/cscst.ca\/\" target=\"_blank\" rel=\"noopener\"><strong>Centre de sant\u00e9 St-Thomas<\/strong><\/a> : Clinique bilingue \u00e0 Edmonton<\/p>\n<p><a href=\"https:\/\/www.cbihealth.ca\/fr\/trouver-une-clinique\/fort-mcmurray\" target=\"_blank\" rel=\"noopener\"><strong>CBI Sant\u00e9<\/strong><\/a> : Clinique offrant des services de physioth\u00e9rapie et de r\u00e9adaptation aux clients de Fort McMurray.<\/p>\n<h2>Soins dentaires<\/h2>\n<p><strong><a href=\"https:\/\/www.alberta.ca\/fr\/alberta-adult-health-benefit\" target=\"_blank\" rel=\"noopener\">Prestations de maladie pour adultes de l\u2019Alberta<\/a>\u00a0<\/strong>: Les m\u00e9dicaments d&#8217;ordonnance, les soins dentaires, les soins optom\u00e9triques, le transport d\u2019urgence en ambulance et les soins pour les personnes diab\u00e9tiques sont enti\u00e8rement couverts pour les adultes de m\u00e9nages \u00e0 faible revenu, y compris les r\u00e9fugi\u00e9s parrain\u00e9s par le secteur priv\u00e9.<\/p>\n<p><a href=\"https:\/\/www.alberta.ca\/fr\/alberta-child-health-benefit\" target=\"_blank\" rel=\"noopener\"><strong>Prestations de soins de sant\u00e9 pour enfants de l\u2019Alberta\u00a0<\/strong><\/a>: Les m\u00e9dicaments d&#8217;ordonnance, les soins dentaires et les lunettes sont enti\u00e8rement couverts pour les enfants de m\u00e9nages \u00e0 faible revenu jusqu\u2019\u00e0 l\u2019\u00e2ge de 18 ans, ou jusqu\u2019\u00e0 l\u2019\u00e2ge de 20 ans si l\u2019enfant vit chez ses parents et fr\u00e9quente l\u2019\u00e9cole secondaire.<\/p>\n<p><strong><a href=\"https:\/\/www.alberta.ca\/fr\/dental-optical-assistance-seniors\" target=\"_blank\" rel=\"noopener\">Soutien aux personnes \u00e2g\u00e9es pour les soins dentaires et optiques<\/a>\u00a0<\/strong>: Ce programme fournit une assistance financi\u00e8re aux personnes \u00e2g\u00e9es (65 ans et plus) \u00e0 revenu faible ou modeste pour couvrir leurs soins <a href=\"https:\/\/www.alberta.ca\/fr\/dental-optical-assistance-seniors#jumplinks-2\" target=\"_blank\" rel=\"noopener\">dentaires<\/a> et leurs soins <a href=\"https:\/\/www.alberta.ca\/fr\/dental-optical-assistance-seniors#jumplinks-3\" target=\"_blank\" rel=\"noopener\">optom\u00e9triques <\/a>de base.<\/p>\n<p>Quelques cliniques communautaires de sant\u00e9 publique fournissent des soins dentaires \u00e0 prix r\u00e9duit aux personnes \u00e0 faible revenu non couvertes par un r\u00e9gime d\u2019assurance dentaire. Les personnes admissibles ne paient que 20 % des frais courants pour les soins dentaires de base. Veuillez consulter cette <a href=\"https:\/\/www.albertahealthservices.ca\/findhealth\/Service.aspx?id=1670\" target=\"_blank\" rel=\"noopener\">fiche d\u2019information<\/a> (<em>en anglais<\/em>) pour en savoir davantage sur les modalit\u00e9s de couverture, les crit\u00e8res d\u2019admissibilit\u00e9, les proc\u00e9dures d\u2019inscription et les emplacements des cliniques.<\/p>\n<p><strong><a href=\"http:\/\/www.burnsfund.com\/programs\/childrens-fund\/oral-health\/\" target=\"_blank\" rel=\"noopener\">Burns Memorial Fund<\/a> <\/strong>(Fonds comm\u00e9moratif Burns \u2014 <em>en anglais<\/em>)<strong>\u00a0<\/strong>: Ce fonds aide les familles \u00e0 faible revenu \u00e0 payer les appareils d\u2019orthodontie de leurs enfants, ainsi que les soins dentaires des enfants non couverts par la <a href=\"https:\/\/www.alberta.ca\/fr\/alberta-child-health-benefit\" target=\"_blank\" rel=\"noopener\"><strong>Prestations de soins de sant\u00e9 pour enfants de l\u2019Alberta\u00a0<\/strong><\/a> ou par un r\u00e9gime d\u2019assurance priv\u00e9.<\/p>\n<p><strong><a href=\"http:\/\/www.dentistry.ualberta.ca\/PatientCare.aspx\" target=\"_blank\" rel=\"noopener\">\u00c9cole de dentisterie Mike Petryk de l&#8217;Universit\u00e9 d&#8217;Alberta <\/a><\/strong>(<em>site<\/em> <em>en anglais<\/em>)\u00a0<strong>: <\/strong>Situ\u00e9e \u00e0 Edmonton, cette \u00e9cole fournit un \u00e9ventail de soins dentaires \u00e0 prix r\u00e9duit (environ 50\u00a0% du prix courant).<\/p>\n<h2>Autres services<\/h2>\n<p><strong><a href=\"https:\/\/mosaicpcn.ca\/programs\/refugee-health\/\" target=\"_blank\" rel=\"noopener\">Mosaic Primary Care Network\u2019s Refugee Health Clinic<\/a><\/strong>\u00a0(Clinique de soins de sant\u00e9 pour les r\u00e9fugi\u00e9s Mosaic Primary Care Network <em>&#8211; en anglais<\/em>) : Cette clinique \u00e0 Calgary fournit des soins de sant\u00e9 primaires et multidisciplinaires pour les r\u00e9fugi\u00e9s nouvellement arriv\u00e9s, y compris les r\u00e9fugi\u00e9s parrain\u00e9s par le secteur priv\u00e9. Les services incluent des programmes de sant\u00e9 pour les femmes (y compris les soins pr\u00e9natals), des soins de sant\u00e9 pour les enfants, des services de sant\u00e9 mentale et des services d\u2019aiguillage vers des sp\u00e9cialistes en sant\u00e9 dentaire, des optom\u00e9tristes et des interpr\u00e8tes.<\/p>\n<p><strong><a href=\"https:\/\/newcomercentre.com\/program\/therapeutic-counselling-services\/\" target=\"_blank\" rel=\"noopener\">Services th\u00e9rapeutiques et de counselling au Newcomer Centre d&#8217;Edmonton<\/a><\/strong> (<em>site en anglais<\/em>) : Ce centre offre des services de soutien psychologique aux personnes r\u00e9fugi\u00e9es et immigrantes qui vivent de la d\u00e9tresse et des difficult\u00e9s \u00e9motionnelles en raison de traumatismes pass\u00e9s.<\/p>\n<p><strong><a href=\"http:\/\/www.mchb.org\/\" target=\"_blank\" rel=\"noopener\">The Multicultural Health Brokers Cooperative<\/a><\/strong> (Coop\u00e9rative multiculturelle d\u2019interm\u00e9diaires en sant\u00e9 \u2014 <em>en anglais<\/em>)\u00a0: La coop\u00e9rative fournit des services d\u2019\u00e9ducation pr\u00e9natale, de soutien apr\u00e8s la naissance et d\u2019\u00e9ducation \u00e0 la sant\u00e9 et \u00e0 la sexualit\u00e9. Elle offre \u00e9galement des services de counseling et d\u2019orientation par t\u00e9l\u00e9phone, ainsi que des visites \u00e0 domicile au besoin. La coop\u00e9rative agit \u00e9galement dans la production de documentation, le d\u00e9veloppement communautaire, la promotion de la sant\u00e9 et la prestation de services-conseils concernant les diff\u00e9rences interculturelles. Enfin, elle agit comme interm\u00e9diaire entre les \u00e9tablissements de sant\u00e9 et les communaut\u00e9s immigrantes et r\u00e9fugi\u00e9s.<\/p>\n<p><strong><a href=\"http:\/\/www.burnsfund.com\/programs\/childrens\" target=\"_blank\" rel=\"noopener\">Burns Memorial Fund<\/a>\u00a0<\/strong>(Fonds comm\u00e9moratif Burns \u2014 <em>en anglais<\/em>)<strong>\u00a0<\/strong>: Ce fonds finance des services et du mat\u00e9riel pour les enfants de moins de 21 ans ayant des besoins sp\u00e9ciaux et provenant de familles \u00e0 faible revenu.<\/p>\n<p><strong><a href=\"https:\/\/www.alberta.ca\/alberta-aids-to-daily-living.aspx?utm_source=redirector\" target=\"_blank\" rel=\"noopener\">Alberta Aids to Daily Living<\/a><\/strong> (Assistance Alberta pour les activit\u00e9s quotidiennes \u2014 <em>en anglais<\/em>) : Cette organisation aide \u00e0 financer le co\u00fbt de fournitures et d\u2019appareils m\u00e9dicaux de base utilis\u00e9s \u00e0 la maison ou dans des milieux de vie analogues pour des personnes souffrant d\u2019invalidit\u00e9 de longue dur\u00e9e, de maladie chronique ou de maladie terminale.<\/p>\n<p><strong><a href=\"https:\/\/www.albertahealthservices.ca\/findhealth\/Service.aspx?id=6810&amp;serviceAtFacilityID=1047134\" target=\"_blank\" rel=\"noopener\">Mental Health Help Line<\/a><\/strong>\u00a0(Ligne de soutien psychologique, num\u00e9ro sans frais\u00a0: 1\u00a0877\u00a0303-2642 \u2014 <em>en anglais<\/em>)\u00a0: Des professionnels de la sant\u00e9 mentale fournissent des services d\u2019intervention de crise, des renseignements sur les programmes et services de sant\u00e9 mentale, ainsi que des services d\u2019aiguillage vers des agences appropri\u00e9es. Accessible 24 heures sur 24, 7 jours sur 7, ce service confidentiel et anonyme est assur\u00e9 par Health Link Alberta.<\/p>\n<p><strong><a href=\"https:\/\/www.albertahealthservices.ca\/info\/page12630.aspx\" target=\"_blank\" rel=\"noopener\">Health Link<\/a><\/strong><strong>\u00a0<\/strong>(Service d\u2019information et de conseils sur la sant\u00e9, num\u00e9ro sans frais\u00a0: 1\u00a0866\u00a0408-5465 \u2014 <em>en anglais<\/em>)\u00a0: Des infirmi\u00e8res autoris\u00e9es fournissent de l\u2019information et des conseils de sant\u00e9 en fonction des sympt\u00f4mes d\u00e9crits et des pr\u00e9occupations exprim\u00e9es par les usagers. Ce service confidentiel est offert 24 heures sur 24, 7 jours sur 7.<\/p><\/div><div class='clear_column'><\/div><\/p>\n","protected":false},"excerpt":{"rendered":"","protected":false},"author":4,"featured_media":0,"parent":1304,"menu_order":1,"comment_status":"closed","ping_status":"closed","template":"","meta":{"_relevanssi_hide_post":"","_relevanssi_hide_content":"","_relevanssi_pin_for_all":"","_relevanssi_pin_keywords":"","_relevanssi_unpin_keywords":"","_relevanssi_related_keywords":"","_relevanssi_related_include_ids":"","_relevanssi_related_exclude_ids":"","_relevanssi_related_no_append":"","_relevanssi_related_not_related":"","_relevanssi_related_posts":"","_relevanssi_noindex_reason":"","_price":"","_stock":"","_tribe_ticket_header":"","_tribe_default_ticket_provider":"","_ticket_start_date":"","_ticket_end_date":"","_tribe_ticket_show_description":"","_tribe_ticket_show_not_going":false,"_tribe_ticket_use_global_stock":"","_tribe_ticket_global_stock_level":"","_global_stock_mode":"","_global_stock_cap":"","_tribe_rsvp_for_event":"","_tribe_ticket_going_count":"","_tribe_ticket_not_going_count":"","_tribe_tickets_list":"[]","_tribe_ticket_has_attendee_info_fields":false,"footnotes":"","_tec_slr_enabled":"","_tec_slr_layout":""},"class_list":["post-2066","page","type-page","status-publish","hentry"],"featured_image_src":null,"ticketed":false,"_links":{"self":[{"href":"https:\/\/rstptemp.turnbull.co\/fr\/wp-json\/wp\/v2\/pages\/2066","targetHints":{"allow":["GET"]}}],"collection":[{"href":"https:\/\/rstptemp.turnbull.co\/fr\/wp-json\/wp\/v2\/pages"}],"about":[{"href":"https:\/\/rstptemp.turnbull.co\/fr\/wp-json\/wp\/v2\/types\/page"}],"author":[{"embeddable":true,"href":"https:\/\/rstptemp.turnbull.co\/fr\/wp-json\/wp\/v2\/users\/4"}],"replies":[{"embeddable":true,"href":"https:\/\/rstptemp.turnbull.co\/fr\/wp-json\/wp\/v2\/comments?post=2066"}],"version-history":[{"count":8,"href":"https:\/\/rstptemp.turnbull.co\/fr\/wp-json\/wp\/v2\/pages\/2066\/revisions"}],"predecessor-version":[{"id":22524,"href":"https:\/\/rstptemp.turnbull.co\/fr\/wp-json\/wp\/v2\/pages\/2066\/revisions\/22524"}],"up":[{"embeddable":true,"href":"https:\/\/rstptemp.turnbull.co\/fr\/wp-json\/wp\/v2\/pages\/1304"}],"wp:attachment":[{"href":"https:\/\/rstptemp.turnbull.co\/fr\/wp-json\/wp\/v2\/media?parent=2066"}],"curies":[{"name":"wp","href":"https:\/\/api.w.org\/{rel}","templated":true}]}}