{"id":2070,"date":"2014-05-15T14:26:42","date_gmt":"2014-05-15T14:26:42","guid":{"rendered":"http:\/\/rstp.fantomdesign.net\/?page_id=2070"},"modified":"2025-03-05T16:33:24","modified_gmt":"2025-03-05T21:33:24","slug":"manitoba","status":"publish","type":"page","link":"https:\/\/rstptemp.turnbull.co\/fr\/responsabilites\/services-detablissement\/sante\/manitoba\/","title":{"rendered":"Manitoba"},"content":{"rendered":"<div class='content-column one_fifth'><p><img loading=\"lazy\" decoding=\"async\" class=\"alignnone size-full wp-image-664\" src=\"\/wp-content\/uploads\/2014\/03\/manitoba.jpg\" alt=\"manitoba\" width=\"160\" height=\"132\" \/><\/p><\/div><div class='content-column four_fifth last_column'><h2>R\u00e9gime provincial d\u2019assurance-maladie<\/h2>\n<p><a href=\"http:\/\/www.gov.mb.ca\/health\/mhsip\/index.fr.html\" target=\"_blank\" rel=\"noopener\">R\u00e9gime d\u2019assurance-maladie du Manitoba<\/a><\/p>\n<h2>M\u00e9dicaments d\u2019ordonnance<\/h2>\n<p>Le <strong><a href=\"http:\/\/www.gov.mb.ca\/health\/pharmacare\/index.fr.html\" target=\"_blank\" rel=\"noopener\">R\u00e9gime d\u2019assurance-m\u00e9dicaments du Manitoba<\/a><\/strong> facilite l\u2019acc\u00e8s aux m\u00e9dicaments pour les r\u00e9sidents du Manitoba admissibles, lorsque leur revenu est insuffisant pour couvrir le co\u00fbt \u00e9lev\u00e9 des m\u00e9dicaments d\u2019ordonnance. En tant que r\u00e9sidents permanents couverts par le <a href=\"http:\/\/www.gov.mb.ca\/health\/mhsip\/index.fr.html\" target=\"_blank\" rel=\"noopener\">R\u00e9gime d\u2019assurance-maladie du Manitoba<\/a>, les r\u00e9fugi\u00e9s parrain\u00e9s par le secteur priv\u00e9 sont admissibles au R\u00e9gime d\u2019assurance-m\u00e9dicaments de la province. Les clients doivent cependant payer une partie du co\u00fbt des m\u00e9dicaments d\u2019ordonnance (voir la <a href=\"https:\/\/web22.gov.mb.ca\/eFormulary\/BasicSearch.fr.aspx\" target=\"_blank\" rel=\"noopener\">liste des m\u00e9dicaments couverts<\/a>). Cette franchise annuelle est calcul\u00e9e sur la base du revenu familial ajust\u00e9.<\/p>\n<h2>Soins de sant\u00e9 en fran\u00e7ais<\/h2>\n<p><strong><a href=\"https:\/\/wrha.mb.ca\/files\/les-soins-voulus-en-francais.pdf\" target=\"_blank\" rel=\"noopener\">Comment acc\u00e9der aux services de sant\u00e9 en fran\u00e7ais \u00e0 Winnipeg<\/a><\/strong><\/p>\n<p><strong><a href=\"https:\/\/centredesante.mb.ca\/\" target=\"_blank\" rel=\"noopener\">Centre de sant\u00e9 Saint-Boniface<\/a><\/strong><\/p>\n<p><strong><a href=\"https:\/\/santeenfrancais.com\/\" target=\"_blank\" rel=\"noopener\">Sant\u00e9 en fran\u00e7ais<\/a><\/strong><\/p>\n<h2>Soins dentaires<\/h2>\n<ul>\n<li><strong>Access Downtown <\/strong><strong><a href=\"https:\/\/www.facebook.com\/pages\/Access-Downtown-Health-Action-Centre-Primary-Care-Clinic\/1161749223843441\" target=\"_blank\" rel=\"noopener\">Health Action Centre\u00a0<\/a><\/strong>(Centre d\u2019action de la sant\u00e9 Access Downtown \u2014 <em>en anglais<\/em>) : Ce centre fournit des soins dentaires \u00e0 prix r\u00e9duit aux adultes et aux enfants de m\u00e9nages \u00e0 faible revenu \u00e0 Winnipeg.<\/li>\n<li><a href=\"https:\/\/www.mountcarmel.ca\/fr\/home-francais\/\" target=\"_blank\" rel=\"noopener\"><strong>Mount Carmel Clinic <\/strong><\/a>\u00a0: Cette clinique fournit des soins dentaires \u00e0 prix minime pour les personnes de Winnipeg qui r\u00e9pondent \u00e0 certains crit\u00e8res r\u00e9sidentiels et financiers. Le co\u00fbt des services est \u00e9tabli selon une \u00e9chelle mobile. Le revenu familial net ainsi que le nombre de personnes \u00e0 charge servent \u00e0 d\u00e9terminer le prix des services.<\/li>\n<li>Le programme <strong><a href=\"https:\/\/wrha.mb.ca\/oral-health\/smile-plus\/\" target=\"_blank\" rel=\"noopener\">S.M.I.L.E. plus Dental Program<\/a> <\/strong>(site <em>en anglais<\/em>) \u00e0 Winnipeg s&#8217;adresse aux familles ayant peu de moyens. Les familles admissibles n&#8217;ayant aucune couverture d&#8217;assurance doivent payer une somme forfaitaire de 30,00 $ par visite. Cette somme couvre les soins dentaires r\u00e9guliers, dont les examens, les nettoyages, l&#8217;application pr\u00e9ventive de r\u00e9sines de scellement, les restaurations et les extractions. Des services sont \u00e9galement fournis aux enfants d&#8217;\u00e2ge scolaire qui ont une assurance limit\u00e9e pour les soins dentaires en vertu de leur statut de r\u00e9fugi\u00e9.<\/li>\n<li><strong><a href=\"https:\/\/umanitoba.ca\/dentistry\/general-clinic\" target=\"_blank\" rel=\"noopener\">Dr. Gerald Nizick College of Dentistry \u00e0 l&#8217;Universit\u00e9 du Manitoba<\/a><\/strong> (clinique de l\u2019\u00c9cole de dentisterie de l\u2019Universit\u00e9 du Manitoba \u2014 <em>en anglais<\/em>) : Des \u00e9tudiants et \u00e9tudiantes de troisi\u00e8me et quatri\u00e8me ann\u00e9e prodiguent des soins dentaires \u00e0 prix r\u00e9duit. La clinique tient une liste d\u2019\u00e9tudiants et d\u2019\u00e9tudiantes multilingues et tente le plus possible de jumeler ces personnes \u00e0 sa client\u00e8le en fonction de la langue parl\u00e9e. Quand cela n\u2019est pas possible, les patients et les patientes doivent se faire accompagner de leur propre interpr\u00e8te.<\/li>\n<\/ul>\n<h2>Autres services<\/h2>\n<p>La <a href=\"https:\/\/www.mountcarmel.ca\/fr\/home-francais\/\" target=\"_blank\" rel=\"noopener\"><strong>Mount Carmel Clinic <\/strong><\/a>est un centre de sant\u00e9 communautaire multiculturel offrant un \u00e9ventail de soins de sant\u00e9 primaires. On y trouve aussi des services de counseling particuliers en sant\u00e9 mentale, des services de d\u00e9fense des droits en mati\u00e8re de sant\u00e9 mentale, des soins p\u00e9rinatals (soins pr\u00e9natals, test de grossesse, cours de pr\u00e9paration \u00e0 la naissance, suivi par des sages-femmes, conseils nutritionnels et pharmaceutiques, etc.), des services de diagnostic (laboratoire et radiologie), une clinique de soins des pieds, ainsi que des soins infirmiers et des services de nutritionnistes. La clinique est accessible aux personnes \u00e0 faible revenu dans le quartier nord-est de Winnipeg.<\/p><\/div><div class='clear_column'><\/div><\/p>\n","protected":false},"excerpt":{"rendered":"","protected":false},"author":4,"featured_media":0,"parent":1304,"menu_order":3,"comment_status":"open","ping_status":"closed","template":"","meta":{"_relevanssi_hide_post":"","_relevanssi_hide_content":"","_relevanssi_pin_for_all":"","_relevanssi_pin_keywords":"","_relevanssi_unpin_keywords":"","_relevanssi_related_keywords":"","_relevanssi_related_include_ids":"","_relevanssi_related_exclude_ids":"","_relevanssi_related_no_append":"","_relevanssi_related_not_related":"","_relevanssi_related_posts":"","_relevanssi_noindex_reason":"","_price":"","_stock":"","_tribe_ticket_header":"","_tribe_default_ticket_provider":"","_ticket_start_date":"","_ticket_end_date":"","_tribe_ticket_show_description":"","_tribe_ticket_show_not_going":false,"_tribe_ticket_use_global_stock":"","_tribe_ticket_global_stock_level":"","_global_stock_mode":"","_global_stock_cap":"","_tribe_rsvp_for_event":"","_tribe_ticket_going_count":"","_tribe_ticket_not_going_count":"","_tribe_tickets_list":"[]","_tribe_ticket_has_attendee_info_fields":false,"footnotes":"","_tec_slr_enabled":"","_tec_slr_layout":""},"class_list":["post-2070","page","type-page","status-publish","hentry"],"featured_image_src":null,"ticketed":false,"_links":{"self":[{"href":"https:\/\/rstptemp.turnbull.co\/fr\/wp-json\/wp\/v2\/pages\/2070","targetHints":{"allow":["GET"]}}],"collection":[{"href":"https:\/\/rstptemp.turnbull.co\/fr\/wp-json\/wp\/v2\/pages"}],"about":[{"href":"https:\/\/rstptemp.turnbull.co\/fr\/wp-json\/wp\/v2\/types\/page"}],"author":[{"embeddable":true,"href":"https:\/\/rstptemp.turnbull.co\/fr\/wp-json\/wp\/v2\/users\/4"}],"replies":[{"embeddable":true,"href":"https:\/\/rstptemp.turnbull.co\/fr\/wp-json\/wp\/v2\/comments?post=2070"}],"version-history":[{"count":6,"href":"https:\/\/rstptemp.turnbull.co\/fr\/wp-json\/wp\/v2\/pages\/2070\/revisions"}],"predecessor-version":[{"id":22525,"href":"https:\/\/rstptemp.turnbull.co\/fr\/wp-json\/wp\/v2\/pages\/2070\/revisions\/22525"}],"up":[{"embeddable":true,"href":"https:\/\/rstptemp.turnbull.co\/fr\/wp-json\/wp\/v2\/pages\/1304"}],"wp:attachment":[{"href":"https:\/\/rstptemp.turnbull.co\/fr\/wp-json\/wp\/v2\/media?parent=2070"}],"curies":[{"name":"wp","href":"https:\/\/api.w.org\/{rel}","templated":true}]}}