{"id":2072,"date":"2014-05-15T14:27:09","date_gmt":"2014-05-15T14:27:09","guid":{"rendered":"http:\/\/rstp.fantomdesign.net\/?page_id=2072"},"modified":"2025-03-05T17:06:04","modified_gmt":"2025-03-05T22:06:04","slug":"nouveau-brunswick","status":"publish","type":"page","link":"https:\/\/rstptemp.turnbull.co\/fr\/responsabilites\/services-detablissement\/sante\/nouveau-brunswick\/","title":{"rendered":"Nouveau-Brunswick"},"content":{"rendered":"<div class='content-column one_fifth'><p><img loading=\"lazy\" decoding=\"async\" class=\"alignnone size-full wp-image-667\" src=\"\/wp-content\/uploads\/2014\/03\/newbrunswick.jpg\" alt=\"newbrunswick\" width=\"160\" height=\"132\" \/><\/p><\/div><div class='content-column four_fifth last_column'><h2>R\u00e9gime provincial d\u2019assurance-maladie<\/h2>\n<p><strong><a href=\"https:\/\/www2.gnb.ca\/content\/gnb\/fr\/ministeres\/sante\/Assurancemaladie.html\" target=\"_blank\" rel=\"noopener\">Assurance-maladie du Nouveau-Brunswick<\/a><\/strong><\/p>\n<h2>Soins de sant\u00e9 en fran\u00e7ais<\/h2>\n<p><strong><a href=\"https:\/\/vitalitenb.ca\/fr\/\" target=\"_blank\" rel=\"noopener\">R\u00e9seau de sant\u00e9 Vitalit\u00e9<\/a> &#8211;<\/strong> R\u00e9pertoire de services dans le Nord et Sud-Est du Nouveau-Brunswick<\/p>\n<h2>M\u00e9dicaments d\u2019ordonnance<\/h2>\n<p><b><a href=\"https:\/\/www2.gnb.ca\/content\/gnb\/fr\/ministeres\/sante\/medicaments\/Le_regime_medicaments_du_N-B.html\" target=\"_blank\" rel=\"noopener\">Le R\u00e9gime m\u00e9dicaments du Nouveau-Brunswick<\/a>\u00a0:<\/b> Ce plan fournit des m\u00e9dicaments d&#8217;ordonnance aux r\u00e9sidents admissibles. Ce groupe comprend les personnes \u00e0 faible revenu de 65 ans et plus, les personnes ayant re\u00e7u un diagnostic de fibrose kystique ou de scl\u00e9rose du pancr\u00e9as infantile ou juv\u00e9nile, les enfants ayant des besoins sp\u00e9ciaux, les personnes atteintes de scl\u00e9rose en plaques et les personnes ayant re\u00e7u un diagnostic de VIH ou de sida.<\/p>\n<h2>Soins dentaires<\/h2>\n<p><strong><a href=\"http:\/\/www2.gnb.ca\/content\/gnb\/fr\/ministeres\/developpement_social\/services\/services_renderer.8075.Health_Services_Dental_Program.html\" target=\"_blank\" rel=\"noopener\">Services de sant\u00e9 \u2014 Programme de soins dentaires<\/a> <\/strong><strong>: <\/strong>Ce programme est offert par le minist\u00e8re du D\u00e9veloppement social aux clients qui ont des besoins particuliers en mati\u00e8re de sant\u00e9 et qui remplissent les conditions pour recevoir des soins de sant\u00e9 subventionn\u00e9s, en vertu de l\u2019article 4.4 de la <em>Loi sur la s\u00e9curit\u00e9 du revenu familial<\/em> et ses r\u00e8glements. Le programme couvre les examens, les radiographies, les proth\u00e8ses et les r\u00e9parations, ainsi que certains types d\u2019obturations pour les adultes et les enfants\u2009; il couvre \u00e9galement les nettoyages et les traitements de canal pour les enfants jusqu\u2019\u00e0 l\u2019\u00e2ge de 18 ans. Veuillez contacter le minist\u00e8re pour confirmer votre admissibilit\u00e9.<\/p>\n<h2>Autres services<\/h2>\n<p><strong><a href=\"http:\/\/www2.gnb.ca\/content\/gnb\/fr\/ministeres\/developpement_social\/services_de_sante.html\" target=\"_blank\" rel=\"noopener\">Programme de services de sant\u00e9<\/a> <\/strong><strong>: <\/strong>Le minist\u00e8re provincial du D\u00e9veloppement social offre une couverture pour divers types de services de sant\u00e9, y compris les soins dentaires, les soins de la vue, les proth\u00e8ses, les fauteuils roulants et les appareils et fournitures respiratoires. Le programme est offert aux clients munis d\u2019une carte d\u2019assurance-maladie. Pour s\u2019inscrire au programme, une personne doit d\u2019abord obtenir la carte d\u2019assurance-maladie du minist\u00e8re. Le minist\u00e8re d\u00e9termine l\u2019admissibilit\u00e9 des familles \u00e0 faible revenu au cas par cas, peu importe qu\u2019elles re\u00e7oivent de l\u2019aide sociale du minist\u00e8re ou non.<\/p>\n<p><strong><a href=\"https:\/\/vitalitenb.ca\/fr\/services-et-emplacement\/trouver-un-point-de-service\/centres-de-sante-mentale-communautaires\" target=\"_blank\" rel=\"noopener\">Centres de sant\u00e9 mentale communautaires<\/a> <\/strong>: Ces centres fournissent un \u00e9ventail de services de sant\u00e9 mentale couvrant la pr\u00e9vention, l\u2019\u00e9valuation, les traitements, la r\u00e9adaptation et l\u2019intervention de crise. Ils offrent aussi des soins de proximit\u00e9 et des programmes de soutien pour les enfants, les jeunes, les adultes et les personnes \u00e2g\u00e9es.<\/p>\n<p><strong><a href=\"http:\/\/www2.gnb.ca\/content\/gnb\/fr\/ministeres\/sante\/Tele-Soins.html\" target=\"_blank\" rel=\"noopener\">T\u00e9l\u00e9-Soins<\/a><\/strong><strong>, sans frais 811 <\/strong>: Des infirmi\u00e8res autoris\u00e9es bilingues prodiguent des conseils de sant\u00e9 gratuits et confidentiels, 24 heures sur 24, 7 jours sur 7.<\/p><\/div><div class='clear_column'><\/div><\/p>\n","protected":false},"excerpt":{"rendered":"","protected":false},"author":4,"featured_media":0,"parent":1304,"menu_order":4,"comment_status":"closed","ping_status":"closed","template":"","meta":{"_relevanssi_hide_post":"","_relevanssi_hide_content":"","_relevanssi_pin_for_all":"","_relevanssi_pin_keywords":"","_relevanssi_unpin_keywords":"","_relevanssi_related_keywords":"","_relevanssi_related_include_ids":"","_relevanssi_related_exclude_ids":"","_relevanssi_related_no_append":"","_relevanssi_related_not_related":"","_relevanssi_related_posts":"","_relevanssi_noindex_reason":"","_price":"","_stock":"","_tribe_ticket_header":"","_tribe_default_ticket_provider":"","_ticket_start_date":"","_ticket_end_date":"","_tribe_ticket_show_description":"","_tribe_ticket_show_not_going":false,"_tribe_ticket_use_global_stock":"","_tribe_ticket_global_stock_level":"","_global_stock_mode":"","_global_stock_cap":"","_tribe_rsvp_for_event":"","_tribe_ticket_going_count":"","_tribe_ticket_not_going_count":"","_tribe_tickets_list":"[]","_tribe_ticket_has_attendee_info_fields":false,"footnotes":"","_tec_slr_enabled":"","_tec_slr_layout":""},"class_list":["post-2072","page","type-page","status-publish","hentry"],"featured_image_src":null,"ticketed":false,"_links":{"self":[{"href":"https:\/\/rstptemp.turnbull.co\/fr\/wp-json\/wp\/v2\/pages\/2072","targetHints":{"allow":["GET"]}}],"collection":[{"href":"https:\/\/rstptemp.turnbull.co\/fr\/wp-json\/wp\/v2\/pages"}],"about":[{"href":"https:\/\/rstptemp.turnbull.co\/fr\/wp-json\/wp\/v2\/types\/page"}],"author":[{"embeddable":true,"href":"https:\/\/rstptemp.turnbull.co\/fr\/wp-json\/wp\/v2\/users\/4"}],"replies":[{"embeddable":true,"href":"https:\/\/rstptemp.turnbull.co\/fr\/wp-json\/wp\/v2\/comments?post=2072"}],"version-history":[{"count":4,"href":"https:\/\/rstptemp.turnbull.co\/fr\/wp-json\/wp\/v2\/pages\/2072\/revisions"}],"predecessor-version":[{"id":22527,"href":"https:\/\/rstptemp.turnbull.co\/fr\/wp-json\/wp\/v2\/pages\/2072\/revisions\/22527"}],"up":[{"embeddable":true,"href":"https:\/\/rstptemp.turnbull.co\/fr\/wp-json\/wp\/v2\/pages\/1304"}],"wp:attachment":[{"href":"https:\/\/rstptemp.turnbull.co\/fr\/wp-json\/wp\/v2\/media?parent=2072"}],"curies":[{"name":"wp","href":"https:\/\/api.w.org\/{rel}","templated":true}]}}