{"id":2074,"date":"2014-05-15T14:27:37","date_gmt":"2014-05-15T14:27:37","guid":{"rendered":"http:\/\/rstp.fantomdesign.net\/?page_id=2074"},"modified":"2025-03-06T14:07:59","modified_gmt":"2025-03-06T19:07:59","slug":"terre-neuve-et-labrador","status":"publish","type":"page","link":"https:\/\/rstptemp.turnbull.co\/fr\/responsabilites\/services-detablissement\/sante\/terre-neuve-et-labrador\/","title":{"rendered":"Terre-Neuve-et-Labrador"},"content":{"rendered":"<div class='content-column one_fifth'><p><img loading=\"lazy\" decoding=\"async\" class=\"alignnone size-full wp-image-671\" src=\"\/wp-content\/uploads\/2014\/03\/newfoundland.jpg\" alt=\"newfoundland\" width=\"160\" height=\"132\" \/><\/p><\/div><div class='content-column four_fifth last_column'><h2>R\u00e9gime provincial d\u2019assurance-maladie<\/h2>\n<p><a href=\"https:\/\/www.gov.nl.ca\/hcs\/mcp\/fr\/\" target=\"_blank\" rel=\"noopener\"><b>R\u00e9gime d&#8217;assurance-soins m\u00e9dicaux<\/b><\/a><\/p>\n<h2>Soins de sant\u00e9 en fran\u00e7ais<\/h2>\n<p><a href=\"https:\/\/www.francotnl.ca\/fr\/services\/sante\/repertoire-des-professionnels-de-sante-francophones\/\" target=\"_blank\" rel=\"noopener\">R\u00e9pertoire des professionnels de soins de sant\u00e9 d&#8217;expression fran\u00e7aise\u00a0<\/a><\/p>\n<h2>M\u00e9dicaments d\u2019ordonnance<\/h2>\n<p><b><a href=\"https:\/\/www.gov.nl.ca\/hcs\/prescription\/index-fr\/\" target=\"_blank\" rel=\"noopener\">Programme de m\u00e9dicaments sur ordonnance<\/a>\u00a0<\/b>: Ce r\u00e9gime offre une aide financi\u00e8re aux r\u00e9sidents de la province pour l\u2019achat de m\u00e9dicaments d\u2019ordonnance admissibles. Le r\u00e9gime comprend cinq programmes : le r\u00e9gime Foundation Plan, le r\u00e9gime 65Plus Plan, le r\u00e9gime Access Plan, le r\u00e9gime Assurance Plan et le r\u00e9gime Select Needs Plan. Les personnes admissibles re\u00e7oivent une carte d\u2019assurance m\u00e9dicaments pour elles-m\u00eames, ainsi que pour chaque membre de la famille.<\/p>\n<h2>Soins dentaires<\/h2>\n<p><b><a href=\"https:\/\/www.gov.nl.ca\/hcs\/dentalservices\/general-info-fr\/#1\">Programme de sant\u00e9 dentaire pour les enfants<\/a>\u00a0<\/b>: Les enfants de la province ont droit \u00e0 des soins dentaires gratuits et universels jusqu\u2019\u00e0 l\u2019\u00e2ge de 12 ans\u2009; une couverture limit\u00e9e est \u00e9galement offerte aux enfants de 13 \u00e0 17 ans dont les familles sont admissibles en vertu du Programme de soutien au revenu ou qui re\u00e7oivent une aide au revenu de la province.<\/p>\n<h2>Autres services<\/h2>\n<p><strong>Services de soutien communautaires en sant\u00e9 mentale\u00a0<\/strong>: Les services comprennent le counseling individuel ou familial, ainsi que des services d\u2019intervention pour les enfants, les jeunes et les adultes \u00e0 faible revenu. Les services sont fournis par l\u2019entremise des <a href=\"http:\/\/www.health.gov.nl.ca\/health\/findhealthservices\/in_your_community.html#contact\" target=\"_blank\" rel=\"noopener\">r\u00e9gies r\u00e9gionales de sant\u00e9<\/a> (<em>en anglais<\/em>).<\/p>\n<p><strong><a href=\"https:\/\/www.811healthline.ca\/fr\/quest-ce-que-la-ligne-info-sante-healthline\/\" target=\"_blank\" rel=\"noopener\">Ligne Info-Sant\u00e9 (811 HealthLine)<\/a>\u00a0<\/strong>: Composez le 811 pour parler avec des infirmi\u00e8res autoris\u00e9es qui offrent des conseils et des renseignements gratuits et confidentiels, 24 heures sur 24, 7 jours sur 7.<\/p>\n<p><strong>Provincial Mental Health Crisis Line <\/strong>(Ligne de crise en sant\u00e9 mentale \u2014 <em>en anglais<\/em><strong>)\u00a0<\/strong>: 1 888 737-4668.<\/p><\/div><div class='clear_column'><\/div><\/p>\n","protected":false},"excerpt":{"rendered":"","protected":false},"author":4,"featured_media":0,"parent":1304,"menu_order":5,"comment_status":"closed","ping_status":"closed","template":"","meta":{"_relevanssi_hide_post":"","_relevanssi_hide_content":"","_relevanssi_pin_for_all":"","_relevanssi_pin_keywords":"","_relevanssi_unpin_keywords":"","_relevanssi_related_keywords":"","_relevanssi_related_include_ids":"","_relevanssi_related_exclude_ids":"","_relevanssi_related_no_append":"","_relevanssi_related_not_related":"","_relevanssi_related_posts":"","_relevanssi_noindex_reason":"","_price":"","_stock":"","_tribe_ticket_header":"","_tribe_default_ticket_provider":"","_ticket_start_date":"","_ticket_end_date":"","_tribe_ticket_show_description":"","_tribe_ticket_show_not_going":false,"_tribe_ticket_use_global_stock":"","_tribe_ticket_global_stock_level":"","_global_stock_mode":"","_global_stock_cap":"","_tribe_rsvp_for_event":"","_tribe_ticket_going_count":"","_tribe_ticket_not_going_count":"","_tribe_tickets_list":"[]","_tribe_ticket_has_attendee_info_fields":false,"footnotes":"","_tec_slr_enabled":"","_tec_slr_layout":""},"class_list":["post-2074","page","type-page","status-publish","hentry"],"featured_image_src":null,"ticketed":false,"_links":{"self":[{"href":"https:\/\/rstptemp.turnbull.co\/fr\/wp-json\/wp\/v2\/pages\/2074","targetHints":{"allow":["GET"]}}],"collection":[{"href":"https:\/\/rstptemp.turnbull.co\/fr\/wp-json\/wp\/v2\/pages"}],"about":[{"href":"https:\/\/rstptemp.turnbull.co\/fr\/wp-json\/wp\/v2\/types\/page"}],"author":[{"embeddable":true,"href":"https:\/\/rstptemp.turnbull.co\/fr\/wp-json\/wp\/v2\/users\/4"}],"replies":[{"embeddable":true,"href":"https:\/\/rstptemp.turnbull.co\/fr\/wp-json\/wp\/v2\/comments?post=2074"}],"version-history":[{"count":4,"href":"https:\/\/rstptemp.turnbull.co\/fr\/wp-json\/wp\/v2\/pages\/2074\/revisions"}],"predecessor-version":[{"id":22537,"href":"https:\/\/rstptemp.turnbull.co\/fr\/wp-json\/wp\/v2\/pages\/2074\/revisions\/22537"}],"up":[{"embeddable":true,"href":"https:\/\/rstptemp.turnbull.co\/fr\/wp-json\/wp\/v2\/pages\/1304"}],"wp:attachment":[{"href":"https:\/\/rstptemp.turnbull.co\/fr\/wp-json\/wp\/v2\/media?parent=2074"}],"curies":[{"name":"wp","href":"https:\/\/api.w.org\/{rel}","templated":true}]}}