{"id":2080,"date":"2014-05-15T14:29:12","date_gmt":"2014-05-15T14:29:12","guid":{"rendered":"http:\/\/rstp.fantomdesign.net\/?page_id=2080"},"modified":"2025-03-10T09:16:16","modified_gmt":"2025-03-10T14:16:16","slug":"ile-du-prince-edouard","status":"publish","type":"page","link":"https:\/\/rstptemp.turnbull.co\/fr\/responsabilites\/services-detablissement\/sante\/ile-du-prince-edouard\/","title":{"rendered":"\u00cele-du-Prince-\u00c9douard"},"content":{"rendered":"<div class='content-column one_fifth'><p><img loading=\"lazy\" decoding=\"async\" class=\"alignnone size-full wp-image-680\" src=\"\/wp-content\/uploads\/2014\/03\/princeei.jpg\" alt=\"princeei\" width=\"160\" height=\"132\" \/><\/p><\/div><div class='content-column four_fifth last_column'><h2>R\u00e9gime provincial d\u2019assurance-maladie<\/h2>\n<p><strong><a href=\"https:\/\/www.princeedwardisland.ca\/fr\/sujet\/sante-i-p-e\" target=\"_blank\" rel=\"noopener\">Sant\u00e9 \u00ce.-P.-\u00c9.<\/a><\/strong><\/p>\n<h2>Soins de sant\u00e9 en fran\u00e7ais<\/h2>\n<p><a href=\"https:\/\/santeipe.ca\/repertoire-2\/\" target=\"_blank\" rel=\"noopener\"><strong>R\u00e9pertoire des intervenants bilingues<\/strong><\/a><\/p>\n<h2>M\u00e9dicaments d\u2019ordonnance<\/h2>\n<p><strong><a href=\"https:\/\/www.princeedwardisland.ca\/fr\/information\/sante-i-p-e\/regime-dassurance-medicaments-lile-du-prince-edouard?utm_source=redirect&amp;utm_medium=url&amp;utm_campaign=pharmacare\" target=\"_blank\" rel=\"noopener\">R\u00e9gime d\u2019assurance m\u00e9dicaments de l\u2019\u00cele-du-Prince-\u00c9douard<\/a> <\/strong>: Ce r\u00e9gime couvre le co\u00fbt des m\u00e9dicaments d\u2019ordonnance figurant sur la liste des <a href=\"https:\/\/www.princeedwardisland.ca\/sites\/default\/files\/publications\/pei_pharmacare_formulary.pdf\" target=\"_blank\" rel=\"noopener\">m\u00e9dicaments approuv\u00e9s<\/a> par la province (le Formulaire; le document correspondant est en anglais seulement). Pour \u00eatre admissible, il faut se qualifier pour l\u2019un des <a href=\"https:\/\/www.princeedwardisland.ca\/fr\/information\/sante-i-p-e\/programmes-medicaments\" target=\"_blank\" rel=\"noopener\">programmes de m\u00e9dicaments<\/a> du minist\u00e8re. Les r\u00e9fugi\u00e9s parrain\u00e9s par le secteur priv\u00e9 peuvent \u00eatre admissibles \u00e0 certains programmes de m\u00e9dicaments, dont les suivants :<\/p>\n<ul>\n<li><strong><a href=\"https:\/\/www.princeedwardisland.ca\/fr\/information\/sante-i-p-e\/programme-medicaments-vihsida\" target=\"_blank\" rel=\"noopener\">Programme de m\u00e9dicaments pour le VIH\u00a0<\/a><\/strong>: Les m\u00e9dicaments admissibles sont enti\u00e8rement couverts par ce programme.<\/li>\n<li><strong><a href=\"https:\/\/www.princeedwardisland.ca\/fr\/information\/sante-i-p-e\/programme-medicaments-fibrose-kystique\" target=\"_blank\" rel=\"noopener\">Programme de m\u00e9dicaments pour la fibrose kystique\u00a0<\/a><\/strong>: Ce programme couvre enti\u00e8rement les co\u00fbts de m\u00e9dicaments d\u2019ordonnance et de m\u00e9dicaments sans ordonnance approuv\u00e9s.<\/li>\n<li><strong><a href=\"https:\/\/www.princeedwardisland.ca\/fr\/information\/sante-i-p-e\/programme-medicaments-diabete\" target=\"_blank\" rel=\"noopener\">Programme de m\u00e9dicaments pour le diab\u00e8te\u00a0<\/a><\/strong>: Ce programme fournit une aide financi\u00e8re pour les m\u00e9dicaments approuv\u00e9s pour le traitement du diab\u00e8te (produits d\u2019insuline, m\u00e9dicaments administr\u00e9s par voie orale, bandelettes urinaires et bandelettes d\u2019analyse sanguine). Les patients doivent \u00eatre inscrits au <a href=\"https:\/\/www.princeedwardisland.ca\/fr\/information\/sante-i-p-e\/programme-diabete\" target=\"_blank\" rel=\"noopener\">Programme provincial sur le diab\u00e8te<\/a>.<\/li>\n<li><strong><a href=\"https:\/\/www.princeedwardisland.ca\/fr\/information\/health-pei\/programme-de-prestations-de-sante-familiales\" target=\"_blank\" rel=\"noopener\">Programme de prestations de sant\u00e9 familiales\u00a0<\/a><\/strong>: Ce programme couvre les m\u00e9dicaments d\u2019ordonnance pour les enfants de moins de 19 ans, ainsi que les enfants \u00e0 charge de moins de 25 ans \u00e9tudiant \u00e0 temps plein. La couverture accord\u00e9e d\u00e9pend du revenu et du nombre de personnes \u00e0 charge. Sont admissibles les m\u00e9nages \u00e0 faible revenu comptant au moins un enfant de moins de 19 ans et les m\u00e9nages \u00e0 faible revenu comptant au moins un enfant de moins 25 ans inscrits aux \u00e9tudes \u00e0 temps plein. Les personnes couvertes doivent \u00e9galement \u00eatre admissibles \u00e0 Sant\u00e9 \u00ce.-P.-\u00c9.<\/li>\n<li><a href=\"https:\/\/www.princeedwardisland.ca\/fr\/information\/sante-i-p-e\/programme-medicaments-lhepatite\" target=\"_blank\" rel=\"noopener\"><strong>Programme de m\u00e9dicaments pour l\u2019h\u00e9patite<\/strong>\u00a0<\/a>: Ce programme couvre les injections de peginterf\u00e9ron et d\u2019immunoglobuline, ainsi que les comprim\u00e9s de ribavirine pour les personnes ayant re\u00e7u un diagnostic d\u2019h\u00e9patite. Le programme couvre \u00e9galement les vaccins contre l\u2019h\u00e9patite A, l\u2019h\u00e9patite B, et les h\u00e9patites A et B pour les personnes \u00e0 risque d\u2019\u00eatre infect\u00e9es ou qui ont \u00e9t\u00e9 en contact \u00e9troit avec des patients diagnostiqu\u00e9s. Ces vaccins sont \u00e9galement fournis pour les personnes susceptibles d&#8217;\u00eatre infect\u00e9es au travail.<\/li>\n<li><strong><a href=\"https:\/\/www.princeedwardisland.ca\/fr\/information\/sante-i-p-e\/programme-couverture-medicaments-onereux\" target=\"_blank\" rel=\"noopener\">Programme de couverture des m\u00e9dicaments on\u00e9reux<\/a>\u00a0<\/strong>: Ce programme aide les r\u00e9sidents de la province \u00e0 acheter des m\u00e9dicaments on\u00e9reux approuv\u00e9s.<\/li>\n<li><strong><a href=\"https:\/\/www.princeedwardisland.ca\/fr\/information\/sante-i-p-e\/programme-medicaments-a-lintention-aines\" target=\"_blank\" rel=\"noopener\">Programme de m\u00e9dicaments \u00e0 l\u2019intention des a\u00een\u00e9s<\/a>\u00a0<\/strong>: Ce programme aide \u00e0 couvrir les m\u00e9dicaments des personnes \u00e2g\u00e9es de 65 ans et plus, et plus particuli\u00e8rement les m\u00e9dicaments \u00e0 usage prolong\u00e9 pour traiter les conditions chroniques.<\/li>\n<li><strong><a href=\"https:\/\/www.princeedwardisland.ca\/fr\/information\/sante-i-p-e\/programme-medicaments-antirejets\" target=\"_blank\" rel=\"noopener\">Programme de m\u00e9dicaments antirejets <\/a><\/strong>: Ce programme couvre les immunosuppresseurs approuv\u00e9s pour les personnes admissibles.<\/li>\n<li><strong><a href=\"https:\/\/www.princeedwardisland.ca\/fr\/information\/sante-i-p-e\/programme-medicaments-tuberculose\" target=\"_blank\" rel=\"noopener\">Programme de m\u00e9dicaments pour la tuberculose<\/a>\u00a0<\/strong>: Ce programme couvre les m\u00e9dicaments approuv\u00e9s pour le traitement et la pr\u00e9vention de la tuberculose pour les personnes admissibles.<\/li>\n<\/ul>\n<h2>Soins dentaires<\/h2>\n<p><strong><a href=\"https:\/\/www.princeedwardisland.ca\/fr\/information\/sante-i-p-e\/services-sante-publique-dentaire?utm_source=redirect&amp;utm_medium=url&amp;utm_campaign=dental-public-health\" target=\"_blank\" rel=\"noopener\">Programme de services dentaires pour les enfants <\/a><\/strong>: Ce programme offre une couverture compl\u00e8te des services dentaires de base pour tous les enfants de 3 \u00e0 17 ans.<\/p>\n<p><strong><a href=\"https:\/\/www.princeedwardisland.ca\/fr\/information\/sante-i-p-e\/services-sante-dentaires#Ortho\" target=\"_blank\" rel=\"noopener\">Appui financier pour le traitement d\u2019une fissure palatine<\/a> : <\/strong>Les enfants n\u00e9s avec une fissure palatine sont admissibles \u00e0 un financement partiel pour les traitements orthodontiques.<\/p>\n<p><strong><a href=\"https:\/\/www.princeedwardisland.ca\/fr\/information\/sante-i-p-e\/services-sante-dentaires#Scolaire\" target=\"_blank\" rel=\"noopener\">Programme de sant\u00e9 buccale pr\u00e9ventif scolaire<\/a>\u00a0: <\/strong>Les traitements pr\u00e9ventifs et interceptifs, ainsi que les simples services correctifs, sont fournis par des dentistes des cliniques de sant\u00e9 publique dentaire, \u00e0 l\u2019aide de simples appareils orthodontiques amovibles. Les frais de laboratoire li\u00e9s aux appareils doivent cependant \u00eatre pay\u00e9s par les parents. Les enfants sont aiguill\u00e9s vers la clinique orthodontique par des dentistes du secteur priv\u00e9 ou par des cliniques de sant\u00e9 publique dentaire. Les enfants dont les probl\u00e8mes orthodontiques sont trop complexes pour \u00eatre trait\u00e9s avec de simples appareils sont aiguill\u00e9s vers des orthodontistes du secteur priv\u00e9, aux frais des parents.<\/p><\/div><div class='clear_column'><\/div><\/p>\n","protected":false},"excerpt":{"rendered":"","protected":false},"author":4,"featured_media":0,"parent":1304,"menu_order":8,"comment_status":"open","ping_status":"closed","template":"","meta":{"_relevanssi_hide_post":"","_relevanssi_hide_content":"","_relevanssi_pin_for_all":"","_relevanssi_pin_keywords":"","_relevanssi_unpin_keywords":"","_relevanssi_related_keywords":"","_relevanssi_related_include_ids":"","_relevanssi_related_exclude_ids":"","_relevanssi_related_no_append":"","_relevanssi_related_not_related":"","_relevanssi_related_posts":"","_relevanssi_noindex_reason":"","_price":"","_stock":"","_tribe_ticket_header":"","_tribe_default_ticket_provider":"","_ticket_start_date":"","_ticket_end_date":"","_tribe_ticket_show_description":"","_tribe_ticket_show_not_going":false,"_tribe_ticket_use_global_stock":"","_tribe_ticket_global_stock_level":"","_global_stock_mode":"","_global_stock_cap":"","_tribe_rsvp_for_event":"","_tribe_ticket_going_count":"","_tribe_ticket_not_going_count":"","_tribe_tickets_list":"[]","_tribe_ticket_has_attendee_info_fields":false,"footnotes":"","_tec_slr_enabled":"","_tec_slr_layout":""},"class_list":["post-2080","page","type-page","status-publish","hentry"],"featured_image_src":null,"ticketed":false,"_links":{"self":[{"href":"https:\/\/rstptemp.turnbull.co\/fr\/wp-json\/wp\/v2\/pages\/2080","targetHints":{"allow":["GET"]}}],"collection":[{"href":"https:\/\/rstptemp.turnbull.co\/fr\/wp-json\/wp\/v2\/pages"}],"about":[{"href":"https:\/\/rstptemp.turnbull.co\/fr\/wp-json\/wp\/v2\/types\/page"}],"author":[{"embeddable":true,"href":"https:\/\/rstptemp.turnbull.co\/fr\/wp-json\/wp\/v2\/users\/4"}],"replies":[{"embeddable":true,"href":"https:\/\/rstptemp.turnbull.co\/fr\/wp-json\/wp\/v2\/comments?post=2080"}],"version-history":[{"count":4,"href":"https:\/\/rstptemp.turnbull.co\/fr\/wp-json\/wp\/v2\/pages\/2080\/revisions"}],"predecessor-version":[{"id":22547,"href":"https:\/\/rstptemp.turnbull.co\/fr\/wp-json\/wp\/v2\/pages\/2080\/revisions\/22547"}],"up":[{"embeddable":true,"href":"https:\/\/rstptemp.turnbull.co\/fr\/wp-json\/wp\/v2\/pages\/1304"}],"wp:attachment":[{"href":"https:\/\/rstptemp.turnbull.co\/fr\/wp-json\/wp\/v2\/media?parent=2080"}],"curies":[{"name":"wp","href":"https:\/\/api.w.org\/{rel}","templated":true}]}}