{"id":2082,"date":"2014-05-15T14:29:37","date_gmt":"2014-05-15T14:29:37","guid":{"rendered":"http:\/\/rstp.fantomdesign.net\/?page_id=2082"},"modified":"2025-03-10T12:16:00","modified_gmt":"2025-03-10T17:16:00","slug":"saskatchewan","status":"publish","type":"page","link":"https:\/\/rstptemp.turnbull.co\/fr\/responsabilites\/services-detablissement\/sante\/saskatchewan\/","title":{"rendered":"Saskatchewan"},"content":{"rendered":"<div class='content-column one_fifth'><p><img loading=\"lazy\" decoding=\"async\" class=\"alignnone size-full wp-image-684\" src=\"\/wp-content\/uploads\/2014\/03\/saskatchewan.jpg\" alt=\"saskatchewan\" width=\"160\" height=\"132\" \/><\/p><\/div><div class='content-column four_fifth last_column'><h2>R\u00e9gime provincial d\u2019assurance-maladie<\/h2>\n<p><a href=\"https:\/\/www.saskatchewan.ca\/bonjour\/health-and-healthy-living\/apply-replace-or-update-health-card\" target=\"_blank\" rel=\"noopener\"><b>Carte d&#8217;assurance-maladie<\/b><\/a><\/p>\n<p>Les r\u00e9sidents permanents qui viennent d&#8217;arriver au Canada sont admissibles \u00e0 la couverture du r\u00e9gime d&#8217;assurance-maladie d\u00e8s leur arriv\u00e9e en Saskatchewan. Ils doivent avoir re\u00e7u leur carte d&#8217;assurance-maladie de la Saskatchewan pour pouvoir acc\u00e9der \u00e0 cette couverture. Les nouveaux arrivants r\u00e9fugi\u00e9s parrain\u00e9s ne sont admissibles aux subventions et suppl\u00e9ments de Saskatchewan Health qu&#8217;une fois la p\u00e9riode de parrainage de 12 mois termin\u00e9e.<\/p>\n<h2>Programmes de soins de sant\u00e9 offerts gratuitement aux r\u00e9fugi\u00e9s parrain\u00e9s par le secteur priv\u00e9<\/h2>\n<p><a href=\"https:\/\/saskatooncommunityclinic.ca\/reach-refugee-health-clinic\/\" target=\"_blank\" rel=\"noopener\"><strong>Clinique <\/strong><\/a><strong>REACH (Refugee Engagement and Community Health; <em>en anglais<\/em>)\u00ad\u00a0:\u00a0 <\/strong>La clinique REACH offre des soins de sant\u00e9 aux r\u00e9fugi\u00e9s pendant leur premi\u00e8re ann\u00e9e au Canada. REACH est h\u00e9berg\u00e9e par la Saskatoon Community Clinic et est le fruit d&#8217;un partenariat entre la Saskatoon Community Clinic, le coll\u00e8ge de m\u00e9decine de l&#8217;universit\u00e9 de la Saskatchewan, Global Gathering Place, Saskatoon Open Door Society, et la Saskatoon Health Region (sant\u00e9 publique et de la population; sant\u00e9 primaire; sant\u00e9 mentale et d\u00e9pendances) et TB Prevention and Control Saskatchewan (le d\u00e9partement \u0153uvrant pour la pr\u00e9vention et la gestion de la tuberculose en Saskachewan).<\/p>\n<p>Tous les r\u00e9fugi\u00e9s arriv\u00e9s derni\u00e8rement, y compris les r\u00e9fugi\u00e9s parrain\u00e9s par le secteur priv\u00e9, sont admissibles aux services de la clinique REACH pendant 1 an. Ces services comprennent :<\/p>\n<ul>\n<li>Examen m\u00e9dical initial<\/li>\n<li>Services de diagnostic (analyses de sang, radiographies et ECG)<\/li>\n<li>Suivis m\u00e9dicaux<\/li>\n<li>Interpr\u00e9tation<\/li>\n<li>Pharmacie<\/li>\n<\/ul>\n<p>Pour obtenir un rendez-vous initial, il faut appeler l&#8217;\u00e9quipe PATH (<em>Providing Access to Healthcare<\/em>) \u00e0 Global Gathering Place au 306-665-0268.<\/p>\n<h3>Soins de sant\u00e9 mentale pour les r\u00e9fugi\u00e9s<\/h3>\n<h4><a href=\"https:\/\/globalgatheringplace.com\/one-on-one-support\/\" target=\"_blank\" rel=\"noopener\"><strong>Global Gathering Place (GGP)<\/strong><\/a><\/h4>\n<p>GGP offre des services de counselling depuis 2013, gr\u00e2ce \u00e0 un partenariat avec l&#8217;autorit\u00e9 de la sant\u00e9 de la Saskatchewan.<\/p>\n<p>Les services d&#8217;appui \u00e0 la sant\u00e9 mentale sont fournis dans la communaut\u00e9 suivant un mod\u00e8le qui diff\u00e8re du mod\u00e8le occidental m\u00e9dico-institutionnel. GGP propose un mod\u00e8le de services complets centr\u00e9s sur les atouts de la personne et s&#8217;appuyant sur une approche ancr\u00e9e dans la communaut\u00e9 tenant compte des diff\u00e9rences culturelles.\u00a0 GGP offre des s\u00e9ances de counselling individuelles en partenariat avec les programmes communautaires pour adultes et la r\u00e9ception centralis\u00e9e pour adultes, les services de sant\u00e9 mentale pour enfants, et les services de sant\u00e9 mentale et de d\u00e9pendance pour la jeunesse (tous des services de l&#8217;autorit\u00e9 de sant\u00e9 de la Saskatchewan).<\/p>\n<p><strong>Composez le 306-665-0268 pour prendre rendez-vous.<\/strong><\/p>\n<p><strong>Counselling :<\/strong> GGP offre des s\u00e9ances de counselling individuelles ou en groupe pour des nouveaux arrivants de tous \u00e2ges (y compris les enfants et les jeunes) sur rendez-vous.<\/p>\n<h3>Services provinciaux de soutien \u00e0 la sant\u00e9 mentale et de lutte contre les d\u00e9pendances<\/h3>\n<p class=\"cat-descr\">Des services de soutien <a href=\"https:\/\/www.saskatchewan.ca\/bonjour\/health-and-healthy-living\/accessing-health-care-services\/mental-health-services\" target=\"_blank\" rel=\"noopener\">\u00e0 la sant\u00e9 mentale et de lutte contre les d\u00e9pendances<\/a> sont couverts par la carte d&#8217;assurance-sant\u00e9 de la Saskatchewan.<\/p>\n<h2>Soins de sant\u00e9 en fran\u00e7ais<\/h2>\n<p><strong><a href=\"https:\/\/rsfs.ca\/Professionnels\" target=\"_blank\" rel=\"noopener\">R\u00e9pertoire des professionnels de la sant\u00e9 parlant fran\u00e7ais en Saskatchewan<\/a><\/strong><\/p>\n<p><strong><a href=\"\/Users\/ljarmasz\/Downloads\/Sask%20One%20pager_Saskatchewan_12022021.pdf\" target=\"_blank\" rel=\"noopener\">Ligne d&#8217;\u00e9coute empathique TAO Tel-Aide<\/a> : <\/strong>Soutien psychologique en fran\u00e7ais<\/p>\n<h2>Autres services<\/h2>\n<p><strong><a href=\"http:\/\/www.saskatchewan.ca\/government\/directory?ou=a5d602b5-49e9-45ad-80ca-5d25180c7228\" target=\"_blank\" rel=\"noopener\">Saskatchewan Aids to Independent Living (SAIL)<\/a><\/strong> (Programme d\u2019aides techniques pour maintenir l\u2019autonomie \u00e0 domicile \u2013 <em>en anglais<\/em>) : Ce programme s\u2019adresse aux personnes atteintes de maladies ou d\u2019invalidit\u00e9s de longue dur\u00e9e dont les capacit\u00e9s de fonctionnement sont limit\u00e9es. Il leur fournit notamment du mat\u00e9riel orthop\u00e9dique, de l\u2019\u00e9quipement pour les besoins particuliers, des appareils respiratoires \u00e0 domicile et des produits nutritionnels th\u00e9rapeutiques. Les personnes poss\u00e9dant une carte-sant\u00e9 de la Saskatchewan et ayant \u00e9t\u00e9 r\u00e9f\u00e9r\u00e9es par un professionnel de la sant\u00e9 y sont admissibles.<\/p>\n<p><strong><a href=\"https:\/\/www.saskatchewan.ca\/residents\/health\/accessing-health-care-services\/healthline\" target=\"_blank\" rel=\"noopener\">HealthLine\u00a0811<\/a><\/strong> (Ligne Info-Sant\u00e9 \u2013 <em>en anglais<\/em>)<strong>\u00a0: <\/strong>Des infirmi\u00e8res professionnelles offrent des conseils de sant\u00e9 confidentiels 24\u00a0h sur 24, sept jours sur sept. Des services d\u2019interpr\u00e9tation sont disponibles.<\/p><\/div><div class='clear_column'><\/div><\/p>\n","protected":false},"excerpt":{"rendered":"","protected":false},"author":4,"featured_media":0,"parent":1304,"menu_order":9,"comment_status":"closed","ping_status":"closed","template":"","meta":{"_relevanssi_hide_post":"","_relevanssi_hide_content":"","_relevanssi_pin_for_all":"","_relevanssi_pin_keywords":"","_relevanssi_unpin_keywords":"","_relevanssi_related_keywords":"","_relevanssi_related_include_ids":"","_relevanssi_related_exclude_ids":"","_relevanssi_related_no_append":"","_relevanssi_related_not_related":"","_relevanssi_related_posts":"","_relevanssi_noindex_reason":"","_price":"","_stock":"","_tribe_ticket_header":"","_tribe_default_ticket_provider":"","_ticket_start_date":"","_ticket_end_date":"","_tribe_ticket_show_description":"","_tribe_ticket_show_not_going":false,"_tribe_ticket_use_global_stock":"","_tribe_ticket_global_stock_level":"","_global_stock_mode":"","_global_stock_cap":"","_tribe_rsvp_for_event":"","_tribe_ticket_going_count":"","_tribe_ticket_not_going_count":"","_tribe_tickets_list":"[]","_tribe_ticket_has_attendee_info_fields":false,"footnotes":"","_tec_slr_enabled":"","_tec_slr_layout":""},"class_list":["post-2082","page","type-page","status-publish","hentry"],"featured_image_src":null,"ticketed":false,"_links":{"self":[{"href":"https:\/\/rstptemp.turnbull.co\/fr\/wp-json\/wp\/v2\/pages\/2082","targetHints":{"allow":["GET"]}}],"collection":[{"href":"https:\/\/rstptemp.turnbull.co\/fr\/wp-json\/wp\/v2\/pages"}],"about":[{"href":"https:\/\/rstptemp.turnbull.co\/fr\/wp-json\/wp\/v2\/types\/page"}],"author":[{"embeddable":true,"href":"https:\/\/rstptemp.turnbull.co\/fr\/wp-json\/wp\/v2\/users\/4"}],"replies":[{"embeddable":true,"href":"https:\/\/rstptemp.turnbull.co\/fr\/wp-json\/wp\/v2\/comments?post=2082"}],"version-history":[{"count":6,"href":"https:\/\/rstptemp.turnbull.co\/fr\/wp-json\/wp\/v2\/pages\/2082\/revisions"}],"predecessor-version":[{"id":22557,"href":"https:\/\/rstptemp.turnbull.co\/fr\/wp-json\/wp\/v2\/pages\/2082\/revisions\/22557"}],"up":[{"embeddable":true,"href":"https:\/\/rstptemp.turnbull.co\/fr\/wp-json\/wp\/v2\/pages\/1304"}],"wp:attachment":[{"href":"https:\/\/rstptemp.turnbull.co\/fr\/wp-json\/wp\/v2\/media?parent=2082"}],"curies":[{"name":"wp","href":"https:\/\/api.w.org\/{rel}","templated":true}]}}