{"id":6954,"date":"2018-01-12T15:53:16","date_gmt":"2018-01-12T20:53:16","guid":{"rendered":"http:\/\/rstp.turnbull.co\/?page_id=6954"},"modified":"2025-11-18T05:07:33","modified_gmt":"2025-11-18T10:07:33","slug":"taux-du-programme-daide-a-la-reinstallation-par","status":"publish","type":"page","link":"https:\/\/rstptemp.turnbull.co\/fr\/rdbv\/taux-du-programme-daide-a-la-reinstallation-par\/","title":{"rendered":"Taux du Programme d&#8217;aide \u00e0 la r\u00e9installation (PAR)"},"content":{"rendered":"<p>Le Programme d&#8217;aide \u00e0 la r\u00e9installation (PAR) est un programme de contribution par l&#8217;entremise duquel le gouvernement du Canada fournit du soutien financier et d&#8217;autres types d&#8217;aide aux r\u00e9fugi\u00e9s r\u00e9install\u00e9s afin qu&#8217;ils puissent s&#8217;installer dans leur nouvelle communaut\u00e9.<\/p>\n<p>Le soutien au revenu offert par le PAR comporte deux composants : 1) les co\u00fbts de d\u00e9marrage (aussi appel\u00e9s \u00ab co\u00fbts initiaux \u00bb) et 2) le soutien au revenu mensuel. Les co\u00fbts de d\u00e9marrage repr\u00e9sentent normalement un versement unique harmonis\u00e9 pour toutes les provinces. Le soutien au revenu mensuel est vers\u00e9 chaque mois et varie en fonction de la province.<\/p>\n<p>Le niveau minimal de soutien financier vers\u00e9 par les SEP, Groupes de cinq et R\u00e9pondants communautaires aux r\u00e9fugi\u00e9s parrain\u00e9s dans le cadre du Programme de parrainage priv\u00e9 de r\u00e9fugi\u00e9s (PPPR) ou du Programme mixte des r\u00e9fugi\u00e9s d\u00e9sign\u00e9s par un bureau des visas (RDBV) doit correspondre aux taux du PAR en vigueur dans la communaut\u00e9 d&#8217;\u00e9tablissement pr\u00e9vue. Les r\u00e9pondants doivent \u00e9galement se conformer aux politiques du PAR concernant le soutien financier. <a href=\"https:\/\/www.canada.ca\/fr\/immigration-refugies-citoyennete\/services\/refugies\/parrainer-refugie\/programme-parrainage-prive\/evaluations\/exigences-apres-arrivee.html#3\" target=\"_blank\" rel=\"noopener\">Cliquez ici<\/a> pour en apprendre davantage sur les exigences pour les r\u00e9pondants en mati\u00e8re de soutien financier.<\/p>\n<p>Le <a href=\"https:\/\/rstptemp.turnbull.co\/calc\/?lang=fr\" target=\"_blank\" rel=\"noopener\">Calculateur du soutien financier minimal<\/a> peut aider les r\u00e9pondants \u00e0 calculer le montant minimal de soutien financier en fonction des taux du PAR. Les r\u00e9pondants peuvent \u00e9galement consulter les documents sur cette page indiquant les taux en vigueur pour les co\u00fbts de d\u00e9marrage (qui s&#8217;appliquent \u00e0 toutes les provinces) et les taux du soutien mensuel en vigueur dans chaque province.<\/p>\n<h2>Important! Les taux du PAR augmenteront le 1<sup>er\u00a0<\/sup>septembre 2024<\/h2>\n<p>De nouveau taux du PAR entreront en vigueur le 1<sup>er<\/sup> septembre 2024.<\/p>\n<p>Tous les groupes de parrainage (c&#8217;est-\u00e0-dire, les SEP, Groupes de cinq et R\u00e9pondants communautaires) devront utiliser les nouveaux taux \u00e0 compter du 1<sup>er<\/sup> septembre 2024 pour calculer le montant minimal de soutien financier qu&#8217;ils devront verser aux r\u00e9fugi\u00e9s parrain\u00e9s dans le cadre du PPPR et du Programme mixte des RDBV.<\/p>\n<p>Veuillez consulter les documents mis \u00e0 jours sur cette page pour d\u00e9couvrir les nouveaux taux.<\/p>\n<p>Les nouveaux taux seront programm\u00e9s dans le <a href=\"https:\/\/rstptemp.turnbull.co\/calc\/?lang=fr\" target=\"_blank\" rel=\"noopener\">Calculateur du soutien financier minimal<\/a> d\u00e8s le 1<sup>er<\/sup> septembre 2024.<\/p>\n<h2>ARCHIVES DES TAUX DU PAR<\/h2>\n<h3>Taux de 2022<\/h3>\n<ul>\n<li><a href=\"https:\/\/rstptemp.turnbull.co\/wp-content\/uploads\/2021\/11\/New%20Rap%20Rates%20(Jan%2001%202022)\/French\/Alberta%20rate_FR.NEW.Jan.2022.REV.pdf?_t=1637362354\" target=\"_blank\" rel=\"noopener\">Alberta (Janvier 2022)<\/a><\/li>\n<li><a href=\"https:\/\/rstptemp.turnbull.co\/wp-content\/uploads\/2021\/11\/New%20Rap%20Rates%20(Jan%2001%202022)\/French\/BC%20Rate_FR.NEW.Jan.2022.REV.pdf?_t=1637362354\" target=\"_blank\" rel=\"noopener\">Colombie-Britannique (Janvier 2022)<\/a><\/li>\n<li><a href=\"https:\/\/rstptemp.turnbull.co\/wp-content\/uploads\/2021\/11\/New%20Rap%20Rates%20(Jan%2001%202022)\/French\/Prince-Edward-Island-RAP-rates.FR.NEW.Jan.2022.REV.pdf?_t=1637362354\" target=\"_blank\" rel=\"noopener\">\u00cele-du-Prince-\u00c9douard (Janvier 2022)<\/a><\/li>\n<li><a href=\"https:\/\/rstptemp.turnbull.co\/wp-content\/uploads\/2021\/11\/New%20Rap%20Rates%20(Jan%2001%202022)\/French\/MB%20Rate_FR.NEW.Jan.2022.REV.pdf?_t=1637362354\" target=\"_blank\" rel=\"noopener\">Manitoba (Janvier 2022)<\/a><\/li>\n<li><a href=\"https:\/\/rstptemp.turnbull.co\/wp-content\/uploads\/2021\/11\/New%20Rap%20Rates%20(Jan%2001%202022)\/French\/NB%20Rate_FR.NEW.Jan.2022.REV.pdf?_t=1637362354\" target=\"_blank\" rel=\"noopener\">Nouveau-Brunswick (Janvier 2022)<\/a><\/li>\n<li><a href=\"https:\/\/rstptemp.turnbull.co\/wp-content\/uploads\/2021\/11\/New%20Rap%20Rates%20%28Jan%2001%202022%29\/French\/NS%20rate_FR.NEW.Jan.2022.REV2.pdf\" target=\"_blank\" rel=\"noopener\">Nouvelle-\u00c9cosse (Janvier 2022)<\/a><\/li>\n<li><a href=\"https:\/\/rstptemp.turnbull.co\/wp-content\/uploads\/2021\/11\/New%20Rap%20Rates%20(Jan%2001%202022)\/French\/Ontario_FR.NEW.Jan.2022.REV.pdf?_t=1637362354\" target=\"_blank\" rel=\"noopener\">Ontario (Janvier 2022)<\/a><\/li>\n<li><a href=\"https:\/\/rstptemp.turnbull.co\/wp-content\/uploads\/2021\/11\/New%20Rap%20Rates%20(Jan%2001%202022)\/French\/SK%20Rate_FR.NEW.Jan.2022.REV.pdf?_t=1637362354\" target=\"_blank\" rel=\"noopener\">Saskatchewan (Janvier 2022)<\/a><\/li>\n<li><a href=\"https:\/\/rstptemp.turnbull.co\/wp-content\/uploads\/2021\/11\/New%20Rap%20Rates%20(Jan%2001%202022)\/French\/NFLD%20Rate_FR.NEW.Jan.2022.REV.pdf?_t=1637362354\" target=\"_blank\" rel=\"noopener\">Terre-Neuve-et-Labrador (Janvier 2022)<\/a><\/li>\n<\/ul>\n<h3>Taux de 2019<\/h3>\n<ul>\n<li><a href=\"https:\/\/rstptemp.turnbull.co\/wp-content\/uploads\/2019\/10\/Alberta-rate_FR.NEW_.Nov_.2019-1.pdf\" target=\"_blank\" rel=\"noopener\">Alberta (Novembre 2019)<\/a><\/li>\n<li><a href=\"https:\/\/rstptemp.turnbull.co\/wp-content\/uploads\/2019\/10\/BC-Rate_FR.NEW_.Nov_.2019-1.pdf\" target=\"_blank\" rel=\"noopener\">Colombie-Britannique (Novembre 2019)<\/a><\/li>\n<li><a href=\"https:\/\/rstptemp.turnbull.co\/wp-content\/uploads\/2019\/10\/Prince-Edward-Island-RAP-rates.FR_.NEW_.Nov_.2019.pdf\" target=\"_blank\" rel=\"noopener\">\u00cele-du-Prince-\u00c9douard (Novembre 2019)<\/a><\/li>\n<li><a href=\"https:\/\/rstptemp.turnbull.co\/wp-content\/uploads\/2019\/10\/MB-Rate_FR.NEW_.Nov_.2019.pdf\" target=\"_blank\" rel=\"noopener\">Manitoba (Novembre 2019)<\/a><\/li>\n<li><a href=\"https:\/\/rstptemp.turnbull.co\/wp-content\/uploads\/2019\/10\/NB-Rate_FR.NEW_.Nov_.2019.pdf\" target=\"_blank\" rel=\"noopener\">Nouveau-Brunswick (Novembre 2019)<\/a><\/li>\n<li><a href=\"https:\/\/rstptemp.turnbull.co\/wp-content\/uploads\/2019\/10\/NB-Rate_FR.NEW_.Nov_.2019.pdf\" target=\"_blank\" rel=\"noopener\">Nouvelle-\u00c9cosse (Novembre 2019)<\/a><\/li>\n<li><a href=\"https:\/\/rstptemp.turnbull.co\/wp-content\/uploads\/2019\/10\/Ontario_FR.NEW_.Nov_.2019-1.pdf\" target=\"_blank\" rel=\"noopener\">Ontario (Novembre 2019)<\/a><\/li>\n<li><a href=\"https:\/\/rstptemp.turnbull.co\/wp-content\/uploads\/2019\/10\/SK-Rate_FR.NEW_.Nov_.2019.pdf\" target=\"_blank\" rel=\"noopener\">Saskatchewan (Novembre 2019)<\/a><\/li>\n<li><a href=\"https:\/\/rstptemp.turnbull.co\/wp-content\/uploads\/2019\/10\/NFLD-Rate_FR.NEW_.Nov_.2019.pdf\" target=\"_blank\" rel=\"noopener\">Terre-Neuve-et-Labrador (Novembre 2019)<\/a><\/li>\n<\/ul>\n","protected":false},"excerpt":{"rendered":"<p>Le Programme d&#8217;aide \u00e0 la r\u00e9installation (PAR) est un programme de contribution par l&#8217;entremise duquel le gouvernement du Canada fournit du soutien financier et d&#8217;autres types d&#8217;aide aux r\u00e9fugi\u00e9s r\u00e9install\u00e9s afin qu&#8217;ils puissent s&#8217;installer dans leur nouvelle communaut\u00e9.<br \/>\nLe soutien au revenu offert par le PAR comporte deux composants : 1) les co\u00fbts de d\u00e9marrage (aussi appel\u00e9s \u00ab co\u00fbts initiaux \u00bb) et 2) le soutien au revenu mensuel.<\/p>\n","protected":false},"author":4,"featured_media":0,"parent":10542,"menu_order":2,"comment_status":"closed","ping_status":"closed","template":"","meta":{"_relevanssi_hide_post":"","_relevanssi_hide_content":"","_relevanssi_pin_for_all":"","_relevanssi_pin_keywords":"","_relevanssi_unpin_keywords":"","_relevanssi_related_keywords":"","_relevanssi_related_include_ids":"","_relevanssi_related_exclude_ids":"","_relevanssi_related_no_append":"","_relevanssi_related_not_related":"","_relevanssi_related_posts":"14566,10666,22827,22029,13874,13832","_relevanssi_noindex_reason":"","_price":"","_stock":"","_tribe_ticket_header":"","_tribe_default_ticket_provider":"","_ticket_start_date":"","_ticket_end_date":"","_tribe_ticket_show_description":"","_tribe_ticket_show_not_going":false,"_tribe_ticket_use_global_stock":"","_tribe_ticket_global_stock_level":"","_global_stock_mode":"","_global_stock_cap":"","_tribe_rsvp_for_event":"","_tribe_ticket_going_count":"","_tribe_ticket_not_going_count":"","_tribe_tickets_list":"[]","_tribe_ticket_has_attendee_info_fields":false,"footnotes":"","_tec_slr_enabled":"","_tec_slr_layout":""},"class_list":["post-6954","page","type-page","status-publish","hentry"],"featured_image_src":null,"ticketed":false,"_links":{"self":[{"href":"https:\/\/rstptemp.turnbull.co\/fr\/wp-json\/wp\/v2\/pages\/6954","targetHints":{"allow":["GET"]}}],"collection":[{"href":"https:\/\/rstptemp.turnbull.co\/fr\/wp-json\/wp\/v2\/pages"}],"about":[{"href":"https:\/\/rstptemp.turnbull.co\/fr\/wp-json\/wp\/v2\/types\/page"}],"author":[{"embeddable":true,"href":"https:\/\/rstptemp.turnbull.co\/fr\/wp-json\/wp\/v2\/users\/4"}],"replies":[{"embeddable":true,"href":"https:\/\/rstptemp.turnbull.co\/fr\/wp-json\/wp\/v2\/comments?post=6954"}],"version-history":[{"count":17,"href":"https:\/\/rstptemp.turnbull.co\/fr\/wp-json\/wp\/v2\/pages\/6954\/revisions"}],"predecessor-version":[{"id":32313,"href":"https:\/\/rstptemp.turnbull.co\/fr\/wp-json\/wp\/v2\/pages\/6954\/revisions\/32313"}],"up":[{"embeddable":true,"href":"https:\/\/rstptemp.turnbull.co\/fr\/wp-json\/wp\/v2\/pages\/10542"}],"wp:attachment":[{"href":"https:\/\/rstptemp.turnbull.co\/fr\/wp-json\/wp\/v2\/media?parent=6954"}],"curies":[{"name":"wp","href":"https:\/\/api.w.org\/{rel}","templated":true}]}}